{"id":2589,"date":"2021-05-10T14:05:26","date_gmt":"2021-05-10T12:05:26","guid":{"rendered":"https:\/\/balagoo.com\/monreale\/"},"modified":"2021-05-21T09:51:55","modified_gmt":"2021-05-21T07:51:55","slug":"monreale-ita","status":"publish","type":"page","link":"https:\/\/balagoo.com\/it\/monreale-ita\/","title":{"rendered":"Monreale"},"content":{"rendered":"\t\t<div data-elementor-type=\"wp-page\" data-elementor-id=\"2589\" class=\"elementor elementor-2589 elementor-2318\" data-elementor-settings=\"[]\">\n\t\t\t\t\t\t<div class=\"elementor-inner\">\n\t\t\t\t\t\t\t<div class=\"elementor-section-wrap\">\n\t\t\t\t\t\t\t<section class=\"elementor-section elementor-top-section elementor-element elementor-element-92629fb elementor-section-boxed elementor-section-height-default elementor-section-height-default\" data-id=\"92629fb\" data-element_type=\"section\">\n\t\t\t\t\t\t<div class=\"elementor-container elementor-column-gap-default\">\n\t\t\t\t\t\t\t<div class=\"elementor-row\">\n\t\t\t\t\t<div class=\"elementor-column elementor-col-100 elementor-top-column elementor-element elementor-element-d5617f7\" data-id=\"d5617f7\" data-element_type=\"column\">\n\t\t\t<div class=\"elementor-column-wrap elementor-element-populated\">\n\t\t\t\t\t\t\t<div class=\"elementor-widget-wrap\">\n\t\t\t\t\t\t\t\t<\/div>\n\t\t\t\t\t<\/div>\n\t\t<\/div>\n\t\t\t\t\t\t\t\t<\/div>\n\t\t\t\t\t<\/div>\n\t\t<\/section>\n\t\t\t\t<section class=\"elementor-section elementor-top-section elementor-element elementor-element-5a60939 elementor-section-boxed elementor-section-height-default elementor-section-height-default\" data-id=\"5a60939\" data-element_type=\"section\">\n\t\t\t\t\t\t<div class=\"elementor-container elementor-column-gap-default\">\n\t\t\t\t\t\t\t<div class=\"elementor-row\">\n\t\t\t\t\t<div class=\"elementor-column elementor-col-50 elementor-top-column elementor-element elementor-element-23cb26e\" data-id=\"23cb26e\" data-element_type=\"column\">\n\t\t\t<div class=\"elementor-column-wrap elementor-element-populated\">\n\t\t\t\t\t\t\t<div class=\"elementor-widget-wrap\">\n\t\t\t\t\t\t<div class=\"elementor-element elementor-element-f394378 elementor-widget elementor-widget-text-editor\" data-id=\"f394378\" data-element_type=\"widget\" data-widget_type=\"text-editor.default\">\n\t\t\t\t<div class=\"elementor-widget-container\">\n\t\t\t\t\t<div class=\"elementor-text-editor elementor-clearfix\"><p><strong>Benvenuti nella citt\u00e0 pi\u00f9 conquistata del mondo!<\/strong><\/p><p>Un&#8217;eredit\u00e0 multiculturale in un luogo senza tempo in cui il Nord incontra il Sud e l&#8217;Est incontra l&#8217;Ovest<\/p><p>\u00e8 nell&#8217;aria. E nelle splendide chiese, castelli e palazzi. Un tocco di classica con un gusto medievale e barocco. Anche il cibo \u00e8 una cacofonia poliglotta di sapori di ogni epoca: fenicia, greca, cartaginese, romana, gotica, bizantina, araba, normanna, sveva, angioina, aragonese. Palermo ha ospitato commercianti fenici, patrizi romani, emiri arabi, re normanni e almeno due imperatori del Sacro Romano Impero medievali, e lo spirito di ognuno vive.<\/p><p><strong>Uno stile di diversit\u00e0<\/strong><\/p><p>Cos&#8217;\u00e8 Palermo? Questo eclettico crocevia della civilt\u00e0 mediterranea e del nord Europa \u00e8 pi\u00f9 che un museo. \u00c8 una citt\u00e0 vibrante &#8211; anche caotica &#8211; la cui cultura unica \u00e8 stata forgiata e plasmata da tre millenni di storia che emergono da tre continenti. Non c&#8217;\u00e8 altro posto al mondo come Palermo, e scoprire la storia di questa singolare citt\u00e0 \u00e8 sperimentare qualcosa dei diversi mondi che hanno creato qualcosa che si \u00e8 evoluto nella sua cultura.<\/p><\/div>\n\t\t\t\t<\/div>\n\t\t\t\t<\/div>\n\t\t\t\t\t\t<\/div>\n\t\t\t\t\t<\/div>\n\t\t<\/div>\n\t\t\t\t<div class=\"elementor-column elementor-col-50 elementor-top-column elementor-element elementor-element-c9871fd\" data-id=\"c9871fd\" data-element_type=\"column\">\n\t\t\t<div class=\"elementor-column-wrap elementor-element-populated\">\n\t\t\t\t\t\t\t<div class=\"elementor-widget-wrap\">\n\t\t\t\t\t\t<div class=\"elementor-element elementor-element-3640d5f elementor-widget elementor-widget-image\" data-id=\"3640d5f\" data-element_type=\"widget\" data-widget_type=\"image.default\">\n\t\t\t\t<div class=\"elementor-widget-container\">\n\t\t\t\t\t<div class=\"elementor-image\">\n\t\t\t\t\t\t\t\t\t\t<img width=\"285\" height=\"467\" src=\"https:\/\/balagoo.com\/wp-content\/uploads\/2021\/05\/Immagine2.jpg\" class=\"attachment-large size-large\" alt=\"\" loading=\"lazy\" srcset=\"https:\/\/balagoo.com\/wp-content\/uploads\/2021\/05\/Immagine2.jpg 285w, https:\/\/balagoo.com\/wp-content\/uploads\/2021\/05\/Immagine2-183x300.jpg 183w\" sizes=\"(max-width: 285px) 100vw, 285px\" \/>\t\t\t\t\t\t\t\t\t\t\t<\/div>\n\t\t\t\t<\/div>\n\t\t\t\t<\/div>\n\t\t\t\t\t\t<\/div>\n\t\t\t\t\t<\/div>\n\t\t<\/div>\n\t\t\t\t\t\t\t\t<\/div>\n\t\t\t\t\t<\/div>\n\t\t<\/section>\n\t\t\t\t<section class=\"elementor-section elementor-top-section elementor-element elementor-element-ed25346 elementor-section-boxed elementor-section-height-default elementor-section-height-default\" data-id=\"ed25346\" data-element_type=\"section\">\n\t\t\t\t\t\t<div class=\"elementor-container elementor-column-gap-default\">\n\t\t\t\t\t\t\t<div class=\"elementor-row\">\n\t\t\t\t\t<div class=\"elementor-column elementor-col-100 elementor-top-column elementor-element elementor-element-93f4e38\" data-id=\"93f4e38\" data-element_type=\"column\">\n\t\t\t<div class=\"elementor-column-wrap elementor-element-populated\">\n\t\t\t\t\t\t\t<div class=\"elementor-widget-wrap\">\n\t\t\t\t\t\t<div class=\"elementor-element elementor-element-fe18add elementor-widget elementor-widget-text-editor\" data-id=\"fe18add\" data-element_type=\"widget\" data-widget_type=\"text-editor.default\">\n\t\t\t\t<div class=\"elementor-widget-container\">\n\t\t\t\t\t<div class=\"elementor-text-editor elementor-clearfix\"><p>Le strade della vecchia Palermo sono un intrigante labirinto di mercati all&#8217;aperto, nicchie sottili e segreti a lungo dimenticati, quasi una sottocultura per se stessi. Dopo nove secoli i mercati di strada evocano ancora l&#8217;atmosfera dei suk arabi. Solo le chiese e i palazzi barocchi sulle stesse stradine ti ricordano che sei in Italia, ma poi &#8220;Italia&#8221; esiste come un concetto moderno solo dalla met\u00e0 del diciannovesimo secolo; La Sicilia &#8211; governata da Palermo come un emirato fatimide e poi come regno normanno &#8211; lo trascende di molti secoli. <\/p><p>Il Palazzo Normanno di Palermo incarna l&#8217;eredit\u00e0 della diversit\u00e0 della citt\u00e0. Fu costruito dai Normanni sulle fondamenta di un castello arabo, al-Kasr. Questo, a sua volta, era stato costruito nel IX secolo sul sito di una struttura punica (fenicia-cartaginese). La prima cappella dei Normanni, costruita in stile romanico molto tardi nell&#8217;XI secolo, \u00e8 ora la &#8220;cripta&#8221; sotto la Cappella Palatina del XII secolo. Oggi tutti possono essere visitati.<\/p><\/div>\n\t\t\t\t<\/div>\n\t\t\t\t<\/div>\n\t\t\t\t\t\t<\/div>\n\t\t\t\t\t<\/div>\n\t\t<\/div>\n\t\t\t\t\t\t\t\t<\/div>\n\t\t\t\t\t<\/div>\n\t\t<\/section>\n\t\t\t\t<section class=\"elementor-section elementor-top-section elementor-element elementor-element-3c6f6a1 elementor-section-boxed elementor-section-height-default elementor-section-height-default\" data-id=\"3c6f6a1\" data-element_type=\"section\">\n\t\t\t\t\t\t<div class=\"elementor-container elementor-column-gap-default\">\n\t\t\t\t\t\t\t<div class=\"elementor-row\">\n\t\t\t\t\t<div class=\"elementor-column elementor-col-100 elementor-top-column elementor-element elementor-element-2da6adb\" data-id=\"2da6adb\" data-element_type=\"column\">\n\t\t\t<div class=\"elementor-column-wrap elementor-element-populated\">\n\t\t\t\t\t\t\t<div class=\"elementor-widget-wrap\">\n\t\t\t\t\t\t<div class=\"elementor-element elementor-element-fc36f21 elementor-widget elementor-widget-text-editor\" data-id=\"fc36f21\" data-element_type=\"widget\" data-widget_type=\"text-editor.default\">\n\t\t\t\t<div class=\"elementor-widget-container\">\n\t\t\t\t\t<div class=\"elementor-text-editor elementor-clearfix\"><p class=\"font_8\"><strong>Oltre il &#8220;guscio d&#8217;oro&#8221;<\/strong><\/p><p class=\"font_8\">Naturalmente, nessun capitale reale \u00e8 mai sopravvissuto da solo, separato dai dintorni rurali che le popolazioni di un&#8217;isola non devono essere trascurate: Segesta e il suo antico tempio greco, la collina di Erice con le sue mura puniche e fortezza medievale, il mare di Cefal\u00f9 e la sua cattedrale medievale, Caccamo con il suo castello baronale su una montagna e molto altro. L&#8217;abbazia di Monreale si trova proprio accanto e la colonia fenicio-greco-romana di Solunto si trova a soli venti minuti dalla citt\u00e0.<\/p><p class=\"font_8\">I palermitani la chiamano &#8220;Conca d&#8217;Oro&#8221;, come se fosse una conchiglia dorata di aranceti e limoneti nelle pianure che circondano questa metropoli tentacolare e che si estende pigramente fino alla base delle montagne rocciose che danno alla citt\u00e0 cos\u00ec tanto del suo aspro carattere.<\/p><p class=\"font_8\">Oltre a questo, c&#8217;\u00e8 un mondo sottile di ruscelli, piccoli laghi e dolci colline sullo sfondo di cime scoscese. C&#8217;\u00e8 il bosco di Ficuzza a sud, le montagne delle Madonie a est e la regione vinicola della Sicilia a ovest verso Marsala.<\/p><p class=\"font_8\">I primi abitanti della Sicilia divennero noti come i Sikanians, e da loro l&#8217;isola eredit\u00f2 il suo nome pi\u00f9 antico, Sikania. Poi vennero i Siciliani e gli Elisiani; fu quest&#8217;ultimo a fondare la citt\u00e0 che si chiam\u00f2 Egesta e poi Segesta. I Fenici fondarono Palermo, che sembrano aver chiamato chiamato Zis, come stazione commerciale, unendosi a Motya e Soluntum. Palermo fu molto contestata durante le guerre greche e romane contro Cartagine. Greci e Romani lo chiamavano Panormos, che significa &#8220;tutto porto&#8221;, ma sotto i Greci bizantini Panormus era meno importante di Siracusa, la principale citt\u00e0 siciliana sulla remota frontiera dell&#8217;influenza di Costantinopoli. Fu sotto gli arabi che, come Bal&#8217;harm, la citt\u00e0 crebbe e prosper\u00f2 come mai prima, diventando una delle citt\u00e0 pi\u00f9 splendide del mondo musulmano, superata nella sua opulenza solo da Baghdad. Durante questo periodo la popolazione siciliana probabilmente raddoppi\u00f2, con la fondazione di numerose citt\u00e0, in particolare all&#8217;interno.<\/p><p><strong>L&#8217;epoca d&#8217;oro<\/strong><\/p><p>L&#8217;arrivo dei Normanni nel 1071 inaugur\u00f2 un &#8220;periodo d&#8217;oro&#8221; che dur\u00f2 fino alla morte di Federico II nel 1250. Furono costruiti nuovi castelli con l&#8217;introduzione del feudalesimo, insieme al cristianesimo &#8220;occidentale&#8221; (cattolicesimo), ma i re normanni e svevi in \u200b\u200bgenerale rispettava i diritti religiosi di tutti i ciclici: normanni, bizantini, arabi, ebrei. Nel 1282, al tempo della rivolta dei Vespri, questa straordinaria era di tolleranza era poco pi\u00f9 che un affettuoso ricordo. La maggior parte dei cristiani bizantini (ortodossi) di Palermo, e la maggior parte dei musulmani, erano ormai cattolici romani e gli ebrei che non se ne andarono si erano convertiti nel 1495.<\/p><p>Con l&#8217;introduzione del dominio aragonese la Sicilia si trov\u00f2 saldamente radicata in Occidente e segu\u00ec il dominio spagnolo. La Sicilia, ovviamente, rimase un regno, anche se solo uno dei tanti domini dei re di Spagna. Palermo divenne sede dell&#8217;Inquisizione. Se il Rinascimento ha fatto pochi passi avanti qui, certamente lo \u00e8 stato il barocco, e in effetti gli storici dell&#8217;arte fanno riferimento a uno stile architettonico chiamato &#8220;barocco siciliano&#8221;.<\/p><p><strong>Un assaggio di Sicilia<\/strong><\/p><p>Qualunque cosa tu faccia a Palermo, anche se sei qui solo per un giorno, non trascurare la cucina locale. Il cibo siciliano porta il segno di influenze medievali. Gli arabi hanno introdotto la canna da zucchero, il riso e alcuni agrumi, e i forti sapori di caponata (melanzane e insalata di capperi), arancina (polpette di riso ripiene), cassata e cannoli (entrambi ripieni di una crema di ricotta dolce) sono gustosi testimoni del genere della cultura culinaria che si evolve solo nel corso dei secoli. I carciofi, raccolti in inverno e in primavera, sono ritenuti originari della Sicilia, mentre l&#8217;agnello e il pesce spada sono cos\u00ec popolari che potrebbero quasi essere considerati piatti &#8220;nazionali&#8221;.<\/p><\/div>\n\t\t\t\t<\/div>\n\t\t\t\t<\/div>\n\t\t\t\t\t\t<\/div>\n\t\t\t\t\t<\/div>\n\t\t<\/div>\n\t\t\t\t\t\t\t\t<\/div>\n\t\t\t\t\t<\/div>\n\t\t<\/section>\n\t\t\t\t<section class=\"elementor-section elementor-top-section elementor-element elementor-element-4f9df83 elementor-section-boxed elementor-section-height-default elementor-section-height-default\" data-id=\"4f9df83\" data-element_type=\"section\">\n\t\t\t\t\t\t<div class=\"elementor-container elementor-column-gap-default\">\n\t\t\t\t\t\t\t<div class=\"elementor-row\">\n\t\t\t\t\t<div class=\"elementor-column elementor-col-50 elementor-top-column elementor-element elementor-element-89367b5\" data-id=\"89367b5\" data-element_type=\"column\">\n\t\t\t<div class=\"elementor-column-wrap elementor-element-populated\">\n\t\t\t\t\t\t\t<div class=\"elementor-widget-wrap\">\n\t\t\t\t\t\t<div class=\"elementor-element elementor-element-db49a74 elementor-widget elementor-widget-image\" data-id=\"db49a74\" data-element_type=\"widget\" data-widget_type=\"image.default\">\n\t\t\t\t<div class=\"elementor-widget-container\">\n\t\t\t\t\t<div class=\"elementor-image\">\n\t\t\t\t\t\t\t\t\t\t<img width=\"549\" height=\"845\" src=\"https:\/\/balagoo.com\/wp-content\/uploads\/2021\/05\/Immagine.png\" class=\"attachment-large size-large\" alt=\"\" loading=\"lazy\" srcset=\"https:\/\/balagoo.com\/wp-content\/uploads\/2021\/05\/Immagine.png 549w, https:\/\/balagoo.com\/wp-content\/uploads\/2021\/05\/Immagine-195x300.png 195w\" sizes=\"(max-width: 549px) 100vw, 549px\" \/>\t\t\t\t\t\t\t\t\t\t\t<\/div>\n\t\t\t\t<\/div>\n\t\t\t\t<\/div>\n\t\t\t\t\t\t<\/div>\n\t\t\t\t\t<\/div>\n\t\t<\/div>\n\t\t\t\t<div class=\"elementor-column elementor-col-50 elementor-top-column elementor-element elementor-element-5ea0c3a\" data-id=\"5ea0c3a\" data-element_type=\"column\">\n\t\t\t<div class=\"elementor-column-wrap elementor-element-populated\">\n\t\t\t\t\t\t\t<div class=\"elementor-widget-wrap\">\n\t\t\t\t\t\t<div class=\"elementor-element elementor-element-b136123 elementor-widget elementor-widget-text-editor\" data-id=\"b136123\" data-element_type=\"widget\" data-widget_type=\"text-editor.default\">\n\t\t\t\t<div class=\"elementor-widget-container\">\n\t\t\t\t\t<div class=\"elementor-text-editor elementor-clearfix\"><p>1) Cattedrale<br \/>2) Palazzo dei Normanni &amp; Cappella Palatina<br \/>3) Quattro Canti<br \/>4) Fontana di Piazza Pretoria<br \/>5) Chiesa di San Cataldo<br \/>6) Chiesa della Martorana<br \/>7) Chiesa dei Padri Teatini<br \/>8) Roman Panormus Site<br \/>9) Necropoli Cartaginese<br \/>10) Castello della Cuba<br \/>11) Catacombe dei &#8220;Cappuccini&#8221;<br \/>12) ZCastello della Zisa<br \/>13) Palazzo Steri<br \/>14) Palazzo Abatellis<br \/>15) Chiesa della Magione<br \/>16) Oratorio dei Bianchi<br \/>17) Chiesa dello SPasimo<br \/>18) Teatro Massimo<br \/>19) Castello a Mare<br \/>20) San Giovanni degli Eremiti<br \/>21) Mercato del Capo<br \/>22) Mercato della Vucciria<br \/>23) Chiesa diSan Domenico<br \/>24) Chiesa di Casa Professa<br \/>25) Mercato di Ballar\u00f2<br \/>26) Chiesa di San Francesco d&#8217;Assisi<br \/>27) Galleria d&#8217;arte moderna Sant&#8217;Anna<br \/>28) Palazzo Mirto<\/p><\/div>\n\t\t\t\t<\/div>\n\t\t\t\t<\/div>\n\t\t\t\t\t\t<\/div>\n\t\t\t\t\t<\/div>\n\t\t<\/div>\n\t\t\t\t\t\t\t\t<\/div>\n\t\t\t\t\t<\/div>\n\t\t<\/section>\n\t\t\t\t\t\t<\/div>\n\t\t\t\t\t\t<\/div>\n\t\t\t\t\t<\/div>\n\t\t","protected":false},"excerpt":{"rendered":"<p>Benvenuti nella citt\u00e0 pi\u00f9 conquistata del mondo! Un&#8217;eredit\u00e0 multiculturale in un luogo senza tempo in cui il Nord incontra il Sud e l&#8217;Est incontra l&#8217;Ovest \u00e8 nell&#8217;aria. E nelle splendide chiese, castelli e palazzi. Un tocco di classica con un gusto medievale e barocco. Anche il cibo \u00e8 una cacofonia poliglotta di sapori di ogni [&hellip;]<\/p>\n","protected":false},"author":2,"featured_media":0,"parent":0,"menu_order":0,"comment_status":"closed","ping_status":"closed","template":"","meta":[],"yoast_head":"<!-- This site is optimized with the Yoast SEO plugin v16.9 - https:\/\/yoast.com\/wordpress\/plugins\/seo\/ -->\n<title>Scopri l&#039;Eredit\u00e0 Multiculturale di Palermo - BALAGOO<\/title>\n<meta name=\"description\" content=\"Fai un salto nella storia con un tour di Palermo, dimora di commercianti fenici, emiri, re normanni e gli imperatori del Sacro Romano Impero.\" \/>\n<meta name=\"robots\" content=\"index, follow, max-snippet:-1, max-image-preview:large, max-video-preview:-1\" \/>\n<link rel=\"canonical\" href=\"https:\/\/balagoo.com\/it\/monreale-ita\/\" \/>\n<meta property=\"og:locale\" content=\"it_IT\" \/>\n<meta property=\"og:type\" content=\"article\" \/>\n<meta property=\"og:title\" content=\"Scopri l&#039;Eredit\u00e0 Multiculturale di Palermo - BALAGOO\" \/>\n<meta property=\"og:description\" content=\"Fai un salto nella storia con un tour di Palermo, dimora di commercianti fenici, emiri, re normanni e gli imperatori del Sacro Romano Impero.\" \/>\n<meta property=\"og:url\" content=\"https:\/\/balagoo.com\/it\/monreale-ita\/\" \/>\n<meta property=\"og:site_name\" content=\"BALAGOO\" \/>\n<meta property=\"article:publisher\" content=\"https:\/\/www.facebook.com\/palermodaytours\" \/>\n<meta property=\"article:modified_time\" content=\"2021-05-21T07:51:55+00:00\" \/>\n<meta property=\"og:image\" content=\"https:\/\/balagoo.com\/wp-content\/uploads\/2021\/05\/Immagine2.jpg\" \/>\n<meta name=\"twitter:card\" content=\"summary_large_image\" \/>\n<meta name=\"twitter:label1\" content=\"Tempo di lettura stimato\" \/>\n\t<meta name=\"twitter:data1\" content=\"6 minuti\" \/>\n<script type=\"application\/ld+json\" class=\"yoast-schema-graph\">{\"@context\":\"https:\/\/schema.org\",\"@graph\":[{\"@type\":\"WebSite\",\"@id\":\"https:\/\/balagoo.com\/#website\",\"url\":\"https:\/\/balagoo.com\/\",\"name\":\"BALAGOO\",\"description\":\"\",\"potentialAction\":[{\"@type\":\"SearchAction\",\"target\":{\"@type\":\"EntryPoint\",\"urlTemplate\":\"https:\/\/balagoo.com\/?s={search_term_string}\"},\"query-input\":\"required name=search_term_string\"}],\"inLanguage\":\"it-IT\"},{\"@type\":\"ImageObject\",\"@id\":\"https:\/\/balagoo.com\/it\/monreale-ita\/#primaryimage\",\"inLanguage\":\"it-IT\",\"url\":\"https:\/\/balagoo.com\/wp-content\/uploads\/2021\/05\/Immagine2.jpg\",\"contentUrl\":\"https:\/\/balagoo.com\/wp-content\/uploads\/2021\/05\/Immagine2.jpg\",\"width\":285,\"height\":467},{\"@type\":\"WebPage\",\"@id\":\"https:\/\/balagoo.com\/it\/monreale-ita\/#webpage\",\"url\":\"https:\/\/balagoo.com\/it\/monreale-ita\/\",\"name\":\"Scopri l'Eredit\\u00e0 Multiculturale di Palermo - BALAGOO\",\"isPartOf\":{\"@id\":\"https:\/\/balagoo.com\/#website\"},\"primaryImageOfPage\":{\"@id\":\"https:\/\/balagoo.com\/it\/monreale-ita\/#primaryimage\"},\"datePublished\":\"2021-05-10T12:05:26+00:00\",\"dateModified\":\"2021-05-21T07:51:55+00:00\",\"description\":\"Fai un salto nella storia con un tour di Palermo, dimora di commercianti fenici, emiri, re normanni e gli imperatori del Sacro Romano Impero.\",\"breadcrumb\":{\"@id\":\"https:\/\/balagoo.com\/it\/monreale-ita\/#breadcrumb\"},\"inLanguage\":\"it-IT\",\"potentialAction\":[{\"@type\":\"ReadAction\",\"target\":[\"https:\/\/balagoo.com\/it\/monreale-ita\/\"]}]},{\"@type\":\"BreadcrumbList\",\"@id\":\"https:\/\/balagoo.com\/it\/monreale-ita\/#breadcrumb\",\"itemListElement\":[{\"@type\":\"ListItem\",\"position\":1,\"name\":\"Home\",\"item\":\"https:\/\/balagoo.com\/it\/\"},{\"@type\":\"ListItem\",\"position\":2,\"name\":\"Monreale\"}]}]}<\/script>\n<!-- \/ Yoast SEO plugin. -->","yoast_head_json":{"title":"Scopri l'Eredit\u00e0 Multiculturale di Palermo - BALAGOO","description":"Fai un salto nella storia con un tour di Palermo, dimora di commercianti fenici, emiri, re normanni e gli imperatori del Sacro Romano Impero.","robots":{"index":"index","follow":"follow","max-snippet":"max-snippet:-1","max-image-preview":"max-image-preview:large","max-video-preview":"max-video-preview:-1"},"canonical":"https:\/\/balagoo.com\/it\/monreale-ita\/","og_locale":"it_IT","og_type":"article","og_title":"Scopri l'Eredit\u00e0 Multiculturale di Palermo - BALAGOO","og_description":"Fai un salto nella storia con un tour di Palermo, dimora di commercianti fenici, emiri, re normanni e gli imperatori del Sacro Romano Impero.","og_url":"https:\/\/balagoo.com\/it\/monreale-ita\/","og_site_name":"BALAGOO","article_publisher":"https:\/\/www.facebook.com\/palermodaytours","article_modified_time":"2021-05-21T07:51:55+00:00","og_image":[{"url":"https:\/\/balagoo.com\/wp-content\/uploads\/2021\/05\/Immagine2.jpg"}],"twitter_card":"summary_large_image","twitter_misc":{"Tempo di lettura stimato":"6 minuti"},"schema":{"@context":"https:\/\/schema.org","@graph":[{"@type":"WebSite","@id":"https:\/\/balagoo.com\/#website","url":"https:\/\/balagoo.com\/","name":"BALAGOO","description":"","potentialAction":[{"@type":"SearchAction","target":{"@type":"EntryPoint","urlTemplate":"https:\/\/balagoo.com\/?s={search_term_string}"},"query-input":"required name=search_term_string"}],"inLanguage":"it-IT"},{"@type":"ImageObject","@id":"https:\/\/balagoo.com\/it\/monreale-ita\/#primaryimage","inLanguage":"it-IT","url":"https:\/\/balagoo.com\/wp-content\/uploads\/2021\/05\/Immagine2.jpg","contentUrl":"https:\/\/balagoo.com\/wp-content\/uploads\/2021\/05\/Immagine2.jpg","width":285,"height":467},{"@type":"WebPage","@id":"https:\/\/balagoo.com\/it\/monreale-ita\/#webpage","url":"https:\/\/balagoo.com\/it\/monreale-ita\/","name":"Scopri l'Eredit\u00e0 Multiculturale di Palermo - BALAGOO","isPartOf":{"@id":"https:\/\/balagoo.com\/#website"},"primaryImageOfPage":{"@id":"https:\/\/balagoo.com\/it\/monreale-ita\/#primaryimage"},"datePublished":"2021-05-10T12:05:26+00:00","dateModified":"2021-05-21T07:51:55+00:00","description":"Fai un salto nella storia con un tour di Palermo, dimora di commercianti fenici, emiri, re normanni e gli imperatori del Sacro Romano Impero.","breadcrumb":{"@id":"https:\/\/balagoo.com\/it\/monreale-ita\/#breadcrumb"},"inLanguage":"it-IT","potentialAction":[{"@type":"ReadAction","target":["https:\/\/balagoo.com\/it\/monreale-ita\/"]}]},{"@type":"BreadcrumbList","@id":"https:\/\/balagoo.com\/it\/monreale-ita\/#breadcrumb","itemListElement":[{"@type":"ListItem","position":1,"name":"Home","item":"https:\/\/balagoo.com\/it\/"},{"@type":"ListItem","position":2,"name":"Monreale"}]}]}},"_links":{"self":[{"href":"https:\/\/balagoo.com\/it\/wp-json\/wp\/v2\/pages\/2589"}],"collection":[{"href":"https:\/\/balagoo.com\/it\/wp-json\/wp\/v2\/pages"}],"about":[{"href":"https:\/\/balagoo.com\/it\/wp-json\/wp\/v2\/types\/page"}],"author":[{"embeddable":true,"href":"https:\/\/balagoo.com\/it\/wp-json\/wp\/v2\/users\/2"}],"replies":[{"embeddable":true,"href":"https:\/\/balagoo.com\/it\/wp-json\/wp\/v2\/comments?post=2589"}],"version-history":[{"count":14,"href":"https:\/\/balagoo.com\/it\/wp-json\/wp\/v2\/pages\/2589\/revisions"}],"predecessor-version":[{"id":2603,"href":"https:\/\/balagoo.com\/it\/wp-json\/wp\/v2\/pages\/2589\/revisions\/2603"}],"wp:attachment":[{"href":"https:\/\/balagoo.com\/it\/wp-json\/wp\/v2\/media?parent=2589"}],"curies":[{"name":"wp","href":"https:\/\/api.w.org\/{rel}","templated":true}]}}