{"id":2575,"date":"2021-05-10T13:55:04","date_gmt":"2021-05-10T11:55:04","guid":{"rendered":"https:\/\/balagoo.com\/taormina\/"},"modified":"2021-05-21T10:12:50","modified_gmt":"2021-05-21T08:12:50","slug":"taormina-ita","status":"publish","type":"page","link":"https:\/\/balagoo.com\/it\/taormina-ita\/","title":{"rendered":"Taormina"},"content":{"rendered":"\t\t<div data-elementor-type=\"wp-page\" data-elementor-id=\"2575\" class=\"elementor elementor-2575 elementor-2333\" data-elementor-settings=\"[]\">\n\t\t\t\t\t\t<div class=\"elementor-inner\">\n\t\t\t\t\t\t\t<div class=\"elementor-section-wrap\">\n\t\t\t\t\t\t\t<section class=\"elementor-section elementor-top-section elementor-element elementor-element-92629fb elementor-section-boxed elementor-section-height-default elementor-section-height-default\" data-id=\"92629fb\" data-element_type=\"section\">\n\t\t\t\t\t\t<div class=\"elementor-container elementor-column-gap-default\">\n\t\t\t\t\t\t\t<div class=\"elementor-row\">\n\t\t\t\t\t<div class=\"elementor-column elementor-col-100 elementor-top-column elementor-element elementor-element-d5617f7\" data-id=\"d5617f7\" data-element_type=\"column\">\n\t\t\t<div class=\"elementor-column-wrap elementor-element-populated\">\n\t\t\t\t\t\t\t<div class=\"elementor-widget-wrap\">\n\t\t\t\t\t\t\t\t<\/div>\n\t\t\t\t\t<\/div>\n\t\t<\/div>\n\t\t\t\t\t\t\t\t<\/div>\n\t\t\t\t\t<\/div>\n\t\t<\/section>\n\t\t\t\t<section class=\"elementor-section elementor-top-section elementor-element elementor-element-ed25346 elementor-section-boxed elementor-section-height-default elementor-section-height-default\" data-id=\"ed25346\" data-element_type=\"section\">\n\t\t\t\t\t\t<div class=\"elementor-container elementor-column-gap-default\">\n\t\t\t\t\t\t\t<div class=\"elementor-row\">\n\t\t\t\t\t<div class=\"elementor-column elementor-col-100 elementor-top-column elementor-element elementor-element-93f4e38\" data-id=\"93f4e38\" data-element_type=\"column\">\n\t\t\t<div class=\"elementor-column-wrap elementor-element-populated\">\n\t\t\t\t\t\t\t<div class=\"elementor-widget-wrap\">\n\t\t\t\t\t\t<div class=\"elementor-element elementor-element-fe18add elementor-widget elementor-widget-text-editor\" data-id=\"fe18add\" data-element_type=\"widget\" data-widget_type=\"text-editor.default\">\n\t\t\t\t<div class=\"elementor-widget-container\">\n\t\t\t\t\t<div class=\"elementor-text-editor elementor-clearfix\"><p><strong>DESCRIZIONE:<\/strong> <\/p><p>Abbiamo iniziato a descrivere Taormina , un ritrovo del XIX secolo dell&#8217;aristocrazia inglese, come un siciliano Monte Carlo, senza il casin\u00f2 o la famiglia reale. Chiunque sia stato a Monte Carlo, o anche a Positano (sulla costa amalfitana a sud di Napoli), trover\u00e0 Taormina leggermente simile ma molto diversa. \u00c8 stata a lungo la localit\u00e0 turistica pi\u00f9 famosa della Sicilia. \u00c8 stato qui, nella romantica Taormina, che un DH Lawrence auto-esiliato \u00e8 stato ispirato a scrivere Lady Chatterly&#8217;s Lover, una delle storie d&#8217;amore pi\u00f9 appassionate ed erotiche della sua epoca. Taormina ha infinite strade medievali tortuose e piccoli passaggi, ognuno con i suoi segreti: ottimi ristoranti, caff\u00e8 e gelaterie.<\/p><p>Alcuni di questi luoghi intriganti sono giardini appartati nascosti da muri in pietra, altri sono disposti su terrazze che si affacciano sulla costa o in piazze pi\u00f9 pubbliche ma ugualmente piacevoli. Taormina \u00e8 bellissima di giorno ma la sera la sua atmosfera \u00e8 semplicemente incantevole, sia che si passeggi per le strade illuminate o si conceda la vista della costa durante una deliziosa cena. Poi c&#8217;\u00e8 lo spettacolo pi\u00f9 raro dei fuochi notturni dell&#8217;Etna mentre la lava scorre lungo i pendii innevati della pi\u00f9 grande meraviglia naturale dell&#8217;Europa, lasciando dietro di s\u00e9 un flusso di vapore e luce. All&#8217;interno delle sue eterne mura di pietra, la vecchia Taormina ha affascinanti monumenti archeologici e case medievali come Palazzo Santo Stefano. Magnifiche viste sul mare completano il quadro. La pi\u00f9 famosa \u00e8 la vista che domina l&#8217;anfiteatro greco-romano, uno dei pi\u00f9 grandi della Sicilia, con l&#8217;Etna e il mare sullo sfondo.<\/p><p>Se stai cercando un lungo scorcio della bellezza e della storia della Sicilia da molte angolazioni in un unico posto, Taormina \u00e8 una buona scelta. La citt\u00e0 si trova su un altopiano sotto il Monte Tauro, da cui prende il nome, dove si trovano le rovine di due fortezze medievali. L&#8217;antico splendore greco di Taormina, il fascino medievale e le viste uniche sull&#8217;Etna e sulla costa ionica offrono al visitatore un&#8217;impressione duratura della Sicilia.<\/p><p>Taormina fu fondata dalla popolazione della vicina Naxos , un antico insediamento greco, intorno al 395 a.C., in una citt\u00e0 siciliana. Questi primi residenti erano fuggiti dalla tirannia di Dionigi il Vecchio, che alla fine conquist\u00f2 comunque Taormina, nel 392 a.C. La citt\u00e0 fu chiamata Tauromenion nel 358 a.C., e fu ampiamente rappresentata nella politica regionale dei successivi due secoli.<\/p><p>La citt\u00e0 sostenne Pirro, re d&#8217;Epiro, contro Siracusa nel 278 a.C. Fu da Taormina che condusse la sua campagna siciliana, con l&#8217;aiuto di circa diecimila truppe. Tuttavia, Taormina \u00e8 stata una delle prime citt\u00e0 siciliane a sostenere Roma durante le guerre puniche. Eunus prese la citt\u00e0 durante la rivolta degli schiavi e quando i romani finalmente occuparono la citt\u00e0 massacrarono migliaia di schiavi.<\/p><p>Taormina fior\u00ec al tempo di Giulio Cesare, solo per soffrire sotto Ottaviano, che si vendic\u00f2 contro la citt\u00e0 per il suo sostegno a Pompeo espellendo la maggior parte dei suoi abitanti e offrendo le loro case ai soldati romani. Segu\u00ec la prosperit\u00e0 per i romani di Taormina.<\/p><p>Ovidio scrisse della &#8220;triglia dolce e tenera anguilla&#8221; delle acque di Taormina. Scrivendo nel I secolo, Plinio il Vecchio elogiava i vini di Taormina. Lo splendore della citt\u00e0, cos\u00ec evidente ancora oggi, sopravvisse alla caduta dell&#8217;Impero Romano, ma la sua importanza diminu\u00ec. Il castello &#8220;Saraceno&#8221; in cima al Monte Tauro fu probabilmente costruito dai Saraceni su una struttura bizantina pi\u00f9 antica, e successivamente ampliato dai Normanni. Un&#8217;altra fortezza si trovava su un terreno ancora pi\u00f9 elevato nel quartiere di Castelmola. Le mura medievali e antiche di Taormina rimangono molto intatte nella citt\u00e0 vecchia.<\/p><p>Sebbene sia solo a circa 200 metri sul livello del mare, Taormina sembra molto pi\u00f9 alta. L&#8217;anfiteatro greco fu costruito nel III secolo a.C. e ampliato dai romani, che ampliarono il palcoscenico e aggiunsero un tetto parziale (ora distrutto). I posti riservati esistevano anche in epoca greca; un seggio reca l&#8217;iscrizione del nome di Filisteo, moglie di Gerone II di Siracusa. La vista di fama mondiale sull&#8217;Etna e sul mare oltre il teatro \u00e8 mozzafiato. Il teatro \u00e8 teatro di spettacoli drammatici durante l&#8217;estate; le stagioni si alternano a quelle di Segesta, sede dell&#8217;altro grande anfiteatro greco della Sicilia.<\/p><p>L&#8217;odeon (odeum), un teatro romano molto pi\u00f9 piccolo, si trova vicino alla chiesa di Santa Caterina (Santa Caterina), che la oscura. Sul sito della chiesa di Saint Pancras, appena oltre Porta Messina (la porta di Messina) fuori dalle mura medievali della citt\u00e0, c&#8217;era un tempio dedicato a Zeus, un muro di cui fu incorporato nella struttura attuale. (Si ritiene che San Pancras sia stato un prete o un vescovo della comunit\u00e0 cristiana di Taormina). Un altro esempio siciliano orientale del fenomeno dei templi convertiti in chiese con l&#8217;introduzione del cristianesimo \u00e8 la cattedrale di Siracusa.<\/p><p>Le indicazioni dell&#8217;antica pianta stradale di Taormina sono evidenti e sono stati trovati pavimenti a mosaico romano nelle antiche ville della zona. Anche Palazzo Corvaia, costruito nel XIV secolo, fu costruito su basi romane. Taormina ha un buon museo archeologico (vicino all&#8217;anfiteatro), sebbene molti dei reperti pi\u00f9 importanti della citt\u00e0 siano ospitati altrove.<\/p><p>Le strade di Taormina conservano gran parte del loro sapore medievale , cos\u00ec come molte chiese e residenze. Il &#8220;Duomo&#8221; della citt\u00e0 non \u00e8 in realt\u00e0 una cattedrale (come suggerisce il nome), ma questa chiesa arabo-normanna, costruita su una struttura paleocristiana precedente, risale al XII secolo. La Badia Vecchia (Vecchia Abbazia) \u00e8 una costruzione del XIV secolo. Un&#8217;icona a mosaico bizantina medievale (ortodossa) del Theotokos (&#8220;Madre di Dio&#8221;) \u00e8 perfettamente conservata nel passaggio ad arco sotto la Torre dell&#8217;Orologio lungo Corso Umberto I che conduce in Piazza 9 Aprile. Ci sono anche alcune affascinanti strutture barocche e recenti. C&#8217;\u00e8 stata una presenza britannica e un&#8217;affascinante chiesa anglicana a Taormina per molti anni. DH Lawrence (1885-1930) visse nelle vicinanze e bas\u00f2 molte delle sue storie su eventi locali.<\/p><p>Il castello pi\u00f9 grande (nel quartiere di Castelmola) domina la citt\u00e0. Offre una vista spettacolare, anche se \u00e8 un po &#8216;distante da Taormina e non \u00e8 particolarmente ben conservato.<\/p><\/div>\n\t\t\t\t<\/div>\n\t\t\t\t<\/div>\n\t\t\t\t\t\t<\/div>\n\t\t\t\t\t<\/div>\n\t\t<\/div>\n\t\t\t\t\t\t\t\t<\/div>\n\t\t\t\t\t<\/div>\n\t\t<\/section>\n\t\t\t\t\t\t<\/div>\n\t\t\t\t\t\t<\/div>\n\t\t\t\t\t<\/div>\n\t\t","protected":false},"excerpt":{"rendered":"<p>DESCRIZIONE: Abbiamo iniziato a descrivere Taormina , un ritrovo del XIX secolo dell&#8217;aristocrazia inglese, come un siciliano Monte Carlo, senza il casin\u00f2 o la famiglia reale. Chiunque sia stato a Monte Carlo, o anche a Positano (sulla costa amalfitana a sud di Napoli), trover\u00e0 Taormina leggermente simile ma molto diversa. \u00c8 stata a lungo la [&hellip;]<\/p>\n","protected":false},"author":2,"featured_media":0,"parent":0,"menu_order":0,"comment_status":"closed","ping_status":"closed","template":"","meta":[],"yoast_head":"<!-- This site is optimized with the Yoast SEO plugin v16.9 - https:\/\/yoast.com\/wordpress\/plugins\/seo\/ -->\n<title>Scopri la Citt\u00e0 Mozzafiato di Taormina - BALAGOO<\/title>\n<meta name=\"description\" content=\"Divertente, affascinante, storica. Fai un tour di Taormina, circondato dall&#039;anfiteatro greco-romano, le romantiche spiagge e le magiche stradine.\" \/>\n<meta name=\"robots\" content=\"index, follow, max-snippet:-1, max-image-preview:large, max-video-preview:-1\" \/>\n<link rel=\"canonical\" href=\"https:\/\/balagoo.com\/it\/taormina-ita\/\" \/>\n<meta property=\"og:locale\" content=\"it_IT\" \/>\n<meta property=\"og:type\" content=\"article\" \/>\n<meta property=\"og:title\" content=\"Scopri la Citt\u00e0 Mozzafiato di Taormina - BALAGOO\" \/>\n<meta property=\"og:description\" content=\"Divertente, affascinante, storica. Fai un tour di Taormina, circondato dall&#039;anfiteatro greco-romano, le romantiche spiagge e le magiche stradine.\" \/>\n<meta property=\"og:url\" content=\"https:\/\/balagoo.com\/it\/taormina-ita\/\" \/>\n<meta property=\"og:site_name\" content=\"BALAGOO\" \/>\n<meta property=\"article:publisher\" content=\"https:\/\/www.facebook.com\/palermodaytours\" \/>\n<meta property=\"article:modified_time\" content=\"2021-05-21T08:12:50+00:00\" \/>\n<meta property=\"og:image\" content=\"https:\/\/balagoo.com\/wp-content\/uploads\/2021\/04\/Palermo-La-Cala.jpg\" \/>\n\t<meta property=\"og:image:width\" content=\"1920\" \/>\n\t<meta property=\"og:image:height\" content=\"900\" \/>\n<meta name=\"twitter:card\" content=\"summary_large_image\" \/>\n<meta name=\"twitter:label1\" content=\"Tempo di lettura stimato\" \/>\n\t<meta name=\"twitter:data1\" content=\"5 minuti\" \/>\n<script type=\"application\/ld+json\" class=\"yoast-schema-graph\">{\"@context\":\"https:\/\/schema.org\",\"@graph\":[{\"@type\":\"WebSite\",\"@id\":\"https:\/\/balagoo.com\/#website\",\"url\":\"https:\/\/balagoo.com\/\",\"name\":\"BALAGOO\",\"description\":\"\",\"potentialAction\":[{\"@type\":\"SearchAction\",\"target\":{\"@type\":\"EntryPoint\",\"urlTemplate\":\"https:\/\/balagoo.com\/?s={search_term_string}\"},\"query-input\":\"required name=search_term_string\"}],\"inLanguage\":\"it-IT\"},{\"@type\":\"WebPage\",\"@id\":\"https:\/\/balagoo.com\/it\/taormina-ita\/#webpage\",\"url\":\"https:\/\/balagoo.com\/it\/taormina-ita\/\",\"name\":\"Scopri la Citt\\u00e0 Mozzafiato di Taormina - BALAGOO\",\"isPartOf\":{\"@id\":\"https:\/\/balagoo.com\/#website\"},\"datePublished\":\"2021-05-10T11:55:04+00:00\",\"dateModified\":\"2021-05-21T08:12:50+00:00\",\"description\":\"Divertente, affascinante, storica. Fai un tour di Taormina, circondato dall'anfiteatro greco-romano, le romantiche spiagge e le magiche stradine.\",\"breadcrumb\":{\"@id\":\"https:\/\/balagoo.com\/it\/taormina-ita\/#breadcrumb\"},\"inLanguage\":\"it-IT\",\"potentialAction\":[{\"@type\":\"ReadAction\",\"target\":[\"https:\/\/balagoo.com\/it\/taormina-ita\/\"]}]},{\"@type\":\"BreadcrumbList\",\"@id\":\"https:\/\/balagoo.com\/it\/taormina-ita\/#breadcrumb\",\"itemListElement\":[{\"@type\":\"ListItem\",\"position\":1,\"name\":\"Home\",\"item\":\"https:\/\/balagoo.com\/it\/\"},{\"@type\":\"ListItem\",\"position\":2,\"name\":\"Taormina\"}]}]}<\/script>\n<!-- \/ Yoast SEO plugin. -->","yoast_head_json":{"title":"Scopri la Citt\u00e0 Mozzafiato di Taormina - BALAGOO","description":"Divertente, affascinante, storica. Fai un tour di Taormina, circondato dall'anfiteatro greco-romano, le romantiche spiagge e le magiche stradine.","robots":{"index":"index","follow":"follow","max-snippet":"max-snippet:-1","max-image-preview":"max-image-preview:large","max-video-preview":"max-video-preview:-1"},"canonical":"https:\/\/balagoo.com\/it\/taormina-ita\/","og_locale":"it_IT","og_type":"article","og_title":"Scopri la Citt\u00e0 Mozzafiato di Taormina - BALAGOO","og_description":"Divertente, affascinante, storica. Fai un tour di Taormina, circondato dall'anfiteatro greco-romano, le romantiche spiagge e le magiche stradine.","og_url":"https:\/\/balagoo.com\/it\/taormina-ita\/","og_site_name":"BALAGOO","article_publisher":"https:\/\/www.facebook.com\/palermodaytours","article_modified_time":"2021-05-21T08:12:50+00:00","og_image":[{"width":1920,"height":900,"url":"https:\/\/balagoo.com\/wp-content\/uploads\/2021\/04\/Palermo-La-Cala.jpg","path":"\/var\/www\/vhosts\/balagoo.com\/httpdocs\/wp-content\/uploads\/2021\/04\/Palermo-La-Cala.jpg","size":"full","id":2073,"alt":"","pixels":1728000,"type":"image\/jpeg"}],"twitter_card":"summary_large_image","twitter_misc":{"Tempo di lettura stimato":"5 minuti"},"schema":{"@context":"https:\/\/schema.org","@graph":[{"@type":"WebSite","@id":"https:\/\/balagoo.com\/#website","url":"https:\/\/balagoo.com\/","name":"BALAGOO","description":"","potentialAction":[{"@type":"SearchAction","target":{"@type":"EntryPoint","urlTemplate":"https:\/\/balagoo.com\/?s={search_term_string}"},"query-input":"required name=search_term_string"}],"inLanguage":"it-IT"},{"@type":"WebPage","@id":"https:\/\/balagoo.com\/it\/taormina-ita\/#webpage","url":"https:\/\/balagoo.com\/it\/taormina-ita\/","name":"Scopri la Citt\u00e0 Mozzafiato di Taormina - BALAGOO","isPartOf":{"@id":"https:\/\/balagoo.com\/#website"},"datePublished":"2021-05-10T11:55:04+00:00","dateModified":"2021-05-21T08:12:50+00:00","description":"Divertente, affascinante, storica. Fai un tour di Taormina, circondato dall'anfiteatro greco-romano, le romantiche spiagge e le magiche stradine.","breadcrumb":{"@id":"https:\/\/balagoo.com\/it\/taormina-ita\/#breadcrumb"},"inLanguage":"it-IT","potentialAction":[{"@type":"ReadAction","target":["https:\/\/balagoo.com\/it\/taormina-ita\/"]}]},{"@type":"BreadcrumbList","@id":"https:\/\/balagoo.com\/it\/taormina-ita\/#breadcrumb","itemListElement":[{"@type":"ListItem","position":1,"name":"Home","item":"https:\/\/balagoo.com\/it\/"},{"@type":"ListItem","position":2,"name":"Taormina"}]}]}},"_links":{"self":[{"href":"https:\/\/balagoo.com\/it\/wp-json\/wp\/v2\/pages\/2575"}],"collection":[{"href":"https:\/\/balagoo.com\/it\/wp-json\/wp\/v2\/pages"}],"about":[{"href":"https:\/\/balagoo.com\/it\/wp-json\/wp\/v2\/types\/page"}],"author":[{"embeddable":true,"href":"https:\/\/balagoo.com\/it\/wp-json\/wp\/v2\/users\/2"}],"replies":[{"embeddable":true,"href":"https:\/\/balagoo.com\/it\/wp-json\/wp\/v2\/comments?post=2575"}],"version-history":[{"count":5,"href":"https:\/\/balagoo.com\/it\/wp-json\/wp\/v2\/pages\/2575\/revisions"}],"predecessor-version":[{"id":2580,"href":"https:\/\/balagoo.com\/it\/wp-json\/wp\/v2\/pages\/2575\/revisions\/2580"}],"wp:attachment":[{"href":"https:\/\/balagoo.com\/it\/wp-json\/wp\/v2\/media?parent=2575"}],"curies":[{"name":"wp","href":"https:\/\/api.w.org\/{rel}","templated":true}]}}