{"id":2555,"date":"2021-05-10T13:42:04","date_gmt":"2021-05-10T11:42:04","guid":{"rendered":"https:\/\/balagoo.com\/ustica-island\/"},"modified":"2021-05-20T18:00:33","modified_gmt":"2021-05-20T16:00:33","slug":"isola-di-ustica","status":"publish","type":"page","link":"https:\/\/balagoo.com\/it\/isola-di-ustica\/","title":{"rendered":"Isola di Ustica"},"content":{"rendered":"\t\t<div data-elementor-type=\"wp-page\" data-elementor-id=\"2555\" class=\"elementor elementor-2555 elementor-2353\" data-elementor-settings=\"[]\">\n\t\t\t\t\t\t<div class=\"elementor-inner\">\n\t\t\t\t\t\t\t<div class=\"elementor-section-wrap\">\n\t\t\t\t\t\t\t<section class=\"elementor-section elementor-top-section elementor-element elementor-element-92629fb elementor-section-boxed elementor-section-height-default elementor-section-height-default\" data-id=\"92629fb\" data-element_type=\"section\">\n\t\t\t\t\t\t<div class=\"elementor-container elementor-column-gap-default\">\n\t\t\t\t\t\t\t<div class=\"elementor-row\">\n\t\t\t\t\t<div class=\"elementor-column elementor-col-100 elementor-top-column elementor-element elementor-element-d5617f7\" data-id=\"d5617f7\" data-element_type=\"column\">\n\t\t\t<div class=\"elementor-column-wrap elementor-element-populated\">\n\t\t\t\t\t\t\t<div class=\"elementor-widget-wrap\">\n\t\t\t\t\t\t\t\t<\/div>\n\t\t\t\t\t<\/div>\n\t\t<\/div>\n\t\t\t\t\t\t\t\t<\/div>\n\t\t\t\t\t<\/div>\n\t\t<\/section>\n\t\t\t\t<section class=\"elementor-section elementor-top-section elementor-element elementor-element-ed25346 elementor-section-boxed elementor-section-height-default elementor-section-height-default\" data-id=\"ed25346\" data-element_type=\"section\">\n\t\t\t\t\t\t<div class=\"elementor-container elementor-column-gap-default\">\n\t\t\t\t\t\t\t<div class=\"elementor-row\">\n\t\t\t\t\t<div class=\"elementor-column elementor-col-100 elementor-top-column elementor-element elementor-element-93f4e38\" data-id=\"93f4e38\" data-element_type=\"column\">\n\t\t\t<div class=\"elementor-column-wrap elementor-element-populated\">\n\t\t\t\t\t\t\t<div class=\"elementor-widget-wrap\">\n\t\t\t\t\t\t<div class=\"elementor-element elementor-element-fe18add elementor-widget elementor-widget-text-editor\" data-id=\"fe18add\" data-element_type=\"widget\" data-widget_type=\"text-editor.default\">\n\t\t\t\t<div class=\"elementor-widget-container\">\n\t\t\t\t\t<div class=\"elementor-text-editor elementor-clearfix\"><p><strong>DESCRIZIONE:<\/strong> <\/p><p>Ustica &#8211; una piccola isola di circa 9 chilometri quadrati e situata nel Mar Tirreno a circa 67 km a nord-ovest di Palermo e caratterizzata dalla bellezza selvaggia della natura e del colore del mare turchese e delle sue rocce vulcaniche.<\/p><p>La popolazione dell&#8217;isola \u00e8 relativamente piccola di circa 1.300 abitanti ma \u00e8 una destinazione estiva preferita per vacanze rilassanti. \u00c8 un luogo magico che riflette migliaia di colori e ha ispirato pittori e artisti per generazioni.<\/p><p>\u00c8 molto interessante godere di una vista da Cala S. Maria sull&#8217;agglomerato urbano di Ustica e ammirare una serie di case e murales dipinti con colori vivaci, opere di pittori di spicco e il campanile della Chiesa Madre o raggiungere l&#8217;incantevole Cappella di San Francesco seguendo il piacevole sentiero di meditazione.<\/p><p>Noleggiare uno scooter pu\u00f2 essere il modo perfetto per fare escursioni al Calvario, al Castello Saraceno e alla Fortezza sul Colle della Falconara &#8211; un antico sito archeologico romano e uno dei luoghi pi\u00f9 panoramici dell&#8217;isola. Ustica \u00e8 ben organizzata per subacquei ed esploratori che potrebbero essere interessati a visite panoramiche, come ad esempio la &#8220;Guardia dei Turchi&#8221;, il punto pi\u00f9 alto di Ustica (248 m).<\/p><p>Il punto centrale di Ustica \u00e8 sicuramente Piazza Umberto I, che domina la chiesa di San Ferdinando del 18 \u00b0 secolo.<\/p><p>Nelle case o nelle piccole osterie del villaggio, puoi mangiare frutti di mare incredibilmente freschi e non dimenticare di portare a casa le lenticchie pi\u00f9 piccole d&#8217;Italia coltivate proprio qui sull&#8217;isola e dal 2000 incluse nell&#8217;elenco di Slow Food.<\/p><p><strong>LE SPIAGGE E LE GROTTE:<\/strong><\/p><p>Dal 1987 Ustica fu istituita come Riserva Naturale Marina e le grotte pi\u00f9 famose sono la Grotta della Partizza, la Grotta Segreta, la Grotta Azzurra &#8211; con le stalagmiti secolari, la Grotta del Tuono, la Grotta Verde e la Grotta delle Barche. Molte delle grotte sono accessibili solo via mare. Sull\u2019isola non mancano le meravigliose piccole spiagge come Punta dello Spalmatore, Cala Sidoti e Cala Acquario. Essendo una zona protetta la balneazione \u00e8 consentita solo a Cala Sidoti e Cala Acquario per rendere quest\u2019esperienza indimenticabile.<\/p><\/div>\n\t\t\t\t<\/div>\n\t\t\t\t<\/div>\n\t\t\t\t\t\t<\/div>\n\t\t\t\t\t<\/div>\n\t\t<\/div>\n\t\t\t\t\t\t\t\t<\/div>\n\t\t\t\t\t<\/div>\n\t\t<\/section>\n\t\t\t\t\t\t<\/div>\n\t\t\t\t\t\t<\/div>\n\t\t\t\t\t<\/div>\n\t\t","protected":false},"excerpt":{"rendered":"<p>DESCRIZIONE: Ustica &#8211; una piccola isola di circa 9 chilometri quadrati e situata nel Mar Tirreno a circa 67 km a nord-ovest di Palermo e caratterizzata dalla bellezza selvaggia della natura e del colore del mare turchese e delle sue rocce vulcaniche. La popolazione dell&#8217;isola \u00e8 relativamente piccola di circa 1.300 abitanti ma \u00e8 una [&hellip;]<\/p>\n","protected":false},"author":2,"featured_media":0,"parent":0,"menu_order":0,"comment_status":"closed","ping_status":"closed","template":"","meta":[],"yoast_head":"<!-- This site is optimized with the Yoast SEO plugin v16.9 - https:\/\/yoast.com\/wordpress\/plugins\/seo\/ -->\n<title>Scopri le Meraviglie dell&#039;Isola di Ustica - BALAGOO<\/title>\n<meta name=\"description\" content=\"Fai un tour nella bellezza selvaggia, il mare turchese e il colore delle sue rocce vulcaniche. Divertiti tra Cala Sidoti e la Grotta Azzurra.\" \/>\n<meta name=\"robots\" content=\"index, follow, max-snippet:-1, max-image-preview:large, max-video-preview:-1\" \/>\n<link rel=\"canonical\" href=\"https:\/\/balagoo.com\/it\/isola-di-ustica\/\" \/>\n<meta property=\"og:locale\" content=\"it_IT\" \/>\n<meta property=\"og:type\" content=\"article\" \/>\n<meta property=\"og:title\" content=\"Scopri le Meraviglie dell&#039;Isola di Ustica - BALAGOO\" \/>\n<meta property=\"og:description\" content=\"Fai un tour nella bellezza selvaggia, il mare turchese e il colore delle sue rocce vulcaniche. Divertiti tra Cala Sidoti e la Grotta Azzurra.\" \/>\n<meta property=\"og:url\" content=\"https:\/\/balagoo.com\/it\/isola-di-ustica\/\" \/>\n<meta property=\"og:site_name\" content=\"BALAGOO\" \/>\n<meta property=\"article:publisher\" content=\"https:\/\/www.facebook.com\/palermodaytours\" \/>\n<meta property=\"article:modified_time\" content=\"2021-05-20T16:00:33+00:00\" \/>\n<meta property=\"og:image\" content=\"https:\/\/balagoo.com\/wp-content\/uploads\/2021\/04\/Palermo-La-Cala.jpg\" \/>\n\t<meta property=\"og:image:width\" content=\"1920\" \/>\n\t<meta property=\"og:image:height\" content=\"900\" \/>\n<meta name=\"twitter:card\" content=\"summary_large_image\" \/>\n<meta name=\"twitter:label1\" content=\"Tempo di lettura stimato\" \/>\n\t<meta name=\"twitter:data1\" content=\"2 minuti\" \/>\n<script type=\"application\/ld+json\" class=\"yoast-schema-graph\">{\"@context\":\"https:\/\/schema.org\",\"@graph\":[{\"@type\":\"WebSite\",\"@id\":\"https:\/\/balagoo.com\/#website\",\"url\":\"https:\/\/balagoo.com\/\",\"name\":\"BALAGOO\",\"description\":\"\",\"potentialAction\":[{\"@type\":\"SearchAction\",\"target\":{\"@type\":\"EntryPoint\",\"urlTemplate\":\"https:\/\/balagoo.com\/?s={search_term_string}\"},\"query-input\":\"required name=search_term_string\"}],\"inLanguage\":\"it-IT\"},{\"@type\":\"WebPage\",\"@id\":\"https:\/\/balagoo.com\/it\/isola-di-ustica\/#webpage\",\"url\":\"https:\/\/balagoo.com\/it\/isola-di-ustica\/\",\"name\":\"Scopri le Meraviglie dell'Isola di Ustica - BALAGOO\",\"isPartOf\":{\"@id\":\"https:\/\/balagoo.com\/#website\"},\"datePublished\":\"2021-05-10T11:42:04+00:00\",\"dateModified\":\"2021-05-20T16:00:33+00:00\",\"description\":\"Fai un tour nella bellezza selvaggia, il mare turchese e il colore delle sue rocce vulcaniche. Divertiti tra Cala Sidoti e la Grotta Azzurra.\",\"breadcrumb\":{\"@id\":\"https:\/\/balagoo.com\/it\/isola-di-ustica\/#breadcrumb\"},\"inLanguage\":\"it-IT\",\"potentialAction\":[{\"@type\":\"ReadAction\",\"target\":[\"https:\/\/balagoo.com\/it\/isola-di-ustica\/\"]}]},{\"@type\":\"BreadcrumbList\",\"@id\":\"https:\/\/balagoo.com\/it\/isola-di-ustica\/#breadcrumb\",\"itemListElement\":[{\"@type\":\"ListItem\",\"position\":1,\"name\":\"Home\",\"item\":\"https:\/\/balagoo.com\/it\/\"},{\"@type\":\"ListItem\",\"position\":2,\"name\":\"Isola di Ustica\"}]}]}<\/script>\n<!-- \/ Yoast SEO plugin. -->","yoast_head_json":{"title":"Scopri le Meraviglie dell'Isola di Ustica - BALAGOO","description":"Fai un tour nella bellezza selvaggia, il mare turchese e il colore delle sue rocce vulcaniche. Divertiti tra Cala Sidoti e la Grotta Azzurra.","robots":{"index":"index","follow":"follow","max-snippet":"max-snippet:-1","max-image-preview":"max-image-preview:large","max-video-preview":"max-video-preview:-1"},"canonical":"https:\/\/balagoo.com\/it\/isola-di-ustica\/","og_locale":"it_IT","og_type":"article","og_title":"Scopri le Meraviglie dell'Isola di Ustica - BALAGOO","og_description":"Fai un tour nella bellezza selvaggia, il mare turchese e il colore delle sue rocce vulcaniche. Divertiti tra Cala Sidoti e la Grotta Azzurra.","og_url":"https:\/\/balagoo.com\/it\/isola-di-ustica\/","og_site_name":"BALAGOO","article_publisher":"https:\/\/www.facebook.com\/palermodaytours","article_modified_time":"2021-05-20T16:00:33+00:00","og_image":[{"width":1920,"height":900,"url":"https:\/\/balagoo.com\/wp-content\/uploads\/2021\/04\/Palermo-La-Cala.jpg","path":"\/var\/www\/vhosts\/balagoo.com\/httpdocs\/wp-content\/uploads\/2021\/04\/Palermo-La-Cala.jpg","size":"full","id":2073,"alt":"","pixels":1728000,"type":"image\/jpeg"}],"twitter_card":"summary_large_image","twitter_misc":{"Tempo di lettura stimato":"2 minuti"},"schema":{"@context":"https:\/\/schema.org","@graph":[{"@type":"WebSite","@id":"https:\/\/balagoo.com\/#website","url":"https:\/\/balagoo.com\/","name":"BALAGOO","description":"","potentialAction":[{"@type":"SearchAction","target":{"@type":"EntryPoint","urlTemplate":"https:\/\/balagoo.com\/?s={search_term_string}"},"query-input":"required name=search_term_string"}],"inLanguage":"it-IT"},{"@type":"WebPage","@id":"https:\/\/balagoo.com\/it\/isola-di-ustica\/#webpage","url":"https:\/\/balagoo.com\/it\/isola-di-ustica\/","name":"Scopri le Meraviglie dell'Isola di Ustica - BALAGOO","isPartOf":{"@id":"https:\/\/balagoo.com\/#website"},"datePublished":"2021-05-10T11:42:04+00:00","dateModified":"2021-05-20T16:00:33+00:00","description":"Fai un tour nella bellezza selvaggia, il mare turchese e il colore delle sue rocce vulcaniche. Divertiti tra Cala Sidoti e la Grotta Azzurra.","breadcrumb":{"@id":"https:\/\/balagoo.com\/it\/isola-di-ustica\/#breadcrumb"},"inLanguage":"it-IT","potentialAction":[{"@type":"ReadAction","target":["https:\/\/balagoo.com\/it\/isola-di-ustica\/"]}]},{"@type":"BreadcrumbList","@id":"https:\/\/balagoo.com\/it\/isola-di-ustica\/#breadcrumb","itemListElement":[{"@type":"ListItem","position":1,"name":"Home","item":"https:\/\/balagoo.com\/it\/"},{"@type":"ListItem","position":2,"name":"Isola di Ustica"}]}]}},"_links":{"self":[{"href":"https:\/\/balagoo.com\/it\/wp-json\/wp\/v2\/pages\/2555"}],"collection":[{"href":"https:\/\/balagoo.com\/it\/wp-json\/wp\/v2\/pages"}],"about":[{"href":"https:\/\/balagoo.com\/it\/wp-json\/wp\/v2\/types\/page"}],"author":[{"embeddable":true,"href":"https:\/\/balagoo.com\/it\/wp-json\/wp\/v2\/users\/2"}],"replies":[{"embeddable":true,"href":"https:\/\/balagoo.com\/it\/wp-json\/wp\/v2\/comments?post=2555"}],"version-history":[{"count":8,"href":"https:\/\/balagoo.com\/it\/wp-json\/wp\/v2\/pages\/2555\/revisions"}],"predecessor-version":[{"id":2563,"href":"https:\/\/balagoo.com\/it\/wp-json\/wp\/v2\/pages\/2555\/revisions\/2563"}],"wp:attachment":[{"href":"https:\/\/balagoo.com\/it\/wp-json\/wp\/v2\/media?parent=2555"}],"curies":[{"name":"wp","href":"https:\/\/api.w.org\/{rel}","templated":true}]}}