{"id":2514,"date":"2021-05-10T13:10:15","date_gmt":"2021-05-10T11:10:15","guid":{"rendered":"https:\/\/balagoo.com\/favignana-island\/"},"modified":"2021-05-20T17:34:54","modified_gmt":"2021-05-20T15:34:54","slug":"isola-di-favignana","status":"publish","type":"page","link":"https:\/\/balagoo.com\/it\/isola-di-favignana\/","title":{"rendered":"Isola di Favignana"},"content":{"rendered":"\t\t<div data-elementor-type=\"wp-page\" data-elementor-id=\"2514\" class=\"elementor elementor-2514 elementor-2343\" data-elementor-settings=\"[]\">\n\t\t\t\t\t\t<div class=\"elementor-inner\">\n\t\t\t\t\t\t\t<div class=\"elementor-section-wrap\">\n\t\t\t\t\t\t\t<section class=\"elementor-section elementor-top-section elementor-element elementor-element-92629fb elementor-section-boxed elementor-section-height-default elementor-section-height-default\" data-id=\"92629fb\" data-element_type=\"section\">\n\t\t\t\t\t\t<div class=\"elementor-container elementor-column-gap-default\">\n\t\t\t\t\t\t\t<div class=\"elementor-row\">\n\t\t\t\t\t<div class=\"elementor-column elementor-col-100 elementor-top-column elementor-element elementor-element-d5617f7\" data-id=\"d5617f7\" data-element_type=\"column\">\n\t\t\t<div class=\"elementor-column-wrap elementor-element-populated\">\n\t\t\t\t\t\t\t<div class=\"elementor-widget-wrap\">\n\t\t\t\t\t\t\t\t<\/div>\n\t\t\t\t\t<\/div>\n\t\t<\/div>\n\t\t\t\t\t\t\t\t<\/div>\n\t\t\t\t\t<\/div>\n\t\t<\/section>\n\t\t\t\t<section class=\"elementor-section elementor-top-section elementor-element elementor-element-ed25346 elementor-section-boxed elementor-section-height-default elementor-section-height-default\" data-id=\"ed25346\" data-element_type=\"section\">\n\t\t\t\t\t\t<div class=\"elementor-container elementor-column-gap-default\">\n\t\t\t\t\t\t\t<div class=\"elementor-row\">\n\t\t\t\t\t<div class=\"elementor-column elementor-col-100 elementor-top-column elementor-element elementor-element-93f4e38\" data-id=\"93f4e38\" data-element_type=\"column\">\n\t\t\t<div class=\"elementor-column-wrap elementor-element-populated\">\n\t\t\t\t\t\t\t<div class=\"elementor-widget-wrap\">\n\t\t\t\t\t\t<div class=\"elementor-element elementor-element-fe18add elementor-widget elementor-widget-text-editor\" data-id=\"fe18add\" data-element_type=\"widget\" data-widget_type=\"text-editor.default\">\n\t\t\t\t<div class=\"elementor-widget-container\">\n\t\t\t\t\t<div class=\"elementor-text-editor elementor-clearfix\"><p><strong>DESCRIZIONE:<\/strong> <\/p><p>Favignana \u00e8 la pi\u00f9 grande isola delle Egadi e la pi\u00f9 vicina alla costa siciliana. Si estende per circa 9 chilometri, simile a una farfalla in forma.<\/p><p>Proprio nella parte centrale dell&#8217;isola si trovano il porto e l&#8217;agglomerato urbano di Favignana, dove si trovano le principali sistemazioni dell&#8217;isola. I tre pi\u00f9 grandi mercati di Favignana sono Piazza Marina, Piazza Europa e Piazza Matrix, dove si trova la chiesa madre, costruita nel XVIII secolo.<\/p><p><strong>LE SPIAGGE:<\/strong><\/p><p>Ricercato per la bellezza della sua costa, Favignana sicuramente non deluder\u00e0. Tra spiagge sabbiose, coste rocciose e scogliere accessibili in barca, c&#8217;\u00e8 molto da scegliere. Per gli amanti della sabbia, nella parte settentrionale dell&#8217;isola \u00e8 possibile fare un tuffo nella spiaggia vicino al centro di Favignana.<\/p><p>Pittoresca e davvero bella da vedere, la piccola spiaggia di Cala d&#8217;Azur, inizia sul lato orientale, dove il nome del luogo deriva dalla chiarezza delle sue acque. Infine, da non perdere le bianche spiagge di Marasolo e Ravine, sulla costa di fronte al porto. Per coloro che preferiscono un tuffo dagli scogli, e Bue Marino e Cala Rossa, nella parte orientale dell&#8217;isola, offrono due grandi posti per godersi questo mare di sogni di cui Favignana vanta, dove il colore dell&#8217;acqua assume tonalit\u00e0 di turchese.<\/p><p>Da non perdere, c&#8217;\u00e8 anche Punta Lunga, Centro Ferro, Stack Punta, Punta Marsala, Punta Sottile, Cala Rotonda, Grotta Perciata. Come puoi vedere, non \u00e8 difficile trovare luoghi che soddisfino la tua voglia di mare. Infine, per chi non pu\u00f2 fare a meno delle immersioni, non perderti l&#8217;isola di Preveto, sul versante meridionale, la Secca del Tonno, lo Scoglio Corrente e Punta Fanfalo.<\/p><p><strong>LA TONNARA FLORIO:<\/strong><\/p><p>Il Tunnel Florio, attira immediatamente sguardi da coloro che stanno per raggiungere Favignana. Attualmente in disuso, \u00e8 stato, per lungo tempo, la base per l&#8217;economia dell&#8217;isola, grazie alla sua lavorazione del tonno. Costruito nel 1859, rimane oggi un simbolo per Favignana. La pesca del tonno, infatti, era pi\u00f9 che un&#8217;attivit\u00e0; rappresentava l&#8217;unica forma di sostentamento per la maggior parte degli isolani. Il rito della macellazione del pesce avveniva con sistemi di reti integrate, per formare canali per dirigere il flusso della migrazione del tonno che erano alla ricerca di un habitat ideale per la riproduzione, verso maggio.<\/p><\/div>\n\t\t\t\t<\/div>\n\t\t\t\t<\/div>\n\t\t\t\t\t\t<\/div>\n\t\t\t\t\t<\/div>\n\t\t<\/div>\n\t\t\t\t\t\t\t\t<\/div>\n\t\t\t\t\t<\/div>\n\t\t<\/section>\n\t\t\t\t\t\t<\/div>\n\t\t\t\t\t\t<\/div>\n\t\t\t\t\t<\/div>\n\t\t","protected":false},"excerpt":{"rendered":"<p>DESCRIZIONE: Favignana \u00e8 la pi\u00f9 grande isola delle Egadi e la pi\u00f9 vicina alla costa siciliana. Si estende per circa 9 chilometri, simile a una farfalla in forma. Proprio nella parte centrale dell&#8217;isola si trovano il porto e l&#8217;agglomerato urbano di Favignana, dove si trovano le principali sistemazioni dell&#8217;isola. I tre pi\u00f9 grandi mercati di [&hellip;]<\/p>\n","protected":false},"author":2,"featured_media":0,"parent":0,"menu_order":0,"comment_status":"closed","ping_status":"closed","template":"","meta":[],"yoast_head":"<!-- This site is optimized with the Yoast SEO plugin v16.9 - https:\/\/yoast.com\/wordpress\/plugins\/seo\/ -->\n<title>Scopri le Meraviglie dell&#039;Isola di Favignana - BALAGOO<\/title>\n<meta name=\"description\" content=\"Immergiti nelle meraviglie della natura con un tour dell&#039;Isola di Favignana, la pi\u00f9 grande delle Isole Egadi. Non perderti Cala Rossa, Cala d&#039;Azur e la Tonnara Florio.\" \/>\n<meta name=\"robots\" content=\"index, follow, max-snippet:-1, max-image-preview:large, max-video-preview:-1\" \/>\n<link rel=\"canonical\" href=\"https:\/\/balagoo.com\/it\/isola-di-favignana\/\" \/>\n<meta property=\"og:locale\" content=\"it_IT\" \/>\n<meta property=\"og:type\" content=\"article\" \/>\n<meta property=\"og:title\" content=\"Scopri le Meraviglie dell&#039;Isola di Favignana - BALAGOO\" \/>\n<meta property=\"og:description\" content=\"Immergiti nelle meraviglie della natura con un tour dell&#039;Isola di Favignana, la pi\u00f9 grande delle Isole Egadi. Non perderti Cala Rossa, Cala d&#039;Azur e la Tonnara Florio.\" \/>\n<meta property=\"og:url\" content=\"https:\/\/balagoo.com\/it\/isola-di-favignana\/\" \/>\n<meta property=\"og:site_name\" content=\"BALAGOO\" \/>\n<meta property=\"article:publisher\" content=\"https:\/\/www.facebook.com\/palermodaytours\" \/>\n<meta property=\"article:modified_time\" content=\"2021-05-20T15:34:54+00:00\" \/>\n<meta property=\"og:image\" content=\"https:\/\/balagoo.com\/wp-content\/uploads\/2021\/04\/Palermo-La-Cala.jpg\" \/>\n\t<meta property=\"og:image:width\" content=\"1920\" \/>\n\t<meta property=\"og:image:height\" content=\"900\" \/>\n<meta name=\"twitter:card\" content=\"summary_large_image\" \/>\n<meta name=\"twitter:label1\" content=\"Tempo di lettura stimato\" \/>\n\t<meta name=\"twitter:data1\" content=\"2 minuti\" \/>\n<script type=\"application\/ld+json\" class=\"yoast-schema-graph\">{\"@context\":\"https:\/\/schema.org\",\"@graph\":[{\"@type\":\"WebSite\",\"@id\":\"https:\/\/balagoo.com\/#website\",\"url\":\"https:\/\/balagoo.com\/\",\"name\":\"BALAGOO\",\"description\":\"\",\"potentialAction\":[{\"@type\":\"SearchAction\",\"target\":{\"@type\":\"EntryPoint\",\"urlTemplate\":\"https:\/\/balagoo.com\/?s={search_term_string}\"},\"query-input\":\"required name=search_term_string\"}],\"inLanguage\":\"it-IT\"},{\"@type\":\"WebPage\",\"@id\":\"https:\/\/balagoo.com\/it\/isola-di-favignana\/#webpage\",\"url\":\"https:\/\/balagoo.com\/it\/isola-di-favignana\/\",\"name\":\"Scopri le Meraviglie dell'Isola di Favignana - BALAGOO\",\"isPartOf\":{\"@id\":\"https:\/\/balagoo.com\/#website\"},\"datePublished\":\"2021-05-10T11:10:15+00:00\",\"dateModified\":\"2021-05-20T15:34:54+00:00\",\"description\":\"Immergiti nelle meraviglie della natura con un tour dell'Isola di Favignana, la pi\\u00f9 grande delle Isole Egadi. Non perderti Cala Rossa, Cala d'Azur e la Tonnara Florio.\",\"breadcrumb\":{\"@id\":\"https:\/\/balagoo.com\/it\/isola-di-favignana\/#breadcrumb\"},\"inLanguage\":\"it-IT\",\"potentialAction\":[{\"@type\":\"ReadAction\",\"target\":[\"https:\/\/balagoo.com\/it\/isola-di-favignana\/\"]}]},{\"@type\":\"BreadcrumbList\",\"@id\":\"https:\/\/balagoo.com\/it\/isola-di-favignana\/#breadcrumb\",\"itemListElement\":[{\"@type\":\"ListItem\",\"position\":1,\"name\":\"Home\",\"item\":\"https:\/\/balagoo.com\/it\/\"},{\"@type\":\"ListItem\",\"position\":2,\"name\":\"Isola di Favignana\"}]}]}<\/script>\n<!-- \/ Yoast SEO plugin. -->","yoast_head_json":{"title":"Scopri le Meraviglie dell'Isola di Favignana - BALAGOO","description":"Immergiti nelle meraviglie della natura con un tour dell'Isola di Favignana, la pi\u00f9 grande delle Isole Egadi. Non perderti Cala Rossa, Cala d'Azur e la Tonnara Florio.","robots":{"index":"index","follow":"follow","max-snippet":"max-snippet:-1","max-image-preview":"max-image-preview:large","max-video-preview":"max-video-preview:-1"},"canonical":"https:\/\/balagoo.com\/it\/isola-di-favignana\/","og_locale":"it_IT","og_type":"article","og_title":"Scopri le Meraviglie dell'Isola di Favignana - BALAGOO","og_description":"Immergiti nelle meraviglie della natura con un tour dell'Isola di Favignana, la pi\u00f9 grande delle Isole Egadi. Non perderti Cala Rossa, Cala d'Azur e la Tonnara Florio.","og_url":"https:\/\/balagoo.com\/it\/isola-di-favignana\/","og_site_name":"BALAGOO","article_publisher":"https:\/\/www.facebook.com\/palermodaytours","article_modified_time":"2021-05-20T15:34:54+00:00","og_image":[{"width":1920,"height":900,"url":"https:\/\/balagoo.com\/wp-content\/uploads\/2021\/04\/Palermo-La-Cala.jpg","path":"\/var\/www\/vhosts\/balagoo.com\/httpdocs\/wp-content\/uploads\/2021\/04\/Palermo-La-Cala.jpg","size":"full","id":2073,"alt":"","pixels":1728000,"type":"image\/jpeg"}],"twitter_card":"summary_large_image","twitter_misc":{"Tempo di lettura stimato":"2 minuti"},"schema":{"@context":"https:\/\/schema.org","@graph":[{"@type":"WebSite","@id":"https:\/\/balagoo.com\/#website","url":"https:\/\/balagoo.com\/","name":"BALAGOO","description":"","potentialAction":[{"@type":"SearchAction","target":{"@type":"EntryPoint","urlTemplate":"https:\/\/balagoo.com\/?s={search_term_string}"},"query-input":"required name=search_term_string"}],"inLanguage":"it-IT"},{"@type":"WebPage","@id":"https:\/\/balagoo.com\/it\/isola-di-favignana\/#webpage","url":"https:\/\/balagoo.com\/it\/isola-di-favignana\/","name":"Scopri le Meraviglie dell'Isola di Favignana - BALAGOO","isPartOf":{"@id":"https:\/\/balagoo.com\/#website"},"datePublished":"2021-05-10T11:10:15+00:00","dateModified":"2021-05-20T15:34:54+00:00","description":"Immergiti nelle meraviglie della natura con un tour dell'Isola di Favignana, la pi\u00f9 grande delle Isole Egadi. Non perderti Cala Rossa, Cala d'Azur e la Tonnara Florio.","breadcrumb":{"@id":"https:\/\/balagoo.com\/it\/isola-di-favignana\/#breadcrumb"},"inLanguage":"it-IT","potentialAction":[{"@type":"ReadAction","target":["https:\/\/balagoo.com\/it\/isola-di-favignana\/"]}]},{"@type":"BreadcrumbList","@id":"https:\/\/balagoo.com\/it\/isola-di-favignana\/#breadcrumb","itemListElement":[{"@type":"ListItem","position":1,"name":"Home","item":"https:\/\/balagoo.com\/it\/"},{"@type":"ListItem","position":2,"name":"Isola di Favignana"}]}]}},"_links":{"self":[{"href":"https:\/\/balagoo.com\/it\/wp-json\/wp\/v2\/pages\/2514"}],"collection":[{"href":"https:\/\/balagoo.com\/it\/wp-json\/wp\/v2\/pages"}],"about":[{"href":"https:\/\/balagoo.com\/it\/wp-json\/wp\/v2\/types\/page"}],"author":[{"embeddable":true,"href":"https:\/\/balagoo.com\/it\/wp-json\/wp\/v2\/users\/2"}],"replies":[{"embeddable":true,"href":"https:\/\/balagoo.com\/it\/wp-json\/wp\/v2\/comments?post=2514"}],"version-history":[{"count":7,"href":"https:\/\/balagoo.com\/it\/wp-json\/wp\/v2\/pages\/2514\/revisions"}],"predecessor-version":[{"id":2522,"href":"https:\/\/balagoo.com\/it\/wp-json\/wp\/v2\/pages\/2514\/revisions\/2522"}],"wp:attachment":[{"href":"https:\/\/balagoo.com\/it\/wp-json\/wp\/v2\/media?parent=2514"}],"curies":[{"name":"wp","href":"https:\/\/api.w.org\/{rel}","templated":true}]}}