{"id":2494,"date":"2021-05-10T12:49:06","date_gmt":"2021-05-10T10:49:06","guid":{"rendered":"https:\/\/balagoo.com\/etna-volcano\/"},"modified":"2021-05-21T10:19:46","modified_gmt":"2021-05-21T08:19:46","slug":"vulcano-etna","status":"publish","type":"page","link":"https:\/\/balagoo.com\/it\/vulcano-etna\/","title":{"rendered":"Vulcano Etna"},"content":{"rendered":"\t\t<div data-elementor-type=\"wp-page\" data-elementor-id=\"2494\" class=\"elementor elementor-2494 elementor-2338\" data-elementor-settings=\"[]\">\n\t\t\t\t\t\t<div class=\"elementor-inner\">\n\t\t\t\t\t\t\t<div class=\"elementor-section-wrap\">\n\t\t\t\t\t\t\t<section class=\"elementor-section elementor-top-section elementor-element elementor-element-92629fb elementor-section-boxed elementor-section-height-default elementor-section-height-default\" data-id=\"92629fb\" data-element_type=\"section\">\n\t\t\t\t\t\t<div class=\"elementor-container elementor-column-gap-default\">\n\t\t\t\t\t\t\t<div class=\"elementor-row\">\n\t\t\t\t\t<div class=\"elementor-column elementor-col-100 elementor-top-column elementor-element elementor-element-d5617f7\" data-id=\"d5617f7\" data-element_type=\"column\">\n\t\t\t<div class=\"elementor-column-wrap elementor-element-populated\">\n\t\t\t\t\t\t\t<div class=\"elementor-widget-wrap\">\n\t\t\t\t\t\t\t\t<\/div>\n\t\t\t\t\t<\/div>\n\t\t<\/div>\n\t\t\t\t\t\t\t\t<\/div>\n\t\t\t\t\t<\/div>\n\t\t<\/section>\n\t\t\t\t<section class=\"elementor-section elementor-top-section elementor-element elementor-element-ed25346 elementor-section-boxed elementor-section-height-default elementor-section-height-default\" data-id=\"ed25346\" data-element_type=\"section\">\n\t\t\t\t\t\t<div class=\"elementor-container elementor-column-gap-default\">\n\t\t\t\t\t\t\t<div class=\"elementor-row\">\n\t\t\t\t\t<div class=\"elementor-column elementor-col-100 elementor-top-column elementor-element elementor-element-93f4e38\" data-id=\"93f4e38\" data-element_type=\"column\">\n\t\t\t<div class=\"elementor-column-wrap elementor-element-populated\">\n\t\t\t\t\t\t\t<div class=\"elementor-widget-wrap\">\n\t\t\t\t\t\t<div class=\"elementor-element elementor-element-fe18add elementor-widget elementor-widget-text-editor\" data-id=\"fe18add\" data-element_type=\"widget\" data-widget_type=\"text-editor.default\">\n\t\t\t\t<div class=\"elementor-widget-container\">\n\t\t\t\t\t<div class=\"elementor-text-editor elementor-clearfix\"><p><strong>DESCRIZIONE:<\/strong> <\/p><p>La pi\u00f9 grande attrazione naturale della Sicilia \u00e8 anche la sua montagna pi\u00f9 alta. Per gli antichi Greci, l&#8217;Etna era il regno di Vulcano, dio del fuoco, e la casa del mostro con un occhio noto come Ciclope. A circa 3350 metri, \u00e8 il vulcano attivo pi\u00f9 alto d&#8217;Europa . L&#8217;altezza della sua vetta cambia ad ogni eruzione e nel corso dei secoli alcuni flussi di lava hanno raggiunto la costa. Oltre 1200 metri quadrati di superficie dell&#8217;Etna sono ricoperti di lava solidificata. L&#8217;Etna offre lo sci nei mesi invernali e escursioni mozzafiato nei boschi durante l&#8217;estate. Ci sono anche un numero di cime pi\u00f9 piccole sulle pendici dell&#8217;Etna e alcune caverne interessanti. Poich\u00e9 l&#8217;Etna \u00e8 un vulcano a strati, con temperature della lava relativamente fresche e numerose aperture (prese d&#8217;aria), nessuno sa mai esattamente dove sar\u00e0 la prossima eruzione sulla sua vasta superficie. La lunga storia registrata dell&#8217;Etna si \u00e8 dimostrata preziosa per i vulcanologi di tutto il mondo.<\/p><p>Varie specie di quercia e pino cembro, oltre a betulla e faggio, coprono gran parte della sua superficie inclinata. Pianta di ginestra e altri arbusti punteggiano l&#8217;area, specialmente a quote pi\u00f9 basse. Le latifoglie dell&#8217;Etna cambiano colore in autunno, creando una spettacolare panoplia di mutevoli sfumature.<\/p><p>Rane, rospi e tartarughe vivono nei ruscelli e nei piccoli stagni delle foreste dell&#8217;Etna. Esistono anche varie specie di serpenti e onnipresenti lucertole. Anche volpi, scoiattoli, donnole, lepri, ricci, istrici e alcuni gatti selvatici considerano l&#8217;Etna il loro dominio. In alto, vedrai gufi, falchi, pernici e occasionalmente l&#8217;aquila reale, una specie mediterranea reintrodotta qui negli ultimi anni. Nella zona del lago Gurrida ci sono aironi, anatre e uccelli migratori.<\/p><\/div>\n\t\t\t\t<\/div>\n\t\t\t\t<\/div>\n\t\t\t\t\t\t<\/div>\n\t\t\t\t\t<\/div>\n\t\t<\/div>\n\t\t\t\t\t\t\t\t<\/div>\n\t\t\t\t\t<\/div>\n\t\t<\/section>\n\t\t\t\t\t\t<\/div>\n\t\t\t\t\t\t<\/div>\n\t\t\t\t\t<\/div>\n\t\t","protected":false},"excerpt":{"rendered":"<p>DESCRIZIONE: La pi\u00f9 grande attrazione naturale della Sicilia \u00e8 anche la sua montagna pi\u00f9 alta. Per gli antichi Greci, l&#8217;Etna era il regno di Vulcano, dio del fuoco, e la casa del mostro con un occhio noto come Ciclope. A circa 3350 metri, \u00e8 il vulcano attivo pi\u00f9 alto d&#8217;Europa . L&#8217;altezza della sua vetta [&hellip;]<\/p>\n","protected":false},"author":2,"featured_media":0,"parent":0,"menu_order":0,"comment_status":"closed","ping_status":"closed","template":"","meta":[],"yoast_head":"<!-- This site is optimized with the Yoast SEO plugin v16.9 - https:\/\/yoast.com\/wordpress\/plugins\/seo\/ -->\n<title>Scopri tutta la Potenza del Vulcano Etna - BALAGOO<\/title>\n<meta name=\"description\" content=\"Senti il potere travolgente della natura con un tour del Vulcano Etna, vicino a Catania. Sci, hiking e la magia delle eruzioni laviche.\" \/>\n<meta name=\"robots\" content=\"index, follow, max-snippet:-1, max-image-preview:large, max-video-preview:-1\" \/>\n<link rel=\"canonical\" href=\"https:\/\/balagoo.com\/it\/vulcano-etna\/\" \/>\n<meta property=\"og:locale\" content=\"it_IT\" \/>\n<meta property=\"og:type\" content=\"article\" \/>\n<meta property=\"og:title\" content=\"Scopri tutta la Potenza del Vulcano Etna - BALAGOO\" \/>\n<meta property=\"og:description\" content=\"Senti il potere travolgente della natura con un tour del Vulcano Etna, vicino a Catania. Sci, hiking e la magia delle eruzioni laviche.\" \/>\n<meta property=\"og:url\" content=\"https:\/\/balagoo.com\/it\/vulcano-etna\/\" \/>\n<meta property=\"og:site_name\" content=\"BALAGOO\" \/>\n<meta property=\"article:publisher\" content=\"https:\/\/www.facebook.com\/palermodaytours\" \/>\n<meta property=\"article:modified_time\" content=\"2021-05-21T08:19:46+00:00\" \/>\n<meta property=\"og:image\" content=\"https:\/\/balagoo.com\/wp-content\/uploads\/2021\/04\/Palermo-La-Cala.jpg\" \/>\n\t<meta property=\"og:image:width\" content=\"1920\" \/>\n\t<meta property=\"og:image:height\" content=\"900\" \/>\n<meta name=\"twitter:card\" content=\"summary_large_image\" \/>\n<meta name=\"twitter:label1\" content=\"Tempo di lettura stimato\" \/>\n\t<meta name=\"twitter:data1\" content=\"2 minuti\" \/>\n<script type=\"application\/ld+json\" class=\"yoast-schema-graph\">{\"@context\":\"https:\/\/schema.org\",\"@graph\":[{\"@type\":\"WebSite\",\"@id\":\"https:\/\/balagoo.com\/#website\",\"url\":\"https:\/\/balagoo.com\/\",\"name\":\"BALAGOO\",\"description\":\"\",\"potentialAction\":[{\"@type\":\"SearchAction\",\"target\":{\"@type\":\"EntryPoint\",\"urlTemplate\":\"https:\/\/balagoo.com\/?s={search_term_string}\"},\"query-input\":\"required name=search_term_string\"}],\"inLanguage\":\"it-IT\"},{\"@type\":\"WebPage\",\"@id\":\"https:\/\/balagoo.com\/it\/vulcano-etna\/#webpage\",\"url\":\"https:\/\/balagoo.com\/it\/vulcano-etna\/\",\"name\":\"Scopri tutta la Potenza del Vulcano Etna - BALAGOO\",\"isPartOf\":{\"@id\":\"https:\/\/balagoo.com\/#website\"},\"datePublished\":\"2021-05-10T10:49:06+00:00\",\"dateModified\":\"2021-05-21T08:19:46+00:00\",\"description\":\"Senti il potere travolgente della natura con un tour del Vulcano Etna, vicino a Catania. Sci, hiking e la magia delle eruzioni laviche.\",\"breadcrumb\":{\"@id\":\"https:\/\/balagoo.com\/it\/vulcano-etna\/#breadcrumb\"},\"inLanguage\":\"it-IT\",\"potentialAction\":[{\"@type\":\"ReadAction\",\"target\":[\"https:\/\/balagoo.com\/it\/vulcano-etna\/\"]}]},{\"@type\":\"BreadcrumbList\",\"@id\":\"https:\/\/balagoo.com\/it\/vulcano-etna\/#breadcrumb\",\"itemListElement\":[{\"@type\":\"ListItem\",\"position\":1,\"name\":\"Home\",\"item\":\"https:\/\/balagoo.com\/it\/\"},{\"@type\":\"ListItem\",\"position\":2,\"name\":\"Vulcano Etna\"}]}]}<\/script>\n<!-- \/ Yoast SEO plugin. -->","yoast_head_json":{"title":"Scopri tutta la Potenza del Vulcano Etna - BALAGOO","description":"Senti il potere travolgente della natura con un tour del Vulcano Etna, vicino a Catania. Sci, hiking e la magia delle eruzioni laviche.","robots":{"index":"index","follow":"follow","max-snippet":"max-snippet:-1","max-image-preview":"max-image-preview:large","max-video-preview":"max-video-preview:-1"},"canonical":"https:\/\/balagoo.com\/it\/vulcano-etna\/","og_locale":"it_IT","og_type":"article","og_title":"Scopri tutta la Potenza del Vulcano Etna - BALAGOO","og_description":"Senti il potere travolgente della natura con un tour del Vulcano Etna, vicino a Catania. Sci, hiking e la magia delle eruzioni laviche.","og_url":"https:\/\/balagoo.com\/it\/vulcano-etna\/","og_site_name":"BALAGOO","article_publisher":"https:\/\/www.facebook.com\/palermodaytours","article_modified_time":"2021-05-21T08:19:46+00:00","og_image":[{"width":1920,"height":900,"url":"https:\/\/balagoo.com\/wp-content\/uploads\/2021\/04\/Palermo-La-Cala.jpg","path":"\/var\/www\/vhosts\/balagoo.com\/httpdocs\/wp-content\/uploads\/2021\/04\/Palermo-La-Cala.jpg","size":"full","id":2073,"alt":"","pixels":1728000,"type":"image\/jpeg"}],"twitter_card":"summary_large_image","twitter_misc":{"Tempo di lettura stimato":"2 minuti"},"schema":{"@context":"https:\/\/schema.org","@graph":[{"@type":"WebSite","@id":"https:\/\/balagoo.com\/#website","url":"https:\/\/balagoo.com\/","name":"BALAGOO","description":"","potentialAction":[{"@type":"SearchAction","target":{"@type":"EntryPoint","urlTemplate":"https:\/\/balagoo.com\/?s={search_term_string}"},"query-input":"required name=search_term_string"}],"inLanguage":"it-IT"},{"@type":"WebPage","@id":"https:\/\/balagoo.com\/it\/vulcano-etna\/#webpage","url":"https:\/\/balagoo.com\/it\/vulcano-etna\/","name":"Scopri tutta la Potenza del Vulcano Etna - BALAGOO","isPartOf":{"@id":"https:\/\/balagoo.com\/#website"},"datePublished":"2021-05-10T10:49:06+00:00","dateModified":"2021-05-21T08:19:46+00:00","description":"Senti il potere travolgente della natura con un tour del Vulcano Etna, vicino a Catania. Sci, hiking e la magia delle eruzioni laviche.","breadcrumb":{"@id":"https:\/\/balagoo.com\/it\/vulcano-etna\/#breadcrumb"},"inLanguage":"it-IT","potentialAction":[{"@type":"ReadAction","target":["https:\/\/balagoo.com\/it\/vulcano-etna\/"]}]},{"@type":"BreadcrumbList","@id":"https:\/\/balagoo.com\/it\/vulcano-etna\/#breadcrumb","itemListElement":[{"@type":"ListItem","position":1,"name":"Home","item":"https:\/\/balagoo.com\/it\/"},{"@type":"ListItem","position":2,"name":"Vulcano Etna"}]}]}},"_links":{"self":[{"href":"https:\/\/balagoo.com\/it\/wp-json\/wp\/v2\/pages\/2494"}],"collection":[{"href":"https:\/\/balagoo.com\/it\/wp-json\/wp\/v2\/pages"}],"about":[{"href":"https:\/\/balagoo.com\/it\/wp-json\/wp\/v2\/types\/page"}],"author":[{"embeddable":true,"href":"https:\/\/balagoo.com\/it\/wp-json\/wp\/v2\/users\/2"}],"replies":[{"embeddable":true,"href":"https:\/\/balagoo.com\/it\/wp-json\/wp\/v2\/comments?post=2494"}],"version-history":[{"count":8,"href":"https:\/\/balagoo.com\/it\/wp-json\/wp\/v2\/pages\/2494\/revisions"}],"predecessor-version":[{"id":2502,"href":"https:\/\/balagoo.com\/it\/wp-json\/wp\/v2\/pages\/2494\/revisions\/2502"}],"wp:attachment":[{"href":"https:\/\/balagoo.com\/it\/wp-json\/wp\/v2\/media?parent=2494"}],"curies":[{"name":"wp","href":"https:\/\/api.w.org\/{rel}","templated":true}]}}