{"id":2477,"date":"2021-05-10T12:18:32","date_gmt":"2021-05-10T10:18:32","guid":{"rendered":"https:\/\/balagoo.com\/piazza-armerina\/"},"modified":"2021-05-21T11:54:49","modified_gmt":"2021-05-21T09:54:49","slug":"piazza-armerina","status":"publish","type":"page","link":"https:\/\/balagoo.com\/it\/piazza-armerina\/","title":{"rendered":"Piazza Armerina"},"content":{"rendered":"\t\t<div data-elementor-type=\"wp-page\" data-elementor-id=\"2477\" class=\"elementor elementor-2477 elementor-2326\" data-elementor-settings=\"[]\">\n\t\t\t\t\t\t<div class=\"elementor-inner\">\n\t\t\t\t\t\t\t<div class=\"elementor-section-wrap\">\n\t\t\t\t\t\t\t<section class=\"elementor-section elementor-top-section elementor-element elementor-element-92629fb elementor-section-boxed elementor-section-height-default elementor-section-height-default\" data-id=\"92629fb\" data-element_type=\"section\">\n\t\t\t\t\t\t<div class=\"elementor-container elementor-column-gap-default\">\n\t\t\t\t\t\t\t<div class=\"elementor-row\">\n\t\t\t\t\t<div class=\"elementor-column elementor-col-100 elementor-top-column elementor-element elementor-element-d5617f7\" data-id=\"d5617f7\" data-element_type=\"column\">\n\t\t\t<div class=\"elementor-column-wrap elementor-element-populated\">\n\t\t\t\t\t\t\t<div class=\"elementor-widget-wrap\">\n\t\t\t\t\t\t\t\t<\/div>\n\t\t\t\t\t<\/div>\n\t\t<\/div>\n\t\t\t\t\t\t\t\t<\/div>\n\t\t\t\t\t<\/div>\n\t\t<\/section>\n\t\t\t\t<section class=\"elementor-section elementor-top-section elementor-element elementor-element-ed25346 elementor-section-boxed elementor-section-height-default elementor-section-height-default\" data-id=\"ed25346\" data-element_type=\"section\">\n\t\t\t\t\t\t<div class=\"elementor-container elementor-column-gap-default\">\n\t\t\t\t\t\t\t<div class=\"elementor-row\">\n\t\t\t\t\t<div class=\"elementor-column elementor-col-100 elementor-top-column elementor-element elementor-element-93f4e38\" data-id=\"93f4e38\" data-element_type=\"column\">\n\t\t\t<div class=\"elementor-column-wrap elementor-element-populated\">\n\t\t\t\t\t\t\t<div class=\"elementor-widget-wrap\">\n\t\t\t\t\t\t<div class=\"elementor-element elementor-element-fe18add elementor-widget elementor-widget-text-editor\" data-id=\"fe18add\" data-element_type=\"widget\" data-widget_type=\"text-editor.default\">\n\t\t\t\t<div class=\"elementor-widget-container\">\n\t\t\t\t\t<div class=\"elementor-text-editor elementor-clearfix\"><p><strong>DESCRIZIONE:<\/strong><\/p><p>Situato su un altopiano a circa 700 metri sul livello del mare a circa 35 chilometri da Enna e un po &#8216;pi\u00f9 vicino a Caltagirone, la citt\u00e0 di Piazza Armerina non \u00e8 priva di fascino. Fondato durante l&#8217;era araba, il suo quartiere storico ha alcune bellissime chiese, tra cui una cattedrale barocca, nonch\u00e9 una fortezza ben conservata (Castello Spinelli), ma la maggior parte dei visitatori viene qui per vedere la Villa romana, con i suoi magnifici mosaici. Piazza Armerina \u00e8 un&#8217;affascinante citt\u00e0 nota per il suo Palio Normanno, una sfilata estiva annuale di eventi medievali, ma l&#8217;attrazione principale \u00e8 la sua antica villa romana. Situata a pochi chilometri fuori citt\u00e0, la villa \u00e8 una delle pi\u00f9 grandi dimore romane del suo genere sopravvissute all&#8217;antichit\u00e0 e probabilmente appartenuta a un ricco patrizio. Raffiguranti scene della vita quotidiana, come la caccia, i mosaici sono notevoli sia per il loro valore sociologico che per la loro abilit\u00e0 artistica. Uno di questi, che mostra donne vestite con costumi da bagno a due pezzi che si esercitano con bilancieri, potrebbe benissimo descrivere una scena tipica del ventesimo secolo.<\/p><p>La &#8220;Villa del Casale&#8221; fu costruita tra il 330 e il 360 d.C. L&#8217;identit\u00e0 del suo proprietario rimane oggetto di dibattito. Tuttavia, di solito vengono menzionati tre individui: Proculus Populonius, governatore della Sicilia dal 314 al 337; Caeionus Rufus Volusianus, chiamato anche Lampadius, un uomo influente e ricco; e Sabucinius Pinianus, probabilmente di nascita romana.<\/p><p>Ci sono 3500 metri quadrati di mosaici sui pavimenti della villa e alcuni dipinti murali sopravvissuti. Molte pareti della struttura sono ancora in piedi. Si dice che lo stile dei mosaici sia influenzato dai motivi nordafricani dei romani. Alcuni reperti minori del sito sono ospitati nel museo archeologico di Piazza Armerina.<\/p><p>L&#8217;arte in s\u00e9 \u00e8 impressionante, ma il visitatore \u00e8 anche colpito dalle dimensioni della villa, il cui stile architettonico differisce nettamente da quello delle abitazioni urbane come quelle di Pompei. Gli edifici della villa sono disposti in sezioni, con un imponente ingresso e numerose sale di varie dimensioni, alcune piuttosto grandi. Ci sono anche i resti di tubi dell&#8217;acqua, visibili vicino all&#8217;ingresso. Sotto la villa sono stati trovati i resti di un villaggio. Questi sono stati datati al 100-200 d.C.<\/p><p>I resti di un altro villaggio, Sofiana, antico Proedium Philosophianum, sono stati scoperti circa 6 chilometri a sud della villa. Ci\u00f2 include bagni, nonch\u00e9 cimiteri romani e bizantini e le vestigia di una chiesa paleocristiana.<\/p><p>La pittoresca area montuosa di Piazza Armerina non \u00e8 lontana da Enna, una citt\u00e0 sulla collina a una certa distanza a nord, oltre i boschi di eucalipti, fondata dagli antichi siciliani, successivamente popolata dai Greci, poi conquistata dagli Arabi (come Kasr &#8216;Yanni) e successivamente governato dai Normanni. Nelle vicinanze si trova il lago di Pergusa, associato alla fanciulla greca Persphone. Ci sono diverse fattorie ospiti eccezionali (agriturismo) nella zona.<\/p><\/div>\n\t\t\t\t<\/div>\n\t\t\t\t<\/div>\n\t\t\t\t\t\t<\/div>\n\t\t\t\t\t<\/div>\n\t\t<\/div>\n\t\t\t\t\t\t\t\t<\/div>\n\t\t\t\t\t<\/div>\n\t\t<\/section>\n\t\t\t\t\t\t<\/div>\n\t\t\t\t\t\t<\/div>\n\t\t\t\t\t<\/div>\n\t\t","protected":false},"excerpt":{"rendered":"<p>DESCRIZIONE: Situato su un altopiano a circa 700 metri sul livello del mare a circa 35 chilometri da Enna e un po &#8216;pi\u00f9 vicino a Caltagirone, la citt\u00e0 di Piazza Armerina non \u00e8 priva di fascino. Fondato durante l&#8217;era araba, il suo quartiere storico ha alcune bellissime chiese, tra cui una cattedrale barocca, nonch\u00e9 una [&hellip;]<\/p>\n","protected":false},"author":2,"featured_media":0,"parent":0,"menu_order":0,"comment_status":"closed","ping_status":"closed","template":"","meta":[],"yoast_head":"<!-- This site is optimized with the Yoast SEO plugin v16.9 - https:\/\/yoast.com\/wordpress\/plugins\/seo\/ -->\n<title>Scopri Piazza Armerina - BALAGOO<\/title>\n<meta name=\"description\" content=\"Fai un salto nella storia con un tour di Piazza Armerina, vicino a Caltagirone. La cittadina \u00e8 famosa per il Palio dei Normanni e la Villa Romana.\" \/>\n<meta name=\"robots\" content=\"index, follow, max-snippet:-1, max-image-preview:large, max-video-preview:-1\" \/>\n<link rel=\"canonical\" href=\"https:\/\/balagoo.com\/it\/piazza-armerina\/\" \/>\n<meta property=\"og:locale\" content=\"it_IT\" \/>\n<meta property=\"og:type\" content=\"article\" \/>\n<meta property=\"og:title\" content=\"Scopri Piazza Armerina - BALAGOO\" \/>\n<meta property=\"og:description\" content=\"Fai un salto nella storia con un tour di Piazza Armerina, vicino a Caltagirone. La cittadina \u00e8 famosa per il Palio dei Normanni e la Villa Romana.\" \/>\n<meta property=\"og:url\" content=\"https:\/\/balagoo.com\/it\/piazza-armerina\/\" \/>\n<meta property=\"og:site_name\" content=\"BALAGOO\" \/>\n<meta property=\"article:publisher\" content=\"https:\/\/www.facebook.com\/palermodaytours\" \/>\n<meta property=\"article:modified_time\" content=\"2021-05-21T09:54:49+00:00\" \/>\n<meta property=\"og:image\" content=\"https:\/\/balagoo.com\/wp-content\/uploads\/2021\/04\/Palermo-La-Cala.jpg\" \/>\n\t<meta property=\"og:image:width\" content=\"1920\" \/>\n\t<meta property=\"og:image:height\" content=\"900\" \/>\n<meta name=\"twitter:card\" content=\"summary_large_image\" \/>\n<meta name=\"twitter:label1\" content=\"Tempo di lettura stimato\" \/>\n\t<meta name=\"twitter:data1\" content=\"3 minuti\" \/>\n<script type=\"application\/ld+json\" class=\"yoast-schema-graph\">{\"@context\":\"https:\/\/schema.org\",\"@graph\":[{\"@type\":\"WebSite\",\"@id\":\"https:\/\/balagoo.com\/#website\",\"url\":\"https:\/\/balagoo.com\/\",\"name\":\"BALAGOO\",\"description\":\"\",\"potentialAction\":[{\"@type\":\"SearchAction\",\"target\":{\"@type\":\"EntryPoint\",\"urlTemplate\":\"https:\/\/balagoo.com\/?s={search_term_string}\"},\"query-input\":\"required name=search_term_string\"}],\"inLanguage\":\"it-IT\"},{\"@type\":\"WebPage\",\"@id\":\"https:\/\/balagoo.com\/it\/piazza-armerina\/#webpage\",\"url\":\"https:\/\/balagoo.com\/it\/piazza-armerina\/\",\"name\":\"Scopri Piazza Armerina - BALAGOO\",\"isPartOf\":{\"@id\":\"https:\/\/balagoo.com\/#website\"},\"datePublished\":\"2021-05-10T10:18:32+00:00\",\"dateModified\":\"2021-05-21T09:54:49+00:00\",\"description\":\"Fai un salto nella storia con un tour di Piazza Armerina, vicino a Caltagirone. La cittadina \\u00e8 famosa per il Palio dei Normanni e la Villa Romana.\",\"breadcrumb\":{\"@id\":\"https:\/\/balagoo.com\/it\/piazza-armerina\/#breadcrumb\"},\"inLanguage\":\"it-IT\",\"potentialAction\":[{\"@type\":\"ReadAction\",\"target\":[\"https:\/\/balagoo.com\/it\/piazza-armerina\/\"]}]},{\"@type\":\"BreadcrumbList\",\"@id\":\"https:\/\/balagoo.com\/it\/piazza-armerina\/#breadcrumb\",\"itemListElement\":[{\"@type\":\"ListItem\",\"position\":1,\"name\":\"Home\",\"item\":\"https:\/\/balagoo.com\/it\/\"},{\"@type\":\"ListItem\",\"position\":2,\"name\":\"Piazza Armerina\"}]}]}<\/script>\n<!-- \/ Yoast SEO plugin. -->","yoast_head_json":{"title":"Scopri Piazza Armerina - BALAGOO","description":"Fai un salto nella storia con un tour di Piazza Armerina, vicino a Caltagirone. La cittadina \u00e8 famosa per il Palio dei Normanni e la Villa Romana.","robots":{"index":"index","follow":"follow","max-snippet":"max-snippet:-1","max-image-preview":"max-image-preview:large","max-video-preview":"max-video-preview:-1"},"canonical":"https:\/\/balagoo.com\/it\/piazza-armerina\/","og_locale":"it_IT","og_type":"article","og_title":"Scopri Piazza Armerina - BALAGOO","og_description":"Fai un salto nella storia con un tour di Piazza Armerina, vicino a Caltagirone. La cittadina \u00e8 famosa per il Palio dei Normanni e la Villa Romana.","og_url":"https:\/\/balagoo.com\/it\/piazza-armerina\/","og_site_name":"BALAGOO","article_publisher":"https:\/\/www.facebook.com\/palermodaytours","article_modified_time":"2021-05-21T09:54:49+00:00","og_image":[{"width":1920,"height":900,"url":"https:\/\/balagoo.com\/wp-content\/uploads\/2021\/04\/Palermo-La-Cala.jpg","path":"\/var\/www\/vhosts\/balagoo.com\/httpdocs\/wp-content\/uploads\/2021\/04\/Palermo-La-Cala.jpg","size":"full","id":2073,"alt":"","pixels":1728000,"type":"image\/jpeg"}],"twitter_card":"summary_large_image","twitter_misc":{"Tempo di lettura stimato":"3 minuti"},"schema":{"@context":"https:\/\/schema.org","@graph":[{"@type":"WebSite","@id":"https:\/\/balagoo.com\/#website","url":"https:\/\/balagoo.com\/","name":"BALAGOO","description":"","potentialAction":[{"@type":"SearchAction","target":{"@type":"EntryPoint","urlTemplate":"https:\/\/balagoo.com\/?s={search_term_string}"},"query-input":"required name=search_term_string"}],"inLanguage":"it-IT"},{"@type":"WebPage","@id":"https:\/\/balagoo.com\/it\/piazza-armerina\/#webpage","url":"https:\/\/balagoo.com\/it\/piazza-armerina\/","name":"Scopri Piazza Armerina - BALAGOO","isPartOf":{"@id":"https:\/\/balagoo.com\/#website"},"datePublished":"2021-05-10T10:18:32+00:00","dateModified":"2021-05-21T09:54:49+00:00","description":"Fai un salto nella storia con un tour di Piazza Armerina, vicino a Caltagirone. La cittadina \u00e8 famosa per il Palio dei Normanni e la Villa Romana.","breadcrumb":{"@id":"https:\/\/balagoo.com\/it\/piazza-armerina\/#breadcrumb"},"inLanguage":"it-IT","potentialAction":[{"@type":"ReadAction","target":["https:\/\/balagoo.com\/it\/piazza-armerina\/"]}]},{"@type":"BreadcrumbList","@id":"https:\/\/balagoo.com\/it\/piazza-armerina\/#breadcrumb","itemListElement":[{"@type":"ListItem","position":1,"name":"Home","item":"https:\/\/balagoo.com\/it\/"},{"@type":"ListItem","position":2,"name":"Piazza Armerina"}]}]}},"_links":{"self":[{"href":"https:\/\/balagoo.com\/it\/wp-json\/wp\/v2\/pages\/2477"}],"collection":[{"href":"https:\/\/balagoo.com\/it\/wp-json\/wp\/v2\/pages"}],"about":[{"href":"https:\/\/balagoo.com\/it\/wp-json\/wp\/v2\/types\/page"}],"author":[{"embeddable":true,"href":"https:\/\/balagoo.com\/it\/wp-json\/wp\/v2\/users\/2"}],"replies":[{"embeddable":true,"href":"https:\/\/balagoo.com\/it\/wp-json\/wp\/v2\/comments?post=2477"}],"version-history":[{"count":7,"href":"https:\/\/balagoo.com\/it\/wp-json\/wp\/v2\/pages\/2477\/revisions"}],"predecessor-version":[{"id":2484,"href":"https:\/\/balagoo.com\/it\/wp-json\/wp\/v2\/pages\/2477\/revisions\/2484"}],"wp:attachment":[{"href":"https:\/\/balagoo.com\/it\/wp-json\/wp\/v2\/media?parent=2477"}],"curies":[{"name":"wp","href":"https:\/\/api.w.org\/{rel}","templated":true}]}}