{"id":2458,"date":"2021-05-10T12:10:28","date_gmt":"2021-05-10T10:10:28","guid":{"rendered":"https:\/\/balagoo.com\/agrigento\/"},"modified":"2021-05-20T17:18:58","modified_gmt":"2021-05-20T15:18:58","slug":"agrigento","status":"publish","type":"page","link":"https:\/\/balagoo.com\/it\/agrigento\/","title":{"rendered":"Agrigento"},"content":{"rendered":"\t\t<div data-elementor-type=\"wp-page\" data-elementor-id=\"2458\" class=\"elementor elementor-2458 elementor-2359\" data-elementor-settings=\"[]\">\n\t\t\t\t\t\t<div class=\"elementor-inner\">\n\t\t\t\t\t\t\t<div class=\"elementor-section-wrap\">\n\t\t\t\t\t\t\t<section class=\"elementor-section elementor-top-section elementor-element elementor-element-92629fb elementor-section-boxed elementor-section-height-default elementor-section-height-default\" data-id=\"92629fb\" data-element_type=\"section\">\n\t\t\t\t\t\t<div class=\"elementor-container elementor-column-gap-default\">\n\t\t\t\t\t\t\t<div class=\"elementor-row\">\n\t\t\t\t\t<div class=\"elementor-column elementor-col-100 elementor-top-column elementor-element elementor-element-d5617f7\" data-id=\"d5617f7\" data-element_type=\"column\">\n\t\t\t<div class=\"elementor-column-wrap elementor-element-populated\">\n\t\t\t\t\t\t\t<div class=\"elementor-widget-wrap\">\n\t\t\t\t\t\t\t\t<\/div>\n\t\t\t\t\t<\/div>\n\t\t<\/div>\n\t\t\t\t\t\t\t\t<\/div>\n\t\t\t\t\t<\/div>\n\t\t<\/section>\n\t\t\t\t<section class=\"elementor-section elementor-top-section elementor-element elementor-element-ed25346 elementor-section-boxed elementor-section-height-default elementor-section-height-default\" data-id=\"ed25346\" data-element_type=\"section\">\n\t\t\t\t\t\t<div class=\"elementor-container elementor-column-gap-default\">\n\t\t\t\t\t\t\t<div class=\"elementor-row\">\n\t\t\t\t\t<div class=\"elementor-column elementor-col-100 elementor-top-column elementor-element elementor-element-93f4e38\" data-id=\"93f4e38\" data-element_type=\"column\">\n\t\t\t<div class=\"elementor-column-wrap elementor-element-populated\">\n\t\t\t\t\t\t\t<div class=\"elementor-widget-wrap\">\n\t\t\t\t\t\t<div class=\"elementor-element elementor-element-fe18add elementor-widget elementor-widget-text-editor\" data-id=\"fe18add\" data-element_type=\"widget\" data-widget_type=\"text-editor.default\">\n\t\t\t\t<div class=\"elementor-widget-container\">\n\t\t\t\t\t<div class=\"elementor-text-editor elementor-clearfix\"><p><strong>DESCRIZIONE:<\/strong> <\/p><p>Situata su un altopiano che domina la costa meridionale della Sicilia, Agrigento fu fondata come Akragas intorno al 582 a.C. (a.C.) da un gruppo di coloni di Gela, che a loro volta furono i discendenti immediati dei Greci da Rodi e Creta. La zona era abitata molto prima; un teschio femmina (quello della &#8220;ragazza di Mandrascava&#8221;) trovato vicino a Cannatello ha mezzo milione di anni. Un villaggio mesolitico a Punta Bianca, pi\u00f9 in basso lungo la costa verso il Castello di Montechiaro, risale al 6000 a.C. I sicaniani potrebbero essere discesi da quella civilt\u00e0. Akragas fu ribattezzato Agrigentum dai romani e Girgenti dagli arabi, per poi essere battezzato Agrigento nel 1927, ma il posto \u00e8 lo stesso.<\/p><p>Ampiamente ampliata dai berberi a partire dal IX secolo, la citt\u00e0 medievale di Agrigento non \u00e8 priva di un certo fascino. In alto nel centro storico della citt\u00e0, la cattedrale gotica romanica, costruita nel XIV secolo, conserva ancora parte del suo carattere medievale, cos\u00ec come la trecentesca Chiesa di San Nicola (San Nicola). Sfortunatamente, la fortezza saracena che si credeva fosse stata ad Agrigento non ha superato la prova del tempo. I templi greci, i teatri e le rovine, e persino i musei archeologici, si trovano fuori citt\u00e0.<\/p><p>Akragas, chiamato per il fiume vicino, fior\u00ec sotto Falaride (570-554 a.C.) e si svilupp\u00f2 ulteriormente sotto Theron (488-471 a.C.), le cui truppe parteciparono alla battaglia di Himera nel 480 a.C., sconfiggendo i Cartaginesi. Agrigento fu distrutta pi\u00f9 volte durante le guerre puniche, subendo danni particolarmente estesi durante un assedio da parte delle forze romane nel 261 a.C., ma fu sempre ricostruita. Il poeta greco Pindaro (518-438 a.C.) descrisse Akragas come &#8220;la pi\u00f9 bella citt\u00e0 dei mortali&#8221;. Il pi\u00f9 famoso cittadino di Akragas fu il filosofo e scienziato Empedocle (490-430 a.C.).<\/p><p>Nella Valle dei Templi si trovano le rovine di numerosi templi ma anche necropoli, case, strade e tutto ci\u00f2 che ci si aspetterebbe di trovare in un&#8217;antica citt\u00e0. C&#8217;\u00e8 un piccolo anfiteatro, oltre a diversi auditorium e un bel museo archeologico. Sfortunatamente, la maggior parte dei templi di Agrigento sono in rovina, con pezzi sparsi in giro, e molti sembrano non essere nemmeno mai stati completati. Parte del Tempio di Hera (Giunone), costruita intorno al 450 a.C., \u00e8 ancora intatta. Il suo stile \u00e8 stato paragonato a quello dei templi di Paestum, vicino a Salerno. Il Tempio della Concordia (chiamato retroattivamente), costruito intorno al 440 a.C., \u00e8 in condizioni molto migliori, e di notte il tempio illuminato \u00e8 uno spettacolo da vedere. Un certo numero di telamoni (grandi colonne di pietra segmentate a forma di figure umane) sono stati conservati.<\/p><p>L&#8217;importanza dell&#8217;antica Agrigento declin\u00f2 sotto i Bizantini e i Saraceni, che incoraggiarono l&#8217;insediamento della citt\u00e0 medievale (l&#8217;attuale Agrigento) a diversi chilometri dalla Valle dei Templi. I Normanni, tuttavia, riconobbero la sua importanza, e fu durante il dominio normanno che furono costruite bellissime chiese dentro e intorno alla citt\u00e0.<\/p><p>Il carattere architettonico della citt\u00e0 antica sembra pi\u00f9 greco che romano. Ci\u00f2 che manca sono i mattoni sottili e rossastri cos\u00ec tipici dei siti romani come Solunto e Taormina. Nonostante la sua posizione praticamente all&#8217;ombra di una citt\u00e0 moderna, la Valle dei Templi \u00e8 circondata da uliveti e mandorleti che rendono il suo ambiente completamente naturale, sebbene un certo numero di case costruite illegalmente rovinino il paesaggio. Il festival dei fiori di mandorlo che si tiene a febbraio \u00e8 un evento spettacolare pieno di folklore.<\/p><\/div>\n\t\t\t\t<\/div>\n\t\t\t\t<\/div>\n\t\t\t\t\t\t<\/div>\n\t\t\t\t\t<\/div>\n\t\t<\/div>\n\t\t\t\t\t\t\t\t<\/div>\n\t\t\t\t\t<\/div>\n\t\t<\/section>\n\t\t\t\t\t\t<\/div>\n\t\t\t\t\t\t<\/div>\n\t\t\t\t\t<\/div>\n\t\t","protected":false},"excerpt":{"rendered":"<p>DESCRIZIONE: Situata su un altopiano che domina la costa meridionale della Sicilia, Agrigento fu fondata come Akragas intorno al 582 a.C. (a.C.) da un gruppo di coloni di Gela, che a loro volta furono i discendenti immediati dei Greci da Rodi e Creta. La zona era abitata molto prima; un teschio femmina (quello della &#8220;ragazza [&hellip;]<\/p>\n","protected":false},"author":2,"featured_media":0,"parent":0,"menu_order":0,"comment_status":"closed","ping_status":"closed","template":"","meta":[],"yoast_head":"<!-- This site is optimized with the Yoast SEO plugin v16.9 - https:\/\/yoast.com\/wordpress\/plugins\/seo\/ -->\n<title>Scopri l&#039;Antica Citt\u00e0 di Agrigento - BALAGOO<\/title>\n<meta name=\"description\" content=\"Immergiti nella storia con un tour dell&#039;Antica Citt\u00e0 di Agrigento. Scopri le antiche rovine greche della Valle dei Templi.\" \/>\n<meta name=\"robots\" content=\"index, follow, max-snippet:-1, max-image-preview:large, max-video-preview:-1\" \/>\n<link rel=\"canonical\" href=\"https:\/\/balagoo.com\/it\/agrigento\/\" \/>\n<meta property=\"og:locale\" content=\"it_IT\" \/>\n<meta property=\"og:type\" content=\"article\" \/>\n<meta property=\"og:title\" content=\"Scopri l&#039;Antica Citt\u00e0 di Agrigento - BALAGOO\" \/>\n<meta property=\"og:description\" content=\"Immergiti nella storia con un tour dell&#039;Antica Citt\u00e0 di Agrigento. Scopri le antiche rovine greche della Valle dei Templi.\" \/>\n<meta property=\"og:url\" content=\"https:\/\/balagoo.com\/it\/agrigento\/\" \/>\n<meta property=\"og:site_name\" content=\"BALAGOO\" \/>\n<meta property=\"article:publisher\" content=\"https:\/\/www.facebook.com\/palermodaytours\" \/>\n<meta property=\"article:modified_time\" content=\"2021-05-20T15:18:58+00:00\" \/>\n<meta property=\"og:image\" content=\"https:\/\/balagoo.com\/wp-content\/uploads\/2021\/04\/Palermo-La-Cala.jpg\" \/>\n\t<meta property=\"og:image:width\" content=\"1920\" \/>\n\t<meta property=\"og:image:height\" content=\"900\" \/>\n<meta name=\"twitter:card\" content=\"summary_large_image\" \/>\n<meta name=\"twitter:label1\" content=\"Tempo di lettura stimato\" \/>\n\t<meta name=\"twitter:data1\" content=\"3 minuti\" \/>\n<script type=\"application\/ld+json\" class=\"yoast-schema-graph\">{\"@context\":\"https:\/\/schema.org\",\"@graph\":[{\"@type\":\"WebSite\",\"@id\":\"https:\/\/balagoo.com\/#website\",\"url\":\"https:\/\/balagoo.com\/\",\"name\":\"BALAGOO\",\"description\":\"\",\"potentialAction\":[{\"@type\":\"SearchAction\",\"target\":{\"@type\":\"EntryPoint\",\"urlTemplate\":\"https:\/\/balagoo.com\/?s={search_term_string}\"},\"query-input\":\"required name=search_term_string\"}],\"inLanguage\":\"it-IT\"},{\"@type\":\"WebPage\",\"@id\":\"https:\/\/balagoo.com\/it\/agrigento\/#webpage\",\"url\":\"https:\/\/balagoo.com\/it\/agrigento\/\",\"name\":\"Scopri l'Antica Citt\\u00e0 di Agrigento - BALAGOO\",\"isPartOf\":{\"@id\":\"https:\/\/balagoo.com\/#website\"},\"datePublished\":\"2021-05-10T10:10:28+00:00\",\"dateModified\":\"2021-05-20T15:18:58+00:00\",\"description\":\"Immergiti nella storia con un tour dell'Antica Citt\\u00e0 di Agrigento. Scopri le antiche rovine greche della Valle dei Templi.\",\"breadcrumb\":{\"@id\":\"https:\/\/balagoo.com\/it\/agrigento\/#breadcrumb\"},\"inLanguage\":\"it-IT\",\"potentialAction\":[{\"@type\":\"ReadAction\",\"target\":[\"https:\/\/balagoo.com\/it\/agrigento\/\"]}]},{\"@type\":\"BreadcrumbList\",\"@id\":\"https:\/\/balagoo.com\/it\/agrigento\/#breadcrumb\",\"itemListElement\":[{\"@type\":\"ListItem\",\"position\":1,\"name\":\"Home\",\"item\":\"https:\/\/balagoo.com\/it\/\"},{\"@type\":\"ListItem\",\"position\":2,\"name\":\"Agrigento\"}]}]}<\/script>\n<!-- \/ Yoast SEO plugin. -->","yoast_head_json":{"title":"Scopri l'Antica Citt\u00e0 di Agrigento - BALAGOO","description":"Immergiti nella storia con un tour dell'Antica Citt\u00e0 di Agrigento. Scopri le antiche rovine greche della Valle dei Templi.","robots":{"index":"index","follow":"follow","max-snippet":"max-snippet:-1","max-image-preview":"max-image-preview:large","max-video-preview":"max-video-preview:-1"},"canonical":"https:\/\/balagoo.com\/it\/agrigento\/","og_locale":"it_IT","og_type":"article","og_title":"Scopri l'Antica Citt\u00e0 di Agrigento - BALAGOO","og_description":"Immergiti nella storia con un tour dell'Antica Citt\u00e0 di Agrigento. Scopri le antiche rovine greche della Valle dei Templi.","og_url":"https:\/\/balagoo.com\/it\/agrigento\/","og_site_name":"BALAGOO","article_publisher":"https:\/\/www.facebook.com\/palermodaytours","article_modified_time":"2021-05-20T15:18:58+00:00","og_image":[{"width":1920,"height":900,"url":"https:\/\/balagoo.com\/wp-content\/uploads\/2021\/04\/Palermo-La-Cala.jpg","path":"\/var\/www\/vhosts\/balagoo.com\/httpdocs\/wp-content\/uploads\/2021\/04\/Palermo-La-Cala.jpg","size":"full","id":2073,"alt":"","pixels":1728000,"type":"image\/jpeg"}],"twitter_card":"summary_large_image","twitter_misc":{"Tempo di lettura stimato":"3 minuti"},"schema":{"@context":"https:\/\/schema.org","@graph":[{"@type":"WebSite","@id":"https:\/\/balagoo.com\/#website","url":"https:\/\/balagoo.com\/","name":"BALAGOO","description":"","potentialAction":[{"@type":"SearchAction","target":{"@type":"EntryPoint","urlTemplate":"https:\/\/balagoo.com\/?s={search_term_string}"},"query-input":"required name=search_term_string"}],"inLanguage":"it-IT"},{"@type":"WebPage","@id":"https:\/\/balagoo.com\/it\/agrigento\/#webpage","url":"https:\/\/balagoo.com\/it\/agrigento\/","name":"Scopri l'Antica Citt\u00e0 di Agrigento - BALAGOO","isPartOf":{"@id":"https:\/\/balagoo.com\/#website"},"datePublished":"2021-05-10T10:10:28+00:00","dateModified":"2021-05-20T15:18:58+00:00","description":"Immergiti nella storia con un tour dell'Antica Citt\u00e0 di Agrigento. Scopri le antiche rovine greche della Valle dei Templi.","breadcrumb":{"@id":"https:\/\/balagoo.com\/it\/agrigento\/#breadcrumb"},"inLanguage":"it-IT","potentialAction":[{"@type":"ReadAction","target":["https:\/\/balagoo.com\/it\/agrigento\/"]}]},{"@type":"BreadcrumbList","@id":"https:\/\/balagoo.com\/it\/agrigento\/#breadcrumb","itemListElement":[{"@type":"ListItem","position":1,"name":"Home","item":"https:\/\/balagoo.com\/it\/"},{"@type":"ListItem","position":2,"name":"Agrigento"}]}]}},"_links":{"self":[{"href":"https:\/\/balagoo.com\/it\/wp-json\/wp\/v2\/pages\/2458"}],"collection":[{"href":"https:\/\/balagoo.com\/it\/wp-json\/wp\/v2\/pages"}],"about":[{"href":"https:\/\/balagoo.com\/it\/wp-json\/wp\/v2\/types\/page"}],"author":[{"embeddable":true,"href":"https:\/\/balagoo.com\/it\/wp-json\/wp\/v2\/users\/2"}],"replies":[{"embeddable":true,"href":"https:\/\/balagoo.com\/it\/wp-json\/wp\/v2\/comments?post=2458"}],"version-history":[{"count":7,"href":"https:\/\/balagoo.com\/it\/wp-json\/wp\/v2\/pages\/2458\/revisions"}],"predecessor-version":[{"id":2465,"href":"https:\/\/balagoo.com\/it\/wp-json\/wp\/v2\/pages\/2458\/revisions\/2465"}],"wp:attachment":[{"href":"https:\/\/balagoo.com\/it\/wp-json\/wp\/v2\/media?parent=2458"}],"curies":[{"name":"wp","href":"https:\/\/api.w.org\/{rel}","templated":true}]}}