{"id":2426,"date":"2021-05-10T11:54:44","date_gmt":"2021-05-10T09:54:44","guid":{"rendered":"https:\/\/balagoo.com\/segesta\/"},"modified":"2021-05-21T10:08:46","modified_gmt":"2021-05-21T08:08:46","slug":"segesta","status":"publish","type":"page","link":"https:\/\/balagoo.com\/it\/segesta\/","title":{"rendered":"Segesta"},"content":{"rendered":"\t\t<div data-elementor-type=\"wp-page\" data-elementor-id=\"2426\" class=\"elementor elementor-2426 elementor-2310\" data-elementor-settings=\"[]\">\n\t\t\t\t\t\t<div class=\"elementor-inner\">\n\t\t\t\t\t\t\t<div class=\"elementor-section-wrap\">\n\t\t\t\t\t\t\t<section class=\"elementor-section elementor-top-section elementor-element elementor-element-92629fb elementor-section-boxed elementor-section-height-default elementor-section-height-default\" data-id=\"92629fb\" data-element_type=\"section\">\n\t\t\t\t\t\t<div class=\"elementor-container elementor-column-gap-default\">\n\t\t\t\t\t\t\t<div class=\"elementor-row\">\n\t\t\t\t\t<div class=\"elementor-column elementor-col-100 elementor-top-column elementor-element elementor-element-d5617f7\" data-id=\"d5617f7\" data-element_type=\"column\">\n\t\t\t<div class=\"elementor-column-wrap elementor-element-populated\">\n\t\t\t\t\t\t\t<div class=\"elementor-widget-wrap\">\n\t\t\t\t\t\t\t\t<\/div>\n\t\t\t\t\t<\/div>\n\t\t<\/div>\n\t\t\t\t\t\t\t\t<\/div>\n\t\t\t\t\t<\/div>\n\t\t<\/section>\n\t\t\t\t<section class=\"elementor-section elementor-top-section elementor-element elementor-element-ed25346 elementor-section-boxed elementor-section-height-default elementor-section-height-default\" data-id=\"ed25346\" data-element_type=\"section\">\n\t\t\t\t\t\t<div class=\"elementor-container elementor-column-gap-default\">\n\t\t\t\t\t\t\t<div class=\"elementor-row\">\n\t\t\t\t\t<div class=\"elementor-column elementor-col-100 elementor-top-column elementor-element elementor-element-93f4e38\" data-id=\"93f4e38\" data-element_type=\"column\">\n\t\t\t<div class=\"elementor-column-wrap elementor-element-populated\">\n\t\t\t\t\t\t\t<div class=\"elementor-widget-wrap\">\n\t\t\t\t\t\t<div class=\"elementor-element elementor-element-fe18add elementor-widget elementor-widget-text-editor\" data-id=\"fe18add\" data-element_type=\"widget\" data-widget_type=\"text-editor.default\">\n\t\t\t\t<div class=\"elementor-widget-container\">\n\t\t\t\t\t<div class=\"elementor-text-editor elementor-clearfix\"><p><strong>DESCRIZIONE:<\/strong><\/p><p>Sembra che sia stato costruito ieri. L&#8217;antico tempio greco di Segesta pu\u00f2 rivendicare la validit\u00e0 di essere il meglio conservato al mondo e il suo anfiteatro vanta una posizione collinare sul Monte Barbaro secondo a nessuno. Il sito archeologico, a circa settanta chilometri a sud-ovest di Palermo, riflette la presenza di numerose antiche civilt\u00e0, a cominciare dagli elusivi Elisiani . Mentre il magnifico tempio dorico, sebbene (in senso stretto) non sia mai stato completato &#8211; poich\u00e9 il tetto non \u00e8 mai stato aggiunto e le colonne non sono mai state scanalate &#8211; \u00e8 impressionante, \u00e8 solo il momento clou di un grande parco archeologico.<\/p><p>Per la sua remota campagna, Segesta in primavera \u00e8 un luogo magico, nientemeno che Agrigento, che si trova ai margini di una citt\u00e0 moderna. E gli elimi?<\/p><p>A dire il vero, si sa poco prezioso degli elimi (o elimi), fondatori del luogo inizialmente chiamato &#8220;Egesta&#8221;. Originari dell&#8217;Asia Minore (forse Anatolia), arrivarono in Sicilia per insediare alcune delle regioni occidentali dell&#8217;isola intorno al 1200 a.C. dell&#8217;isola. Entrambi convissero con gli indigeni siciliani. Durante la dominazione greca, iniziata intorno al 600 a.C., la maggior parte degli elimi, compresi quelli di Egesta, Entella e altri insediamenti, si assimilarono facilmente alla cultura greca. Le prove suggeriscono che gli Elisiani di Eryx , tuttavia, si sono assimilati maggiormente alla cultura punica (cartaginese).<\/p><p>Tutto questo sembra piuttosto arcano, ma le iscrizioni in quella che si presume sia la lingua elisiana, scritta in caratteri fenici e greci, sono state rinvenute a Segesta, insieme a pezzi di ceramica con una scrittura simile a quella di una specifica regione dell&#8217;Asia Minore. I Greci si sposarono liberamente con gli Elisiani, ma inizialmente proibirono il matrimonio con i Sicaniani, che consideravano barbari.<\/p><p>Segesta \u00e8 emersa come una delle pi\u00f9 importanti citt\u00e0 dell&#8217;antichit\u00e0 Siceliot (siciliano-greca). Gli stessi Segestani furono una forza formidabile sia economicamente che militarmente. Il sito collinare dell&#8217;antica citt\u00e0 era abitato nel Medioevo e vanta le rovine fatiscenti di un castello normanno, una piccola chiesa e una moschea, insieme a un anfiteatro classico.<\/p><p>Costruito prima del 430 a.C., il tempio dorico \u00e8 il punto focale di Segesta. Il tempio \u00e8 lungo poco pi\u00f9 di sessanta metri e ventisei metri, costruito su quattro gradini, per un totale di trentasei colonne doriche. Ci sono quattordici colonne su ciascun lato dell&#8217;edificio e sei colonne sul davanti e sul retro.<\/p><p>Con un diametro di circa sessantadue metri, l&#8217;anfiteatro non \u00e8 molto grande ma comunque impressionante. Offre un alto punto di osservazione da cui osservare le valli circostanti.<\/p><p>\u00c8 ampiamente accettata una teoria colorata che fa avanzare una ragione per la costruzione del tempio. Nel 450 a.C., la rivale di Segesta, Selinunte, si alle\u00f2 con Siracusa, una delle citt\u00e0-stato pi\u00f9 potenti della Magna Grecia. Segesta cerc\u00f2 aiuto fuori dalla Sicilia, rivolgendosi ad Atene per chiedere aiuto. Per gli ateniesi, Segesta era solo una citt\u00e0 lontana di scarsa importanza. Prima di prendere in considerazione un&#8217;alleanza con Segesta, hanno inviato una delegazione di inviati diplomatici per indagare sulle pretese di ricchezza della citt\u00e0. Per ingannare gli ateniesi nel pensare che la loro citt\u00e0 fosse pi\u00f9 prospera di quanto non fosse in realt\u00e0, i Segestani costruirono il tempio per impressionare i loro visitatori. Una volta che gli inviati se ne andarono, convinti della ricchezza di Segesta, i lavori sul Tempio cessarono. Tuttavia la sua incompletezza non pu\u00f2 comprometterne la grandiosit\u00e0.<\/p><p>Sebbene fondata secoli prima, la storia registrata di Segesta inizia intorno al 500 a.C. La colonia greca di Selinunte, a soli sessanta chilometri a sud di Segesta, era cresciuta e prosperata drammaticamente dalla sua fondazione intorno al 650 a.C. Ci\u00f2 allarm\u00f2 i Segestani, che inizialmente accolsero i Greci ma in seguito considerarono il potere in rapida espansione di Selinunte una grave minaccia. Allo stesso modo i Cartaginesi, le cui citt\u00e0 erano sparse da Mozia, vicino all&#8217;attuale Marsala, a Solunto, consideravano i Greci come una minaccia a doppio taglio che si avvicinava rapidamente su due fronti: Himera sulla costa settentrionale e Selinunte su quella meridionale. Segesta si alle\u00f2 con Cartagine. Tuttavia, con la grande vittoria degli eserciti greci combinati sui Cartaginesi a Himera nel 480 a.C., i Segestani cambiarono rapidamente schieramento, diventando alleati di Atene, una delle citt\u00e0 greche vittoriose. (I Greci combatterono spesso tra loro; le colonie greche in Sicilia erano raramente unite ed erano state fondate dai Greci da varie citt\u00e0 della Grecia).<\/p><p>Se le cronache medievali quasi ignorano Segesta, in quelle antiche \u00e8 poco pi\u00f9 che una nota in calce ai conflitti epici. Eppure in luoghi come Segesta, alcune cose sembrano essere cambiate poco in molti secoli. Paestum ha campi erbosi, mandorli di Agrigento e Segesta i suoi pendii erbosi.<\/p><p>Che fine hanno fatto i Segestani? La vicina Calatafimi era essenzialmente una citt\u00e0 araba di moschee e donne velate. Tuttavia, \u00e8 probabile che i Segestani medievali abbandonarono la loro citt\u00e0 per citt\u00e0 vicine come Erice (Eryx). L&#8217;antica scultura di Segesta ci lascia con l&#8217;impressione idealizzata di un popolo sano e attraente.<\/p><\/div>\n\t\t\t\t<\/div>\n\t\t\t\t<\/div>\n\t\t\t\t\t\t<\/div>\n\t\t\t\t\t<\/div>\n\t\t<\/div>\n\t\t\t\t\t\t\t\t<\/div>\n\t\t\t\t\t<\/div>\n\t\t<\/section>\n\t\t\t\t\t\t<\/div>\n\t\t\t\t\t\t<\/div>\n\t\t\t\t\t<\/div>\n\t\t","protected":false},"excerpt":{"rendered":"<p>DESCRIZIONE: Sembra che sia stato costruito ieri. L&#8217;antico tempio greco di Segesta pu\u00f2 rivendicare la validit\u00e0 di essere il meglio conservato al mondo e il suo anfiteatro vanta una posizione collinare sul Monte Barbaro secondo a nessuno. Il sito archeologico, a circa settanta chilometri a sud-ovest di Palermo, riflette la presenza di numerose antiche civilt\u00e0, [&hellip;]<\/p>\n","protected":false},"author":2,"featured_media":0,"parent":0,"menu_order":0,"comment_status":"closed","ping_status":"closed","template":"","meta":[],"yoast_head":"<!-- This site is optimized with the Yoast SEO plugin v16.9 - https:\/\/yoast.com\/wordpress\/plugins\/seo\/ -->\n<title>Scopri il Tempio Greco di Segesta - BALAGOO<\/title>\n<meta name=\"description\" content=\"A Segesta puoi ammirare un anfiteatro greco ed il tempio meglio conservato al mondo in un suggestivo parco archeologico. Unisciti a un tour.\" \/>\n<meta name=\"robots\" content=\"index, follow, max-snippet:-1, max-image-preview:large, max-video-preview:-1\" \/>\n<link rel=\"canonical\" href=\"https:\/\/balagoo.com\/it\/segesta\/\" \/>\n<meta property=\"og:locale\" content=\"it_IT\" \/>\n<meta property=\"og:type\" content=\"article\" \/>\n<meta property=\"og:title\" content=\"Scopri il Tempio Greco di Segesta - BALAGOO\" \/>\n<meta property=\"og:description\" content=\"A Segesta puoi ammirare un anfiteatro greco ed il tempio meglio conservato al mondo in un suggestivo parco archeologico. Unisciti a un tour.\" \/>\n<meta property=\"og:url\" content=\"https:\/\/balagoo.com\/it\/segesta\/\" \/>\n<meta property=\"og:site_name\" content=\"BALAGOO\" \/>\n<meta property=\"article:publisher\" content=\"https:\/\/www.facebook.com\/palermodaytours\" \/>\n<meta property=\"article:modified_time\" content=\"2021-05-21T08:08:46+00:00\" \/>\n<meta property=\"og:image\" content=\"https:\/\/balagoo.com\/wp-content\/uploads\/2021\/04\/Palermo-La-Cala.jpg\" \/>\n\t<meta property=\"og:image:width\" content=\"1920\" \/>\n\t<meta property=\"og:image:height\" content=\"900\" \/>\n<meta name=\"twitter:card\" content=\"summary_large_image\" \/>\n<meta name=\"twitter:label1\" content=\"Tempo di lettura stimato\" \/>\n\t<meta name=\"twitter:data1\" content=\"4 minuti\" \/>\n<script type=\"application\/ld+json\" class=\"yoast-schema-graph\">{\"@context\":\"https:\/\/schema.org\",\"@graph\":[{\"@type\":\"WebSite\",\"@id\":\"https:\/\/balagoo.com\/#website\",\"url\":\"https:\/\/balagoo.com\/\",\"name\":\"BALAGOO\",\"description\":\"\",\"potentialAction\":[{\"@type\":\"SearchAction\",\"target\":{\"@type\":\"EntryPoint\",\"urlTemplate\":\"https:\/\/balagoo.com\/?s={search_term_string}\"},\"query-input\":\"required name=search_term_string\"}],\"inLanguage\":\"it-IT\"},{\"@type\":\"WebPage\",\"@id\":\"https:\/\/balagoo.com\/it\/segesta\/#webpage\",\"url\":\"https:\/\/balagoo.com\/it\/segesta\/\",\"name\":\"Scopri il Tempio Greco di Segesta - BALAGOO\",\"isPartOf\":{\"@id\":\"https:\/\/balagoo.com\/#website\"},\"datePublished\":\"2021-05-10T09:54:44+00:00\",\"dateModified\":\"2021-05-21T08:08:46+00:00\",\"description\":\"A Segesta puoi ammirare un anfiteatro greco ed il tempio meglio conservato al mondo in un suggestivo parco archeologico. Unisciti a un tour.\",\"breadcrumb\":{\"@id\":\"https:\/\/balagoo.com\/it\/segesta\/#breadcrumb\"},\"inLanguage\":\"it-IT\",\"potentialAction\":[{\"@type\":\"ReadAction\",\"target\":[\"https:\/\/balagoo.com\/it\/segesta\/\"]}]},{\"@type\":\"BreadcrumbList\",\"@id\":\"https:\/\/balagoo.com\/it\/segesta\/#breadcrumb\",\"itemListElement\":[{\"@type\":\"ListItem\",\"position\":1,\"name\":\"Home\",\"item\":\"https:\/\/balagoo.com\/it\/\"},{\"@type\":\"ListItem\",\"position\":2,\"name\":\"Segesta\"}]}]}<\/script>\n<!-- \/ Yoast SEO plugin. -->","yoast_head_json":{"title":"Scopri il Tempio Greco di Segesta - BALAGOO","description":"A Segesta puoi ammirare un anfiteatro greco ed il tempio meglio conservato al mondo in un suggestivo parco archeologico. Unisciti a un tour.","robots":{"index":"index","follow":"follow","max-snippet":"max-snippet:-1","max-image-preview":"max-image-preview:large","max-video-preview":"max-video-preview:-1"},"canonical":"https:\/\/balagoo.com\/it\/segesta\/","og_locale":"it_IT","og_type":"article","og_title":"Scopri il Tempio Greco di Segesta - BALAGOO","og_description":"A Segesta puoi ammirare un anfiteatro greco ed il tempio meglio conservato al mondo in un suggestivo parco archeologico. Unisciti a un tour.","og_url":"https:\/\/balagoo.com\/it\/segesta\/","og_site_name":"BALAGOO","article_publisher":"https:\/\/www.facebook.com\/palermodaytours","article_modified_time":"2021-05-21T08:08:46+00:00","og_image":[{"width":1920,"height":900,"url":"https:\/\/balagoo.com\/wp-content\/uploads\/2021\/04\/Palermo-La-Cala.jpg","path":"\/var\/www\/vhosts\/balagoo.com\/httpdocs\/wp-content\/uploads\/2021\/04\/Palermo-La-Cala.jpg","size":"full","id":2073,"alt":"","pixels":1728000,"type":"image\/jpeg"}],"twitter_card":"summary_large_image","twitter_misc":{"Tempo di lettura stimato":"4 minuti"},"schema":{"@context":"https:\/\/schema.org","@graph":[{"@type":"WebSite","@id":"https:\/\/balagoo.com\/#website","url":"https:\/\/balagoo.com\/","name":"BALAGOO","description":"","potentialAction":[{"@type":"SearchAction","target":{"@type":"EntryPoint","urlTemplate":"https:\/\/balagoo.com\/?s={search_term_string}"},"query-input":"required name=search_term_string"}],"inLanguage":"it-IT"},{"@type":"WebPage","@id":"https:\/\/balagoo.com\/it\/segesta\/#webpage","url":"https:\/\/balagoo.com\/it\/segesta\/","name":"Scopri il Tempio Greco di Segesta - BALAGOO","isPartOf":{"@id":"https:\/\/balagoo.com\/#website"},"datePublished":"2021-05-10T09:54:44+00:00","dateModified":"2021-05-21T08:08:46+00:00","description":"A Segesta puoi ammirare un anfiteatro greco ed il tempio meglio conservato al mondo in un suggestivo parco archeologico. Unisciti a un tour.","breadcrumb":{"@id":"https:\/\/balagoo.com\/it\/segesta\/#breadcrumb"},"inLanguage":"it-IT","potentialAction":[{"@type":"ReadAction","target":["https:\/\/balagoo.com\/it\/segesta\/"]}]},{"@type":"BreadcrumbList","@id":"https:\/\/balagoo.com\/it\/segesta\/#breadcrumb","itemListElement":[{"@type":"ListItem","position":1,"name":"Home","item":"https:\/\/balagoo.com\/it\/"},{"@type":"ListItem","position":2,"name":"Segesta"}]}]}},"_links":{"self":[{"href":"https:\/\/balagoo.com\/it\/wp-json\/wp\/v2\/pages\/2426"}],"collection":[{"href":"https:\/\/balagoo.com\/it\/wp-json\/wp\/v2\/pages"}],"about":[{"href":"https:\/\/balagoo.com\/it\/wp-json\/wp\/v2\/types\/page"}],"author":[{"embeddable":true,"href":"https:\/\/balagoo.com\/it\/wp-json\/wp\/v2\/users\/2"}],"replies":[{"embeddable":true,"href":"https:\/\/balagoo.com\/it\/wp-json\/wp\/v2\/comments?post=2426"}],"version-history":[{"count":12,"href":"https:\/\/balagoo.com\/it\/wp-json\/wp\/v2\/pages\/2426\/revisions"}],"predecessor-version":[{"id":2700,"href":"https:\/\/balagoo.com\/it\/wp-json\/wp\/v2\/pages\/2426\/revisions\/2700"}],"wp:attachment":[{"href":"https:\/\/balagoo.com\/it\/wp-json\/wp\/v2\/media?parent=2426"}],"curies":[{"name":"wp","href":"https:\/\/api.w.org\/{rel}","templated":true}]}}