{"id":2412,"date":"2021-05-10T11:17:13","date_gmt":"2021-05-10T09:17:13","guid":{"rendered":"https:\/\/balagoo.com\/palermo-by-night\/"},"modified":"2021-05-21T09:58:48","modified_gmt":"2021-05-21T07:58:48","slug":"palermo-by-night","status":"publish","type":"page","link":"https:\/\/balagoo.com\/it\/palermo-by-night\/","title":{"rendered":"PALERMO by night"},"content":{"rendered":"\t\t<div data-elementor-type=\"wp-page\" data-elementor-id=\"2412\" class=\"elementor elementor-2412 elementor-2224\" data-elementor-settings=\"[]\">\n\t\t\t\t\t\t<div class=\"elementor-inner\">\n\t\t\t\t\t\t\t<div class=\"elementor-section-wrap\">\n\t\t\t\t\t\t\t<section class=\"elementor-section elementor-top-section elementor-element elementor-element-92629fb elementor-section-boxed elementor-section-height-default elementor-section-height-default\" data-id=\"92629fb\" data-element_type=\"section\">\n\t\t\t\t\t\t<div class=\"elementor-container elementor-column-gap-default\">\n\t\t\t\t\t\t\t<div class=\"elementor-row\">\n\t\t\t\t\t<div class=\"elementor-column elementor-col-100 elementor-top-column elementor-element elementor-element-d5617f7\" data-id=\"d5617f7\" data-element_type=\"column\">\n\t\t\t<div class=\"elementor-column-wrap elementor-element-populated\">\n\t\t\t\t\t\t\t<div class=\"elementor-widget-wrap\">\n\t\t\t\t\t\t\t\t<\/div>\n\t\t\t\t\t<\/div>\n\t\t<\/div>\n\t\t\t\t\t\t\t\t<\/div>\n\t\t\t\t\t<\/div>\n\t\t<\/section>\n\t\t\t\t<section class=\"elementor-section elementor-top-section elementor-element elementor-element-ed25346 elementor-section-boxed elementor-section-height-default elementor-section-height-default\" data-id=\"ed25346\" data-element_type=\"section\">\n\t\t\t\t\t\t<div class=\"elementor-container elementor-column-gap-default\">\n\t\t\t\t\t\t\t<div class=\"elementor-row\">\n\t\t\t\t\t<div class=\"elementor-column elementor-col-100 elementor-top-column elementor-element elementor-element-93f4e38\" data-id=\"93f4e38\" data-element_type=\"column\">\n\t\t\t<div class=\"elementor-column-wrap elementor-element-populated\">\n\t\t\t\t\t\t\t<div class=\"elementor-widget-wrap\">\n\t\t\t\t\t\t<div class=\"elementor-element elementor-element-fe18add elementor-widget elementor-widget-text-editor\" data-id=\"fe18add\" data-element_type=\"widget\" data-widget_type=\"text-editor.default\">\n\t\t\t\t<div class=\"elementor-widget-container\">\n\t\t\t\t\t<div class=\"elementor-text-editor elementor-clearfix\"><p><strong>COSA CI ASPETTIAMO DI VEDERE:<\/strong> <\/p><p><strong>PORTA FELICE &#8211; La porta verso il mare:<\/strong><br \/>Porta Felice fu costruita nel 1582, ai tempi del vicer\u00e9 spagnolo Marcantonio Colonna, in onore della moglie Donna Felice Orsini. Ma i lavori andarono per le lunghe e i successori del Colonna non si curarono di continuare i lavori, tutto rimase fermo fino al 1602, fino a quando il vicer\u00e9, il duca di Ferla, decise di continuare la costruzione della Porta, incaricando l\u2019architetto del Senato Mariano Smiriglio.<br \/>Nel 1636, alla morte di Smiriglio, venne nominato architetto del progetto di Porta Felice, Pietro Novelli, che ne modific\u00f2 ancora il progetto iniziale, specialmente nella parte superiore, che rimase aperta. Nella direzione dell\u2019opera subentr\u00f2 anche Vincenzo Tedeschi, rivale del Novelli, che tent\u00f2 di evidenziare alcuni errori tecnici, ma in realt\u00e0 quasi nulla fu cambiato. La costruzione di Porta Felice si concluse nel 1637, altre migliorie furono apportate negli anni successivi., Porta Felice \u00e8 uno dei simboli della citt\u00e0 di Palermo, in particolare per la processione<\/p><p>in onore di Santa Rosalia, patrona della citt\u00e0. Da qui, infatti, viene fatto passare il carro del Festino di Santa Rosalia, in direzione del mare.<\/p><p><strong>LA KALSA<\/strong><br \/>Il cuore del dominio arabo. La Kalsa, sorse nel X secolo sotto il dominio arabo. Il nome deriva dal termine al Khalisa, che significa la pura o l\u2019eletta, ed \u00e8 il primo quartiere costruito esternamente alle antiche mura, cos\u00ec da creare un altro polo difensivo e al di fuori del vecchio centro.<br \/>Il quartiere conteneva al suo interno la cittadella fortificata dell\u2019emiro, ed era infatti il quartier generale della vita amministrativa durante la dominazione araba. Nel periodo medievale sorsero case e palazzi al posto degli originari orti e giardini e questo fece s\u00ec che la borgata si espandesse e a partire dalla dominazione normanna,sub\u00ec ulteriori mutazioni. Furono abbattute le vecchie mura arabe e fu costruito il Castello a mare, a scopo difensivo. Oggi la Kalsa rappresenta un quartiere popolare molto pittoresco, in cui si respira ancora l\u2019antica cultura araba, avvolta da forti profumi speziati provenienti da chioschi e ristoranti dislocati lungo la strada.<\/p><p><strong>PIAZZA MAGIONE<\/strong><br \/>Ai confini del quartiere ebraico. Situata nel quartiere della Kalsa, il nome deriva dall\u2019omonima chiesa, con antico convento annesso, che sorge nei pressi della piazza. Un tempo era un punto di riferimento per la comunit\u00e0 ebraica, che vi costru\u00ec degli orti e giardini fondamentali durante i periodi di carestia. Le caratteristiche di questa parte del centro storico della citt\u00e0 sono state stravolte a causa dei violenti bombardamenti della seconda guerra mondiale, che ne distrussero completamente i palazzi che la circondavano. Oggi \u00e8 possibile osservare i resti dalle fondamenta restaurate degli edifici preesistenti. Questo luogo \u00e8 importante per i palermitani, non solo perch\u00e9 oggi \u00e8 un punto di ritrovo<br \/>per i giovani, ma anche perch\u00e9 fu qui che gli eroi anti-mafia Giovanni Falcone e Paolo Borsellino si conobbero da bambini, giocando a pallone per i vicoli della Kalsa.<\/p><p>\u200b<\/p><p><strong>PIAZZA RIVOLUZIONE<\/strong><br \/>Da Garibaldi all\u2019Unit\u00e0 d\u2019Italia. Questa piazza \u00e8 il cuore del Risorgimento palermitano e il simbolo della lotta contro i Borboni. Il primo moto di rivolta, che spian\u00f2 la strada per l\u2019unit\u00e0 d\u2019Italia, avvenne proprio qui nel 1820, poi di nuovo il 12 gennaio 1848. Il 27 maggio 1860 Garibaldi, entrato dalla vicina Porta di Termini, sost\u00f2 nel vicino palazzo Ajutamicristo e fu in questa occasione che la piazza prese il nome di Piazza<br \/>Rivoluzione. Oggi possiamo osservare diverse lapidi commemorative che ricordano gli eventi storici in essa avvenuti. Al centro della piazza si trova una delle rappresentazioni pi\u00f9 famose del Genio di Palermo, protettore laico della citt\u00e0, risalente al 1687. Questi, di solito, \u00e8 rappresentato come un uomo anziano coronato con una serpe che si nutre al suo petto.<\/p><p><strong>BASILICA DI S. FRANCESCO D\u2019ASSISI<\/strong><br \/>Una rara gemma ricca di opere d\u2019arte. La sua costruzione risale al 1254, sui resti di una chiesa precedente distrutta nel 1240<br \/>dall\u2019imperatore Federico II, e si concluse attorno al 1277. La parte pi\u00f9 integra della chiesa \u00e8 certamente la sua superba facciata di gusto tardo- romanico. Possiamo ammirare lo stupendo e imponente portale trecentesco dove troviamo le insegne della potente famiglia dei Chiaramonte che ne furono i committenti e i motivi a zig-zag, tipici dell\u2019arte islamica. Al suo interno sono presenti opere di artisti importantissimi per il rinascimento italiano e siciliano come Domenico Gagini. Tra il XVII e il XVIII secolo fu arricchita con stucchi di Giacomo Serpotta, affreschi e soprattutto con la cappella dell\u2019Immacolata, una delle opere pi\u00f9 rappresentative del barocco palermitano,<br \/>col suo fastoso addobbo di marmi mischi policromi di squisito disegno. La basilica duecentesca fu sconvolta nel 1823 da una scossa di terremoto e fu rimessa a nuovo con vesti neoclassiche. Nella seconda met\u00e0 dello stesso secolo, per\u00f2, fu ancora una volta dilaniata<br \/>dai bombardamenti della Seconda Guerra Mondiale. Grazie alla dedizione dei padri francescani risorse, con uno stile pi\u00f9 semplice nudo, ma ricco di opere d\u2019arte d\u2019inestimabile valore accumulate attraverso i secoli.<\/p><\/div>\n\t\t\t\t<\/div>\n\t\t\t\t<\/div>\n\t\t\t\t\t\t<\/div>\n\t\t\t\t\t<\/div>\n\t\t<\/div>\n\t\t\t\t\t\t\t\t<\/div>\n\t\t\t\t\t<\/div>\n\t\t<\/section>\n\t\t\t\t\t\t<\/div>\n\t\t\t\t\t\t<\/div>\n\t\t\t\t\t<\/div>\n\t\t","protected":false},"excerpt":{"rendered":"<p>COSA CI ASPETTIAMO DI VEDERE: PORTA FELICE &#8211; La porta verso il mare: Porta Felice fu costruita nel 1582, ai tempi del vicer\u00e9 spagnolo Marcantonio Colonna, in onore della moglie Donna Felice Orsini. Ma i lavori andarono per le lunghe e i successori del Colonna non si curarono di continuare i lavori, tutto rimase fermo [&hellip;]<\/p>\n","protected":false},"author":2,"featured_media":0,"parent":0,"menu_order":0,"comment_status":"closed","ping_status":"closed","template":"","meta":[],"yoast_head":"<!-- This site is optimized with the Yoast SEO plugin v16.9 - https:\/\/yoast.com\/wordpress\/plugins\/seo\/ -->\n<title>Assapora i Migliori Luoghi della Vita Notturna a Palermo - BALAGOO<\/title>\n<meta name=\"description\" content=\"Unisciti alla vita notturna palermitana con un tour serale. Scopri i posti pi\u00f9 divertenti, prendi un drink, goditi un aperitivo e immergiti nell&#039;arte.\" \/>\n<meta name=\"robots\" content=\"index, follow, max-snippet:-1, max-image-preview:large, max-video-preview:-1\" \/>\n<link rel=\"canonical\" href=\"https:\/\/balagoo.com\/it\/palermo-by-night\/\" \/>\n<meta property=\"og:locale\" content=\"it_IT\" \/>\n<meta property=\"og:type\" content=\"article\" \/>\n<meta property=\"og:title\" content=\"Assapora i Migliori Luoghi della Vita Notturna a Palermo - BALAGOO\" \/>\n<meta property=\"og:description\" content=\"Unisciti alla vita notturna palermitana con un tour serale. Scopri i posti pi\u00f9 divertenti, prendi un drink, goditi un aperitivo e immergiti nell&#039;arte.\" \/>\n<meta property=\"og:url\" content=\"https:\/\/balagoo.com\/it\/palermo-by-night\/\" \/>\n<meta property=\"og:site_name\" content=\"BALAGOO\" \/>\n<meta property=\"article:publisher\" content=\"https:\/\/www.facebook.com\/palermodaytours\" \/>\n<meta property=\"article:modified_time\" content=\"2021-05-21T07:58:48+00:00\" \/>\n<meta property=\"og:image\" content=\"https:\/\/balagoo.com\/wp-content\/uploads\/2021\/04\/Palermo-La-Cala.jpg\" \/>\n\t<meta property=\"og:image:width\" content=\"1920\" \/>\n\t<meta property=\"og:image:height\" content=\"900\" \/>\n<meta name=\"twitter:card\" content=\"summary_large_image\" \/>\n<meta name=\"twitter:label1\" content=\"Tempo di lettura stimato\" \/>\n\t<meta name=\"twitter:data1\" content=\"4 minuti\" \/>\n<script type=\"application\/ld+json\" class=\"yoast-schema-graph\">{\"@context\":\"https:\/\/schema.org\",\"@graph\":[{\"@type\":\"WebSite\",\"@id\":\"https:\/\/balagoo.com\/#website\",\"url\":\"https:\/\/balagoo.com\/\",\"name\":\"BALAGOO\",\"description\":\"\",\"potentialAction\":[{\"@type\":\"SearchAction\",\"target\":{\"@type\":\"EntryPoint\",\"urlTemplate\":\"https:\/\/balagoo.com\/?s={search_term_string}\"},\"query-input\":\"required name=search_term_string\"}],\"inLanguage\":\"it-IT\"},{\"@type\":\"WebPage\",\"@id\":\"https:\/\/balagoo.com\/it\/palermo-by-night\/#webpage\",\"url\":\"https:\/\/balagoo.com\/it\/palermo-by-night\/\",\"name\":\"Assapora i Migliori Luoghi della Vita Notturna a Palermo - BALAGOO\",\"isPartOf\":{\"@id\":\"https:\/\/balagoo.com\/#website\"},\"datePublished\":\"2021-05-10T09:17:13+00:00\",\"dateModified\":\"2021-05-21T07:58:48+00:00\",\"description\":\"Unisciti alla vita notturna palermitana con un tour serale. Scopri i posti pi\\u00f9 divertenti, prendi un drink, goditi un aperitivo e immergiti nell'arte.\",\"breadcrumb\":{\"@id\":\"https:\/\/balagoo.com\/it\/palermo-by-night\/#breadcrumb\"},\"inLanguage\":\"it-IT\",\"potentialAction\":[{\"@type\":\"ReadAction\",\"target\":[\"https:\/\/balagoo.com\/it\/palermo-by-night\/\"]}]},{\"@type\":\"BreadcrumbList\",\"@id\":\"https:\/\/balagoo.com\/it\/palermo-by-night\/#breadcrumb\",\"itemListElement\":[{\"@type\":\"ListItem\",\"position\":1,\"name\":\"Home\",\"item\":\"https:\/\/balagoo.com\/it\/\"},{\"@type\":\"ListItem\",\"position\":2,\"name\":\"PALERMO by night\"}]}]}<\/script>\n<!-- \/ Yoast SEO plugin. -->","yoast_head_json":{"title":"Assapora i Migliori Luoghi della Vita Notturna a Palermo - BALAGOO","description":"Unisciti alla vita notturna palermitana con un tour serale. Scopri i posti pi\u00f9 divertenti, prendi un drink, goditi un aperitivo e immergiti nell'arte.","robots":{"index":"index","follow":"follow","max-snippet":"max-snippet:-1","max-image-preview":"max-image-preview:large","max-video-preview":"max-video-preview:-1"},"canonical":"https:\/\/balagoo.com\/it\/palermo-by-night\/","og_locale":"it_IT","og_type":"article","og_title":"Assapora i Migliori Luoghi della Vita Notturna a Palermo - BALAGOO","og_description":"Unisciti alla vita notturna palermitana con un tour serale. Scopri i posti pi\u00f9 divertenti, prendi un drink, goditi un aperitivo e immergiti nell'arte.","og_url":"https:\/\/balagoo.com\/it\/palermo-by-night\/","og_site_name":"BALAGOO","article_publisher":"https:\/\/www.facebook.com\/palermodaytours","article_modified_time":"2021-05-21T07:58:48+00:00","og_image":[{"width":1920,"height":900,"url":"https:\/\/balagoo.com\/wp-content\/uploads\/2021\/04\/Palermo-La-Cala.jpg","path":"\/var\/www\/vhosts\/balagoo.com\/httpdocs\/wp-content\/uploads\/2021\/04\/Palermo-La-Cala.jpg","size":"full","id":2073,"alt":"","pixels":1728000,"type":"image\/jpeg"}],"twitter_card":"summary_large_image","twitter_misc":{"Tempo di lettura stimato":"4 minuti"},"schema":{"@context":"https:\/\/schema.org","@graph":[{"@type":"WebSite","@id":"https:\/\/balagoo.com\/#website","url":"https:\/\/balagoo.com\/","name":"BALAGOO","description":"","potentialAction":[{"@type":"SearchAction","target":{"@type":"EntryPoint","urlTemplate":"https:\/\/balagoo.com\/?s={search_term_string}"},"query-input":"required name=search_term_string"}],"inLanguage":"it-IT"},{"@type":"WebPage","@id":"https:\/\/balagoo.com\/it\/palermo-by-night\/#webpage","url":"https:\/\/balagoo.com\/it\/palermo-by-night\/","name":"Assapora i Migliori Luoghi della Vita Notturna a Palermo - BALAGOO","isPartOf":{"@id":"https:\/\/balagoo.com\/#website"},"datePublished":"2021-05-10T09:17:13+00:00","dateModified":"2021-05-21T07:58:48+00:00","description":"Unisciti alla vita notturna palermitana con un tour serale. Scopri i posti pi\u00f9 divertenti, prendi un drink, goditi un aperitivo e immergiti nell'arte.","breadcrumb":{"@id":"https:\/\/balagoo.com\/it\/palermo-by-night\/#breadcrumb"},"inLanguage":"it-IT","potentialAction":[{"@type":"ReadAction","target":["https:\/\/balagoo.com\/it\/palermo-by-night\/"]}]},{"@type":"BreadcrumbList","@id":"https:\/\/balagoo.com\/it\/palermo-by-night\/#breadcrumb","itemListElement":[{"@type":"ListItem","position":1,"name":"Home","item":"https:\/\/balagoo.com\/it\/"},{"@type":"ListItem","position":2,"name":"PALERMO by night"}]}]}},"_links":{"self":[{"href":"https:\/\/balagoo.com\/it\/wp-json\/wp\/v2\/pages\/2412"}],"collection":[{"href":"https:\/\/balagoo.com\/it\/wp-json\/wp\/v2\/pages"}],"about":[{"href":"https:\/\/balagoo.com\/it\/wp-json\/wp\/v2\/types\/page"}],"author":[{"embeddable":true,"href":"https:\/\/balagoo.com\/it\/wp-json\/wp\/v2\/users\/2"}],"replies":[{"embeddable":true,"href":"https:\/\/balagoo.com\/it\/wp-json\/wp\/v2\/comments?post=2412"}],"version-history":[{"count":7,"href":"https:\/\/balagoo.com\/it\/wp-json\/wp\/v2\/pages\/2412\/revisions"}],"predecessor-version":[{"id":2706,"href":"https:\/\/balagoo.com\/it\/wp-json\/wp\/v2\/pages\/2412\/revisions\/2706"}],"wp:attachment":[{"href":"https:\/\/balagoo.com\/it\/wp-json\/wp\/v2\/media?parent=2412"}],"curies":[{"name":"wp","href":"https:\/\/api.w.org\/{rel}","templated":true}]}}