{"id":2389,"date":"2021-05-10T10:50:53","date_gmt":"2021-05-10T08:50:53","guid":{"rendered":"https:\/\/balagoo.com\/erice\/"},"modified":"2021-05-20T17:27:12","modified_gmt":"2021-05-20T15:27:12","slug":"erice","status":"publish","type":"page","link":"https:\/\/balagoo.com\/it\/erice\/","title":{"rendered":"Erice"},"content":{"rendered":"\t\t<div data-elementor-type=\"wp-page\" data-elementor-id=\"2389\" class=\"elementor elementor-2389 elementor-2293\" data-elementor-settings=\"[]\">\n\t\t\t\t\t\t<div class=\"elementor-inner\">\n\t\t\t\t\t\t\t<div class=\"elementor-section-wrap\">\n\t\t\t\t\t\t\t<section class=\"elementor-section elementor-top-section elementor-element elementor-element-92629fb elementor-section-boxed elementor-section-height-default elementor-section-height-default\" data-id=\"92629fb\" data-element_type=\"section\">\n\t\t\t\t\t\t<div class=\"elementor-container elementor-column-gap-default\">\n\t\t\t\t\t\t\t<div class=\"elementor-row\">\n\t\t\t\t\t<div class=\"elementor-column elementor-col-100 elementor-top-column elementor-element elementor-element-d5617f7\" data-id=\"d5617f7\" data-element_type=\"column\">\n\t\t\t<div class=\"elementor-column-wrap elementor-element-populated\">\n\t\t\t\t\t\t\t<div class=\"elementor-widget-wrap\">\n\t\t\t\t\t\t\t\t<\/div>\n\t\t\t\t\t<\/div>\n\t\t<\/div>\n\t\t\t\t\t\t\t\t<\/div>\n\t\t\t\t\t<\/div>\n\t\t<\/section>\n\t\t\t\t<section class=\"elementor-section elementor-top-section elementor-element elementor-element-ed25346 elementor-section-boxed elementor-section-height-default elementor-section-height-default\" data-id=\"ed25346\" data-element_type=\"section\">\n\t\t\t\t\t\t<div class=\"elementor-container elementor-column-gap-default\">\n\t\t\t\t\t\t\t<div class=\"elementor-row\">\n\t\t\t\t\t<div class=\"elementor-column elementor-col-100 elementor-top-column elementor-element elementor-element-93f4e38\" data-id=\"93f4e38\" data-element_type=\"column\">\n\t\t\t<div class=\"elementor-column-wrap elementor-element-populated\">\n\t\t\t\t\t\t\t<div class=\"elementor-widget-wrap\">\n\t\t\t\t\t\t<div class=\"elementor-element elementor-element-fe18add elementor-widget elementor-widget-text-editor\" data-id=\"fe18add\" data-element_type=\"widget\" data-widget_type=\"text-editor.default\">\n\t\t\t\t<div class=\"elementor-widget-container\">\n\t\t\t\t\t<div class=\"elementor-text-editor elementor-clearfix\"><p><strong>DESCRIZIONE: <br \/><\/strong><\/p><p>Superficialmente, \u00e8 l&#8217;epitome del Medioevo, a cominciare dai castelli, dalle pareti e dalle strade di pietra. In realt\u00e0, \u00e8 molto pi\u00f9 vecchio. Questa singolare citt\u00e0, situata su una montagna che domina la costa tirrenica della Sicilia occidentale, era l&#8217;antica Eryx , una prospera citt\u00e0 elisiana e cartaginese, che vantava un noto tempio di una dea fenicia della fertilit\u00e0, Astarte (successivamente identificata con Venere e venerata dai romani ) e il suo eroe omonimo, anche se mitico, il sovrano elisiano Eryx. Sia Ercole che Enea sono associati all&#8217;antica Erice . Secondo Diodoro Siculo, Eryx ricevette Eracle (Ercole) durante la sua visita in questa parte della Sicilia, e perse contro di lui in un incontro di lotta. Poich\u00e9 Eryx sarebbe stato un figlio di Afrodite e Re Butes degli Elisiani, Virgilio lo identifica come un fratello di Enea.<\/p><p>Sfortunatamente, si sa poco degli Elisiani. Originari dell&#8217;Asia Minore (forse Anatolia), arrivarono in Sicilia per insediare alcune delle regioni occidentali dell&#8217;isola intorno al 1200 a.C. (a.C.), pi\u00f9 o meno nello stesso periodo in cui i siciliani, migrando dall&#8217;Italia peninsulare, colonizzarono la parte nord-orientale dell&#8217;isola. Entrambi convissero con i nativi siciliani. Durante la dominazione greca la maggior parte degli elimi, compresi quelli di Segesta (Egesta), si assimilarono culturalmente con i greci. Le prove suggeriscono che gli Elisiani di Eryx, tuttavia, si sono assimilati pi\u00f9 prontamente con la cultura punica dei Cartaginesi.<\/p><p>I Fenici, i Cartaginesi e i Romani, a loro volta, conquistarono la citt\u00e0, che non svilupp\u00f2 mai una cultura greca particolarmente forte se non quella dei bizantini medievali dell&#8217;Impero Romano d&#8217;Oriente. Per gli arabi, Erice era un importante punto d&#8217;appoggio noto come Gebel Hamed, che i Normanni battezzarono Monte San Giuliano, un nome con cui era noto fino al 1934, quando gli fu data la sua nomenclatura latina originale.<\/p><p>In cima a una montagna (circa 750 metri sul livello del mare) che domina la vicina Trapani e le spiagge di San Vito Lo Capo, la deliziosa Erice \u00e8 quasi una sorta di Taormina siciliana occidentale. Ci sono alcune antiche mura elisiane e fenicie che circondano il lato nord-orientale della citt\u00e0, e due castelli, il Castello di Pepoli, con fondamenta risalenti all&#8217;epoca araba, e il vicino Castello di Venere, risalente al periodo normanno, ma costruito sulle rovine dell&#8217;antico Tempio di Venere (o Astarte) dove si ritiene che fosse praticata la prostituzione rituale. Circondati da un parco lussureggiante, i soli castelli sulla collina meritano una sosta a Erice, che offre affascinanti vecchie strade di pietra e diverse chiese medievali. Il castello di Pepoli fu inizialmente una roccaforte feudale, anche se alla fine Erice fu ceduta alla Corona come citt\u00e0 democratica. La vista dalle torri del castello \u00e8 stupenda. Sebbene entrambi i castelli siano stati in qualche modo modificati nel corso dei secoli, hanno ancora quel carattere distintamente medievale che ci si aspetta da tali fortezze. (Il castello di Pepoli \u00e8 ora un hotel.)<\/p><p>La citt\u00e0 non \u00e8 affatto trascurata dagli annali della storia. Strabone, Plinio e Tacito ne scrissero. Tucidide menziona gli Elisiani di Eryx ed Egesta ( Segesta ). Nel 406 a.C., un&#8217;importante battaglia navale ebbe luogo nelle acque vicine tra le flotte di Cartagine e una Siracusa, con quest&#8217;ultima vincente. Pi\u00f9 tardi, nella prima guerra punica, Eryx cadde dai Cartaginesi e nel 260 a.C. Amilcare la distrusse. Fu molto contestato da Greci, Cartaginesi e Romani, poi raggiunti dagli Arabi negli anni caotici successivi all&#8217;827 come parte del loro viaggio verso Palermo e altre parti della Sicilia occidentale. Scrivendo nel XII secolo, il geografo arabo Idrisi osserv\u00f2 che le donne in questa citt\u00e0 erano tra le pi\u00f9 belle della Sicilia. Pi\u00f9 tardi, anche Ibn Jubayr ne scrisse.<\/p><p>L&#8217;architettura ecclesiastica non \u00e8 assente da Erice. La Chiesa Madre, in via Carvini, \u00e8 essenzialmente una struttura proto-gotica del XIV secolo il cui stile riflette alcune influenze romaniche. All&#8217;ingresso si trova una torre pi\u00f9 antica e la chiesa stessa \u00e8 stata costruita su una struttura molto precedente. La chiesa medievale di San Giovanni Battista \u00e8 stata modificata negli ultimi secoli ma conserva ancora qualcosa del suo stile originale, in particolare l&#8217;esterno. Fu costruito come una cappella ortodossa. La chiesa di Sant&#8217;Orsola del XV secolo, che conserva anche alcuni elementi gotici medievali, merita una visita.<\/p><\/div>\n\t\t\t\t<\/div>\n\t\t\t\t<\/div>\n\t\t\t\t\t\t<\/div>\n\t\t\t\t\t<\/div>\n\t\t<\/div>\n\t\t\t\t\t\t\t\t<\/div>\n\t\t\t\t\t<\/div>\n\t\t<\/section>\n\t\t\t\t\t\t<\/div>\n\t\t\t\t\t\t<\/div>\n\t\t\t\t\t<\/div>\n\t\t","protected":false},"excerpt":{"rendered":"<p>DESCRIZIONE: Superficialmente, \u00e8 l&#8217;epitome del Medioevo, a cominciare dai castelli, dalle pareti e dalle strade di pietra. In realt\u00e0, \u00e8 molto pi\u00f9 vecchio. Questa singolare citt\u00e0, situata su una montagna che domina la costa tirrenica della Sicilia occidentale, era l&#8217;antica Eryx , una prospera citt\u00e0 elisiana e cartaginese, che vantava un noto tempio di una [&hellip;]<\/p>\n","protected":false},"author":2,"featured_media":0,"parent":0,"menu_order":0,"comment_status":"closed","ping_status":"closed","template":"","meta":[],"yoast_head":"<!-- This site is optimized with the Yoast SEO plugin v16.9 - https:\/\/yoast.com\/wordpress\/plugins\/seo\/ -->\n<title>Scopri Erice, la citt\u00e0 senza tempo - BALAGOO<\/title>\n<meta name=\"description\" content=\"Immergiti nell&#039;esempio pi\u00f9 suggestivo dell&#039;eredit\u00e0 multiculturale siciliana con un tour ad Erice, vicino alle splendide spiagge di San Vito.\" \/>\n<meta name=\"robots\" content=\"index, follow, max-snippet:-1, max-image-preview:large, max-video-preview:-1\" \/>\n<link rel=\"canonical\" href=\"https:\/\/balagoo.com\/it\/erice\/\" \/>\n<meta property=\"og:locale\" content=\"it_IT\" \/>\n<meta property=\"og:type\" content=\"article\" \/>\n<meta property=\"og:title\" content=\"Scopri Erice, la citt\u00e0 senza tempo - BALAGOO\" \/>\n<meta property=\"og:description\" content=\"Immergiti nell&#039;esempio pi\u00f9 suggestivo dell&#039;eredit\u00e0 multiculturale siciliana con un tour ad Erice, vicino alle splendide spiagge di San Vito.\" \/>\n<meta property=\"og:url\" content=\"https:\/\/balagoo.com\/it\/erice\/\" \/>\n<meta property=\"og:site_name\" content=\"BALAGOO\" \/>\n<meta property=\"article:publisher\" content=\"https:\/\/www.facebook.com\/palermodaytours\" \/>\n<meta property=\"article:modified_time\" content=\"2021-05-20T15:27:12+00:00\" \/>\n<meta property=\"og:image\" content=\"https:\/\/balagoo.com\/wp-content\/uploads\/2021\/04\/Palermo-La-Cala.jpg\" \/>\n\t<meta property=\"og:image:width\" content=\"1920\" \/>\n\t<meta property=\"og:image:height\" content=\"900\" \/>\n<meta name=\"twitter:card\" content=\"summary_large_image\" \/>\n<meta name=\"twitter:label1\" content=\"Tempo di lettura stimato\" \/>\n\t<meta name=\"twitter:data1\" content=\"4 minuti\" \/>\n<script type=\"application\/ld+json\" class=\"yoast-schema-graph\">{\"@context\":\"https:\/\/schema.org\",\"@graph\":[{\"@type\":\"WebSite\",\"@id\":\"https:\/\/balagoo.com\/#website\",\"url\":\"https:\/\/balagoo.com\/\",\"name\":\"BALAGOO\",\"description\":\"\",\"potentialAction\":[{\"@type\":\"SearchAction\",\"target\":{\"@type\":\"EntryPoint\",\"urlTemplate\":\"https:\/\/balagoo.com\/?s={search_term_string}\"},\"query-input\":\"required name=search_term_string\"}],\"inLanguage\":\"it-IT\"},{\"@type\":\"WebPage\",\"@id\":\"https:\/\/balagoo.com\/it\/erice\/#webpage\",\"url\":\"https:\/\/balagoo.com\/it\/erice\/\",\"name\":\"Scopri Erice, la citt\\u00e0 senza tempo - BALAGOO\",\"isPartOf\":{\"@id\":\"https:\/\/balagoo.com\/#website\"},\"datePublished\":\"2021-05-10T08:50:53+00:00\",\"dateModified\":\"2021-05-20T15:27:12+00:00\",\"description\":\"Immergiti nell'esempio pi\\u00f9 suggestivo dell'eredit\\u00e0 multiculturale siciliana con un tour ad Erice, vicino alle splendide spiagge di San Vito.\",\"breadcrumb\":{\"@id\":\"https:\/\/balagoo.com\/it\/erice\/#breadcrumb\"},\"inLanguage\":\"it-IT\",\"potentialAction\":[{\"@type\":\"ReadAction\",\"target\":[\"https:\/\/balagoo.com\/it\/erice\/\"]}]},{\"@type\":\"BreadcrumbList\",\"@id\":\"https:\/\/balagoo.com\/it\/erice\/#breadcrumb\",\"itemListElement\":[{\"@type\":\"ListItem\",\"position\":1,\"name\":\"Home\",\"item\":\"https:\/\/balagoo.com\/it\/\"},{\"@type\":\"ListItem\",\"position\":2,\"name\":\"Erice\"}]}]}<\/script>\n<!-- \/ Yoast SEO plugin. -->","yoast_head_json":{"title":"Scopri Erice, la citt\u00e0 senza tempo - BALAGOO","description":"Immergiti nell'esempio pi\u00f9 suggestivo dell'eredit\u00e0 multiculturale siciliana con un tour ad Erice, vicino alle splendide spiagge di San Vito.","robots":{"index":"index","follow":"follow","max-snippet":"max-snippet:-1","max-image-preview":"max-image-preview:large","max-video-preview":"max-video-preview:-1"},"canonical":"https:\/\/balagoo.com\/it\/erice\/","og_locale":"it_IT","og_type":"article","og_title":"Scopri Erice, la citt\u00e0 senza tempo - BALAGOO","og_description":"Immergiti nell'esempio pi\u00f9 suggestivo dell'eredit\u00e0 multiculturale siciliana con un tour ad Erice, vicino alle splendide spiagge di San Vito.","og_url":"https:\/\/balagoo.com\/it\/erice\/","og_site_name":"BALAGOO","article_publisher":"https:\/\/www.facebook.com\/palermodaytours","article_modified_time":"2021-05-20T15:27:12+00:00","og_image":[{"width":1920,"height":900,"url":"https:\/\/balagoo.com\/wp-content\/uploads\/2021\/04\/Palermo-La-Cala.jpg","path":"\/var\/www\/vhosts\/balagoo.com\/httpdocs\/wp-content\/uploads\/2021\/04\/Palermo-La-Cala.jpg","size":"full","id":2073,"alt":"","pixels":1728000,"type":"image\/jpeg"}],"twitter_card":"summary_large_image","twitter_misc":{"Tempo di lettura stimato":"4 minuti"},"schema":{"@context":"https:\/\/schema.org","@graph":[{"@type":"WebSite","@id":"https:\/\/balagoo.com\/#website","url":"https:\/\/balagoo.com\/","name":"BALAGOO","description":"","potentialAction":[{"@type":"SearchAction","target":{"@type":"EntryPoint","urlTemplate":"https:\/\/balagoo.com\/?s={search_term_string}"},"query-input":"required name=search_term_string"}],"inLanguage":"it-IT"},{"@type":"WebPage","@id":"https:\/\/balagoo.com\/it\/erice\/#webpage","url":"https:\/\/balagoo.com\/it\/erice\/","name":"Scopri Erice, la citt\u00e0 senza tempo - BALAGOO","isPartOf":{"@id":"https:\/\/balagoo.com\/#website"},"datePublished":"2021-05-10T08:50:53+00:00","dateModified":"2021-05-20T15:27:12+00:00","description":"Immergiti nell'esempio pi\u00f9 suggestivo dell'eredit\u00e0 multiculturale siciliana con un tour ad Erice, vicino alle splendide spiagge di San Vito.","breadcrumb":{"@id":"https:\/\/balagoo.com\/it\/erice\/#breadcrumb"},"inLanguage":"it-IT","potentialAction":[{"@type":"ReadAction","target":["https:\/\/balagoo.com\/it\/erice\/"]}]},{"@type":"BreadcrumbList","@id":"https:\/\/balagoo.com\/it\/erice\/#breadcrumb","itemListElement":[{"@type":"ListItem","position":1,"name":"Home","item":"https:\/\/balagoo.com\/it\/"},{"@type":"ListItem","position":2,"name":"Erice"}]}]}},"_links":{"self":[{"href":"https:\/\/balagoo.com\/it\/wp-json\/wp\/v2\/pages\/2389"}],"collection":[{"href":"https:\/\/balagoo.com\/it\/wp-json\/wp\/v2\/pages"}],"about":[{"href":"https:\/\/balagoo.com\/it\/wp-json\/wp\/v2\/types\/page"}],"author":[{"embeddable":true,"href":"https:\/\/balagoo.com\/it\/wp-json\/wp\/v2\/users\/2"}],"replies":[{"embeddable":true,"href":"https:\/\/balagoo.com\/it\/wp-json\/wp\/v2\/comments?post=2389"}],"version-history":[{"count":10,"href":"https:\/\/balagoo.com\/it\/wp-json\/wp\/v2\/pages\/2389\/revisions"}],"predecessor-version":[{"id":2705,"href":"https:\/\/balagoo.com\/it\/wp-json\/wp\/v2\/pages\/2389\/revisions\/2705"}],"wp:attachment":[{"href":"https:\/\/balagoo.com\/it\/wp-json\/wp\/v2\/media?parent=2389"}],"curies":[{"name":"wp","href":"https:\/\/api.w.org\/{rel}","templated":true}]}}