{"id":1598,"date":"2021-02-18T11:49:42","date_gmt":"2021-02-18T10:49:42","guid":{"rendered":"https:\/\/balagoo.com\/privacy-policy-e-informativa-sul-trattamento-dei-dati-personali\/"},"modified":"2021-05-21T10:03:27","modified_gmt":"2021-05-21T08:03:27","slug":"privacy-policy-e-informativa-sul-trattamento-dei-dati-personali","status":"publish","type":"page","link":"https:\/\/balagoo.com\/it\/privacy-policy-e-informativa-sul-trattamento-dei-dati-personali\/","title":{"rendered":"Privacy Policy e Informativa sul trattamento dei dati personali"},"content":{"rendered":"\t\t<div data-elementor-type=\"wp-page\" data-elementor-id=\"1598\" class=\"elementor elementor-1598 elementor-3\" data-elementor-settings=\"[]\">\n\t\t\t\t\t\t<div class=\"elementor-inner\">\n\t\t\t\t\t\t\t<div class=\"elementor-section-wrap\">\n\t\t\t\t\t\t\t<section class=\"elementor-section elementor-top-section elementor-element elementor-element-6ec9eac5 elementor-section-boxed elementor-section-height-default elementor-section-height-default\" data-id=\"6ec9eac5\" data-element_type=\"section\">\n\t\t\t\t\t\t<div class=\"elementor-container elementor-column-gap-default\">\n\t\t\t\t\t\t\t<div class=\"elementor-row\">\n\t\t\t\t\t<div class=\"elementor-column elementor-col-100 elementor-top-column elementor-element elementor-element-4f3d24c9\" data-id=\"4f3d24c9\" data-element_type=\"column\">\n\t\t\t<div class=\"elementor-column-wrap elementor-element-populated\">\n\t\t\t\t\t\t\t<div class=\"elementor-widget-wrap\">\n\t\t\t\t\t\t<div class=\"elementor-element elementor-element-502e0d0e elementor-widget elementor-widget-text-editor\" data-id=\"502e0d0e\" data-element_type=\"widget\" data-widget_type=\"text-editor.default\">\n\t\t\t\t<div class=\"elementor-widget-container\">\n\t\t\t\t\t<div class=\"elementor-text-editor elementor-clearfix\">\n<p>La presente informativa \u00e8 resa, ai sensi degli artt. 13 e 14 del Regolamento UE 2016\/679 in materia di protezione dei dati personali, a coloro che interagiscono con i servizi web del sito web che \u00e8 oggetto di un accordo di partnership tra 4 Aziende titolari di licenza Tour Operator la cui capofila \u00e8 stata identificata in Ulisse Viaggi e Turismo SRL che, per semplificazione verr\u00e0 nella presente Informativa con il nome \u201cBalagoo.com\u201d corrispondente al sito web.<\/p>\n\n<p><strong>Il titolare del trattamento<\/strong><\/p>\n\n<p>Il titolare del loro trattamento dei dati personali \u00e8 la ULISSE VIAGGI E TURISMO SRL \u2013 P.IVA 05771700829 \u2013 Via Giovanni Bonanno, 100 \u2013 90143 Palermo (PA) \u2013 Tel. 091 517880 \u2013 email.<\/p>\n\n<p><strong>Finalit\u00e0 del Trattamento<\/strong><\/p>\n\n<p>I dati personali raccolti attraverso il sito saranno trattati dai Titolari per:<\/p>\n\n<ol>\n<li>finalit\u00e0 strettamente strumentali e connesse al servizio offerto;<\/li>\n<li>b) rispondere alle richieste di informazioni pervenute.<\/li>\n<\/ol>\n\n<p><strong>Modalit\u00e0 del Trattamento<\/strong><\/p>\n\n<p>I dati sono raccolti, secondo le indicazioni della normativa di riferimento, con particolare riguardo alle misure di sicurezza previste dal GDPR (art. 32) vengono trattati mediante strumenti informatici, manuali ed automatizzati e con logiche strettamente correlate alle finalit\u00e0 indicate e comunque in modo da garantire la sicurezza e la riservatezza dei dati stessi.<\/p>\n\n<p><strong>Dati di navigazione<\/strong><\/p>\n\n<p>I sistemi informatici e le procedure software preposte al funzionamento di questo sito web acquisiscono, nel corso del loro normale esercizio, alcuni dati personali la cui trasmissione \u00e8 implicita nell\u2019uso dei protocolli di comunicazione di Internet.<\/p>\n\n<p>Si tratta di informazioni che non sono raccolte per essere associate a interessati identificati, ma che per loro stessa natura potrebbero, attraverso elaborazioni ed associazioni con dati detenuti da terzi, permettere di identificare gli utenti.<\/p>\n\n<p>In questa categoria di dati rientrano gli indirizzi IP o i nomi a dominio dei computer utilizzati dagli utenti che si connettono al sito, gli indirizzi in notazione URI (Uniform Resource Identifier) delle risorse richieste, cookie ed altri parametri relativi al sistema operativo e all\u2019ambiente informatico dell\u2019utente.<\/p>\n\n<p>Questi dati possono essere utilizzati al solo fine di ricavare informazioni statistiche anonime sull\u2019uso del sito e per controllarne il corretto funzionamento e vengono cancellati immediatamente dopo l\u2019elaborazione. I dati potrebbero essere utilizzati per l\u2019accertamento di responsabilit\u00e0 in caso di ipotetici reati informatici ai danni del sito.<\/p>\n\n<p><strong>Dati forniti volontariamente dall\u2019utente<\/strong><\/p>\n\n<p>L\u2019invio facoltativo, esplicito e volontario di posta elettronica all\u2019indirizzo indicato su questo sito comporta la successiva acquisizione dell\u2019indirizzo del mittente, necessario per rispondere alle richieste, nonch\u00e9 degli eventuali altri dati personali inseriti nella missiva.<\/p>\n\n<p><strong>Trasferimento dei dati<\/strong><\/p>\n\n<p>La gestione e la conservazione dei dati personali avverranno su server ubicati all\u2019interno dell\u2019Unione Europea del Titolare e\/o di societ\u00e0 terze incaricate. I dati non saranno oggetto di trasferimento al di fuori dell\u2019Unione Europea.<\/p>\n\n<p><strong>Conservazione dei dati<\/strong><\/p>\n\n<p>La conservazione dei dati personali avverr\u00e0 in forma cartacea e\/o elettronica\/informatica e per il tempo richiesto dalle finalit\u00e0 per le quali sono stati raccolti.<\/p>\n\n<p>Pertanto:<\/p>\n\n<ul>\n<li>i dati personali raccolti per scopi collegati all\u2019esecuzione di un contratto tra il Titolare e l\u2019Utente saranno trattenuti sino a quando sia completata l\u2019esecuzione;<\/li>\n<li>i dati personali raccolti per finalit\u00e0 riconducibili all\u2019interesse legittimo del Titolare saranno trattenuti sino al soddisfacimento di tale interesse. L\u2019Utente pu\u00f2 ottenere ulteriori informazioni in merito all\u2019interesse legittimo perseguito dal Titolare nelle relative sezioni di questo documento o contattando il Titolare;<\/li>\n<li>quando il trattamento \u00e8 basato sul consenso dell\u2019Utente, il Titolare pu\u00f2 conservare i Dati Personali pi\u00f9 a lungo sino a quando detto consenso non venga revocato.<\/li>\n<\/ul>\n\n<p>il Titolare potrebbe essere obbligato a conservare i dati personali per un periodo pi\u00f9 lungo in ottemperanza a un obbligo di legge o per ordine di un\u2019autorit\u00e0.<\/p>\n\n<p><strong>Comunicazione e diffusione<\/strong><\/p>\n\n<p>I dati che raccogliamo non vengono da noi \u201cdiffusi\u201d, con tale termine intendendosi dare conoscenza a soggetti indeterminati in qualunque modo, anche mediante la loro messa a disposizione o consultazione.<\/p>\n\n<p>I dati personali dell\u2019interessato potranno invece essere da noi \u201ccomunicati\u201d, con tale termine intendendosi il darne conoscenza ad uno o pi\u00f9 soggetti determinati, nei seguenti termini:<\/p>\n\n<ul>\n<li>a soggetti incaricati all\u2019interno della nostra struttura di trattare i dati;<\/li>\n<li>a soggetti che possono accedere ai dati in forza di disposizione di legge, o di normativa comunitaria, nei limiti previsti dalla legge;<\/li>\n<li>a soggetti nostri consulenti, nei limiti necessari per svolgere il loro incarico presso di noi, nominati Responsabili del Trattamento da parte del Titolare. L\u2019elenco aggiornato dei Responsabili potr\u00e0 sempre essere richiesto al Titolare del Trattamento.<\/li>\n<\/ul>\n\n<p><strong>Diritti degli interessati<\/strong><\/p>\n\n<p>I soggetti cui si riferiscono i dati personali hanno il diritto in qualunque momento di ottenere la conferma dell\u2019esistenza o meno dei medesimi dati e di conoscerne il contenuto e l\u2019origine, verificarne l\u2019esattezza o chiederne l\u2019integrazione o l\u2019aggiornamento, oppure la rettificazione (artt. da 15 a 22 Regolamento UE 2016\/679).<\/p>\n\n<p>Ai sensi della medesima normativa si ha diritto in qualsiasi momento alla presentazione di formale reclamo\/ricorso presso il Garante per la protezione dei dati personali \u2013 Piazza Venezia, 11 \u2013 Roma.<\/p>\n\n<p>\u200b<\/p>\n\n<p><strong>INFORMATIVA SUL TRATTAMENTO DEI DATI PERSONALI<\/strong><\/p>\n<p><\/p>\n<p>La informiamo, ai sensi degli artt. 13 \u2013 14 del Regolamento UE 2016\/679 che i dati personali da Lei forniti anche verbalmente, ovvero, altrimenti acquisiti nell\u2019ambito della nostra attivit\u00e0, potranno formare oggetto di trattamento, nel rispetto della normativa sopra richiamata e degli obblighi di riservatezza.<\/p>\n\n<p>Per trattamento di dati personali si intende, ai sensi dell\u2019art. 4, punto 2 del GDPR, \u201cqualsiasi operazione o insieme di operazioni, compiute con o senza l\u2019ausilio di processi automatizzati e applicate a dati personali o insiemi di dati personali, come la raccolta, la registrazione, l\u2019organizzazione, la strutturazione, la conservazione, l\u2019adattamento o la modifica, l\u2019estrazione, la consultazione, l\u2019uso, la comunicazione mediante trasmissione, diffusione o qualsiasi altra forma di messa a disposizione, il raffronto o l\u2019interconnessione, la limitazione, la cancellazione o la distruzione\u201d.<\/p>\n\n<p><strong>IL TITOLARE DEL TRATTAMENTO<\/strong><\/p>\n\n<p>Il titolare del loro trattamento dei dati personali \u00e8 la ULISSE VIAGGI E TURISMO SRL \u2013 P.IVA 05771700829 \u2013 Via Giovanni Bonanno, 100 \u2013 90143 Palermo (PA) \u2013 Tel. 091 517880 \u2013 email <object width=\"300\" height=\"0\"><\/object>.<\/p>\n\n<p><strong>FINALITA\u2019 DEL TRATTAMENTO<\/strong><\/p>\n\n<p>I dati personali potranno essere trattati per:<\/p>\n\n<ol>\n<li>a) Finalit\u00e0 di marketing diretto del titolare del trattamento per poter inoltrare promozioni commerciali;<\/li>\n<li>b) Invio di comunicazioni periodiche (newsletter) inerenti i prodotti e\/o servizi del titolare tramite mezzi automatizzati.<\/li>\n<\/ol>\n\n<p>Il trattamento per le suddette finalit\u00e0 di cui alle lettere richiede il consenso esplicito dell\u2019interessato.<\/p>\n\n<p><strong>COMUNICAZIONE E DIFFUSIONE DEI DATI PERSONALI<\/strong><\/p>\n\n<p>Soggetti e categorie di soggetti ai quali i dati personali potranno essere comunicati:<\/p>\n\n<ol>\n<li>a) Enti o Uffici Pubblici in funzione degli obblighi di legge;<\/li>\n<li>b) soggetti che forniranno servizi di consulenza strettamente connessi e strumentali alle attivit\u00e0 svolte nonch\u00e9 dipendenti e collaboratori del titolare;<\/li>\n<li>c) societ\u00e0 specializzate nei servizi correlati all\u2019attivit\u00e0 svolta con la nomina di responsabili esterni del trattamento (ex art. 28 GDPR).<\/li>\n<\/ol>\n\n<p>Precisiamo che tali soggetti effettueranno autonomamente, in qualit\u00e0 di responsabili del trattamento ai sensi dell\u2019art. 28 del GDPR il trattamento dei dati.<\/p>\n\n<p>L\u2019elenco completo dei responsabili esterni del trattamento dei dati pu\u00f2 essere ottenuto inviando una email al Titolare del trattamento.<\/p>\n\n<p><strong>MODALIT\u00c0 DEL TRATTAMENTO<\/strong><\/p>\n\n<p>In relazione alle indicate finalit\u00e0, il trattamento dei dati personali avviene mediante strumenti manuali, informatici e telematici anche avvalendosi di piattaforme virtuali (cloud), con logiche strettamente correlate alle finalit\u00e0 stesse e, comunque, in modo da garantire la sicurezza e la riservatezza dei dati stessi.<\/p>\n\n<p><strong>TRASFERIMENTO DATI IN PAESI EXTRA UE<\/strong><\/p>\n\n<p>I dati sono trattati esclusivamente sul territorio UE con riserva di comunicare eventuali trasferimenti degli stessi in Paesi extra UE.<\/p>\n\n<p><strong>PERIODO DI CONSERVAZIONE DEI DATI<\/strong><\/p>\n\n<p>In virt\u00f9 di quanto disposto dall\u2019art. 13, comma 2, lett. a) del Regolamento, di seguito sono fornite indicazioni circa i tempi di conservazione i dati verranno trattati fino a revoca del consenso dell\u2019interessato.<\/p>\n\n<p>\u200b<\/p>\n\n<p><strong>DIRITTI DELL\u2019INTERESSATO<\/strong><\/p>\n\n<p>I soggetti cui si riferiscono i dati personali hanno il diritto in qualunque momento di ottenere la conferma dell\u2019esistenza o meno dei medesimi dati e di conoscerne il contenuto e l\u2019origine, verificarne l\u2019esattezza o chiederne l\u2019integrazione o l\u2019aggiornamento, oppure la rettifica (artt. da 15 a 22 Regolamento UE 2016\/679).<\/p>\n\n<p>Ai sensi della medesima normativa si ha il diritto di chiedere la revoca del consenso fornito, anche di dati particolari, in qualsiasi momento ed alla presentazione di formale reclamo presso il Garante per la protezione dei dati personali \u2013 Piazza Venezia, 11, Roma.<\/p>\n\n<p>L\u2019interessato ha diritto di opporsi in qualsiasi momento al trattamento dei dati personali che lo riguardano. ll titolare si asterranno dal trattare ulteriormente i dati personali salvo che dimostrino l\u2019esistenza di motivi legittimi cogenti che prevalgano sugli interessi e diritti dell\u2019interessato.<\/p>\n\n<p>Qualora i dati vengano trattati per finalit\u00e0 di marketing diretto e l\u2019interessato si opponga a tale trattamento, i dati personali non saranno pi\u00f9 oggetto di trattamento per tali finalit\u00e0.<\/p>\n\n<p>Tutti i diritti fin qui menzionati vengono esercitati con richiesta scritta rivolta alternativamente ad uno del Titolare. La richiesta pu\u00f2 essere trasmessa mediante qualsiasi mezzo (raccomandata, email) presso i recapiti di uno del Titolare.<\/p>\n<\/div>\n\t\t\t\t<\/div>\n\t\t\t\t<\/div>\n\t\t\t\t\t\t<\/div>\n\t\t\t\t\t<\/div>\n\t\t<\/div>\n\t\t\t\t\t\t\t\t<\/div>\n\t\t\t\t\t<\/div>\n\t\t<\/section>\n\t\t\t\t\t\t<\/div>\n\t\t\t\t\t\t<\/div>\n\t\t\t\t\t<\/div>\n\t\t","protected":false},"excerpt":{"rendered":"<p>La presente informativa \u00e8 resa, ai sensi degli artt. 13 e 14 del Regolamento UE 2016\/679 in materia di protezione dei dati personali, a coloro che interagiscono con i servizi web del sito web che \u00e8 oggetto di un accordo di partnership tra 4 Aziende titolari di licenza Tour Operator la cui capofila \u00e8 stata [&hellip;]<\/p>\n","protected":false},"author":1,"featured_media":0,"parent":0,"menu_order":0,"comment_status":"closed","ping_status":"open","template":"","meta":[],"yoast_head":"<!-- This site is optimized with the Yoast SEO plugin v16.9 - https:\/\/yoast.com\/wordpress\/plugins\/seo\/ -->\n<title>Privacy Policy e Informativa sul trattamento dei dati personali - BALAGOO<\/title>\n<meta name=\"description\" content=\"Balagoo.com nasce da una partnership tra 4 Tour Operator con licenza. La privacy policy spiega in che modo usiamo i dati.\" \/>\n<meta name=\"robots\" content=\"index, follow, max-snippet:-1, max-image-preview:large, max-video-preview:-1\" \/>\n<link rel=\"canonical\" href=\"https:\/\/balagoo.com\/it\/privacy-policy-e-informativa-sul-trattamento-dei-dati-personali\/\" \/>\n<meta property=\"og:locale\" content=\"it_IT\" \/>\n<meta property=\"og:type\" content=\"article\" \/>\n<meta property=\"og:title\" content=\"Privacy Policy e Informativa sul trattamento dei dati personali - BALAGOO\" \/>\n<meta property=\"og:description\" content=\"Balagoo.com nasce da una partnership tra 4 Tour Operator con licenza. La privacy policy spiega in che modo usiamo i dati.\" \/>\n<meta property=\"og:url\" content=\"https:\/\/balagoo.com\/it\/privacy-policy-e-informativa-sul-trattamento-dei-dati-personali\/\" \/>\n<meta property=\"og:site_name\" content=\"BALAGOO\" \/>\n<meta property=\"article:publisher\" content=\"https:\/\/www.facebook.com\/palermodaytours\" \/>\n<meta property=\"article:modified_time\" content=\"2021-05-21T08:03:27+00:00\" \/>\n<meta property=\"og:image\" content=\"https:\/\/balagoo.com\/wp-content\/uploads\/2021\/04\/Palermo-La-Cala.jpg\" \/>\n\t<meta property=\"og:image:width\" content=\"1920\" \/>\n\t<meta property=\"og:image:height\" content=\"900\" \/>\n<meta name=\"twitter:card\" content=\"summary_large_image\" \/>\n<meta name=\"twitter:label1\" content=\"Tempo di lettura stimato\" \/>\n\t<meta name=\"twitter:data1\" content=\"7 minuti\" \/>\n<script type=\"application\/ld+json\" class=\"yoast-schema-graph\">{\"@context\":\"https:\/\/schema.org\",\"@graph\":[{\"@type\":\"WebSite\",\"@id\":\"https:\/\/balagoo.com\/#website\",\"url\":\"https:\/\/balagoo.com\/\",\"name\":\"BALAGOO\",\"description\":\"\",\"potentialAction\":[{\"@type\":\"SearchAction\",\"target\":{\"@type\":\"EntryPoint\",\"urlTemplate\":\"https:\/\/balagoo.com\/?s={search_term_string}\"},\"query-input\":\"required name=search_term_string\"}],\"inLanguage\":\"it-IT\"},{\"@type\":\"WebPage\",\"@id\":\"https:\/\/balagoo.com\/it\/privacy-policy-e-informativa-sul-trattamento-dei-dati-personali\/#webpage\",\"url\":\"https:\/\/balagoo.com\/it\/privacy-policy-e-informativa-sul-trattamento-dei-dati-personali\/\",\"name\":\"Privacy Policy e Informativa sul trattamento dei dati personali - BALAGOO\",\"isPartOf\":{\"@id\":\"https:\/\/balagoo.com\/#website\"},\"datePublished\":\"2021-02-18T10:49:42+00:00\",\"dateModified\":\"2021-05-21T08:03:27+00:00\",\"description\":\"Balagoo.com nasce da una partnership tra 4 Tour Operator con licenza. La privacy policy spiega in che modo usiamo i dati.\",\"breadcrumb\":{\"@id\":\"https:\/\/balagoo.com\/it\/privacy-policy-e-informativa-sul-trattamento-dei-dati-personali\/#breadcrumb\"},\"inLanguage\":\"it-IT\",\"potentialAction\":[{\"@type\":\"ReadAction\",\"target\":[\"https:\/\/balagoo.com\/it\/privacy-policy-e-informativa-sul-trattamento-dei-dati-personali\/\"]}]},{\"@type\":\"BreadcrumbList\",\"@id\":\"https:\/\/balagoo.com\/it\/privacy-policy-e-informativa-sul-trattamento-dei-dati-personali\/#breadcrumb\",\"itemListElement\":[{\"@type\":\"ListItem\",\"position\":1,\"name\":\"Home\",\"item\":\"https:\/\/balagoo.com\/it\/\"},{\"@type\":\"ListItem\",\"position\":2,\"name\":\"Privacy Policy e Informativa sul trattamento dei dati personali\"}]}]}<\/script>\n<!-- \/ Yoast SEO plugin. -->","yoast_head_json":{"title":"Privacy Policy e Informativa sul trattamento dei dati personali - BALAGOO","description":"Balagoo.com nasce da una partnership tra 4 Tour Operator con licenza. La privacy policy spiega in che modo usiamo i dati.","robots":{"index":"index","follow":"follow","max-snippet":"max-snippet:-1","max-image-preview":"max-image-preview:large","max-video-preview":"max-video-preview:-1"},"canonical":"https:\/\/balagoo.com\/it\/privacy-policy-e-informativa-sul-trattamento-dei-dati-personali\/","og_locale":"it_IT","og_type":"article","og_title":"Privacy Policy e Informativa sul trattamento dei dati personali - BALAGOO","og_description":"Balagoo.com nasce da una partnership tra 4 Tour Operator con licenza. La privacy policy spiega in che modo usiamo i dati.","og_url":"https:\/\/balagoo.com\/it\/privacy-policy-e-informativa-sul-trattamento-dei-dati-personali\/","og_site_name":"BALAGOO","article_publisher":"https:\/\/www.facebook.com\/palermodaytours","article_modified_time":"2021-05-21T08:03:27+00:00","og_image":[{"width":1920,"height":900,"url":"https:\/\/balagoo.com\/wp-content\/uploads\/2021\/04\/Palermo-La-Cala.jpg","path":"\/var\/www\/vhosts\/balagoo.com\/httpdocs\/wp-content\/uploads\/2021\/04\/Palermo-La-Cala.jpg","size":"full","id":2073,"alt":"","pixels":1728000,"type":"image\/jpeg"}],"twitter_card":"summary_large_image","twitter_misc":{"Tempo di lettura stimato":"7 minuti"},"schema":{"@context":"https:\/\/schema.org","@graph":[{"@type":"WebSite","@id":"https:\/\/balagoo.com\/#website","url":"https:\/\/balagoo.com\/","name":"BALAGOO","description":"","potentialAction":[{"@type":"SearchAction","target":{"@type":"EntryPoint","urlTemplate":"https:\/\/balagoo.com\/?s={search_term_string}"},"query-input":"required name=search_term_string"}],"inLanguage":"it-IT"},{"@type":"WebPage","@id":"https:\/\/balagoo.com\/it\/privacy-policy-e-informativa-sul-trattamento-dei-dati-personali\/#webpage","url":"https:\/\/balagoo.com\/it\/privacy-policy-e-informativa-sul-trattamento-dei-dati-personali\/","name":"Privacy Policy e Informativa sul trattamento dei dati personali - BALAGOO","isPartOf":{"@id":"https:\/\/balagoo.com\/#website"},"datePublished":"2021-02-18T10:49:42+00:00","dateModified":"2021-05-21T08:03:27+00:00","description":"Balagoo.com nasce da una partnership tra 4 Tour Operator con licenza. La privacy policy spiega in che modo usiamo i dati.","breadcrumb":{"@id":"https:\/\/balagoo.com\/it\/privacy-policy-e-informativa-sul-trattamento-dei-dati-personali\/#breadcrumb"},"inLanguage":"it-IT","potentialAction":[{"@type":"ReadAction","target":["https:\/\/balagoo.com\/it\/privacy-policy-e-informativa-sul-trattamento-dei-dati-personali\/"]}]},{"@type":"BreadcrumbList","@id":"https:\/\/balagoo.com\/it\/privacy-policy-e-informativa-sul-trattamento-dei-dati-personali\/#breadcrumb","itemListElement":[{"@type":"ListItem","position":1,"name":"Home","item":"https:\/\/balagoo.com\/it\/"},{"@type":"ListItem","position":2,"name":"Privacy Policy e Informativa sul trattamento dei dati personali"}]}]}},"_links":{"self":[{"href":"https:\/\/balagoo.com\/it\/wp-json\/wp\/v2\/pages\/1598"}],"collection":[{"href":"https:\/\/balagoo.com\/it\/wp-json\/wp\/v2\/pages"}],"about":[{"href":"https:\/\/balagoo.com\/it\/wp-json\/wp\/v2\/types\/page"}],"author":[{"embeddable":true,"href":"https:\/\/balagoo.com\/it\/wp-json\/wp\/v2\/users\/1"}],"replies":[{"embeddable":true,"href":"https:\/\/balagoo.com\/it\/wp-json\/wp\/v2\/comments?post=1598"}],"version-history":[{"count":7,"href":"https:\/\/balagoo.com\/it\/wp-json\/wp\/v2\/pages\/1598\/revisions"}],"predecessor-version":[{"id":2754,"href":"https:\/\/balagoo.com\/it\/wp-json\/wp\/v2\/pages\/1598\/revisions\/2754"}],"wp:attachment":[{"href":"https:\/\/balagoo.com\/it\/wp-json\/wp\/v2\/media?parent=1598"}],"curies":[{"name":"wp","href":"https:\/\/api.w.org\/{rel}","templated":true}]}}