{"id":1346,"date":"2021-02-11T16:26:07","date_gmt":"2021-02-11T15:26:07","guid":{"rendered":"https:\/\/balagoo.com\/qualcosa-su-di-noi\/"},"modified":"2021-05-21T10:06:09","modified_gmt":"2021-05-21T08:06:09","slug":"qualcosa-su-di-noi","status":"publish","type":"page","link":"https:\/\/balagoo.com\/it\/qualcosa-su-di-noi\/","title":{"rendered":"Chi siamo"},"content":{"rendered":"\t\t<div data-elementor-type=\"wp-page\" data-elementor-id=\"1346\" class=\"elementor elementor-1346 elementor-1343\" data-elementor-settings=\"[]\">\n\t\t\t\t\t\t<div class=\"elementor-inner\">\n\t\t\t\t\t\t\t<div class=\"elementor-section-wrap\">\n\t\t\t\t\t\t\t<section class=\"elementor-section elementor-top-section elementor-element elementor-element-a6c0860 elementor-section-boxed elementor-section-height-default elementor-section-height-default\" data-id=\"a6c0860\" data-element_type=\"section\" data-settings=\"{&quot;background_background&quot;:&quot;classic&quot;}\">\n\t\t\t\t\t\t<div class=\"elementor-container elementor-column-gap-default\">\n\t\t\t\t\t\t\t<div class=\"elementor-row\">\n\t\t\t\t\t<div class=\"elementor-column elementor-col-100 elementor-top-column elementor-element elementor-element-db20062\" data-id=\"db20062\" data-element_type=\"column\" data-settings=\"{&quot;background_background&quot;:&quot;classic&quot;}\">\n\t\t\t<div class=\"elementor-column-wrap elementor-element-populated\">\n\t\t\t\t\t\t\t<div class=\"elementor-widget-wrap\">\n\t\t\t\t\t\t<div class=\"elementor-element elementor-element-3683936 elementor-widget elementor-widget-image\" data-id=\"3683936\" data-element_type=\"widget\" data-widget_type=\"image.default\">\n\t\t\t\t<div class=\"elementor-widget-container\">\n\t\t\t\t\t<div class=\"elementor-image\">\n\t\t\t\t\t\t\t\t\t\t<img width=\"222\" height=\"50\" src=\"https:\/\/balagoo.com\/wp-content\/uploads\/2020\/07\/balagoo_rendered.png\" class=\"attachment-large size-large\" alt=\"\" loading=\"lazy\" \/>\t\t\t\t\t\t\t\t\t\t\t<\/div>\n\t\t\t\t<\/div>\n\t\t\t\t<\/div>\n\t\t\t\t\t\t<\/div>\n\t\t\t\t\t<\/div>\n\t\t<\/div>\n\t\t\t\t\t\t\t\t<\/div>\n\t\t\t\t\t<\/div>\n\t\t<\/section>\n\t\t\t\t<section class=\"elementor-section elementor-top-section elementor-element elementor-element-483785a5 elementor-section-boxed elementor-section-height-default elementor-section-height-default\" data-id=\"483785a5\" data-element_type=\"section\">\n\t\t\t\t\t\t<div class=\"elementor-container elementor-column-gap-default\">\n\t\t\t\t\t\t\t<div class=\"elementor-row\">\n\t\t\t\t\t<div class=\"elementor-column elementor-col-100 elementor-top-column elementor-element elementor-element-7189190a\" data-id=\"7189190a\" data-element_type=\"column\">\n\t\t\t<div class=\"elementor-column-wrap elementor-element-populated\">\n\t\t\t\t\t\t\t<div class=\"elementor-widget-wrap\">\n\t\t\t\t\t\t<div class=\"elementor-element elementor-element-44d27d8b elementor-widget elementor-widget-text-editor\" data-id=\"44d27d8b\" data-element_type=\"widget\" data-widget_type=\"text-editor.default\">\n\t\t\t\t<div class=\"elementor-widget-container\">\n\t\t\t\t\t<div class=\"elementor-text-editor elementor-clearfix\">\n<p id=\"tw-target-text\">Balagoo.com \u00e8 una partnership di co-branding gestita da quattro diversi Tour Operator inbound siciliani che operano nel settore dei viaggi da molto tempo. <\/p>\n\n\n\n<p id=\"tw-target-text\">Quando quattro aziende lavoreranno insieme &#8211; come noi &#8211; la loro partnership attirer\u00e0 una reputazione tra i clienti e le altre parti interessate. <\/p>\n\n\n\n<p id=\"tw-target-text\">Dando la giusta considerazione, i leader possono migliorare il modo in cui le partnership vengono percepite dagli altri, aumentandone il successo. Nel mondo odierno delle reti, le partnership interaziendali business-to-business (B2B) sono sempre pi\u00f9 comuni. <\/p>\n\n\n\n<p id=\"tw-target-text\">Allo stesso tempo, la reputazione aziendale \u00e8 stata fortemente identificata come un fattore chiave per il successo delle aziende. Ma la reputazione \u00e8 stata vista principalmente dal punto di vista di una singola organizzazione e di come la percepiscono i suoi stakeholder. <\/p>\n\n\n\n<p id=\"tw-target-text\">Ci\u00f2 \u00e8 sorprendente dato che le partnership si trovano in cos\u00ec tanti ambiti della vita, tra cui affari, sport, arte e media. <\/p>\n\n\n\n<p id=\"tw-target-text\">Perch\u00e9 non gestire una partnership per servizi turistici? Quindi, in questa fase abbiamo trovato una serie B2C business-to-consumer di anni di amicizia e affari tra 4 diverse aziende B2B. <\/p>\n\n\n\n<p id=\"tw-target-text\">IL NOSTRO OBBIETTIVO? <\/p>\n\n\n\n<p id=\"tw-target-text\">Tutti noi con lo stesso obiettivo: la soddisfazione del cliente! La chiave del successo.<\/p>\n<\/div>\n\t\t\t\t<\/div>\n\t\t\t\t<\/div>\n\t\t\t\t\t\t<\/div>\n\t\t\t\t\t<\/div>\n\t\t<\/div>\n\t\t\t\t\t\t\t\t<\/div>\n\t\t\t\t\t<\/div>\n\t\t<\/section>\n\t\t\t\t\t\t<\/div>\n\t\t\t\t\t\t<\/div>\n\t\t\t\t\t<\/div>\n\t\t","protected":false},"excerpt":{"rendered":"<p>Balagoo.com \u00e8 una partnership di co-branding gestita da quattro diversi Tour Operator inbound siciliani che operano nel settore dei viaggi da molto tempo. Quando quattro aziende lavoreranno insieme &#8211; come noi &#8211; la loro partnership attirer\u00e0 una reputazione tra i clienti e le altre parti interessate. Dando la giusta considerazione, i leader possono migliorare il [&hellip;]<\/p>\n","protected":false},"author":2,"featured_media":0,"parent":0,"menu_order":0,"comment_status":"closed","ping_status":"closed","template":"","meta":[],"yoast_head":"<!-- This site is optimized with the Yoast SEO plugin v16.9 - https:\/\/yoast.com\/wordpress\/plugins\/seo\/ -->\n<title>Chi siamo - BALAGOO<\/title>\n<meta name=\"description\" content=\"Balagoo.com \u00e8 una partnership tra quattro diversi tour operator siciliani con esperienza pluriennale nel settore.\" \/>\n<meta name=\"robots\" content=\"index, follow, max-snippet:-1, max-image-preview:large, max-video-preview:-1\" \/>\n<link rel=\"canonical\" href=\"https:\/\/balagoo.com\/it\/qualcosa-su-di-noi\/\" \/>\n<meta property=\"og:locale\" content=\"it_IT\" \/>\n<meta property=\"og:type\" content=\"article\" \/>\n<meta property=\"og:title\" content=\"Chi siamo - BALAGOO\" \/>\n<meta property=\"og:description\" content=\"Balagoo.com \u00e8 una partnership tra quattro diversi tour operator siciliani con esperienza pluriennale nel settore.\" \/>\n<meta property=\"og:url\" content=\"https:\/\/balagoo.com\/it\/qualcosa-su-di-noi\/\" \/>\n<meta property=\"og:site_name\" content=\"BALAGOO\" \/>\n<meta property=\"article:publisher\" content=\"https:\/\/www.facebook.com\/palermodaytours\" \/>\n<meta property=\"article:modified_time\" content=\"2021-05-21T08:06:09+00:00\" \/>\n<meta property=\"og:image\" content=\"https:\/\/balagoo.com\/wp-content\/uploads\/2020\/07\/balagoo_rendered.png\" \/>\n<meta name=\"twitter:card\" content=\"summary_large_image\" \/>\n<meta name=\"twitter:label1\" content=\"Tempo di lettura stimato\" \/>\n\t<meta name=\"twitter:data1\" content=\"2 minuti\" \/>\n<script type=\"application\/ld+json\" class=\"yoast-schema-graph\">{\"@context\":\"https:\/\/schema.org\",\"@graph\":[{\"@type\":\"WebSite\",\"@id\":\"https:\/\/balagoo.com\/#website\",\"url\":\"https:\/\/balagoo.com\/\",\"name\":\"BALAGOO\",\"description\":\"\",\"potentialAction\":[{\"@type\":\"SearchAction\",\"target\":{\"@type\":\"EntryPoint\",\"urlTemplate\":\"https:\/\/balagoo.com\/?s={search_term_string}\"},\"query-input\":\"required name=search_term_string\"}],\"inLanguage\":\"it-IT\"},{\"@type\":\"ImageObject\",\"@id\":\"https:\/\/balagoo.com\/it\/qualcosa-su-di-noi\/#primaryimage\",\"inLanguage\":\"it-IT\",\"url\":\"https:\/\/balagoo.com\/wp-content\/uploads\/2020\/07\/balagoo_rendered.png\",\"contentUrl\":\"https:\/\/balagoo.com\/wp-content\/uploads\/2020\/07\/balagoo_rendered.png\",\"width\":222,\"height\":50},{\"@type\":\"WebPage\",\"@id\":\"https:\/\/balagoo.com\/it\/qualcosa-su-di-noi\/#webpage\",\"url\":\"https:\/\/balagoo.com\/it\/qualcosa-su-di-noi\/\",\"name\":\"Chi siamo - BALAGOO\",\"isPartOf\":{\"@id\":\"https:\/\/balagoo.com\/#website\"},\"primaryImageOfPage\":{\"@id\":\"https:\/\/balagoo.com\/it\/qualcosa-su-di-noi\/#primaryimage\"},\"datePublished\":\"2021-02-11T15:26:07+00:00\",\"dateModified\":\"2021-05-21T08:06:09+00:00\",\"description\":\"Balagoo.com \\u00e8 una partnership tra quattro diversi tour operator siciliani con esperienza pluriennale nel settore.\",\"breadcrumb\":{\"@id\":\"https:\/\/balagoo.com\/it\/qualcosa-su-di-noi\/#breadcrumb\"},\"inLanguage\":\"it-IT\",\"potentialAction\":[{\"@type\":\"ReadAction\",\"target\":[\"https:\/\/balagoo.com\/it\/qualcosa-su-di-noi\/\"]}]},{\"@type\":\"BreadcrumbList\",\"@id\":\"https:\/\/balagoo.com\/it\/qualcosa-su-di-noi\/#breadcrumb\",\"itemListElement\":[{\"@type\":\"ListItem\",\"position\":1,\"name\":\"Home\",\"item\":\"https:\/\/balagoo.com\/it\/\"},{\"@type\":\"ListItem\",\"position\":2,\"name\":\"Chi siamo\"}]}]}<\/script>\n<!-- \/ Yoast SEO plugin. -->","yoast_head_json":{"title":"Chi siamo - BALAGOO","description":"Balagoo.com \u00e8 una partnership tra quattro diversi tour operator siciliani con esperienza pluriennale nel settore.","robots":{"index":"index","follow":"follow","max-snippet":"max-snippet:-1","max-image-preview":"max-image-preview:large","max-video-preview":"max-video-preview:-1"},"canonical":"https:\/\/balagoo.com\/it\/qualcosa-su-di-noi\/","og_locale":"it_IT","og_type":"article","og_title":"Chi siamo - BALAGOO","og_description":"Balagoo.com \u00e8 una partnership tra quattro diversi tour operator siciliani con esperienza pluriennale nel settore.","og_url":"https:\/\/balagoo.com\/it\/qualcosa-su-di-noi\/","og_site_name":"BALAGOO","article_publisher":"https:\/\/www.facebook.com\/palermodaytours","article_modified_time":"2021-05-21T08:06:09+00:00","og_image":[{"url":"https:\/\/balagoo.com\/wp-content\/uploads\/2020\/07\/balagoo_rendered.png"}],"twitter_card":"summary_large_image","twitter_misc":{"Tempo di lettura stimato":"2 minuti"},"schema":{"@context":"https:\/\/schema.org","@graph":[{"@type":"WebSite","@id":"https:\/\/balagoo.com\/#website","url":"https:\/\/balagoo.com\/","name":"BALAGOO","description":"","potentialAction":[{"@type":"SearchAction","target":{"@type":"EntryPoint","urlTemplate":"https:\/\/balagoo.com\/?s={search_term_string}"},"query-input":"required name=search_term_string"}],"inLanguage":"it-IT"},{"@type":"ImageObject","@id":"https:\/\/balagoo.com\/it\/qualcosa-su-di-noi\/#primaryimage","inLanguage":"it-IT","url":"https:\/\/balagoo.com\/wp-content\/uploads\/2020\/07\/balagoo_rendered.png","contentUrl":"https:\/\/balagoo.com\/wp-content\/uploads\/2020\/07\/balagoo_rendered.png","width":222,"height":50},{"@type":"WebPage","@id":"https:\/\/balagoo.com\/it\/qualcosa-su-di-noi\/#webpage","url":"https:\/\/balagoo.com\/it\/qualcosa-su-di-noi\/","name":"Chi siamo - BALAGOO","isPartOf":{"@id":"https:\/\/balagoo.com\/#website"},"primaryImageOfPage":{"@id":"https:\/\/balagoo.com\/it\/qualcosa-su-di-noi\/#primaryimage"},"datePublished":"2021-02-11T15:26:07+00:00","dateModified":"2021-05-21T08:06:09+00:00","description":"Balagoo.com \u00e8 una partnership tra quattro diversi tour operator siciliani con esperienza pluriennale nel settore.","breadcrumb":{"@id":"https:\/\/balagoo.com\/it\/qualcosa-su-di-noi\/#breadcrumb"},"inLanguage":"it-IT","potentialAction":[{"@type":"ReadAction","target":["https:\/\/balagoo.com\/it\/qualcosa-su-di-noi\/"]}]},{"@type":"BreadcrumbList","@id":"https:\/\/balagoo.com\/it\/qualcosa-su-di-noi\/#breadcrumb","itemListElement":[{"@type":"ListItem","position":1,"name":"Home","item":"https:\/\/balagoo.com\/it\/"},{"@type":"ListItem","position":2,"name":"Chi siamo"}]}]}},"_links":{"self":[{"href":"https:\/\/balagoo.com\/it\/wp-json\/wp\/v2\/pages\/1346"}],"collection":[{"href":"https:\/\/balagoo.com\/it\/wp-json\/wp\/v2\/pages"}],"about":[{"href":"https:\/\/balagoo.com\/it\/wp-json\/wp\/v2\/types\/page"}],"author":[{"embeddable":true,"href":"https:\/\/balagoo.com\/it\/wp-json\/wp\/v2\/users\/2"}],"replies":[{"embeddable":true,"href":"https:\/\/balagoo.com\/it\/wp-json\/wp\/v2\/comments?post=1346"}],"version-history":[{"count":8,"href":"https:\/\/balagoo.com\/it\/wp-json\/wp\/v2\/pages\/1346\/revisions"}],"predecessor-version":[{"id":2756,"href":"https:\/\/balagoo.com\/it\/wp-json\/wp\/v2\/pages\/1346\/revisions\/2756"}],"wp:attachment":[{"href":"https:\/\/balagoo.com\/it\/wp-json\/wp\/v2\/media?parent=1346"}],"curies":[{"name":"wp","href":"https:\/\/api.w.org\/{rel}","templated":true}]}}