{"id":2604,"date":"2021-05-10T15:08:16","date_gmt":"2021-05-10T13:08:16","guid":{"rendered":"https:\/\/balagoo.com\/monreale\/"},"modified":"2021-05-21T11:49:38","modified_gmt":"2021-05-21T09:49:38","slug":"monreale","status":"publish","type":"page","link":"https:\/\/balagoo.com\/es\/monreale\/","title":{"rendered":"Monreale"},"content":{"rendered":"\t\t<div data-elementor-type=\"wp-page\" data-elementor-id=\"2604\" class=\"elementor elementor-2604 elementor-2318\" data-elementor-settings=\"[]\">\n\t\t\t\t\t\t<div class=\"elementor-inner\">\n\t\t\t\t\t\t\t<div class=\"elementor-section-wrap\">\n\t\t\t\t\t\t\t<section class=\"elementor-section elementor-top-section elementor-element elementor-element-92629fb elementor-section-boxed elementor-section-height-default elementor-section-height-default\" data-id=\"92629fb\" data-element_type=\"section\">\n\t\t\t\t\t\t<div class=\"elementor-container elementor-column-gap-default\">\n\t\t\t\t\t\t\t<div class=\"elementor-row\">\n\t\t\t\t\t<div class=\"elementor-column elementor-col-100 elementor-top-column elementor-element elementor-element-d5617f7\" data-id=\"d5617f7\" data-element_type=\"column\">\n\t\t\t<div class=\"elementor-column-wrap elementor-element-populated\">\n\t\t\t\t\t\t\t<div class=\"elementor-widget-wrap\">\n\t\t\t\t\t\t\t\t<\/div>\n\t\t\t\t\t<\/div>\n\t\t<\/div>\n\t\t\t\t\t\t\t\t<\/div>\n\t\t\t\t\t<\/div>\n\t\t<\/section>\n\t\t\t\t<section class=\"elementor-section elementor-top-section elementor-element elementor-element-5a60939 elementor-section-boxed elementor-section-height-default elementor-section-height-default\" data-id=\"5a60939\" data-element_type=\"section\">\n\t\t\t\t\t\t<div class=\"elementor-container elementor-column-gap-default\">\n\t\t\t\t\t\t\t<div class=\"elementor-row\">\n\t\t\t\t\t<div class=\"elementor-column elementor-col-50 elementor-top-column elementor-element elementor-element-23cb26e\" data-id=\"23cb26e\" data-element_type=\"column\">\n\t\t\t<div class=\"elementor-column-wrap elementor-element-populated\">\n\t\t\t\t\t\t\t<div class=\"elementor-widget-wrap\">\n\t\t\t\t\t\t<div class=\"elementor-element elementor-element-f394378 elementor-widget elementor-widget-text-editor\" data-id=\"f394378\" data-element_type=\"widget\" data-widget_type=\"text-editor.default\">\n\t\t\t\t<div class=\"elementor-widget-container\">\n\t\t\t\t\t<div class=\"elementor-text-editor elementor-clearfix\"><p><strong>\u00a1Bienvenido a la ciudad m\u00e1s conquistada del mundo!<\/strong><\/p><p>Un legado multicultural en un lugar atemporal donde el norte se encuentra con el sur y el este con el oeste<\/p><p>Est\u00e1 en el aire. Y en las espl\u00e9ndidas iglesias, castillos y palacios. Un toque de lo cl\u00e1sico con un sabor de lo medieval y lo barroco. Incluso la comida es una cacofon\u00eda de sabores pol\u00edglotas de todas las \u00e9pocas: fenicia, griega, cartaginesa, romana, g\u00f3tica, bizantina, \u00e1rabe, normanda, suabia, angevina, aragonesa. Palermo ha sido el hogar de comerciantes fenicios, patricios romanos, emires \u00e1rabes, reyes normandos y al menos dos emperadores medievales del Sacro Imperio Romano, y el esp\u00edritu de cada uno sigue vivo.<\/p><p><strong>Un estilo de diversidad<\/strong><\/p><p>\u00bfQu\u00e9 es palermo? Esta encrucijada ecl\u00e9ctica de la civilizaci\u00f3n mediterr\u00e1nea y del norte de Europa es m\u00e1s que un museo. Es una ciudad vibrante, incluso ca\u00f3tica, cuya cultura \u00fanica ha sido forjada y moldeada por tres milenios de historia emergente de tres continentes. No hay otro lugar en la tierra como Palermo, y descubrir la historia de esta ciudad singular es experimentar algo de los mundos diversos que han creado algo que se ha convertido en su propia cultura.<\/p><\/div>\n\t\t\t\t<\/div>\n\t\t\t\t<\/div>\n\t\t\t\t\t\t<\/div>\n\t\t\t\t\t<\/div>\n\t\t<\/div>\n\t\t\t\t<div class=\"elementor-column elementor-col-50 elementor-top-column elementor-element elementor-element-c9871fd\" data-id=\"c9871fd\" data-element_type=\"column\">\n\t\t\t<div class=\"elementor-column-wrap elementor-element-populated\">\n\t\t\t\t\t\t\t<div class=\"elementor-widget-wrap\">\n\t\t\t\t\t\t<div class=\"elementor-element elementor-element-3640d5f elementor-widget elementor-widget-image\" data-id=\"3640d5f\" data-element_type=\"widget\" data-widget_type=\"image.default\">\n\t\t\t\t<div class=\"elementor-widget-container\">\n\t\t\t\t\t<div class=\"elementor-image\">\n\t\t\t\t\t\t\t\t\t\t<img width=\"285\" height=\"467\" src=\"https:\/\/balagoo.com\/wp-content\/uploads\/2021\/05\/Immagine2.jpg\" class=\"attachment-large size-large\" alt=\"\" loading=\"lazy\" srcset=\"https:\/\/balagoo.com\/wp-content\/uploads\/2021\/05\/Immagine2.jpg 285w, https:\/\/balagoo.com\/wp-content\/uploads\/2021\/05\/Immagine2-183x300.jpg 183w\" sizes=\"(max-width: 285px) 100vw, 285px\" \/>\t\t\t\t\t\t\t\t\t\t\t<\/div>\n\t\t\t\t<\/div>\n\t\t\t\t<\/div>\n\t\t\t\t\t\t<\/div>\n\t\t\t\t\t<\/div>\n\t\t<\/div>\n\t\t\t\t\t\t\t\t<\/div>\n\t\t\t\t\t<\/div>\n\t\t<\/section>\n\t\t\t\t<section class=\"elementor-section elementor-top-section elementor-element elementor-element-ed25346 elementor-section-boxed elementor-section-height-default elementor-section-height-default\" data-id=\"ed25346\" data-element_type=\"section\">\n\t\t\t\t\t\t<div class=\"elementor-container elementor-column-gap-default\">\n\t\t\t\t\t\t\t<div class=\"elementor-row\">\n\t\t\t\t\t<div class=\"elementor-column elementor-col-100 elementor-top-column elementor-element elementor-element-93f4e38\" data-id=\"93f4e38\" data-element_type=\"column\">\n\t\t\t<div class=\"elementor-column-wrap elementor-element-populated\">\n\t\t\t\t\t\t\t<div class=\"elementor-widget-wrap\">\n\t\t\t\t\t\t<div class=\"elementor-element elementor-element-fe18add elementor-widget elementor-widget-text-editor\" data-id=\"fe18add\" data-element_type=\"widget\" data-widget_type=\"text-editor.default\">\n\t\t\t\t<div class=\"elementor-widget-container\">\n\t\t\t\t\t<div class=\"elementor-text-editor elementor-clearfix\"><p>Las calles del antiguo Palermo son un intrigante laberinto de mercados al aire libre, nichos sutiles y secretos olvidados desde hace mucho tiempo, casi una subcultura en s\u00ed mismos. Despu\u00e9s de nueve siglos, los mercados callejeros a\u00fan evocan la atm\u00f3sfera de los zocos \u00e1rabes. Solo las iglesias y palacios barrocos en las mismas calles estrechas te recuerdan que est\u00e1s en Italia, pero \u00abItalia\u00bb ha existido como un concepto moderno solo desde mediados del siglo XIX; Sicilia, gobernada desde Palermo como un emirato fatim\u00ed y luego como un reino normando, trasciende esto por muchos siglos.<\/p><p>El Palacio Normando de Palermo personifica el patrimonio de diversidad de la ciudad. Fue construido por los normandos sobre los cimientos de un castillo \u00e1rabe, al-Kasr. Esto, a su vez, se hab\u00eda construido en el siglo IX en el sitio de una estructura p\u00fanica (fenicia-cartaginesa). La primera capilla de los normandos, construida en estilo rom\u00e1nico muy tarde en el siglo XI, es ahora la \u00abcripta\u00bb debajo de la Capilla Palatina del siglo XII. Hoy todo se puede visitar<\/p><p><strong>M\u00e1s all\u00e1 del \u00abcaparaz\u00f3n dorado\u00bb<\/strong><\/p><p>Por supuesto, ninguna capital real sobrevivi\u00f3 sola, separada de los alrededores rurales que<\/p><p>El pueblo de una isla no debe pasarse por alto: Segesta y su antiguo templo griego, Erice con sus muros p\u00fanicos y fortaleza medieval, la costa de Cefal\u00fa y su catedral medieval, Caccamo con su castillo baronial en una monta\u00f1a, y mucho m\u00e1s. Monreale Abbey est\u00e1 justo al lado, y la colonia fenicia-griega-romana de Solunto est\u00e1 a solo veinte minutos de la ciudad.<\/p><p>Los palermitanos lo llaman la \u00abConca d&#8217;Oro\u00bb, como si fuera una concha dorada de naranjos y huertos de limoneros en las llanuras que rodean esta extensa metr\u00f3poli y se extienden perezosamente hasta la base de las monta\u00f1as rocosas que le dan a la ciudad gran parte de sus escarpadas personaje.<\/p><p>M\u00e1s all\u00e1 de esto, hay un mundo sutil de arroyos, peque\u00f1os lagos y colinas ondulantes en el contexto de picos empinados. Hay los bosques de Ficuzza al sur, las monta\u00f1as Madonie al este y la regi\u00f3n vin\u00edcola de Sicilia al oeste hacia Marsala.<\/p><p>Los primeros habitantes de Sicilia llegaron a ser conocidos como los sikanianos, y de ellos la isla hered\u00f3 su nombre m\u00e1s antiguo, Sikania. Luego vinieron los Sicels y Elymians; Fue este \u00faltimo quien fund\u00f3 la ciudad que se llam\u00f3 Egesta y luego Segesta. Los fenicios fundaron Palermo, que parecen haber llamado Zis, como un puesto comercial, uni\u00e9ndose a Motya y Soluntum. Palermo fue muy disputado durante las guerras griegas y romanas contra Cartago. Los griegos y romanos lo llamaron Panormos, que significa \u00abtodo puerto\u00bb, pero bajo los griegos bizantinos, Panormus era menos importante que Siracusa, la principal ciudad siciliana en la remota frontera de la influencia de Constantinopla. Fue bajo los \u00e1rabes que, como Bal&#8217;harm, la ciudad creci\u00f3 y prosper\u00f3 como nunca antes, convirti\u00e9ndose en una de las ciudades m\u00e1s espl\u00e9ndidas del mundo musulm\u00e1n, superada en su opulencia solo por Bagdad. Durante este per\u00edodo, la poblaci\u00f3n de Sicilia probablemente se duplic\u00f3, con numerosas ciudades fundadas, particularmente en el interior.<\/p><p><strong>La era dorada<\/strong><\/p><p>La llegada de los normandos en 1071 marc\u00f3 el comienzo de una \u00abedad de oro\u00bb que dur\u00f3 hasta la muerte de Federico II en 1250. Se construyeron nuevos castillos a medida que se introdujo el feudalismo, junto con el cristianismo \u00aboccidental\u00bb (catolicismo), pero los reyes normando y suabo en general respetaba los derechos religiosos de todos los sicilianos: normandos, bizantinos, \u00e1rabes, jud\u00edos. Para 1282, en el momento del levantamiento de las V\u00edsperas, esta notable edad de tolerancia era poco m\u00e1s que un recuerdo cari\u00f1oso. La mayor\u00eda de los cristianos bizantinos (ortodoxos) de Palermo, y la mayor\u00eda de los musulmanes, eran cat\u00f3licos romanos, y los jud\u00edos que no se hab\u00edan ido se hab\u00edan convertido en 1495.<\/p><p>Con la introducci\u00f3n del dominio aragon\u00e9s, Sicilia se encontr\u00f3 firmemente arraigada en Occidente, y sigui\u00f3 el dominio espa\u00f1ol. Sicilia, por supuesto, sigui\u00f3 siendo un reino, aunque solo uno de los muchos dominios de los reyes de Espa\u00f1a. Palermo se convirti\u00f3 en sede de la Inquisici\u00f3n. Si el Renacimiento hizo pocos avances aqu\u00ed, el barroco ciertamente lo hizo, y de hecho los historiadores del arte se refieren a un estilo arquitect\u00f3nico llamado \u00abbarroco siciliano\u00bb.<\/p><p><strong>Un sabor de sicilia<\/strong><\/p><p>Hagas lo que hagas en Palermo, incluso si est\u00e1s aqu\u00ed solo un d\u00eda, no pases por alto la cocina local. La comida siciliana lleva la marca de las influencias medievales. Los \u00e1rabes introdujeron la ca\u00f1a de az\u00facar, el arroz y ciertas frutas c\u00edtricas, y los sabores fuertes de la caponata (ensalada de berenjena y alcaparra), arancina (bolas de arroz rellenas), cassata y cannoli (ambos rellenos con una crema dulce de ricota) son sabrosos testimonios de este tipo. de cultura culinaria que evoluciona solo a lo largo de los siglos. Se cree que las alcachofas, cosechadas en invierno y primavera, son originarias de Sicilia, mientras que el cordero y el pez espada son tan populares que casi podr\u00edan considerarse platos \u00abnacionales\u00bb.<\/p><\/div>\n\t\t\t\t<\/div>\n\t\t\t\t<\/div>\n\t\t\t\t\t\t<\/div>\n\t\t\t\t\t<\/div>\n\t\t<\/div>\n\t\t\t\t\t\t\t\t<\/div>\n\t\t\t\t\t<\/div>\n\t\t<\/section>\n\t\t\t\t<section class=\"elementor-section elementor-top-section elementor-element elementor-element-4f9df83 elementor-section-boxed elementor-section-height-default elementor-section-height-default\" data-id=\"4f9df83\" data-element_type=\"section\">\n\t\t\t\t\t\t<div class=\"elementor-container elementor-column-gap-default\">\n\t\t\t\t\t\t\t<div class=\"elementor-row\">\n\t\t\t\t\t<div class=\"elementor-column elementor-col-50 elementor-top-column elementor-element elementor-element-89367b5\" data-id=\"89367b5\" data-element_type=\"column\">\n\t\t\t<div class=\"elementor-column-wrap elementor-element-populated\">\n\t\t\t\t\t\t\t<div class=\"elementor-widget-wrap\">\n\t\t\t\t\t\t<div class=\"elementor-element elementor-element-db49a74 elementor-widget elementor-widget-image\" data-id=\"db49a74\" data-element_type=\"widget\" data-widget_type=\"image.default\">\n\t\t\t\t<div class=\"elementor-widget-container\">\n\t\t\t\t\t<div class=\"elementor-image\">\n\t\t\t\t\t\t\t\t\t\t<img width=\"549\" height=\"845\" src=\"https:\/\/balagoo.com\/wp-content\/uploads\/2021\/05\/Immagine.png\" class=\"attachment-large size-large\" alt=\"\" loading=\"lazy\" srcset=\"https:\/\/balagoo.com\/wp-content\/uploads\/2021\/05\/Immagine.png 549w, https:\/\/balagoo.com\/wp-content\/uploads\/2021\/05\/Immagine-195x300.png 195w\" sizes=\"(max-width: 549px) 100vw, 549px\" \/>\t\t\t\t\t\t\t\t\t\t\t<\/div>\n\t\t\t\t<\/div>\n\t\t\t\t<\/div>\n\t\t\t\t\t\t<\/div>\n\t\t\t\t\t<\/div>\n\t\t<\/div>\n\t\t\t\t<div class=\"elementor-column elementor-col-50 elementor-top-column elementor-element elementor-element-5ea0c3a\" data-id=\"5ea0c3a\" data-element_type=\"column\">\n\t\t\t<div class=\"elementor-column-wrap elementor-element-populated\">\n\t\t\t\t\t\t\t<div class=\"elementor-widget-wrap\">\n\t\t\t\t\t\t<div class=\"elementor-element elementor-element-b136123 elementor-widget elementor-widget-text-editor\" data-id=\"b136123\" data-element_type=\"widget\" data-widget_type=\"text-editor.default\">\n\t\t\t\t<div class=\"elementor-widget-container\">\n\t\t\t\t\t<div class=\"elementor-text-editor elementor-clearfix\"><p>1) Cathedral<br \/>2) Norman Palace &amp; Palatine Chapel<br \/>3) Quattro Canti<br \/>4) Piazza Pretoria Fountain<br \/>5) San Cataldo Church<br \/>6) Martorana Church<br \/>7) Theatine Church<br \/>8) Roman Panormus Site<br \/>9) Carthaginian Necropolis<br \/>10) Cuba Castle<br \/>11) Capuchin \u00abCatacombs\u00bb<br \/>12) Zisa Castle<br \/>13) Steri Castle<br \/>14) Pal. Abatellis Art Gallery<br \/>15) Magione Church<br \/>16) Arab Gate (Oratorio Bianchi)<br \/>17) Spasimo Church<br \/>18) Massimo Opera House<br \/>19) Castle-by-the-Sea<br \/>20) St John of the Hermits<br \/>21) Capo Street Market<br \/>22) Vucciria Street Market<br \/>23) San Domenico Church<br \/>24) Casa Professa Church<br \/>25) Ballar\u00f2 street market<br \/>26) St Francis of Assisi Church<br \/>27) St Anna Modern Art Gallery<br \/>28) Palazzo Mirto<\/p>\n<\/div>\n\t\t\t\t<\/div>\n\t\t\t\t<\/div>\n\t\t\t\t\t\t<\/div>\n\t\t\t\t\t<\/div>\n\t\t<\/div>\n\t\t\t\t\t\t\t\t<\/div>\n\t\t\t\t\t<\/div>\n\t\t<\/section>\n\t\t\t\t\t\t<\/div>\n\t\t\t\t\t\t<\/div>\n\t\t\t\t\t<\/div>\n\t\t","protected":false},"excerpt":{"rendered":"<p>\u00a1Bienvenido a la ciudad m\u00e1s conquistada del mundo! Un legado multicultural en un lugar atemporal donde el norte se encuentra con el sur y el este con el oeste Est\u00e1 en el aire. Y en las espl\u00e9ndidas iglesias, castillos y palacios. Un toque de lo cl\u00e1sico con un sabor de lo medieval y lo barroco. [&hellip;]<\/p>\n","protected":false},"author":2,"featured_media":0,"parent":0,"menu_order":0,"comment_status":"closed","ping_status":"closed","template":"","meta":[],"yoast_head":"<!-- This site is optimized with the Yoast SEO plugin v16.9 - https:\/\/yoast.com\/wordpress\/plugins\/seo\/ -->\n<title>Descubre la Herencia Multicultural de Palermo - BALAGOO<\/title>\n<meta name=\"description\" content=\"Da un salto en la historia con un tour de Palermo, tierra de comerciantes fenicios, emires \u00e1rabes, reyes normandos y emperadores germ\u00e1nicos.\" \/>\n<meta name=\"robots\" content=\"index, follow, max-snippet:-1, max-image-preview:large, max-video-preview:-1\" \/>\n<link rel=\"canonical\" href=\"https:\/\/balagoo.com\/es\/monreale\/\" \/>\n<meta property=\"og:locale\" content=\"es_ES\" \/>\n<meta property=\"og:type\" content=\"article\" \/>\n<meta property=\"og:title\" content=\"Descubre la Herencia Multicultural de Palermo - BALAGOO\" \/>\n<meta property=\"og:description\" content=\"Da un salto en la historia con un tour de Palermo, tierra de comerciantes fenicios, emires \u00e1rabes, reyes normandos y emperadores germ\u00e1nicos.\" \/>\n<meta property=\"og:url\" content=\"https:\/\/balagoo.com\/es\/monreale\/\" \/>\n<meta property=\"og:site_name\" content=\"BALAGOO\" \/>\n<meta property=\"article:publisher\" content=\"https:\/\/www.facebook.com\/palermodaytours\" \/>\n<meta property=\"article:modified_time\" content=\"2021-05-21T09:49:38+00:00\" \/>\n<meta property=\"og:image\" content=\"https:\/\/balagoo.com\/wp-content\/uploads\/2021\/05\/Immagine2.jpg\" \/>\n<meta name=\"twitter:card\" content=\"summary_large_image\" \/>\n<meta name=\"twitter:label1\" content=\"Tiempo de lectura\" \/>\n\t<meta name=\"twitter:data1\" content=\"6 minutos\" \/>\n<script type=\"application\/ld+json\" class=\"yoast-schema-graph\">{\"@context\":\"https:\/\/schema.org\",\"@graph\":[{\"@type\":\"WebSite\",\"@id\":\"https:\/\/balagoo.com\/#website\",\"url\":\"https:\/\/balagoo.com\/\",\"name\":\"BALAGOO\",\"description\":\"\",\"potentialAction\":[{\"@type\":\"SearchAction\",\"target\":{\"@type\":\"EntryPoint\",\"urlTemplate\":\"https:\/\/balagoo.com\/?s={search_term_string}\"},\"query-input\":\"required name=search_term_string\"}],\"inLanguage\":\"es\"},{\"@type\":\"ImageObject\",\"@id\":\"https:\/\/balagoo.com\/es\/monreale\/#primaryimage\",\"inLanguage\":\"es\",\"url\":\"https:\/\/balagoo.com\/wp-content\/uploads\/2021\/05\/Immagine2.jpg\",\"contentUrl\":\"https:\/\/balagoo.com\/wp-content\/uploads\/2021\/05\/Immagine2.jpg\",\"width\":285,\"height\":467},{\"@type\":\"WebPage\",\"@id\":\"https:\/\/balagoo.com\/es\/monreale\/#webpage\",\"url\":\"https:\/\/balagoo.com\/es\/monreale\/\",\"name\":\"Descubre la Herencia Multicultural de Palermo - BALAGOO\",\"isPartOf\":{\"@id\":\"https:\/\/balagoo.com\/#website\"},\"primaryImageOfPage\":{\"@id\":\"https:\/\/balagoo.com\/es\/monreale\/#primaryimage\"},\"datePublished\":\"2021-05-10T13:08:16+00:00\",\"dateModified\":\"2021-05-21T09:49:38+00:00\",\"description\":\"Da un salto en la historia con un tour de Palermo, tierra de comerciantes fenicios, emires \\u00e1rabes, reyes normandos y emperadores germ\\u00e1nicos.\",\"breadcrumb\":{\"@id\":\"https:\/\/balagoo.com\/es\/monreale\/#breadcrumb\"},\"inLanguage\":\"es\",\"potentialAction\":[{\"@type\":\"ReadAction\",\"target\":[\"https:\/\/balagoo.com\/es\/monreale\/\"]}]},{\"@type\":\"BreadcrumbList\",\"@id\":\"https:\/\/balagoo.com\/es\/monreale\/#breadcrumb\",\"itemListElement\":[{\"@type\":\"ListItem\",\"position\":1,\"name\":\"Home\",\"item\":\"https:\/\/balagoo.com\/es\/\"},{\"@type\":\"ListItem\",\"position\":2,\"name\":\"Monreale\"}]}]}<\/script>\n<!-- \/ Yoast SEO plugin. -->","yoast_head_json":{"title":"Descubre la Herencia Multicultural de Palermo - BALAGOO","description":"Da un salto en la historia con un tour de Palermo, tierra de comerciantes fenicios, emires \u00e1rabes, reyes normandos y emperadores germ\u00e1nicos.","robots":{"index":"index","follow":"follow","max-snippet":"max-snippet:-1","max-image-preview":"max-image-preview:large","max-video-preview":"max-video-preview:-1"},"canonical":"https:\/\/balagoo.com\/es\/monreale\/","og_locale":"es_ES","og_type":"article","og_title":"Descubre la Herencia Multicultural de Palermo - BALAGOO","og_description":"Da un salto en la historia con un tour de Palermo, tierra de comerciantes fenicios, emires \u00e1rabes, reyes normandos y emperadores germ\u00e1nicos.","og_url":"https:\/\/balagoo.com\/es\/monreale\/","og_site_name":"BALAGOO","article_publisher":"https:\/\/www.facebook.com\/palermodaytours","article_modified_time":"2021-05-21T09:49:38+00:00","og_image":[{"url":"https:\/\/balagoo.com\/wp-content\/uploads\/2021\/05\/Immagine2.jpg"}],"twitter_card":"summary_large_image","twitter_misc":{"Tiempo de lectura":"6 minutos"},"schema":{"@context":"https:\/\/schema.org","@graph":[{"@type":"WebSite","@id":"https:\/\/balagoo.com\/#website","url":"https:\/\/balagoo.com\/","name":"BALAGOO","description":"","potentialAction":[{"@type":"SearchAction","target":{"@type":"EntryPoint","urlTemplate":"https:\/\/balagoo.com\/?s={search_term_string}"},"query-input":"required name=search_term_string"}],"inLanguage":"es"},{"@type":"ImageObject","@id":"https:\/\/balagoo.com\/es\/monreale\/#primaryimage","inLanguage":"es","url":"https:\/\/balagoo.com\/wp-content\/uploads\/2021\/05\/Immagine2.jpg","contentUrl":"https:\/\/balagoo.com\/wp-content\/uploads\/2021\/05\/Immagine2.jpg","width":285,"height":467},{"@type":"WebPage","@id":"https:\/\/balagoo.com\/es\/monreale\/#webpage","url":"https:\/\/balagoo.com\/es\/monreale\/","name":"Descubre la Herencia Multicultural de Palermo - BALAGOO","isPartOf":{"@id":"https:\/\/balagoo.com\/#website"},"primaryImageOfPage":{"@id":"https:\/\/balagoo.com\/es\/monreale\/#primaryimage"},"datePublished":"2021-05-10T13:08:16+00:00","dateModified":"2021-05-21T09:49:38+00:00","description":"Da un salto en la historia con un tour de Palermo, tierra de comerciantes fenicios, emires \u00e1rabes, reyes normandos y emperadores germ\u00e1nicos.","breadcrumb":{"@id":"https:\/\/balagoo.com\/es\/monreale\/#breadcrumb"},"inLanguage":"es","potentialAction":[{"@type":"ReadAction","target":["https:\/\/balagoo.com\/es\/monreale\/"]}]},{"@type":"BreadcrumbList","@id":"https:\/\/balagoo.com\/es\/monreale\/#breadcrumb","itemListElement":[{"@type":"ListItem","position":1,"name":"Home","item":"https:\/\/balagoo.com\/es\/"},{"@type":"ListItem","position":2,"name":"Monreale"}]}]}},"_links":{"self":[{"href":"https:\/\/balagoo.com\/es\/wp-json\/wp\/v2\/pages\/2604"}],"collection":[{"href":"https:\/\/balagoo.com\/es\/wp-json\/wp\/v2\/pages"}],"about":[{"href":"https:\/\/balagoo.com\/es\/wp-json\/wp\/v2\/types\/page"}],"author":[{"embeddable":true,"href":"https:\/\/balagoo.com\/es\/wp-json\/wp\/v2\/users\/2"}],"replies":[{"embeddable":true,"href":"https:\/\/balagoo.com\/es\/wp-json\/wp\/v2\/comments?post=2604"}],"version-history":[{"count":11,"href":"https:\/\/balagoo.com\/es\/wp-json\/wp\/v2\/pages\/2604\/revisions"}],"predecessor-version":[{"id":2616,"href":"https:\/\/balagoo.com\/es\/wp-json\/wp\/v2\/pages\/2604\/revisions\/2616"}],"wp:attachment":[{"href":"https:\/\/balagoo.com\/es\/wp-json\/wp\/v2\/media?parent=2604"}],"curies":[{"name":"wp","href":"https:\/\/api.w.org\/{rel}","templated":true}]}}