{"id":2581,"date":"2021-05-10T13:57:38","date_gmt":"2021-05-10T11:57:38","guid":{"rendered":"https:\/\/balagoo.com\/taormina\/"},"modified":"2021-05-21T12:08:26","modified_gmt":"2021-05-21T10:08:26","slug":"taormina-es","status":"publish","type":"page","link":"https:\/\/balagoo.com\/es\/taormina-es\/","title":{"rendered":"Taormina"},"content":{"rendered":"\t\t<div data-elementor-type=\"wp-page\" data-elementor-id=\"2581\" class=\"elementor elementor-2581 elementor-2333\" data-elementor-settings=\"[]\">\n\t\t\t\t\t\t<div class=\"elementor-inner\">\n\t\t\t\t\t\t\t<div class=\"elementor-section-wrap\">\n\t\t\t\t\t\t\t<section class=\"elementor-section elementor-top-section elementor-element elementor-element-92629fb elementor-section-boxed elementor-section-height-default elementor-section-height-default\" data-id=\"92629fb\" data-element_type=\"section\">\n\t\t\t\t\t\t<div class=\"elementor-container elementor-column-gap-default\">\n\t\t\t\t\t\t\t<div class=\"elementor-row\">\n\t\t\t\t\t<div class=\"elementor-column elementor-col-100 elementor-top-column elementor-element elementor-element-d5617f7\" data-id=\"d5617f7\" data-element_type=\"column\">\n\t\t\t<div class=\"elementor-column-wrap elementor-element-populated\">\n\t\t\t\t\t\t\t<div class=\"elementor-widget-wrap\">\n\t\t\t\t\t\t\t\t<\/div>\n\t\t\t\t\t<\/div>\n\t\t<\/div>\n\t\t\t\t\t\t\t\t<\/div>\n\t\t\t\t\t<\/div>\n\t\t<\/section>\n\t\t\t\t<section class=\"elementor-section elementor-top-section elementor-element elementor-element-ed25346 elementor-section-boxed elementor-section-height-default elementor-section-height-default\" data-id=\"ed25346\" data-element_type=\"section\">\n\t\t\t\t\t\t<div class=\"elementor-container elementor-column-gap-default\">\n\t\t\t\t\t\t\t<div class=\"elementor-row\">\n\t\t\t\t\t<div class=\"elementor-column elementor-col-100 elementor-top-column elementor-element elementor-element-93f4e38\" data-id=\"93f4e38\" data-element_type=\"column\">\n\t\t\t<div class=\"elementor-column-wrap elementor-element-populated\">\n\t\t\t\t\t\t\t<div class=\"elementor-widget-wrap\">\n\t\t\t\t\t\t<div class=\"elementor-element elementor-element-fe18add elementor-widget elementor-widget-text-editor\" data-id=\"fe18add\" data-element_type=\"widget\" data-widget_type=\"text-editor.default\">\n\t\t\t\t<div class=\"elementor-widget-container\">\n\t\t\t\t\t<div class=\"elementor-text-editor elementor-clearfix\"><p><strong>DESCRIPCI\u00d3N:<\/strong> <\/p><p>Hemos empezado a describir a Taormina, una perla de la aristocracia inglesa del siglo XIX, como un Montecarlo siciliano, sin el casino o la familia real. Pero cualquiera que haya estado en Montecarlo, o incluso Positano (en la costa amalfitana al sur de N\u00e1poles), encontrar\u00e1 a Taormina ligeramente similar pero muy diferente. Durante mucho tiempo ha sido la ciudad tur\u00edstica m\u00e1s famosa de Sicilia. Fue aqu\u00ed, en la rom\u00e1ntica Taormina, donde un autodenominado D.H. Lawrence se inspir\u00f3 para escribir Lady Chatterly&#8217;s Lover, una de las historias de amor m\u00e1s apasionadas y er\u00f3ticas de su \u00e9poca. Taormina tiene calles medievales sinuosas y peque\u00f1os pasajes, cada uno con sus propios secretos: excelentes restaurantes, cafeter\u00edas y helader\u00edas.<\/p><p>Algunos de estos lugares intrigantes son jardines aislados ocultos por muros de piedra, otros est\u00e1n ubicados en terrazas con vistas a la costa o en plazas m\u00e1s p\u00fablicas, pero igualmente agradables. Taormina es hermosa durante el d\u00eda, pero por las noches su atm\u00f3sfera es simplemente encantadora, ya sea que pasee por las calles iluminadas o disfrute de la vista de la costa con una deliciosa cena. Luego est\u00e1 el espect\u00e1culo m\u00e1s raro de los fuegos nocturnos del Monte Etna mientras la lava fluye a lo largo de las laderas cubiertas de nieve de la maravilla natural m\u00e1s grande de Europa, dejando una corriente de vapor y luz a su paso. Dentro de sus eternos muros de piedra, la antigua Taormina tiene fascinantes monumentos arqueol\u00f3gicos y casas medievales como el Palacio Santo Stefano. Magn\u00edficas vistas al mar completan la imagen. La m\u00e1s famosa es la vista al anfiteatro grecorromano, uno de los m\u00e1s grandes de Sicilia, con el Monte Etna y el mar de fondo.<\/p><p>Si est\u00e1 buscando una larga visi\u00f3n de la belleza e historia de Sicilia desde muchos \u00e1ngulos en un solo lugar, Taormina es una buena opci\u00f3n. La ciudad se encuentra en una meseta debajo del monte Tauro, por el que lleva el nombre, donde se encuentran las ruinas de dos fortalezas medievales. El antiguo esplendor griego de Taormina, el encanto medieval y las vistas \u00fanicas del monte Etna y la costa j\u00f3nica le brindan al visitante una impresi\u00f3n duradera de Sicilia.<\/p><p>Taormina fue colonizada por la gente de la cercana Naxos, un antiguo asentamiento griego, alrededor del 395 a. C., en una ciudad S\u00edcula. Estos primeros residentes hab\u00edan huido de la tiran\u00eda de Dionisio el Viejo, quien finalmente conquist\u00f3 Taormina de todos modos, en 392 a. C. La ciudad fue nombrada Tauromenion en 358 a. C., y figura prominentemente en la pol\u00edtica regional de los pr\u00f3ximos dos siglos.<\/p><p>La ciudad apoy\u00f3 a Pirro, rey de Epiro, contra Siracusa en 278 a. C. Fue desde Taormina que dirigi\u00f3 su campa\u00f1a siciliana, con la ayuda de unos diez mil soldados. Sin embargo, Taormina fue una de las primeras ciudades sicilianas en apoyar a Roma durante las Guerras P\u00fanicas. Eunus tom\u00f3 la ciudad durante la revuelta de esclavos, y cuando los romanos finalmente ocuparon la ciudad, masacraron a miles de esclavos.<\/p><p>Taormina floreci\u00f3 en la \u00e9poca de Julio C\u00e9sar, pero sufri\u00f3 mucho bajo Octavio, quien tom\u00f3 represalias contra la ciudad por su apoyo a Pompeyo expulsando a la mayor\u00eda de sus habitantes y ofreciendo sus hogares a los soldados romanos. La prosperidad sigui\u00f3 para los romanos de Taormina.<\/p><p>Ovidio escribi\u00f3 sobre el \u00abdulce salmonete y la anguila tierna\u00bb de las aguas de Taormina. Escribiendo en el primer siglo, Plinio el Viejo elogi\u00f3 los vinos de Taormina. El esplendor de la ciudad, tan evidente incluso hoy, sobrevivi\u00f3 a la ca\u00edda del Imperio Romano, pero su importancia disminuy\u00f3. El castillo \u00absarraceno\u00bb en la cima del monte Tauro probablemente fue construido por los sarracenos sobre una estructura bizantina m\u00e1s antigua, y luego ampliado por los normandos. Otra fortaleza se encontraba en un terreno a\u00fan m\u00e1s alto en el distrito de Castelmola. Las murallas medievales y antiguas de Taormina permanecen muy intactas en la ciudad vieja.<\/p><p>Aunque solo est\u00e1 a unos 200 metros sobre el nivel del mar, Taormina parece mucho m\u00e1s alta. El anfiteatro griego fue construido en el siglo III a. C. y ampliado por los romanos, que ampliaron el escenario y agregaron un techo parcial (ahora destruido). Los asientos reservados existieron incluso en la \u00e9poca griega; Un asiento lleva la inscripci\u00f3n del nombre de Filisteo, esposa de Jer\u00f3nimo II de Siracusa. La vista mundialmente famosa del Monte Etna y el mar m\u00e1s all\u00e1 del teatro es impresionante. El teatro es el sitio de representaciones dram\u00e1ticas durante el verano; Las temporadas de teatro se alternan con las de Segesta, el sitio del otro gran anfiteatro griego de Sicilia.<\/p><p>El ode\u00f3n (odeum), un teatro romano mucho m\u00e1s peque\u00f1o, se encuentra cerca de la Iglesia de Santa Catalina (Santa Caterina), que lo oculta. En el sitio de la Iglesia de Saint Pancras, m\u00e1s all\u00e1 de Porta Messina (la Puerta de Messina) fuera de las murallas medievales de la ciudad, hab\u00eda un templo dedicado a Zeus, cuya pared se incorpor\u00f3 a la estructura actual. (Se cree que San Pancras fue uno de los primeros sacerdotes u obispos de la comunidad cristiana de Taormina). Otro ejemplo del este de Sicilia del fen\u00f3meno de los templos convertidos a iglesias con la introducci\u00f3n del cristianismo es la catedral de Siracusa.<\/p><p>Las indicaciones del antiguo plan de calles de Taormina son evidentes, y se han encontrado pisos de mosaicos romanos en las antiguas villas de la zona. Incluso el Palazzo Corvaia, construido durante el siglo XIV, fue construido sobre cimientos romanos. Taormina tiene un buen museo arqueol\u00f3gico (cerca del anfiteatro), aunque muchos de los hallazgos m\u00e1s importantes de la ciudad se encuentran en otros lugares.<\/p><p>Las calles de Taormina conservan gran parte de su sabor medieval, al igual que muchas de las iglesias y residencias. El \u00abDuomo\u00bb de la ciudad no es en realidad una catedral (como su nombre lo indica), pero una iglesia \u00e1rabe-normanda, construida sobre una estructura paleocristiana anterior, y data del siglo XII. La Badia Vecchia (Antigua Abad\u00eda) es una construcci\u00f3n del siglo XIV. Un icono de mosaico medieval bizantino (ortodoxo) de Theotokos (\u00abMadre de Dios\u00bb) se conserva perfectamente en el pasaje del arco debajo de la Torre del Reloj a lo largo de Corso Umberto I que conduce a la Piazza 9 Aprile. Tambi\u00e9n hay algunas encantadoras estructuras barrocas. Ha habido una presencia brit\u00e1nica y una encantadora iglesia anglicana en Taormina durante muchos a\u00f1os. D. H. Lawrence (1885-1930) viv\u00eda cerca y bas\u00f3 varias de sus historias en eventos locales.<\/p><p>El castillo m\u00e1s grande (en el distrito de Castelmola) domina la ciudad. Ofrece una vista espectacular, aunque est\u00e1 algo distante de Taormina y no est\u00e1 particularmente bien conservado.<\/p><\/div>\n\t\t\t\t<\/div>\n\t\t\t\t<\/div>\n\t\t\t\t\t\t<\/div>\n\t\t\t\t\t<\/div>\n\t\t<\/div>\n\t\t\t\t\t\t\t\t<\/div>\n\t\t\t\t\t<\/div>\n\t\t<\/section>\n\t\t\t\t\t\t<\/div>\n\t\t\t\t\t\t<\/div>\n\t\t\t\t\t<\/div>\n\t\t","protected":false},"excerpt":{"rendered":"<p>DESCRIPCI\u00d3N: Hemos empezado a describir a Taormina, una perla de la aristocracia inglesa del siglo XIX, como un Montecarlo siciliano, sin el casino o la familia real. Pero cualquiera que haya estado en Montecarlo, o incluso Positano (en la costa amalfitana al sur de N\u00e1poles), encontrar\u00e1 a Taormina ligeramente similar pero muy diferente. Durante mucho [&hellip;]<\/p>\n","protected":false},"author":2,"featured_media":0,"parent":0,"menu_order":0,"comment_status":"closed","ping_status":"closed","template":"","meta":[],"yoast_head":"<!-- This site is optimized with the Yoast SEO plugin v16.9 - https:\/\/yoast.com\/wordpress\/plugins\/seo\/ -->\n<title>Descubre la Ciudad Asombrosa de Taormina - BALAGOO<\/title>\n<meta name=\"description\" content=\"Divertida, encantadora, hist\u00f3rica. Haz un tour de Taormina y disfruta lo mejor de Sicilia, rodeado por el anfiteatro griego-romano, las playas rom\u00e1nticas y las callejuelas.\" \/>\n<meta name=\"robots\" content=\"index, follow, max-snippet:-1, max-image-preview:large, max-video-preview:-1\" \/>\n<link rel=\"canonical\" href=\"https:\/\/balagoo.com\/es\/taormina-es\/\" \/>\n<meta property=\"og:locale\" content=\"es_ES\" \/>\n<meta property=\"og:type\" content=\"article\" \/>\n<meta property=\"og:title\" content=\"Descubre la Ciudad Asombrosa de Taormina - BALAGOO\" \/>\n<meta property=\"og:description\" content=\"Divertida, encantadora, hist\u00f3rica. Haz un tour de Taormina y disfruta lo mejor de Sicilia, rodeado por el anfiteatro griego-romano, las playas rom\u00e1nticas y las callejuelas.\" \/>\n<meta property=\"og:url\" content=\"https:\/\/balagoo.com\/es\/taormina-es\/\" \/>\n<meta property=\"og:site_name\" content=\"BALAGOO\" \/>\n<meta property=\"article:publisher\" content=\"https:\/\/www.facebook.com\/palermodaytours\" \/>\n<meta property=\"article:modified_time\" content=\"2021-05-21T10:08:26+00:00\" \/>\n<meta property=\"og:image\" content=\"https:\/\/balagoo.com\/wp-content\/uploads\/2021\/04\/Palermo-La-Cala.jpg\" \/>\n\t<meta property=\"og:image:width\" content=\"1920\" \/>\n\t<meta property=\"og:image:height\" content=\"900\" \/>\n<meta name=\"twitter:card\" content=\"summary_large_image\" \/>\n<meta name=\"twitter:label1\" content=\"Tiempo de lectura\" \/>\n\t<meta name=\"twitter:data1\" content=\"5 minutos\" \/>\n<script type=\"application\/ld+json\" class=\"yoast-schema-graph\">{\"@context\":\"https:\/\/schema.org\",\"@graph\":[{\"@type\":\"WebSite\",\"@id\":\"https:\/\/balagoo.com\/#website\",\"url\":\"https:\/\/balagoo.com\/\",\"name\":\"BALAGOO\",\"description\":\"\",\"potentialAction\":[{\"@type\":\"SearchAction\",\"target\":{\"@type\":\"EntryPoint\",\"urlTemplate\":\"https:\/\/balagoo.com\/?s={search_term_string}\"},\"query-input\":\"required name=search_term_string\"}],\"inLanguage\":\"es\"},{\"@type\":\"WebPage\",\"@id\":\"https:\/\/balagoo.com\/es\/taormina-es\/#webpage\",\"url\":\"https:\/\/balagoo.com\/es\/taormina-es\/\",\"name\":\"Descubre la Ciudad Asombrosa de Taormina - BALAGOO\",\"isPartOf\":{\"@id\":\"https:\/\/balagoo.com\/#website\"},\"datePublished\":\"2021-05-10T11:57:38+00:00\",\"dateModified\":\"2021-05-21T10:08:26+00:00\",\"description\":\"Divertida, encantadora, hist\\u00f3rica. Haz un tour de Taormina y disfruta lo mejor de Sicilia, rodeado por el anfiteatro griego-romano, las playas rom\\u00e1nticas y las callejuelas.\",\"breadcrumb\":{\"@id\":\"https:\/\/balagoo.com\/es\/taormina-es\/#breadcrumb\"},\"inLanguage\":\"es\",\"potentialAction\":[{\"@type\":\"ReadAction\",\"target\":[\"https:\/\/balagoo.com\/es\/taormina-es\/\"]}]},{\"@type\":\"BreadcrumbList\",\"@id\":\"https:\/\/balagoo.com\/es\/taormina-es\/#breadcrumb\",\"itemListElement\":[{\"@type\":\"ListItem\",\"position\":1,\"name\":\"Home\",\"item\":\"https:\/\/balagoo.com\/es\/\"},{\"@type\":\"ListItem\",\"position\":2,\"name\":\"Taormina\"}]}]}<\/script>\n<!-- \/ Yoast SEO plugin. -->","yoast_head_json":{"title":"Descubre la Ciudad Asombrosa de Taormina - BALAGOO","description":"Divertida, encantadora, hist\u00f3rica. Haz un tour de Taormina y disfruta lo mejor de Sicilia, rodeado por el anfiteatro griego-romano, las playas rom\u00e1nticas y las callejuelas.","robots":{"index":"index","follow":"follow","max-snippet":"max-snippet:-1","max-image-preview":"max-image-preview:large","max-video-preview":"max-video-preview:-1"},"canonical":"https:\/\/balagoo.com\/es\/taormina-es\/","og_locale":"es_ES","og_type":"article","og_title":"Descubre la Ciudad Asombrosa de Taormina - BALAGOO","og_description":"Divertida, encantadora, hist\u00f3rica. Haz un tour de Taormina y disfruta lo mejor de Sicilia, rodeado por el anfiteatro griego-romano, las playas rom\u00e1nticas y las callejuelas.","og_url":"https:\/\/balagoo.com\/es\/taormina-es\/","og_site_name":"BALAGOO","article_publisher":"https:\/\/www.facebook.com\/palermodaytours","article_modified_time":"2021-05-21T10:08:26+00:00","og_image":[{"width":1920,"height":900,"url":"https:\/\/balagoo.com\/wp-content\/uploads\/2021\/04\/Palermo-La-Cala.jpg","path":"\/var\/www\/vhosts\/balagoo.com\/httpdocs\/wp-content\/uploads\/2021\/04\/Palermo-La-Cala.jpg","size":"full","id":2073,"alt":"","pixels":1728000,"type":"image\/jpeg"}],"twitter_card":"summary_large_image","twitter_misc":{"Tiempo de lectura":"5 minutos"},"schema":{"@context":"https:\/\/schema.org","@graph":[{"@type":"WebSite","@id":"https:\/\/balagoo.com\/#website","url":"https:\/\/balagoo.com\/","name":"BALAGOO","description":"","potentialAction":[{"@type":"SearchAction","target":{"@type":"EntryPoint","urlTemplate":"https:\/\/balagoo.com\/?s={search_term_string}"},"query-input":"required name=search_term_string"}],"inLanguage":"es"},{"@type":"WebPage","@id":"https:\/\/balagoo.com\/es\/taormina-es\/#webpage","url":"https:\/\/balagoo.com\/es\/taormina-es\/","name":"Descubre la Ciudad Asombrosa de Taormina - BALAGOO","isPartOf":{"@id":"https:\/\/balagoo.com\/#website"},"datePublished":"2021-05-10T11:57:38+00:00","dateModified":"2021-05-21T10:08:26+00:00","description":"Divertida, encantadora, hist\u00f3rica. Haz un tour de Taormina y disfruta lo mejor de Sicilia, rodeado por el anfiteatro griego-romano, las playas rom\u00e1nticas y las callejuelas.","breadcrumb":{"@id":"https:\/\/balagoo.com\/es\/taormina-es\/#breadcrumb"},"inLanguage":"es","potentialAction":[{"@type":"ReadAction","target":["https:\/\/balagoo.com\/es\/taormina-es\/"]}]},{"@type":"BreadcrumbList","@id":"https:\/\/balagoo.com\/es\/taormina-es\/#breadcrumb","itemListElement":[{"@type":"ListItem","position":1,"name":"Home","item":"https:\/\/balagoo.com\/es\/"},{"@type":"ListItem","position":2,"name":"Taormina"}]}]}},"_links":{"self":[{"href":"https:\/\/balagoo.com\/es\/wp-json\/wp\/v2\/pages\/2581"}],"collection":[{"href":"https:\/\/balagoo.com\/es\/wp-json\/wp\/v2\/pages"}],"about":[{"href":"https:\/\/balagoo.com\/es\/wp-json\/wp\/v2\/types\/page"}],"author":[{"embeddable":true,"href":"https:\/\/balagoo.com\/es\/wp-json\/wp\/v2\/users\/2"}],"replies":[{"embeddable":true,"href":"https:\/\/balagoo.com\/es\/wp-json\/wp\/v2\/comments?post=2581"}],"version-history":[{"count":5,"href":"https:\/\/balagoo.com\/es\/wp-json\/wp\/v2\/pages\/2581\/revisions"}],"predecessor-version":[{"id":2586,"href":"https:\/\/balagoo.com\/es\/wp-json\/wp\/v2\/pages\/2581\/revisions\/2586"}],"wp:attachment":[{"href":"https:\/\/balagoo.com\/es\/wp-json\/wp\/v2\/media?parent=2581"}],"curies":[{"name":"wp","href":"https:\/\/api.w.org\/{rel}","templated":true}]}}