{"id":2564,"date":"2021-05-10T13:48:54","date_gmt":"2021-05-10T11:48:54","guid":{"rendered":"https:\/\/balagoo.com\/isola-di-ustica\/"},"modified":"2021-05-21T11:12:22","modified_gmt":"2021-05-21T09:12:22","slug":"isla-de-ustica","status":"publish","type":"page","link":"https:\/\/balagoo.com\/es\/isla-de-ustica\/","title":{"rendered":"Isla de Ustica"},"content":{"rendered":"\t\t<div data-elementor-type=\"wp-page\" data-elementor-id=\"2564\" class=\"elementor elementor-2564 elementor-2353\" data-elementor-settings=\"[]\">\n\t\t\t\t\t\t<div class=\"elementor-inner\">\n\t\t\t\t\t\t\t<div class=\"elementor-section-wrap\">\n\t\t\t\t\t\t\t<section class=\"elementor-section elementor-top-section elementor-element elementor-element-92629fb elementor-section-boxed elementor-section-height-default elementor-section-height-default\" data-id=\"92629fb\" data-element_type=\"section\">\n\t\t\t\t\t\t<div class=\"elementor-container elementor-column-gap-default\">\n\t\t\t\t\t\t\t<div class=\"elementor-row\">\n\t\t\t\t\t<div class=\"elementor-column elementor-col-100 elementor-top-column elementor-element elementor-element-d5617f7\" data-id=\"d5617f7\" data-element_type=\"column\">\n\t\t\t<div class=\"elementor-column-wrap elementor-element-populated\">\n\t\t\t\t\t\t\t<div class=\"elementor-widget-wrap\">\n\t\t\t\t\t\t\t\t<\/div>\n\t\t\t\t\t<\/div>\n\t\t<\/div>\n\t\t\t\t\t\t\t\t<\/div>\n\t\t\t\t\t<\/div>\n\t\t<\/section>\n\t\t\t\t<section class=\"elementor-section elementor-top-section elementor-element elementor-element-ed25346 elementor-section-boxed elementor-section-height-default elementor-section-height-default\" data-id=\"ed25346\" data-element_type=\"section\">\n\t\t\t\t\t\t<div class=\"elementor-container elementor-column-gap-default\">\n\t\t\t\t\t\t\t<div class=\"elementor-row\">\n\t\t\t\t\t<div class=\"elementor-column elementor-col-100 elementor-top-column elementor-element elementor-element-93f4e38\" data-id=\"93f4e38\" data-element_type=\"column\">\n\t\t\t<div class=\"elementor-column-wrap elementor-element-populated\">\n\t\t\t\t\t\t\t<div class=\"elementor-widget-wrap\">\n\t\t\t\t\t\t<div class=\"elementor-element elementor-element-fe18add elementor-widget elementor-widget-text-editor\" data-id=\"fe18add\" data-element_type=\"widget\" data-widget_type=\"text-editor.default\">\n\t\t\t\t<div class=\"elementor-widget-container\">\n\t\t\t\t\t<div class=\"elementor-text-editor elementor-clearfix\"><p><strong>DESCRIPCI\u00d3N:<\/strong> <\/p><p>La peque\u00f1a Ustica flota sola casi 60 km al norte de Palermo en el mar Tirreno. Parte de la cadena volc\u00e1nica e\u00f3lica, la isla es en realidad la punta de un volc\u00e1n sumergido. Las brillantes flores de hibisco rosa y rojo y los cactus espinosos verdes marcan la roca volc\u00e1nica negra de la isla, mientras que dram\u00e1ticas grutas ensucian su costa.<\/p><p>Las aguas circundantes de Ustica, protegidas dentro del \u00c1rea Marina Protetta Isola di Ustica (\u00c1rea Marina Protegida de la Isla de Ustica), se mantienen brillantes y limpias por una corriente atl\u00e1ntica, lo que resulta en un para\u00edso submarino de peces y corales. De hecho, la reserva alberga la mitad de las especies marinas presentes en las aguas del Mediterr\u00e1neo.<\/p><p>Los palermitanos acuden aqu\u00ed en julio y agosto, as\u00ed que considere visitarlos en junio y septiembre para disfrutar de sus activos naturales sin las multitudes.<\/p><p>Ustica es una isla en Sicilia famosa en todo el mundo por su sorprendente fondo marino, rico en paisajes submarinos y en peces. Es la primera reserva natural marina en Italia. 15k hect\u00e1reas de fondo marino protegido, 15 km de costas, divididas en diferentes \u00e1reas de protecci\u00f3n: desde Punta di Megna hasta la Torre dello Spalmatore es una reserva total. La isla es un para\u00edso para el buceo, para confirmar su reputaci\u00f3n en los a\u00f1os 70 Ustica fue elegida como el lugar de un gran desaf\u00edo entre dos grandes buzos libres: el franc\u00e9s Jacques Mayol y el italiano Enzo Maiorca. Ustica est\u00e1 hermanada con un peque\u00f1o planeta entre Marte y J\u00fapiter llamado Ustica tambi\u00e9n. Otro tipo de isla, perdida en el espacio. El nuestro est\u00e1 perdido en el mar Tirreno, a 36 millas al norte de Palermo. Desde Palermo, se tarda dos horas y media en bote o 70 minutos en hidroala para llegar a Ustica. El puerto principal es realmente peque\u00f1o, Cala Santa Margherita. El centro es muy agradable, pero bastante lleno, lleno de demasiados autos.<\/p><p><strong>LA ISLA DEL C\u00cdRCULO:<\/strong><\/p><p>Hablando de historia, Ustica representaba un lugar estrat\u00e9gico para cualquiera: los fenicios, los griegos, los romanos, los piratas sarracenos. Se sabe que es la isla de Circe, la que se convirti\u00f3 en amigos de los cerdos Ulises. Los griegos sol\u00edan llamar a la isla Ostodea, es decir, la casa charnel, debido a los huesos de muchos n\u00e1ufragos. Los romanos sol\u00edan llamarlo Ustum, es decir, quemado, por su naturaleza volc\u00e1nica que lo hace similar a la monta\u00f1a Etna o las islas de Hawai. La primera colonizaci\u00f3n real lleg\u00f3 con los Borbones, en 1759, por Fernando IV. Fue una larga lucha contra piratas sarracenos que devastaron y amenazaron la tierra durante a\u00f1os. Pero despu\u00e9s de todo termin\u00f3 en un para\u00edso agr\u00edcola.<\/p><p><strong>LAS LENTAS FAMOSAS DE USTICA:<\/strong><\/p><p>El intelectual italiano Antonio Gramsci fue encarcelado aqu\u00ed en Ustica durante un tiempo durante el fascismo. Sol\u00eda \u200b\u200bmencionar mucho este lugar en sus cartas a su esposa y cu\u00f1ada. Mencion\u00f3 tambi\u00e9n las lentejas locales, famosas por ser las m\u00e1s peque\u00f1as del mundo. Las lentejas de Castelluccio di Norcia en Umbr\u00eda son ligeramente m\u00e1s grandes y multicolores, mientras que las de Ustica son de color marr\u00f3n uniforme. Certificados por Slow Food , estas lentejas son ricas en hierro, prote\u00ednas y amino\u00e1cidos esenciales. No es necesario remojarlos en agua antes de cocinarlos, porque la c\u00e1scara es extra fina y suave. Gracias a la rica tierra y al clima mediterr\u00e1neo. Otros productos locales son los frijoles fava, los garbanzos y los frijoles. Raz\u00f3n por la cual uno de los platos locales m\u00e1s famosos es el llamado macco di fave, hecho con habas secas e hinojo silvestre. Caminando por la isla, hay huertos por todas partes, desde tomates hasta calabazas. \u00a1Me encant\u00f3 tanto el interior agr\u00edcola! La isla es bastante peque\u00f1a, de menos de 9 hect\u00e1reas de ancho, y es un lugar real, con 1200 personas que realmente viven all\u00ed. El turismo es su primer objetivo.<\/p><\/div>\n\t\t\t\t<\/div>\n\t\t\t\t<\/div>\n\t\t\t\t\t\t<\/div>\n\t\t\t\t\t<\/div>\n\t\t<\/div>\n\t\t\t\t\t\t\t\t<\/div>\n\t\t\t\t\t<\/div>\n\t\t<\/section>\n\t\t\t\t\t\t<\/div>\n\t\t\t\t\t\t<\/div>\n\t\t\t\t\t<\/div>\n\t\t","protected":false},"excerpt":{"rendered":"<p>DESCRIPCI\u00d3N: La peque\u00f1a Ustica flota sola casi 60 km al norte de Palermo en el mar Tirreno. Parte de la cadena volc\u00e1nica e\u00f3lica, la isla es en realidad la punta de un volc\u00e1n sumergido. Las brillantes flores de hibisco rosa y rojo y los cactus espinosos verdes marcan la roca volc\u00e1nica negra de la isla, [&hellip;]<\/p>\n","protected":false},"author":2,"featured_media":0,"parent":0,"menu_order":0,"comment_status":"closed","ping_status":"closed","template":"","meta":[],"yoast_head":"<!-- This site is optimized with the Yoast SEO plugin v16.9 - https:\/\/yoast.com\/wordpress\/plugins\/seo\/ -->\n<title>Descubre las Maravillas de la Isla de Ustica - BALAGOO<\/title>\n<meta name=\"description\" content=\"Haz un tour en la belleza selvaje de la naturaleza, el mar turqu\u00e9s y el color de las rocas vulc\u00e1nicas. Disfruta en Cala Sidoti y la Grotta Azzurra.\" \/>\n<meta name=\"robots\" content=\"index, follow, max-snippet:-1, max-image-preview:large, max-video-preview:-1\" \/>\n<link rel=\"canonical\" href=\"https:\/\/balagoo.com\/es\/isla-de-ustica\/\" \/>\n<meta property=\"og:locale\" content=\"es_ES\" \/>\n<meta property=\"og:type\" content=\"article\" \/>\n<meta property=\"og:title\" content=\"Descubre las Maravillas de la Isla de Ustica - BALAGOO\" \/>\n<meta property=\"og:description\" content=\"Haz un tour en la belleza selvaje de la naturaleza, el mar turqu\u00e9s y el color de las rocas vulc\u00e1nicas. Disfruta en Cala Sidoti y la Grotta Azzurra.\" \/>\n<meta property=\"og:url\" content=\"https:\/\/balagoo.com\/es\/isla-de-ustica\/\" \/>\n<meta property=\"og:site_name\" content=\"BALAGOO\" \/>\n<meta property=\"article:publisher\" content=\"https:\/\/www.facebook.com\/palermodaytours\" \/>\n<meta property=\"article:modified_time\" content=\"2021-05-21T09:12:22+00:00\" \/>\n<meta property=\"og:image\" content=\"https:\/\/balagoo.com\/wp-content\/uploads\/2021\/04\/Palermo-La-Cala.jpg\" \/>\n\t<meta property=\"og:image:width\" content=\"1920\" \/>\n\t<meta property=\"og:image:height\" content=\"900\" \/>\n<meta name=\"twitter:card\" content=\"summary_large_image\" \/>\n<meta name=\"twitter:label1\" content=\"Tiempo de lectura\" \/>\n\t<meta name=\"twitter:data1\" content=\"3 minutos\" \/>\n<script type=\"application\/ld+json\" class=\"yoast-schema-graph\">{\"@context\":\"https:\/\/schema.org\",\"@graph\":[{\"@type\":\"WebSite\",\"@id\":\"https:\/\/balagoo.com\/#website\",\"url\":\"https:\/\/balagoo.com\/\",\"name\":\"BALAGOO\",\"description\":\"\",\"potentialAction\":[{\"@type\":\"SearchAction\",\"target\":{\"@type\":\"EntryPoint\",\"urlTemplate\":\"https:\/\/balagoo.com\/?s={search_term_string}\"},\"query-input\":\"required name=search_term_string\"}],\"inLanguage\":\"es\"},{\"@type\":\"WebPage\",\"@id\":\"https:\/\/balagoo.com\/es\/isla-de-ustica\/#webpage\",\"url\":\"https:\/\/balagoo.com\/es\/isla-de-ustica\/\",\"name\":\"Descubre las Maravillas de la Isla de Ustica - BALAGOO\",\"isPartOf\":{\"@id\":\"https:\/\/balagoo.com\/#website\"},\"datePublished\":\"2021-05-10T11:48:54+00:00\",\"dateModified\":\"2021-05-21T09:12:22+00:00\",\"description\":\"Haz un tour en la belleza selvaje de la naturaleza, el mar turqu\\u00e9s y el color de las rocas vulc\\u00e1nicas. Disfruta en Cala Sidoti y la Grotta Azzurra.\",\"breadcrumb\":{\"@id\":\"https:\/\/balagoo.com\/es\/isla-de-ustica\/#breadcrumb\"},\"inLanguage\":\"es\",\"potentialAction\":[{\"@type\":\"ReadAction\",\"target\":[\"https:\/\/balagoo.com\/es\/isla-de-ustica\/\"]}]},{\"@type\":\"BreadcrumbList\",\"@id\":\"https:\/\/balagoo.com\/es\/isla-de-ustica\/#breadcrumb\",\"itemListElement\":[{\"@type\":\"ListItem\",\"position\":1,\"name\":\"Home\",\"item\":\"https:\/\/balagoo.com\/es\/\"},{\"@type\":\"ListItem\",\"position\":2,\"name\":\"Isla de Ustica\"}]}]}<\/script>\n<!-- \/ Yoast SEO plugin. -->","yoast_head_json":{"title":"Descubre las Maravillas de la Isla de Ustica - BALAGOO","description":"Haz un tour en la belleza selvaje de la naturaleza, el mar turqu\u00e9s y el color de las rocas vulc\u00e1nicas. Disfruta en Cala Sidoti y la Grotta Azzurra.","robots":{"index":"index","follow":"follow","max-snippet":"max-snippet:-1","max-image-preview":"max-image-preview:large","max-video-preview":"max-video-preview:-1"},"canonical":"https:\/\/balagoo.com\/es\/isla-de-ustica\/","og_locale":"es_ES","og_type":"article","og_title":"Descubre las Maravillas de la Isla de Ustica - BALAGOO","og_description":"Haz un tour en la belleza selvaje de la naturaleza, el mar turqu\u00e9s y el color de las rocas vulc\u00e1nicas. Disfruta en Cala Sidoti y la Grotta Azzurra.","og_url":"https:\/\/balagoo.com\/es\/isla-de-ustica\/","og_site_name":"BALAGOO","article_publisher":"https:\/\/www.facebook.com\/palermodaytours","article_modified_time":"2021-05-21T09:12:22+00:00","og_image":[{"width":1920,"height":900,"url":"https:\/\/balagoo.com\/wp-content\/uploads\/2021\/04\/Palermo-La-Cala.jpg","path":"\/var\/www\/vhosts\/balagoo.com\/httpdocs\/wp-content\/uploads\/2021\/04\/Palermo-La-Cala.jpg","size":"full","id":2073,"alt":"","pixels":1728000,"type":"image\/jpeg"}],"twitter_card":"summary_large_image","twitter_misc":{"Tiempo de lectura":"3 minutos"},"schema":{"@context":"https:\/\/schema.org","@graph":[{"@type":"WebSite","@id":"https:\/\/balagoo.com\/#website","url":"https:\/\/balagoo.com\/","name":"BALAGOO","description":"","potentialAction":[{"@type":"SearchAction","target":{"@type":"EntryPoint","urlTemplate":"https:\/\/balagoo.com\/?s={search_term_string}"},"query-input":"required name=search_term_string"}],"inLanguage":"es"},{"@type":"WebPage","@id":"https:\/\/balagoo.com\/es\/isla-de-ustica\/#webpage","url":"https:\/\/balagoo.com\/es\/isla-de-ustica\/","name":"Descubre las Maravillas de la Isla de Ustica - BALAGOO","isPartOf":{"@id":"https:\/\/balagoo.com\/#website"},"datePublished":"2021-05-10T11:48:54+00:00","dateModified":"2021-05-21T09:12:22+00:00","description":"Haz un tour en la belleza selvaje de la naturaleza, el mar turqu\u00e9s y el color de las rocas vulc\u00e1nicas. Disfruta en Cala Sidoti y la Grotta Azzurra.","breadcrumb":{"@id":"https:\/\/balagoo.com\/es\/isla-de-ustica\/#breadcrumb"},"inLanguage":"es","potentialAction":[{"@type":"ReadAction","target":["https:\/\/balagoo.com\/es\/isla-de-ustica\/"]}]},{"@type":"BreadcrumbList","@id":"https:\/\/balagoo.com\/es\/isla-de-ustica\/#breadcrumb","itemListElement":[{"@type":"ListItem","position":1,"name":"Home","item":"https:\/\/balagoo.com\/es\/"},{"@type":"ListItem","position":2,"name":"Isla de Ustica"}]}]}},"_links":{"self":[{"href":"https:\/\/balagoo.com\/es\/wp-json\/wp\/v2\/pages\/2564"}],"collection":[{"href":"https:\/\/balagoo.com\/es\/wp-json\/wp\/v2\/pages"}],"about":[{"href":"https:\/\/balagoo.com\/es\/wp-json\/wp\/v2\/types\/page"}],"author":[{"embeddable":true,"href":"https:\/\/balagoo.com\/es\/wp-json\/wp\/v2\/users\/2"}],"replies":[{"embeddable":true,"href":"https:\/\/balagoo.com\/es\/wp-json\/wp\/v2\/comments?post=2564"}],"version-history":[{"count":8,"href":"https:\/\/balagoo.com\/es\/wp-json\/wp\/v2\/pages\/2564\/revisions"}],"predecessor-version":[{"id":2572,"href":"https:\/\/balagoo.com\/es\/wp-json\/wp\/v2\/pages\/2564\/revisions\/2572"}],"wp:attachment":[{"href":"https:\/\/balagoo.com\/es\/wp-json\/wp\/v2\/media?parent=2564"}],"curies":[{"name":"wp","href":"https:\/\/api.w.org\/{rel}","templated":true}]}}