{"id":2544,"date":"2021-05-10T13:34:22","date_gmt":"2021-05-10T11:34:22","guid":{"rendered":"https:\/\/balagoo.com\/isola-di-mozia\/"},"modified":"2021-05-21T11:01:28","modified_gmt":"2021-05-21T09:01:28","slug":"isla-de-mothia","status":"publish","type":"page","link":"https:\/\/balagoo.com\/es\/isla-de-mothia\/","title":{"rendered":"Isla de Mothia"},"content":{"rendered":"\t\t<div data-elementor-type=\"wp-page\" data-elementor-id=\"2544\" class=\"elementor elementor-2544 elementor-2348\" data-elementor-settings=\"[]\">\n\t\t\t\t\t\t<div class=\"elementor-inner\">\n\t\t\t\t\t\t\t<div class=\"elementor-section-wrap\">\n\t\t\t\t\t\t\t<section class=\"elementor-section elementor-top-section elementor-element elementor-element-92629fb elementor-section-boxed elementor-section-height-default elementor-section-height-default\" data-id=\"92629fb\" data-element_type=\"section\">\n\t\t\t\t\t\t<div class=\"elementor-container elementor-column-gap-default\">\n\t\t\t\t\t\t\t<div class=\"elementor-row\">\n\t\t\t\t\t<div class=\"elementor-column elementor-col-100 elementor-top-column elementor-element elementor-element-d5617f7\" data-id=\"d5617f7\" data-element_type=\"column\">\n\t\t\t<div class=\"elementor-column-wrap elementor-element-populated\">\n\t\t\t\t\t\t\t<div class=\"elementor-widget-wrap\">\n\t\t\t\t\t\t\t\t<\/div>\n\t\t\t\t\t<\/div>\n\t\t<\/div>\n\t\t\t\t\t\t\t\t<\/div>\n\t\t\t\t\t<\/div>\n\t\t<\/section>\n\t\t\t\t<section class=\"elementor-section elementor-top-section elementor-element elementor-element-ed25346 elementor-section-boxed elementor-section-height-default elementor-section-height-default\" data-id=\"ed25346\" data-element_type=\"section\">\n\t\t\t\t\t\t<div class=\"elementor-container elementor-column-gap-default\">\n\t\t\t\t\t\t\t<div class=\"elementor-row\">\n\t\t\t\t\t<div class=\"elementor-column elementor-col-100 elementor-top-column elementor-element elementor-element-93f4e38\" data-id=\"93f4e38\" data-element_type=\"column\">\n\t\t\t<div class=\"elementor-column-wrap elementor-element-populated\">\n\t\t\t\t\t\t\t<div class=\"elementor-widget-wrap\">\n\t\t\t\t\t\t<div class=\"elementor-element elementor-element-fe18add elementor-widget elementor-widget-text-editor\" data-id=\"fe18add\" data-element_type=\"widget\" data-widget_type=\"text-editor.default\">\n\t\t\t\t<div class=\"elementor-widget-container\">\n\t\t\t\t\t<div class=\"elementor-text-editor elementor-clearfix\"><p><strong>DESCRIPCI\u00d3N:<\/strong> <\/p><p>Esta peque\u00f1a isla cerca de la costa al norte de Marsala fue el hogar de la colonia fenicia que fue expulsada en 379 a. C. y fund\u00f3 Lilibeo (Marsala). El papel de la isla en los eventos del per\u00edodo fenicio (antes del 600 a. C.) trascendi\u00f3 su diminuto tama\u00f1o. Los fenicios eran un pueblo semita marinero de lo que ahora es Siria y el L\u00edbano; fundaron Cartago y otras comunidades costeras del Mediterr\u00e1neo, como Mozia. Por lo tanto, era natural que Mozia, y luego Lilibeo, se pusieran del lado de Cartago en las guerras contra los griegos. Ir\u00f3nicamente, los propios griegos deb\u00edan mucho, incluso una gran parte de su idioma y alfabeto, a los primeros fenicios, a pesar de sus posteriores diferencias pol\u00edticas con los cartagineses.<\/p><p>La isla de Mozia, propiedad de una fundaci\u00f3n establecida por la familia vitivin\u00edcola Whitaker (que construy\u00f3 la Iglesia Anglicana y Villa Malfitano en Palermo), posee un museo notable y las ruinas de una civilizaci\u00f3n igualmente notable, con un puerto y cementerio. Algunos de los hallazgos que se exhiben en el museo tienen una clara influencia egipcia, mientras que otros parecen casos hel\u00e9nicos. As\u00ed que algunos de estos art\u00edculos fueron tra\u00eddos a Mozia desde Asia Menor, otros se hicieron localmente. Mozia y su museo \u00fanico le brindan al visitante una rara visi\u00f3n del pasado fenicio de Sicilia.<\/p><p>Mozia fue fundada antes del 700 a. C. en la isla ahora conocida como San Pantaleo en una gran laguna (\u00abStagnone\u00bb). Surgi\u00f3 como una de las colonias m\u00e1s pr\u00f3speras de la d\u00e9bil confederaci\u00f3n mediterr\u00e1nea de los fenicios. Las caracter\u00edsticas m\u00e1s notables son las fortificaciones, un camino sumergido que sol\u00eda unir la isla con el continente, cerca de Birgi, el cothon (o la cuenca de drenaje y el puerto) y los principales santuarios, en particular el tophet, donde quedan restos quemados de ofrendas y donde se realizaban sacrificios en honor del dios Baal Hammon. Miles de estelas talladas fueron descubiertas aqu\u00ed, y estas son la evidencia m\u00e1s convincente de la escultura p\u00fanica. La parte m\u00e1s antigua del \u00e1rea industrial de la antigua Mozia incluye varios hornos semicirculares, id\u00e9nticos en construcci\u00f3n a los hornos de cer\u00e1mica m\u00e1s antiguos utilizados en Fenicia.<\/p><p>Los historiadores generalmente est\u00e1n de acuerdo en que los ataques m\u00e1s violentos del ej\u00e9rcito de Siracusa probablemente ocurrieron cerca de la puerta norte, terminando en derrota y saqueo en el 397 a. C.<\/p><\/div>\n\t\t\t\t<\/div>\n\t\t\t\t<\/div>\n\t\t\t\t\t\t<\/div>\n\t\t\t\t\t<\/div>\n\t\t<\/div>\n\t\t\t\t\t\t\t\t<\/div>\n\t\t\t\t\t<\/div>\n\t\t<\/section>\n\t\t\t\t\t\t<\/div>\n\t\t\t\t\t\t<\/div>\n\t\t\t\t\t<\/div>\n\t\t","protected":false},"excerpt":{"rendered":"<p>DESCRIPCI\u00d3N: Esta peque\u00f1a isla cerca de la costa al norte de Marsala fue el hogar de la colonia fenicia que fue expulsada en 379 a. C. y fund\u00f3 Lilibeo (Marsala). El papel de la isla en los eventos del per\u00edodo fenicio (antes del 600 a. C.) trascendi\u00f3 su diminuto tama\u00f1o. Los fenicios eran un pueblo [&hellip;]<\/p>\n","protected":false},"author":2,"featured_media":0,"parent":0,"menu_order":0,"comment_status":"closed","ping_status":"closed","template":"","meta":[],"yoast_head":"<!-- This site is optimized with the Yoast SEO plugin v16.9 - https:\/\/yoast.com\/wordpress\/plugins\/seo\/ -->\n<title>Disfruta con vino, sal e historia en la Isla de Mothia - BALAGOO<\/title>\n<meta name=\"description\" content=\"Sum\u00e9rgete en vino, sal e historia con una excursi\u00f3n en la Isla de Mothia, gestionada por la fundaci\u00f3n de la familia vin\u00edcola Whitaker.\" \/>\n<meta name=\"robots\" content=\"index, follow, max-snippet:-1, max-image-preview:large, max-video-preview:-1\" \/>\n<link rel=\"canonical\" href=\"https:\/\/balagoo.com\/es\/isla-de-mothia\/\" \/>\n<meta property=\"og:locale\" content=\"es_ES\" \/>\n<meta property=\"og:type\" content=\"article\" \/>\n<meta property=\"og:title\" content=\"Disfruta con vino, sal e historia en la Isla de Mothia - BALAGOO\" \/>\n<meta property=\"og:description\" content=\"Sum\u00e9rgete en vino, sal e historia con una excursi\u00f3n en la Isla de Mothia, gestionada por la fundaci\u00f3n de la familia vin\u00edcola Whitaker.\" \/>\n<meta property=\"og:url\" content=\"https:\/\/balagoo.com\/es\/isla-de-mothia\/\" \/>\n<meta property=\"og:site_name\" content=\"BALAGOO\" \/>\n<meta property=\"article:publisher\" content=\"https:\/\/www.facebook.com\/palermodaytours\" \/>\n<meta property=\"article:modified_time\" content=\"2021-05-21T09:01:28+00:00\" \/>\n<meta property=\"og:image\" content=\"https:\/\/balagoo.com\/wp-content\/uploads\/2021\/04\/Palermo-La-Cala.jpg\" \/>\n\t<meta property=\"og:image:width\" content=\"1920\" \/>\n\t<meta property=\"og:image:height\" content=\"900\" \/>\n<meta name=\"twitter:card\" content=\"summary_large_image\" \/>\n<meta name=\"twitter:label1\" content=\"Tiempo de lectura\" \/>\n\t<meta name=\"twitter:data1\" content=\"2 minutos\" \/>\n<script type=\"application\/ld+json\" class=\"yoast-schema-graph\">{\"@context\":\"https:\/\/schema.org\",\"@graph\":[{\"@type\":\"WebSite\",\"@id\":\"https:\/\/balagoo.com\/#website\",\"url\":\"https:\/\/balagoo.com\/\",\"name\":\"BALAGOO\",\"description\":\"\",\"potentialAction\":[{\"@type\":\"SearchAction\",\"target\":{\"@type\":\"EntryPoint\",\"urlTemplate\":\"https:\/\/balagoo.com\/?s={search_term_string}\"},\"query-input\":\"required name=search_term_string\"}],\"inLanguage\":\"es\"},{\"@type\":\"WebPage\",\"@id\":\"https:\/\/balagoo.com\/es\/isla-de-mothia\/#webpage\",\"url\":\"https:\/\/balagoo.com\/es\/isla-de-mothia\/\",\"name\":\"Disfruta con vino, sal e historia en la Isla de Mothia - BALAGOO\",\"isPartOf\":{\"@id\":\"https:\/\/balagoo.com\/#website\"},\"datePublished\":\"2021-05-10T11:34:22+00:00\",\"dateModified\":\"2021-05-21T09:01:28+00:00\",\"description\":\"Sum\\u00e9rgete en vino, sal e historia con una excursi\\u00f3n en la Isla de Mothia, gestionada por la fundaci\\u00f3n de la familia vin\\u00edcola Whitaker.\",\"breadcrumb\":{\"@id\":\"https:\/\/balagoo.com\/es\/isla-de-mothia\/#breadcrumb\"},\"inLanguage\":\"es\",\"potentialAction\":[{\"@type\":\"ReadAction\",\"target\":[\"https:\/\/balagoo.com\/es\/isla-de-mothia\/\"]}]},{\"@type\":\"BreadcrumbList\",\"@id\":\"https:\/\/balagoo.com\/es\/isla-de-mothia\/#breadcrumb\",\"itemListElement\":[{\"@type\":\"ListItem\",\"position\":1,\"name\":\"Home\",\"item\":\"https:\/\/balagoo.com\/es\/\"},{\"@type\":\"ListItem\",\"position\":2,\"name\":\"Isla de Mothia\"}]}]}<\/script>\n<!-- \/ Yoast SEO plugin. -->","yoast_head_json":{"title":"Disfruta con vino, sal e historia en la Isla de Mothia - BALAGOO","description":"Sum\u00e9rgete en vino, sal e historia con una excursi\u00f3n en la Isla de Mothia, gestionada por la fundaci\u00f3n de la familia vin\u00edcola Whitaker.","robots":{"index":"index","follow":"follow","max-snippet":"max-snippet:-1","max-image-preview":"max-image-preview:large","max-video-preview":"max-video-preview:-1"},"canonical":"https:\/\/balagoo.com\/es\/isla-de-mothia\/","og_locale":"es_ES","og_type":"article","og_title":"Disfruta con vino, sal e historia en la Isla de Mothia - BALAGOO","og_description":"Sum\u00e9rgete en vino, sal e historia con una excursi\u00f3n en la Isla de Mothia, gestionada por la fundaci\u00f3n de la familia vin\u00edcola Whitaker.","og_url":"https:\/\/balagoo.com\/es\/isla-de-mothia\/","og_site_name":"BALAGOO","article_publisher":"https:\/\/www.facebook.com\/palermodaytours","article_modified_time":"2021-05-21T09:01:28+00:00","og_image":[{"width":1920,"height":900,"url":"https:\/\/balagoo.com\/wp-content\/uploads\/2021\/04\/Palermo-La-Cala.jpg","path":"\/var\/www\/vhosts\/balagoo.com\/httpdocs\/wp-content\/uploads\/2021\/04\/Palermo-La-Cala.jpg","size":"full","id":2073,"alt":"","pixels":1728000,"type":"image\/jpeg"}],"twitter_card":"summary_large_image","twitter_misc":{"Tiempo de lectura":"2 minutos"},"schema":{"@context":"https:\/\/schema.org","@graph":[{"@type":"WebSite","@id":"https:\/\/balagoo.com\/#website","url":"https:\/\/balagoo.com\/","name":"BALAGOO","description":"","potentialAction":[{"@type":"SearchAction","target":{"@type":"EntryPoint","urlTemplate":"https:\/\/balagoo.com\/?s={search_term_string}"},"query-input":"required name=search_term_string"}],"inLanguage":"es"},{"@type":"WebPage","@id":"https:\/\/balagoo.com\/es\/isla-de-mothia\/#webpage","url":"https:\/\/balagoo.com\/es\/isla-de-mothia\/","name":"Disfruta con vino, sal e historia en la Isla de Mothia - BALAGOO","isPartOf":{"@id":"https:\/\/balagoo.com\/#website"},"datePublished":"2021-05-10T11:34:22+00:00","dateModified":"2021-05-21T09:01:28+00:00","description":"Sum\u00e9rgete en vino, sal e historia con una excursi\u00f3n en la Isla de Mothia, gestionada por la fundaci\u00f3n de la familia vin\u00edcola Whitaker.","breadcrumb":{"@id":"https:\/\/balagoo.com\/es\/isla-de-mothia\/#breadcrumb"},"inLanguage":"es","potentialAction":[{"@type":"ReadAction","target":["https:\/\/balagoo.com\/es\/isla-de-mothia\/"]}]},{"@type":"BreadcrumbList","@id":"https:\/\/balagoo.com\/es\/isla-de-mothia\/#breadcrumb","itemListElement":[{"@type":"ListItem","position":1,"name":"Home","item":"https:\/\/balagoo.com\/es\/"},{"@type":"ListItem","position":2,"name":"Isla de Mothia"}]}]}},"_links":{"self":[{"href":"https:\/\/balagoo.com\/es\/wp-json\/wp\/v2\/pages\/2544"}],"collection":[{"href":"https:\/\/balagoo.com\/es\/wp-json\/wp\/v2\/pages"}],"about":[{"href":"https:\/\/balagoo.com\/es\/wp-json\/wp\/v2\/types\/page"}],"author":[{"embeddable":true,"href":"https:\/\/balagoo.com\/es\/wp-json\/wp\/v2\/users\/2"}],"replies":[{"embeddable":true,"href":"https:\/\/balagoo.com\/es\/wp-json\/wp\/v2\/comments?post=2544"}],"version-history":[{"count":8,"href":"https:\/\/balagoo.com\/es\/wp-json\/wp\/v2\/pages\/2544\/revisions"}],"predecessor-version":[{"id":2552,"href":"https:\/\/balagoo.com\/es\/wp-json\/wp\/v2\/pages\/2544\/revisions\/2552"}],"wp:attachment":[{"href":"https:\/\/balagoo.com\/es\/wp-json\/wp\/v2\/media?parent=2544"}],"curies":[{"name":"wp","href":"https:\/\/api.w.org\/{rel}","templated":true}]}}