{"id":2523,"date":"2021-05-10T13:12:31","date_gmt":"2021-05-10T11:12:31","guid":{"rendered":"https:\/\/balagoo.com\/isola-di-favignana\/"},"modified":"2021-05-21T16:30:31","modified_gmt":"2021-05-21T14:30:31","slug":"isla-favignana","status":"publish","type":"page","link":"https:\/\/balagoo.com\/es\/isla-favignana\/","title":{"rendered":"Isla de Favignana"},"content":{"rendered":"\t\t<div data-elementor-type=\"wp-page\" data-elementor-id=\"2523\" class=\"elementor elementor-2523 elementor-2343\" data-elementor-settings=\"[]\">\n\t\t\t\t\t\t<div class=\"elementor-inner\">\n\t\t\t\t\t\t\t<div class=\"elementor-section-wrap\">\n\t\t\t\t\t\t\t<section class=\"elementor-section elementor-top-section elementor-element elementor-element-92629fb elementor-section-boxed elementor-section-height-default elementor-section-height-default\" data-id=\"92629fb\" data-element_type=\"section\">\n\t\t\t\t\t\t<div class=\"elementor-container elementor-column-gap-default\">\n\t\t\t\t\t\t\t<div class=\"elementor-row\">\n\t\t\t\t\t<div class=\"elementor-column elementor-col-100 elementor-top-column elementor-element elementor-element-d5617f7\" data-id=\"d5617f7\" data-element_type=\"column\">\n\t\t\t<div class=\"elementor-column-wrap elementor-element-populated\">\n\t\t\t\t\t\t\t<div class=\"elementor-widget-wrap\">\n\t\t\t\t\t\t\t\t<\/div>\n\t\t\t\t\t<\/div>\n\t\t<\/div>\n\t\t\t\t\t\t\t\t<\/div>\n\t\t\t\t\t<\/div>\n\t\t<\/section>\n\t\t\t\t<section class=\"elementor-section elementor-top-section elementor-element elementor-element-ed25346 elementor-section-boxed elementor-section-height-default elementor-section-height-default\" data-id=\"ed25346\" data-element_type=\"section\">\n\t\t\t\t\t\t<div class=\"elementor-container elementor-column-gap-default\">\n\t\t\t\t\t\t\t<div class=\"elementor-row\">\n\t\t\t\t\t<div class=\"elementor-column elementor-col-100 elementor-top-column elementor-element elementor-element-93f4e38\" data-id=\"93f4e38\" data-element_type=\"column\">\n\t\t\t<div class=\"elementor-column-wrap elementor-element-populated\">\n\t\t\t\t\t\t\t<div class=\"elementor-widget-wrap\">\n\t\t\t\t\t\t<div class=\"elementor-element elementor-element-fe18add elementor-widget elementor-widget-text-editor\" data-id=\"fe18add\" data-element_type=\"widget\" data-widget_type=\"text-editor.default\">\n\t\t\t\t<div class=\"elementor-widget-container\">\n\t\t\t\t\t<div class=\"elementor-text-editor elementor-clearfix\"><p><strong>DESCRIPCI\u00d3N:\u00a0<\/strong><\/p><p>Favignana es la isla m\u00e1s grande del archipi\u00e9lago de las Egadi y la m\u00e1s cercana a la costa de Sicilia. Se extiende por unos 9 kil\u00f3metros, se asemeja a una mariposa en forma.<\/p><p>Justo en la parte central de la isla se encuentran el puerto y la aglomeraci\u00f3n urbana de Favignana, donde se encuentran los principales alojamientos de la isla. Los tres mercados m\u00e1s grandes de Favignana se encuentran en la Plaza Marina Square, Plaza Europa y la Plaza Matrice, donde se encuentra la iglesia madre, construida en el siglo XVIII.<\/p><p><strong>LAS PLAYAS:<\/strong><\/p><p>Buscada por la belleza de su costa, Favignana seguramente no decepcionar\u00e1. Entre las playas de arena, las costas rocosas y los arrecifes accesibles en barco, hay mucho para elegir. Los amantes de la arena, en la parte norte de la isla podr\u00e1n darse un chapuz\u00f3n en la playa cerca del centro de Favignana.<\/p><p>Pintoresca y realmente agradable de ver, la peque\u00f1a playa de Cala Azzurra, se extiende en el lado este de la isla. La claridad de sus aguas ha dado el nombre a la cala. Por \u00faltimo, no te pierdas las playas blancas de Marasolo y Ravine, en la costa frente al puerto. Para aquellos que prefieren bucear desde las rocas, recomendamos el Bue Marino y Cala Rossa, en la parte oriental de la isla, ya que ofrecen dos grandes lugares para disfrutar de este mar de sue\u00f1os con colores del agua que adquieren matices de turquesa.<\/p><p>Para no quedarse atr\u00e1s, tambi\u00e9n est\u00e1 Punta Lunga, Punta Marsala, Punta Sottile, Cala Rotonda, Grotta Perciata. Como puede ver, no es dif\u00edcil encontrar lugares que satisfagan su ansia de mar. Finalmente, para aquellos que no pueden prescindir del buceo, no se pierdan la isla Preveto, en la ladera sur, la Secca del Tuna, el Scoglio Corrente y Punta Fanfalo.<\/p><p>El Tunario Florio, inmediatamente llama la atenci\u00f3n de aquellos que est\u00e1n a punto de llegar a Favignana. Actualmente en desuso, fue, durante mucho tiempo, el elemento b\u00e1sico de la econom\u00eda de la isla, gracias a su procesamiento del at\u00fan. Construido en 1859, sigue siendo hoy un s\u00edmbolo de Favignana. La pesquer\u00eda de at\u00fan, de hecho, era m\u00e1s que una actividad; Representaba la \u00fanica forma de sustento para la mayor\u00eda de los isle\u00f1os. El rito de la matanza de peces se realizaba con sistemas de redes integradas, para formar canales y dirigir el flujo de la migraci\u00f3n del at\u00fan en busca de un h\u00e1bitat ideal para la cr\u00eda.<\/p><p><strong>EL TUNARIO DE FLORIO:<\/strong><\/p><p>El Tunario Florio, inmediatamente llama la atenci\u00f3n de aquellos que est\u00e1n a punto de llegar a Favignana. Actualmente en desuso, fue, durante mucho tiempo, el elemento b\u00e1sico de la econom\u00eda de la isla, gracias a su procesamiento del at\u00fan. Construido en 1859, sigue siendo hoy un s\u00edmbolo de Favignana. La pesquer\u00eda de at\u00fan, de hecho, era m\u00e1s que una actividad; Representaba la \u00fanica forma de sustento para la mayor\u00eda de los isle\u00f1os. El rito de la matanza de peces se realizaba con sistemas de redes integradas, para formar canales y dirigir el flujo de la migraci\u00f3n del at\u00fan en busca de un h\u00e1bitat ideal para la cr\u00eda.<\/p><\/div>\n\t\t\t\t<\/div>\n\t\t\t\t<\/div>\n\t\t\t\t\t\t<\/div>\n\t\t\t\t\t<\/div>\n\t\t<\/div>\n\t\t\t\t\t\t\t\t<\/div>\n\t\t\t\t\t<\/div>\n\t\t<\/section>\n\t\t\t\t\t\t<\/div>\n\t\t\t\t\t\t<\/div>\n\t\t\t\t\t<\/div>\n\t\t","protected":false},"excerpt":{"rendered":"<p>DESCRIPCI\u00d3N:\u00a0 Favignana es la isla m\u00e1s grande del archipi\u00e9lago de las Egadi y la m\u00e1s cercana a la costa de Sicilia. Se extiende por unos 9 kil\u00f3metros, se asemeja a una mariposa en forma. Justo en la parte central de la isla se encuentran el puerto y la aglomeraci\u00f3n urbana de Favignana, donde se encuentran [&hellip;]<\/p>\n","protected":false},"author":2,"featured_media":0,"parent":0,"menu_order":0,"comment_status":"closed","ping_status":"closed","template":"","meta":[],"yoast_head":"<!-- This site is optimized with the Yoast SEO plugin v16.9 - https:\/\/yoast.com\/wordpress\/plugins\/seo\/ -->\n<title>Isla de Favignana - BALAGOO<\/title>\n<meta name=\"description\" content=\"Sum\u00e9rgete en las Maravillas de la Naturaleza con un tour de la isla de Favignana, la m\u00e1s grande de las Egadi. Disfruta Cala Rossa y el Tunario.\" \/>\n<meta name=\"robots\" content=\"index, follow, max-snippet:-1, max-image-preview:large, max-video-preview:-1\" \/>\n<link rel=\"canonical\" href=\"https:\/\/balagoo.com\/es\/isla-favignana\/\" \/>\n<meta property=\"og:locale\" content=\"es_ES\" \/>\n<meta property=\"og:type\" content=\"article\" \/>\n<meta property=\"og:title\" content=\"Isla de Favignana - BALAGOO\" \/>\n<meta property=\"og:description\" content=\"Sum\u00e9rgete en las Maravillas de la Naturaleza con un tour de la isla de Favignana, la m\u00e1s grande de las Egadi. Disfruta Cala Rossa y el Tunario.\" \/>\n<meta property=\"og:url\" content=\"https:\/\/balagoo.com\/es\/isla-favignana\/\" \/>\n<meta property=\"og:site_name\" content=\"BALAGOO\" \/>\n<meta property=\"article:publisher\" content=\"https:\/\/www.facebook.com\/palermodaytours\" \/>\n<meta property=\"article:modified_time\" content=\"2021-05-21T14:30:31+00:00\" \/>\n<meta property=\"og:image\" content=\"https:\/\/balagoo.com\/wp-content\/uploads\/2021\/04\/Palermo-La-Cala.jpg\" \/>\n\t<meta property=\"og:image:width\" content=\"1920\" \/>\n\t<meta property=\"og:image:height\" content=\"900\" \/>\n<meta name=\"twitter:card\" content=\"summary_large_image\" \/>\n<meta name=\"twitter:label1\" content=\"Tiempo de lectura\" \/>\n\t<meta name=\"twitter:data1\" content=\"3 minutos\" \/>\n<script type=\"application\/ld+json\" class=\"yoast-schema-graph\">{\"@context\":\"https:\/\/schema.org\",\"@graph\":[{\"@type\":\"WebSite\",\"@id\":\"https:\/\/balagoo.com\/#website\",\"url\":\"https:\/\/balagoo.com\/\",\"name\":\"BALAGOO\",\"description\":\"\",\"potentialAction\":[{\"@type\":\"SearchAction\",\"target\":{\"@type\":\"EntryPoint\",\"urlTemplate\":\"https:\/\/balagoo.com\/?s={search_term_string}\"},\"query-input\":\"required name=search_term_string\"}],\"inLanguage\":\"es\"},{\"@type\":\"WebPage\",\"@id\":\"https:\/\/balagoo.com\/es\/isla-favignana\/#webpage\",\"url\":\"https:\/\/balagoo.com\/es\/isla-favignana\/\",\"name\":\"Isla de Favignana - BALAGOO\",\"isPartOf\":{\"@id\":\"https:\/\/balagoo.com\/#website\"},\"datePublished\":\"2021-05-10T11:12:31+00:00\",\"dateModified\":\"2021-05-21T14:30:31+00:00\",\"description\":\"Sum\\u00e9rgete en las Maravillas de la Naturaleza con un tour de la isla de Favignana, la m\\u00e1s grande de las Egadi. Disfruta Cala Rossa y el Tunario.\",\"breadcrumb\":{\"@id\":\"https:\/\/balagoo.com\/es\/isla-favignana\/#breadcrumb\"},\"inLanguage\":\"es\",\"potentialAction\":[{\"@type\":\"ReadAction\",\"target\":[\"https:\/\/balagoo.com\/es\/isla-favignana\/\"]}]},{\"@type\":\"BreadcrumbList\",\"@id\":\"https:\/\/balagoo.com\/es\/isla-favignana\/#breadcrumb\",\"itemListElement\":[{\"@type\":\"ListItem\",\"position\":1,\"name\":\"Home\",\"item\":\"https:\/\/balagoo.com\/es\/\"},{\"@type\":\"ListItem\",\"position\":2,\"name\":\"Isla de Favignana\"}]}]}<\/script>\n<!-- \/ Yoast SEO plugin. -->","yoast_head_json":{"title":"Isla de Favignana - BALAGOO","description":"Sum\u00e9rgete en las Maravillas de la Naturaleza con un tour de la isla de Favignana, la m\u00e1s grande de las Egadi. Disfruta Cala Rossa y el Tunario.","robots":{"index":"index","follow":"follow","max-snippet":"max-snippet:-1","max-image-preview":"max-image-preview:large","max-video-preview":"max-video-preview:-1"},"canonical":"https:\/\/balagoo.com\/es\/isla-favignana\/","og_locale":"es_ES","og_type":"article","og_title":"Isla de Favignana - BALAGOO","og_description":"Sum\u00e9rgete en las Maravillas de la Naturaleza con un tour de la isla de Favignana, la m\u00e1s grande de las Egadi. Disfruta Cala Rossa y el Tunario.","og_url":"https:\/\/balagoo.com\/es\/isla-favignana\/","og_site_name":"BALAGOO","article_publisher":"https:\/\/www.facebook.com\/palermodaytours","article_modified_time":"2021-05-21T14:30:31+00:00","og_image":[{"width":1920,"height":900,"url":"https:\/\/balagoo.com\/wp-content\/uploads\/2021\/04\/Palermo-La-Cala.jpg","path":"\/var\/www\/vhosts\/balagoo.com\/httpdocs\/wp-content\/uploads\/2021\/04\/Palermo-La-Cala.jpg","size":"full","id":2073,"alt":"","pixels":1728000,"type":"image\/jpeg"}],"twitter_card":"summary_large_image","twitter_misc":{"Tiempo de lectura":"3 minutos"},"schema":{"@context":"https:\/\/schema.org","@graph":[{"@type":"WebSite","@id":"https:\/\/balagoo.com\/#website","url":"https:\/\/balagoo.com\/","name":"BALAGOO","description":"","potentialAction":[{"@type":"SearchAction","target":{"@type":"EntryPoint","urlTemplate":"https:\/\/balagoo.com\/?s={search_term_string}"},"query-input":"required name=search_term_string"}],"inLanguage":"es"},{"@type":"WebPage","@id":"https:\/\/balagoo.com\/es\/isla-favignana\/#webpage","url":"https:\/\/balagoo.com\/es\/isla-favignana\/","name":"Isla de Favignana - BALAGOO","isPartOf":{"@id":"https:\/\/balagoo.com\/#website"},"datePublished":"2021-05-10T11:12:31+00:00","dateModified":"2021-05-21T14:30:31+00:00","description":"Sum\u00e9rgete en las Maravillas de la Naturaleza con un tour de la isla de Favignana, la m\u00e1s grande de las Egadi. Disfruta Cala Rossa y el Tunario.","breadcrumb":{"@id":"https:\/\/balagoo.com\/es\/isla-favignana\/#breadcrumb"},"inLanguage":"es","potentialAction":[{"@type":"ReadAction","target":["https:\/\/balagoo.com\/es\/isla-favignana\/"]}]},{"@type":"BreadcrumbList","@id":"https:\/\/balagoo.com\/es\/isla-favignana\/#breadcrumb","itemListElement":[{"@type":"ListItem","position":1,"name":"Home","item":"https:\/\/balagoo.com\/es\/"},{"@type":"ListItem","position":2,"name":"Isla de Favignana"}]}]}},"_links":{"self":[{"href":"https:\/\/balagoo.com\/es\/wp-json\/wp\/v2\/pages\/2523"}],"collection":[{"href":"https:\/\/balagoo.com\/es\/wp-json\/wp\/v2\/pages"}],"about":[{"href":"https:\/\/balagoo.com\/es\/wp-json\/wp\/v2\/types\/page"}],"author":[{"embeddable":true,"href":"https:\/\/balagoo.com\/es\/wp-json\/wp\/v2\/users\/2"}],"replies":[{"embeddable":true,"href":"https:\/\/balagoo.com\/es\/wp-json\/wp\/v2\/comments?post=2523"}],"version-history":[{"count":18,"href":"https:\/\/balagoo.com\/es\/wp-json\/wp\/v2\/pages\/2523\/revisions"}],"predecessor-version":[{"id":2831,"href":"https:\/\/balagoo.com\/es\/wp-json\/wp\/v2\/pages\/2523\/revisions\/2831"}],"wp:attachment":[{"href":"https:\/\/balagoo.com\/es\/wp-json\/wp\/v2\/media?parent=2523"}],"curies":[{"name":"wp","href":"https:\/\/api.w.org\/{rel}","templated":true}]}}