{"id":2504,"date":"2021-05-10T12:51:06","date_gmt":"2021-05-10T10:51:06","guid":{"rendered":"https:\/\/balagoo.com\/vulcano-etna-2\/"},"modified":"2021-05-21T12:14:44","modified_gmt":"2021-05-21T10:14:44","slug":"volcan-etna","status":"publish","type":"page","link":"https:\/\/balagoo.com\/es\/volcan-etna\/","title":{"rendered":"Volc\u00e1n Etna"},"content":{"rendered":"\t\t<div data-elementor-type=\"wp-page\" data-elementor-id=\"2504\" class=\"elementor elementor-2504 elementor-2338\" data-elementor-settings=\"[]\">\n\t\t\t\t\t\t<div class=\"elementor-inner\">\n\t\t\t\t\t\t\t<div class=\"elementor-section-wrap\">\n\t\t\t\t\t\t\t<section class=\"elementor-section elementor-top-section elementor-element elementor-element-92629fb elementor-section-boxed elementor-section-height-default elementor-section-height-default\" data-id=\"92629fb\" data-element_type=\"section\">\n\t\t\t\t\t\t<div class=\"elementor-container elementor-column-gap-default\">\n\t\t\t\t\t\t\t<div class=\"elementor-row\">\n\t\t\t\t\t<div class=\"elementor-column elementor-col-100 elementor-top-column elementor-element elementor-element-d5617f7\" data-id=\"d5617f7\" data-element_type=\"column\">\n\t\t\t<div class=\"elementor-column-wrap elementor-element-populated\">\n\t\t\t\t\t\t\t<div class=\"elementor-widget-wrap\">\n\t\t\t\t\t\t\t\t<\/div>\n\t\t\t\t\t<\/div>\n\t\t<\/div>\n\t\t\t\t\t\t\t\t<\/div>\n\t\t\t\t\t<\/div>\n\t\t<\/section>\n\t\t\t\t<section class=\"elementor-section elementor-top-section elementor-element elementor-element-ed25346 elementor-section-boxed elementor-section-height-default elementor-section-height-default\" data-id=\"ed25346\" data-element_type=\"section\">\n\t\t\t\t\t\t<div class=\"elementor-container elementor-column-gap-default\">\n\t\t\t\t\t\t\t<div class=\"elementor-row\">\n\t\t\t\t\t<div class=\"elementor-column elementor-col-100 elementor-top-column elementor-element elementor-element-93f4e38\" data-id=\"93f4e38\" data-element_type=\"column\">\n\t\t\t<div class=\"elementor-column-wrap elementor-element-populated\">\n\t\t\t\t\t\t\t<div class=\"elementor-widget-wrap\">\n\t\t\t\t\t\t<div class=\"elementor-element elementor-element-fe18add elementor-widget elementor-widget-text-editor\" data-id=\"fe18add\" data-element_type=\"widget\" data-widget_type=\"text-editor.default\">\n\t\t\t\t<div class=\"elementor-widget-container\">\n\t\t\t\t\t<div class=\"elementor-text-editor elementor-clearfix\"><h6 class=\"font_6\"><strong>DESCRIPCI\u00d3N:<\/strong> <\/h6><p class=\"font_8\">La mayor atracci\u00f3n natural de Sicilia es tambi\u00e9n su monta\u00f1a m\u00e1s alta. Para los antiguos griegos, el Monte Etna era el reino de Vulcano, dios del fuego, y el hogar del monstruo tuerto conocido como el C\u00edclope. Con aproximadamente 3350 metros, es el volc\u00e1n activo m\u00e1s alto de Europa. La altura de su cumbre cambia con cada erupci\u00f3n, y a lo largo de los siglos, algunos flujos de lava han llegado a la costa. M\u00e1s de 1200 metros cuadrados de la superficie del Etna est\u00e1n cubiertos de lava solidificada. El Etna ofrece esqu\u00ed en los meses de invierno y caminatas impresionantes en el bosque durante el verano. Tambi\u00e9n hay una serie de picos m\u00e1s peque\u00f1os en las laderas del Etna, y algunas cavernas interesantes. Dado que el Etna es un volc\u00e1n estrato, con temperaturas de lava relativamente fr\u00edas y numerosas aberturas (respiraderos), nadie sabe con precisi\u00f3n en qu\u00e9 parte de su vasta superficie ser\u00e1 la pr\u00f3xima erupci\u00f3n. La larga historia registrada del Etna ha demostrado ser invaluable para los vulcan\u00f3logos del mundo.<\/p><p class=\"font_8\">Varias especies de roble y pino de piedra, as\u00ed como abedul y haya, cubren gran parte de su superficie. Las plantas de escoba y otros arbustos salpican el \u00e1rea, especialmente en altitudes m\u00e1s bajas. Los \u00e1rboles caducifolios del Etna cambian de color en oto\u00f1o, creando una espectacular panoplia de sombras cambiantes.<\/p><p class=\"font_8\">\u00a0<\/p><p class=\"font_8\">Ranas, sapos y tortugas viven en los arroyos y peque\u00f1os estanques de los bosques del Etna. Tambi\u00e9n hay varias especies de serpientes y lagartos ubicuos de Sicilia. Zorros, ardillas, comadrejas, liebres, erizos, puercoespines y algunos gatos salvajes tambi\u00e9n consideran al Etna como su casa. En lo alto, ver\u00e1 b\u00fahos, halcones, perdices y ocasionalmente el \u00e1guila real, una especie mediterr\u00e1nea reintroducida aqu\u00ed en los \u00faltimos a\u00f1os. En el \u00e1rea del lago Gurrida, hay garzas, patos y aves migratorias.<\/p><\/div>\n\t\t\t\t<\/div>\n\t\t\t\t<\/div>\n\t\t\t\t\t\t<\/div>\n\t\t\t\t\t<\/div>\n\t\t<\/div>\n\t\t\t\t\t\t\t\t<\/div>\n\t\t\t\t\t<\/div>\n\t\t<\/section>\n\t\t\t\t\t\t<\/div>\n\t\t\t\t\t\t<\/div>\n\t\t\t\t\t<\/div>\n\t\t","protected":false},"excerpt":{"rendered":"<p>DESCRIPCI\u00d3N: La mayor atracci\u00f3n natural de Sicilia es tambi\u00e9n su monta\u00f1a m\u00e1s alta. Para los antiguos griegos, el Monte Etna era el reino de Vulcano, dios del fuego, y el hogar del monstruo tuerto conocido como el C\u00edclope. Con aproximadamente 3350 metros, es el volc\u00e1n activo m\u00e1s alto de Europa. La altura de su cumbre [&hellip;]<\/p>\n","protected":false},"author":2,"featured_media":0,"parent":0,"menu_order":0,"comment_status":"closed","ping_status":"closed","template":"","meta":[],"yoast_head":"<!-- This site is optimized with the Yoast SEO plugin v16.9 - https:\/\/yoast.com\/wordpress\/plugins\/seo\/ -->\n<title>Descubre toda la Fuerza del Volc\u00e1n Etna - BALAGOO<\/title>\n<meta name=\"description\" content=\"Siente el poder irrefrenable de la naturaleza con un tour del volc\u00e1n Etna, cerca de Catania. Esqu\u00ed, senderismo y la magia de las erupciones l\u00e1vicas.\" \/>\n<meta name=\"robots\" content=\"index, follow, max-snippet:-1, max-image-preview:large, max-video-preview:-1\" \/>\n<link rel=\"canonical\" href=\"https:\/\/balagoo.com\/es\/volcan-etna\/\" \/>\n<meta property=\"og:locale\" content=\"es_ES\" \/>\n<meta property=\"og:type\" content=\"article\" \/>\n<meta property=\"og:title\" content=\"Descubre toda la Fuerza del Volc\u00e1n Etna - BALAGOO\" \/>\n<meta property=\"og:description\" content=\"Siente el poder irrefrenable de la naturaleza con un tour del volc\u00e1n Etna, cerca de Catania. Esqu\u00ed, senderismo y la magia de las erupciones l\u00e1vicas.\" \/>\n<meta property=\"og:url\" content=\"https:\/\/balagoo.com\/es\/volcan-etna\/\" \/>\n<meta property=\"og:site_name\" content=\"BALAGOO\" \/>\n<meta property=\"article:publisher\" content=\"https:\/\/www.facebook.com\/palermodaytours\" \/>\n<meta property=\"article:modified_time\" content=\"2021-05-21T10:14:44+00:00\" \/>\n<meta property=\"og:image\" content=\"https:\/\/balagoo.com\/wp-content\/uploads\/2021\/04\/Palermo-La-Cala.jpg\" \/>\n\t<meta property=\"og:image:width\" content=\"1920\" \/>\n\t<meta property=\"og:image:height\" content=\"900\" \/>\n<meta name=\"twitter:card\" content=\"summary_large_image\" \/>\n<meta name=\"twitter:label1\" content=\"Tiempo de lectura\" \/>\n\t<meta name=\"twitter:data1\" content=\"2 minutos\" \/>\n<script type=\"application\/ld+json\" class=\"yoast-schema-graph\">{\"@context\":\"https:\/\/schema.org\",\"@graph\":[{\"@type\":\"WebSite\",\"@id\":\"https:\/\/balagoo.com\/#website\",\"url\":\"https:\/\/balagoo.com\/\",\"name\":\"BALAGOO\",\"description\":\"\",\"potentialAction\":[{\"@type\":\"SearchAction\",\"target\":{\"@type\":\"EntryPoint\",\"urlTemplate\":\"https:\/\/balagoo.com\/?s={search_term_string}\"},\"query-input\":\"required name=search_term_string\"}],\"inLanguage\":\"es\"},{\"@type\":\"WebPage\",\"@id\":\"https:\/\/balagoo.com\/es\/volcan-etna\/#webpage\",\"url\":\"https:\/\/balagoo.com\/es\/volcan-etna\/\",\"name\":\"Descubre toda la Fuerza del Volc\\u00e1n Etna - BALAGOO\",\"isPartOf\":{\"@id\":\"https:\/\/balagoo.com\/#website\"},\"datePublished\":\"2021-05-10T10:51:06+00:00\",\"dateModified\":\"2021-05-21T10:14:44+00:00\",\"description\":\"Siente el poder irrefrenable de la naturaleza con un tour del volc\\u00e1n Etna, cerca de Catania. Esqu\\u00ed, senderismo y la magia de las erupciones l\\u00e1vicas.\",\"breadcrumb\":{\"@id\":\"https:\/\/balagoo.com\/es\/volcan-etna\/#breadcrumb\"},\"inLanguage\":\"es\",\"potentialAction\":[{\"@type\":\"ReadAction\",\"target\":[\"https:\/\/balagoo.com\/es\/volcan-etna\/\"]}]},{\"@type\":\"BreadcrumbList\",\"@id\":\"https:\/\/balagoo.com\/es\/volcan-etna\/#breadcrumb\",\"itemListElement\":[{\"@type\":\"ListItem\",\"position\":1,\"name\":\"Home\",\"item\":\"https:\/\/balagoo.com\/es\/\"},{\"@type\":\"ListItem\",\"position\":2,\"name\":\"Volc\\u00e1n Etna\"}]}]}<\/script>\n<!-- \/ Yoast SEO plugin. -->","yoast_head_json":{"title":"Descubre toda la Fuerza del Volc\u00e1n Etna - BALAGOO","description":"Siente el poder irrefrenable de la naturaleza con un tour del volc\u00e1n Etna, cerca de Catania. Esqu\u00ed, senderismo y la magia de las erupciones l\u00e1vicas.","robots":{"index":"index","follow":"follow","max-snippet":"max-snippet:-1","max-image-preview":"max-image-preview:large","max-video-preview":"max-video-preview:-1"},"canonical":"https:\/\/balagoo.com\/es\/volcan-etna\/","og_locale":"es_ES","og_type":"article","og_title":"Descubre toda la Fuerza del Volc\u00e1n Etna - BALAGOO","og_description":"Siente el poder irrefrenable de la naturaleza con un tour del volc\u00e1n Etna, cerca de Catania. Esqu\u00ed, senderismo y la magia de las erupciones l\u00e1vicas.","og_url":"https:\/\/balagoo.com\/es\/volcan-etna\/","og_site_name":"BALAGOO","article_publisher":"https:\/\/www.facebook.com\/palermodaytours","article_modified_time":"2021-05-21T10:14:44+00:00","og_image":[{"width":1920,"height":900,"url":"https:\/\/balagoo.com\/wp-content\/uploads\/2021\/04\/Palermo-La-Cala.jpg","path":"\/var\/www\/vhosts\/balagoo.com\/httpdocs\/wp-content\/uploads\/2021\/04\/Palermo-La-Cala.jpg","size":"full","id":2073,"alt":"","pixels":1728000,"type":"image\/jpeg"}],"twitter_card":"summary_large_image","twitter_misc":{"Tiempo de lectura":"2 minutos"},"schema":{"@context":"https:\/\/schema.org","@graph":[{"@type":"WebSite","@id":"https:\/\/balagoo.com\/#website","url":"https:\/\/balagoo.com\/","name":"BALAGOO","description":"","potentialAction":[{"@type":"SearchAction","target":{"@type":"EntryPoint","urlTemplate":"https:\/\/balagoo.com\/?s={search_term_string}"},"query-input":"required name=search_term_string"}],"inLanguage":"es"},{"@type":"WebPage","@id":"https:\/\/balagoo.com\/es\/volcan-etna\/#webpage","url":"https:\/\/balagoo.com\/es\/volcan-etna\/","name":"Descubre toda la Fuerza del Volc\u00e1n Etna - BALAGOO","isPartOf":{"@id":"https:\/\/balagoo.com\/#website"},"datePublished":"2021-05-10T10:51:06+00:00","dateModified":"2021-05-21T10:14:44+00:00","description":"Siente el poder irrefrenable de la naturaleza con un tour del volc\u00e1n Etna, cerca de Catania. Esqu\u00ed, senderismo y la magia de las erupciones l\u00e1vicas.","breadcrumb":{"@id":"https:\/\/balagoo.com\/es\/volcan-etna\/#breadcrumb"},"inLanguage":"es","potentialAction":[{"@type":"ReadAction","target":["https:\/\/balagoo.com\/es\/volcan-etna\/"]}]},{"@type":"BreadcrumbList","@id":"https:\/\/balagoo.com\/es\/volcan-etna\/#breadcrumb","itemListElement":[{"@type":"ListItem","position":1,"name":"Home","item":"https:\/\/balagoo.com\/es\/"},{"@type":"ListItem","position":2,"name":"Volc\u00e1n Etna"}]}]}},"_links":{"self":[{"href":"https:\/\/balagoo.com\/es\/wp-json\/wp\/v2\/pages\/2504"}],"collection":[{"href":"https:\/\/balagoo.com\/es\/wp-json\/wp\/v2\/pages"}],"about":[{"href":"https:\/\/balagoo.com\/es\/wp-json\/wp\/v2\/types\/page"}],"author":[{"embeddable":true,"href":"https:\/\/balagoo.com\/es\/wp-json\/wp\/v2\/users\/2"}],"replies":[{"embeddable":true,"href":"https:\/\/balagoo.com\/es\/wp-json\/wp\/v2\/comments?post=2504"}],"version-history":[{"count":7,"href":"https:\/\/balagoo.com\/es\/wp-json\/wp\/v2\/pages\/2504\/revisions"}],"predecessor-version":[{"id":2773,"href":"https:\/\/balagoo.com\/es\/wp-json\/wp\/v2\/pages\/2504\/revisions\/2773"}],"wp:attachment":[{"href":"https:\/\/balagoo.com\/es\/wp-json\/wp\/v2\/media?parent=2504"}],"curies":[{"name":"wp","href":"https:\/\/api.w.org\/{rel}","templated":true}]}}