{"id":2485,"date":"2021-05-10T12:21:12","date_gmt":"2021-05-10T10:21:12","guid":{"rendered":"https:\/\/balagoo.com\/piazza-armerina\/"},"modified":"2021-05-21T11:54:16","modified_gmt":"2021-05-21T09:54:16","slug":"piazza-armerina-es","status":"publish","type":"page","link":"https:\/\/balagoo.com\/es\/piazza-armerina-es\/","title":{"rendered":"Piazza Armerina"},"content":{"rendered":"\t\t<div data-elementor-type=\"wp-page\" data-elementor-id=\"2485\" class=\"elementor elementor-2485 elementor-2326\" data-elementor-settings=\"[]\">\n\t\t\t\t\t\t<div class=\"elementor-inner\">\n\t\t\t\t\t\t\t<div class=\"elementor-section-wrap\">\n\t\t\t\t\t\t\t<section class=\"elementor-section elementor-top-section elementor-element elementor-element-92629fb elementor-section-boxed elementor-section-height-default elementor-section-height-default\" data-id=\"92629fb\" data-element_type=\"section\">\n\t\t\t\t\t\t<div class=\"elementor-container elementor-column-gap-default\">\n\t\t\t\t\t\t\t<div class=\"elementor-row\">\n\t\t\t\t\t<div class=\"elementor-column elementor-col-100 elementor-top-column elementor-element elementor-element-d5617f7\" data-id=\"d5617f7\" data-element_type=\"column\">\n\t\t\t<div class=\"elementor-column-wrap elementor-element-populated\">\n\t\t\t\t\t\t\t<div class=\"elementor-widget-wrap\">\n\t\t\t\t\t\t\t\t<\/div>\n\t\t\t\t\t<\/div>\n\t\t<\/div>\n\t\t\t\t\t\t\t\t<\/div>\n\t\t\t\t\t<\/div>\n\t\t<\/section>\n\t\t\t\t<section class=\"elementor-section elementor-top-section elementor-element elementor-element-ed25346 elementor-section-boxed elementor-section-height-default elementor-section-height-default\" data-id=\"ed25346\" data-element_type=\"section\">\n\t\t\t\t\t\t<div class=\"elementor-container elementor-column-gap-default\">\n\t\t\t\t\t\t\t<div class=\"elementor-row\">\n\t\t\t\t\t<div class=\"elementor-column elementor-col-100 elementor-top-column elementor-element elementor-element-93f4e38\" data-id=\"93f4e38\" data-element_type=\"column\">\n\t\t\t<div class=\"elementor-column-wrap elementor-element-populated\">\n\t\t\t\t\t\t\t<div class=\"elementor-widget-wrap\">\n\t\t\t\t\t\t<div class=\"elementor-element elementor-element-fe18add elementor-widget elementor-widget-text-editor\" data-id=\"fe18add\" data-element_type=\"widget\" data-widget_type=\"text-editor.default\">\n\t\t\t\t<div class=\"elementor-widget-container\">\n\t\t\t\t\t<div class=\"elementor-text-editor elementor-clearfix\"><p><strong>DESCRIPCI\u00d3N:<\/strong><\/p><p>Situada en una meseta a casi 700 metros sobre el nivel del mar, a unos 35 kil\u00f3metros de Enna y un poco m\u00e1s cerca de Caltagirone, la ciudad de Piazza Armerina no carece de encanto. Fundada durante la era \u00e1rabe, su barrio hist\u00f3rico tiene algunas iglesias hermosas, incluida una catedral barroca, as\u00ed como una fortaleza bien conservada (Castillo Spinelli), pero la mayor\u00eda de los visitantes vienen a ver la Villa Romana, con sus magn\u00edficos mosaicos. Piazza Armerina es una ciudad encantadora conocida por su Palio Normanno, un concurso anual de verano de eventos medievales, pero la mayor atracci\u00f3n es su antigua villa romana. Ubicada a pocos kil\u00f3metros de la ciudad, la villa es una de las viviendas romanas m\u00e1s grandes de su tipo que ha sobrevivido a la antig\u00fcedad, y probablemente perteneci\u00f3 a un rico patricio. Representando escenas de la vida cotidiana, como la caza, los mosaicos son tan notables por su valor sociol\u00f3gico como por su arte. Una de ellas, que muestra a mujeres vestidas con trajes de ba\u00f1o de dos piezas haciendo ejercicio con pesas, podr\u00eda describir una escena t\u00edpica del siglo XX.<\/p><p>La \u00abVilla del Casale\u00bb fue construida entre 330 y 360 DC. La identidad de su propietario sigue siendo un tema de debate. Sin embargo, generalmente se mencionan tres individuos: Proculus Populonius, gobernador de Sicilia de 314 a 337; Caeusus Rufus Volusianus, tambi\u00e9n llamado Lampadius, un hombre influyente y rico; y Sabucinius Pinianus, probablemente de nacimiento romano.<\/p><p>Hay 3500 metros cuadrados de mosaicos en los pisos de la villa, y algunas pinturas murales sobrevivientes. Muchas de las paredes de la estructura a\u00fan est\u00e1n en pie. Se dice que el estilo de los mosaicos est\u00e1 influenciado por los motivos del norte de \u00c1frica de los romanos. Algunos hallazgos m\u00e1s peque\u00f1os del sitio se encuentran en el museo arqueol\u00f3gico de Piazza Armerina.<\/p><p>El arte en s\u00ed es impresionante, pero al visitante tambi\u00e9n le impresiona el tama\u00f1o de la villa, cuyo estilo arquitect\u00f3nico difiere notablemente del de las viviendas urbanas como el de Pompeya. Los edificios de la villa est\u00e1n dispuestos en secciones, con una entrada impresionante y numerosas habitaciones de varias dimensiones, algunas bastante grandes. Tambi\u00e9n se encuentran los restos de tuber\u00edas de agua, visibles cerca de la entrada. Debajo de la villa se han encontrado los restos de un pueblo. Estos han sido fechados en 100-200 AD.<\/p><p>Los restos de otra villa, Sofiana, el antiguo Proedium Philosophianum, han sido descubiertos a unos 6 kil\u00f3metros al sur de la villa. Esta incluye ba\u00f1os, as\u00ed como cementerios romanos y bizantinos y los vestigios de una iglesia paleo cristiana.<\/p><p>Piazza Armerina no est\u00e1 lejos de Enna, una ciudad en la cima de la colina a cierta distancia hacia el norte, pasando por bosques de eucaliptos, fundada por los antiguos S\u00edculos, luego poblada por los griegos, luego conquistada por los \u00e1rabes (como Kasr &#8216;Yanni) y posteriormente gobernada por los normandos. Cerca se encuentra el lago de Pergusa, asociado con la doncella griega Pers\u00e9fone. Hay varias casas rurales excepcionales en la zona.<\/p><\/div>\n\t\t\t\t<\/div>\n\t\t\t\t<\/div>\n\t\t\t\t\t\t<\/div>\n\t\t\t\t\t<\/div>\n\t\t<\/div>\n\t\t\t\t\t\t\t\t<\/div>\n\t\t\t\t\t<\/div>\n\t\t<\/section>\n\t\t\t\t\t\t<\/div>\n\t\t\t\t\t\t<\/div>\n\t\t\t\t\t<\/div>\n\t\t","protected":false},"excerpt":{"rendered":"<p>DESCRIPCI\u00d3N: Situada en una meseta a casi 700 metros sobre el nivel del mar, a unos 35 kil\u00f3metros de Enna y un poco m\u00e1s cerca de Caltagirone, la ciudad de Piazza Armerina no carece de encanto. Fundada durante la era \u00e1rabe, su barrio hist\u00f3rico tiene algunas iglesias hermosas, incluida una catedral barroca, as\u00ed como una [&hellip;]<\/p>\n","protected":false},"author":2,"featured_media":0,"parent":0,"menu_order":0,"comment_status":"closed","ping_status":"closed","template":"","meta":[],"yoast_head":"<!-- This site is optimized with the Yoast SEO plugin v16.9 - https:\/\/yoast.com\/wordpress\/plugins\/seo\/ -->\n<title>Descubre Piazza Armerina - BALAGOO<\/title>\n<meta name=\"description\" content=\"Da un salto en la historia con un tour de Piazza Armerina, cerca de Caltagirone. La ciudad es famosa por el Palio Normando y la Villa Romana.\" \/>\n<meta name=\"robots\" content=\"index, follow, max-snippet:-1, max-image-preview:large, max-video-preview:-1\" \/>\n<link rel=\"canonical\" href=\"https:\/\/balagoo.com\/es\/piazza-armerina-es\/\" \/>\n<meta property=\"og:locale\" content=\"es_ES\" \/>\n<meta property=\"og:type\" content=\"article\" \/>\n<meta property=\"og:title\" content=\"Descubre Piazza Armerina - BALAGOO\" \/>\n<meta property=\"og:description\" content=\"Da un salto en la historia con un tour de Piazza Armerina, cerca de Caltagirone. La ciudad es famosa por el Palio Normando y la Villa Romana.\" \/>\n<meta property=\"og:url\" content=\"https:\/\/balagoo.com\/es\/piazza-armerina-es\/\" \/>\n<meta property=\"og:site_name\" content=\"BALAGOO\" \/>\n<meta property=\"article:publisher\" content=\"https:\/\/www.facebook.com\/palermodaytours\" \/>\n<meta property=\"article:modified_time\" content=\"2021-05-21T09:54:16+00:00\" \/>\n<meta property=\"og:image\" content=\"https:\/\/balagoo.com\/wp-content\/uploads\/2021\/04\/Palermo-La-Cala.jpg\" \/>\n\t<meta property=\"og:image:width\" content=\"1920\" \/>\n\t<meta property=\"og:image:height\" content=\"900\" \/>\n<meta name=\"twitter:card\" content=\"summary_large_image\" \/>\n<meta name=\"twitter:label1\" content=\"Tiempo de lectura\" \/>\n\t<meta name=\"twitter:data1\" content=\"3 minutos\" \/>\n<script type=\"application\/ld+json\" class=\"yoast-schema-graph\">{\"@context\":\"https:\/\/schema.org\",\"@graph\":[{\"@type\":\"WebSite\",\"@id\":\"https:\/\/balagoo.com\/#website\",\"url\":\"https:\/\/balagoo.com\/\",\"name\":\"BALAGOO\",\"description\":\"\",\"potentialAction\":[{\"@type\":\"SearchAction\",\"target\":{\"@type\":\"EntryPoint\",\"urlTemplate\":\"https:\/\/balagoo.com\/?s={search_term_string}\"},\"query-input\":\"required name=search_term_string\"}],\"inLanguage\":\"es\"},{\"@type\":\"WebPage\",\"@id\":\"https:\/\/balagoo.com\/es\/piazza-armerina-es\/#webpage\",\"url\":\"https:\/\/balagoo.com\/es\/piazza-armerina-es\/\",\"name\":\"Descubre Piazza Armerina - BALAGOO\",\"isPartOf\":{\"@id\":\"https:\/\/balagoo.com\/#website\"},\"datePublished\":\"2021-05-10T10:21:12+00:00\",\"dateModified\":\"2021-05-21T09:54:16+00:00\",\"description\":\"Da un salto en la historia con un tour de Piazza Armerina, cerca de Caltagirone. La ciudad es famosa por el Palio Normando y la Villa Romana.\",\"breadcrumb\":{\"@id\":\"https:\/\/balagoo.com\/es\/piazza-armerina-es\/#breadcrumb\"},\"inLanguage\":\"es\",\"potentialAction\":[{\"@type\":\"ReadAction\",\"target\":[\"https:\/\/balagoo.com\/es\/piazza-armerina-es\/\"]}]},{\"@type\":\"BreadcrumbList\",\"@id\":\"https:\/\/balagoo.com\/es\/piazza-armerina-es\/#breadcrumb\",\"itemListElement\":[{\"@type\":\"ListItem\",\"position\":1,\"name\":\"Home\",\"item\":\"https:\/\/balagoo.com\/es\/\"},{\"@type\":\"ListItem\",\"position\":2,\"name\":\"Piazza Armerina\"}]}]}<\/script>\n<!-- \/ Yoast SEO plugin. -->","yoast_head_json":{"title":"Descubre Piazza Armerina - BALAGOO","description":"Da un salto en la historia con un tour de Piazza Armerina, cerca de Caltagirone. La ciudad es famosa por el Palio Normando y la Villa Romana.","robots":{"index":"index","follow":"follow","max-snippet":"max-snippet:-1","max-image-preview":"max-image-preview:large","max-video-preview":"max-video-preview:-1"},"canonical":"https:\/\/balagoo.com\/es\/piazza-armerina-es\/","og_locale":"es_ES","og_type":"article","og_title":"Descubre Piazza Armerina - BALAGOO","og_description":"Da un salto en la historia con un tour de Piazza Armerina, cerca de Caltagirone. La ciudad es famosa por el Palio Normando y la Villa Romana.","og_url":"https:\/\/balagoo.com\/es\/piazza-armerina-es\/","og_site_name":"BALAGOO","article_publisher":"https:\/\/www.facebook.com\/palermodaytours","article_modified_time":"2021-05-21T09:54:16+00:00","og_image":[{"width":1920,"height":900,"url":"https:\/\/balagoo.com\/wp-content\/uploads\/2021\/04\/Palermo-La-Cala.jpg","path":"\/var\/www\/vhosts\/balagoo.com\/httpdocs\/wp-content\/uploads\/2021\/04\/Palermo-La-Cala.jpg","size":"full","id":2073,"alt":"","pixels":1728000,"type":"image\/jpeg"}],"twitter_card":"summary_large_image","twitter_misc":{"Tiempo de lectura":"3 minutos"},"schema":{"@context":"https:\/\/schema.org","@graph":[{"@type":"WebSite","@id":"https:\/\/balagoo.com\/#website","url":"https:\/\/balagoo.com\/","name":"BALAGOO","description":"","potentialAction":[{"@type":"SearchAction","target":{"@type":"EntryPoint","urlTemplate":"https:\/\/balagoo.com\/?s={search_term_string}"},"query-input":"required name=search_term_string"}],"inLanguage":"es"},{"@type":"WebPage","@id":"https:\/\/balagoo.com\/es\/piazza-armerina-es\/#webpage","url":"https:\/\/balagoo.com\/es\/piazza-armerina-es\/","name":"Descubre Piazza Armerina - BALAGOO","isPartOf":{"@id":"https:\/\/balagoo.com\/#website"},"datePublished":"2021-05-10T10:21:12+00:00","dateModified":"2021-05-21T09:54:16+00:00","description":"Da un salto en la historia con un tour de Piazza Armerina, cerca de Caltagirone. La ciudad es famosa por el Palio Normando y la Villa Romana.","breadcrumb":{"@id":"https:\/\/balagoo.com\/es\/piazza-armerina-es\/#breadcrumb"},"inLanguage":"es","potentialAction":[{"@type":"ReadAction","target":["https:\/\/balagoo.com\/es\/piazza-armerina-es\/"]}]},{"@type":"BreadcrumbList","@id":"https:\/\/balagoo.com\/es\/piazza-armerina-es\/#breadcrumb","itemListElement":[{"@type":"ListItem","position":1,"name":"Home","item":"https:\/\/balagoo.com\/es\/"},{"@type":"ListItem","position":2,"name":"Piazza Armerina"}]}]}},"_links":{"self":[{"href":"https:\/\/balagoo.com\/es\/wp-json\/wp\/v2\/pages\/2485"}],"collection":[{"href":"https:\/\/balagoo.com\/es\/wp-json\/wp\/v2\/pages"}],"about":[{"href":"https:\/\/balagoo.com\/es\/wp-json\/wp\/v2\/types\/page"}],"author":[{"embeddable":true,"href":"https:\/\/balagoo.com\/es\/wp-json\/wp\/v2\/users\/2"}],"replies":[{"embeddable":true,"href":"https:\/\/balagoo.com\/es\/wp-json\/wp\/v2\/comments?post=2485"}],"version-history":[{"count":5,"href":"https:\/\/balagoo.com\/es\/wp-json\/wp\/v2\/pages\/2485\/revisions"}],"predecessor-version":[{"id":2490,"href":"https:\/\/balagoo.com\/es\/wp-json\/wp\/v2\/pages\/2485\/revisions\/2490"}],"wp:attachment":[{"href":"https:\/\/balagoo.com\/es\/wp-json\/wp\/v2\/media?parent=2485"}],"curies":[{"name":"wp","href":"https:\/\/api.w.org\/{rel}","templated":true}]}}