{"id":2466,"date":"2021-05-10T12:12:47","date_gmt":"2021-05-10T10:12:47","guid":{"rendered":"https:\/\/balagoo.com\/agrigento\/"},"modified":"2021-05-21T10:29:45","modified_gmt":"2021-05-21T08:29:45","slug":"agrigento-es","status":"publish","type":"page","link":"https:\/\/balagoo.com\/es\/agrigento-es\/","title":{"rendered":"Agrigento"},"content":{"rendered":"\t\t<div data-elementor-type=\"wp-page\" data-elementor-id=\"2466\" class=\"elementor elementor-2466 elementor-2359\" data-elementor-settings=\"[]\">\n\t\t\t\t\t\t<div class=\"elementor-inner\">\n\t\t\t\t\t\t\t<div class=\"elementor-section-wrap\">\n\t\t\t\t\t\t\t<section class=\"elementor-section elementor-top-section elementor-element elementor-element-92629fb elementor-section-boxed elementor-section-height-default elementor-section-height-default\" data-id=\"92629fb\" data-element_type=\"section\">\n\t\t\t\t\t\t<div class=\"elementor-container elementor-column-gap-default\">\n\t\t\t\t\t\t\t<div class=\"elementor-row\">\n\t\t\t\t\t<div class=\"elementor-column elementor-col-100 elementor-top-column elementor-element elementor-element-d5617f7\" data-id=\"d5617f7\" data-element_type=\"column\">\n\t\t\t<div class=\"elementor-column-wrap elementor-element-populated\">\n\t\t\t\t\t\t\t<div class=\"elementor-widget-wrap\">\n\t\t\t\t\t\t\t\t<\/div>\n\t\t\t\t\t<\/div>\n\t\t<\/div>\n\t\t\t\t\t\t\t\t<\/div>\n\t\t\t\t\t<\/div>\n\t\t<\/section>\n\t\t\t\t<section class=\"elementor-section elementor-top-section elementor-element elementor-element-ed25346 elementor-section-boxed elementor-section-height-default elementor-section-height-default\" data-id=\"ed25346\" data-element_type=\"section\">\n\t\t\t\t\t\t<div class=\"elementor-container elementor-column-gap-default\">\n\t\t\t\t\t\t\t<div class=\"elementor-row\">\n\t\t\t\t\t<div class=\"elementor-column elementor-col-100 elementor-top-column elementor-element elementor-element-93f4e38\" data-id=\"93f4e38\" data-element_type=\"column\">\n\t\t\t<div class=\"elementor-column-wrap elementor-element-populated\">\n\t\t\t\t\t\t\t<div class=\"elementor-widget-wrap\">\n\t\t\t\t\t\t<div class=\"elementor-element elementor-element-fe18add elementor-widget elementor-widget-text-editor\" data-id=\"fe18add\" data-element_type=\"widget\" data-widget_type=\"text-editor.default\">\n\t\t\t\t<div class=\"elementor-widget-container\">\n\t\t\t\t\t<div class=\"elementor-text-editor elementor-clearfix\"><p><strong>DESCRIPCI\u00d3N:<\/strong> <\/p><p>Ubicado en una meseta con vistas a la costa sur de Sicilia, Agrigento fue fundada como Akragas alrededor del 582 aC por un grupo de colonos de Gela, que eran descendientes inmediatos de griegos de Rodas y Creta. El \u00e1rea fue habitada mucho antes; un cr\u00e1neo femenino (el de la \u00abni\u00f1a de Mandrascava\u00bb) encontrado cerca de Cannatello tiene medio mill\u00f3n de a\u00f1os. Un pueblo mesol\u00edtico en la localidad de Punta Bianca, m\u00e1s abajo en la costa cerca del castillo de Montechiaro, data del 6000 a. C.<\/p><p>Los Sicanos pueden haber descendido de esa civilizaci\u00f3n. Akragas pas\u00f3 a llamarse Agrigentum durante la \u00e9poca romana, y Girgenti durante la \u00e9poca \u00e1rabes. Solamente a partir del 1927, paso a llamarse Agrigento.<\/p><p>Ampliada por los bereberes a partir del siglo IX, la ciudad medieval de Agrigento no carece de cierto encanto. En lo alto del centro hist\u00f3rico de la ciudad, la catedral g\u00f3tica rom\u00e1nica, construida durante el siglo XIV, todav\u00eda muestra parte de su car\u00e1cter medieval, al igual que la Iglesia de San Nicola (San Nicol\u00e1s) del siglo XIII. Desafortunadamente, la fortaleza sarracena que se cree que domino Agrigento, no ha resistido la prueba del tiempo. Los templos, teatros y ruinas griegas, e incluso los museos arqueol\u00f3gicos, se encuentran fuera de la ciudad.<\/p><p>Akragas, llamado as\u00ed por el r\u00edo cercano, floreci\u00f3 bajo Phalaris (570-554 a. C.), y se desarroll\u00f3 a\u00fan m\u00e1s bajo Theron (488-471 a. C.), cuyas tropas participaron en la Batalla de Himera en 480 a. C., derrotando a los cartagineses. Agrigento fue destruida varias veces durante las Guerras P\u00fanicas, sufriendo da\u00f1os particularmente extensos durante un asedio por las fuerzas romanas en 261 a. El poeta griego P\u00edndaro (518-438 a. C.) describi\u00f3 a Akragas como \u00abla ciudad m\u00e1s bella de los mortales\u00bb. El ciudadano m\u00e1s famoso de Akragas fue el fil\u00f3sofo y cient\u00edfico Emp\u00e9docles (490-430 a. C.).<\/p><p>En el Valle de los Templos se encuentran las ruinas de numerosos templos, pero tambi\u00e9n necr\u00f3polis, casas, calles y todo lo que uno esperar\u00eda encontrar en una ciudad antigua. Hay un peque\u00f1o anfiteatro, as\u00ed como varios auditorios y un excelente museo arqueol\u00f3gico. Desafortunadamente, la mayor\u00eda de los templos en Agrigento est\u00e1n en ruinas, con piezas esparcidas, y varios parecen nunca haberse completado. Parte del Templo de Hera (Juno), construido alrededor del a\u00f1o 450 a. C., todav\u00eda est\u00e1 intacto. Su estilo ha sido comparado con el de los templos de Paestum, cerca de Salerno. El Templo de la Concordia (nombrado as\u00ed retroactivamente), construido alrededor de 440 a. C., est\u00e1 en mejores condiciones, y por la noche el templo iluminado es un espect\u00e1culo para la vista. Se han conservado una serie de telamones (grandes columnas de piedra segmentadas en forma de figuras humanas).<\/p><p>La importancia del antiguo Agrigento disminuy\u00f3 bajo los bizantinos y sarracenos, que alentaron el asentamiento de la ciudad medieval (actual Agrigento) a varios kil\u00f3metros del Valle de los Templos. Sin embargo, los normandos reconocieron su importancia, y fue durante el gobierno normando que se construyeron hermosas iglesias en los alrededores de la ciudad.<\/p><p>El car\u00e1cter arquitect\u00f3nico de la ciudad antigua parece m\u00e1s griego que romano. Lo que falta son los ladrillos delgados y rojizos tan t\u00edpicos de sitios romanos como Solunto y Taormina. A pesar de su ubicaci\u00f3n pr\u00e1cticamente a la sombra de una ciudad moderna, el Valle de los Templos est\u00e1 rodeado de olivares y huertos de almendros que hacen que su ambiente sea completamente natural, aunque varias casas construidas ilegalmente estropean el paisaje. El festival de los almendros en flor que se celebra en febrero es un evento espectacular lleno de folklore.<\/p><\/div>\n\t\t\t\t<\/div>\n\t\t\t\t<\/div>\n\t\t\t\t\t\t<\/div>\n\t\t\t\t\t<\/div>\n\t\t<\/div>\n\t\t\t\t\t\t\t\t<\/div>\n\t\t\t\t\t<\/div>\n\t\t<\/section>\n\t\t\t\t\t\t<\/div>\n\t\t\t\t\t\t<\/div>\n\t\t\t\t\t<\/div>\n\t\t","protected":false},"excerpt":{"rendered":"<p>DESCRIPCI\u00d3N: Ubicado en una meseta con vistas a la costa sur de Sicilia, Agrigento fue fundada como Akragas alrededor del 582 aC por un grupo de colonos de Gela, que eran descendientes inmediatos de griegos de Rodas y Creta. El \u00e1rea fue habitada mucho antes; un cr\u00e1neo femenino (el de la \u00abni\u00f1a de Mandrascava\u00bb) encontrado [&hellip;]<\/p>\n","protected":false},"author":2,"featured_media":0,"parent":0,"menu_order":0,"comment_status":"closed","ping_status":"closed","template":"","meta":[],"yoast_head":"<!-- This site is optimized with the Yoast SEO plugin v16.9 - https:\/\/yoast.com\/wordpress\/plugins\/seo\/ -->\n<title>Descubre la Antigua Ciudad de Agrigento - BALAGOO<\/title>\n<meta name=\"description\" content=\"Da un salto en la historia con una excursi\u00f3n de la Antigua Ciudad de Agrigento. Descubre las ruinas griegas en el Valle de los Templos.\" \/>\n<meta name=\"robots\" content=\"index, follow, max-snippet:-1, max-image-preview:large, max-video-preview:-1\" \/>\n<link rel=\"canonical\" href=\"https:\/\/balagoo.com\/es\/agrigento-es\/\" \/>\n<meta property=\"og:locale\" content=\"es_ES\" \/>\n<meta property=\"og:type\" content=\"article\" \/>\n<meta property=\"og:title\" content=\"Descubre la Antigua Ciudad de Agrigento - BALAGOO\" \/>\n<meta property=\"og:description\" content=\"Da un salto en la historia con una excursi\u00f3n de la Antigua Ciudad de Agrigento. Descubre las ruinas griegas en el Valle de los Templos.\" \/>\n<meta property=\"og:url\" content=\"https:\/\/balagoo.com\/es\/agrigento-es\/\" \/>\n<meta property=\"og:site_name\" content=\"BALAGOO\" \/>\n<meta property=\"article:publisher\" content=\"https:\/\/www.facebook.com\/palermodaytours\" \/>\n<meta property=\"article:modified_time\" content=\"2021-05-21T08:29:45+00:00\" \/>\n<meta property=\"og:image\" content=\"https:\/\/balagoo.com\/wp-content\/uploads\/2021\/04\/Palermo-La-Cala.jpg\" \/>\n\t<meta property=\"og:image:width\" content=\"1920\" \/>\n\t<meta property=\"og:image:height\" content=\"900\" \/>\n<meta name=\"twitter:card\" content=\"summary_large_image\" \/>\n<meta name=\"twitter:label1\" content=\"Tiempo de lectura\" \/>\n\t<meta name=\"twitter:data1\" content=\"3 minutos\" \/>\n<script type=\"application\/ld+json\" class=\"yoast-schema-graph\">{\"@context\":\"https:\/\/schema.org\",\"@graph\":[{\"@type\":\"WebSite\",\"@id\":\"https:\/\/balagoo.com\/#website\",\"url\":\"https:\/\/balagoo.com\/\",\"name\":\"BALAGOO\",\"description\":\"\",\"potentialAction\":[{\"@type\":\"SearchAction\",\"target\":{\"@type\":\"EntryPoint\",\"urlTemplate\":\"https:\/\/balagoo.com\/?s={search_term_string}\"},\"query-input\":\"required name=search_term_string\"}],\"inLanguage\":\"es\"},{\"@type\":\"WebPage\",\"@id\":\"https:\/\/balagoo.com\/es\/agrigento-es\/#webpage\",\"url\":\"https:\/\/balagoo.com\/es\/agrigento-es\/\",\"name\":\"Descubre la Antigua Ciudad de Agrigento - BALAGOO\",\"isPartOf\":{\"@id\":\"https:\/\/balagoo.com\/#website\"},\"datePublished\":\"2021-05-10T10:12:47+00:00\",\"dateModified\":\"2021-05-21T08:29:45+00:00\",\"description\":\"Da un salto en la historia con una excursi\\u00f3n de la Antigua Ciudad de Agrigento. Descubre las ruinas griegas en el Valle de los Templos.\",\"breadcrumb\":{\"@id\":\"https:\/\/balagoo.com\/es\/agrigento-es\/#breadcrumb\"},\"inLanguage\":\"es\",\"potentialAction\":[{\"@type\":\"ReadAction\",\"target\":[\"https:\/\/balagoo.com\/es\/agrigento-es\/\"]}]},{\"@type\":\"BreadcrumbList\",\"@id\":\"https:\/\/balagoo.com\/es\/agrigento-es\/#breadcrumb\",\"itemListElement\":[{\"@type\":\"ListItem\",\"position\":1,\"name\":\"Home\",\"item\":\"https:\/\/balagoo.com\/es\/\"},{\"@type\":\"ListItem\",\"position\":2,\"name\":\"Agrigento\"}]}]}<\/script>\n<!-- \/ Yoast SEO plugin. -->","yoast_head_json":{"title":"Descubre la Antigua Ciudad de Agrigento - BALAGOO","description":"Da un salto en la historia con una excursi\u00f3n de la Antigua Ciudad de Agrigento. Descubre las ruinas griegas en el Valle de los Templos.","robots":{"index":"index","follow":"follow","max-snippet":"max-snippet:-1","max-image-preview":"max-image-preview:large","max-video-preview":"max-video-preview:-1"},"canonical":"https:\/\/balagoo.com\/es\/agrigento-es\/","og_locale":"es_ES","og_type":"article","og_title":"Descubre la Antigua Ciudad de Agrigento - BALAGOO","og_description":"Da un salto en la historia con una excursi\u00f3n de la Antigua Ciudad de Agrigento. Descubre las ruinas griegas en el Valle de los Templos.","og_url":"https:\/\/balagoo.com\/es\/agrigento-es\/","og_site_name":"BALAGOO","article_publisher":"https:\/\/www.facebook.com\/palermodaytours","article_modified_time":"2021-05-21T08:29:45+00:00","og_image":[{"width":1920,"height":900,"url":"https:\/\/balagoo.com\/wp-content\/uploads\/2021\/04\/Palermo-La-Cala.jpg","path":"\/var\/www\/vhosts\/balagoo.com\/httpdocs\/wp-content\/uploads\/2021\/04\/Palermo-La-Cala.jpg","size":"full","id":2073,"alt":"","pixels":1728000,"type":"image\/jpeg"}],"twitter_card":"summary_large_image","twitter_misc":{"Tiempo de lectura":"3 minutos"},"schema":{"@context":"https:\/\/schema.org","@graph":[{"@type":"WebSite","@id":"https:\/\/balagoo.com\/#website","url":"https:\/\/balagoo.com\/","name":"BALAGOO","description":"","potentialAction":[{"@type":"SearchAction","target":{"@type":"EntryPoint","urlTemplate":"https:\/\/balagoo.com\/?s={search_term_string}"},"query-input":"required name=search_term_string"}],"inLanguage":"es"},{"@type":"WebPage","@id":"https:\/\/balagoo.com\/es\/agrigento-es\/#webpage","url":"https:\/\/balagoo.com\/es\/agrigento-es\/","name":"Descubre la Antigua Ciudad de Agrigento - BALAGOO","isPartOf":{"@id":"https:\/\/balagoo.com\/#website"},"datePublished":"2021-05-10T10:12:47+00:00","dateModified":"2021-05-21T08:29:45+00:00","description":"Da un salto en la historia con una excursi\u00f3n de la Antigua Ciudad de Agrigento. Descubre las ruinas griegas en el Valle de los Templos.","breadcrumb":{"@id":"https:\/\/balagoo.com\/es\/agrigento-es\/#breadcrumb"},"inLanguage":"es","potentialAction":[{"@type":"ReadAction","target":["https:\/\/balagoo.com\/es\/agrigento-es\/"]}]},{"@type":"BreadcrumbList","@id":"https:\/\/balagoo.com\/es\/agrigento-es\/#breadcrumb","itemListElement":[{"@type":"ListItem","position":1,"name":"Home","item":"https:\/\/balagoo.com\/es\/"},{"@type":"ListItem","position":2,"name":"Agrigento"}]}]}},"_links":{"self":[{"href":"https:\/\/balagoo.com\/es\/wp-json\/wp\/v2\/pages\/2466"}],"collection":[{"href":"https:\/\/balagoo.com\/es\/wp-json\/wp\/v2\/pages"}],"about":[{"href":"https:\/\/balagoo.com\/es\/wp-json\/wp\/v2\/types\/page"}],"author":[{"embeddable":true,"href":"https:\/\/balagoo.com\/es\/wp-json\/wp\/v2\/users\/2"}],"replies":[{"embeddable":true,"href":"https:\/\/balagoo.com\/es\/wp-json\/wp\/v2\/comments?post=2466"}],"version-history":[{"count":7,"href":"https:\/\/balagoo.com\/es\/wp-json\/wp\/v2\/pages\/2466\/revisions"}],"predecessor-version":[{"id":2473,"href":"https:\/\/balagoo.com\/es\/wp-json\/wp\/v2\/pages\/2466\/revisions\/2473"}],"wp:attachment":[{"href":"https:\/\/balagoo.com\/es\/wp-json\/wp\/v2\/media?parent=2466"}],"curies":[{"name":"wp","href":"https:\/\/api.w.org\/{rel}","templated":true}]}}