{"id":2435,"date":"2021-05-10T11:56:27","date_gmt":"2021-05-10T09:56:27","guid":{"rendered":"https:\/\/balagoo.com\/segesta\/"},"modified":"2021-05-21T12:02:13","modified_gmt":"2021-05-21T10:02:13","slug":"segesta","status":"publish","type":"page","link":"https:\/\/balagoo.com\/es\/segesta\/","title":{"rendered":"Segesta"},"content":{"rendered":"\t\t<div data-elementor-type=\"wp-page\" data-elementor-id=\"2435\" class=\"elementor elementor-2435 elementor-2310\" data-elementor-settings=\"[]\">\n\t\t\t\t\t\t<div class=\"elementor-inner\">\n\t\t\t\t\t\t\t<div class=\"elementor-section-wrap\">\n\t\t\t\t\t\t\t<section class=\"elementor-section elementor-top-section elementor-element elementor-element-92629fb elementor-section-boxed elementor-section-height-default elementor-section-height-default\" data-id=\"92629fb\" data-element_type=\"section\">\n\t\t\t\t\t\t<div class=\"elementor-container elementor-column-gap-default\">\n\t\t\t\t\t\t\t<div class=\"elementor-row\">\n\t\t\t\t\t<div class=\"elementor-column elementor-col-100 elementor-top-column elementor-element elementor-element-d5617f7\" data-id=\"d5617f7\" data-element_type=\"column\">\n\t\t\t<div class=\"elementor-column-wrap elementor-element-populated\">\n\t\t\t\t\t\t\t<div class=\"elementor-widget-wrap\">\n\t\t\t\t\t\t\t\t<\/div>\n\t\t\t\t\t<\/div>\n\t\t<\/div>\n\t\t\t\t\t\t\t\t<\/div>\n\t\t\t\t\t<\/div>\n\t\t<\/section>\n\t\t\t\t<section class=\"elementor-section elementor-top-section elementor-element elementor-element-ed25346 elementor-section-boxed elementor-section-height-default elementor-section-height-default\" data-id=\"ed25346\" data-element_type=\"section\">\n\t\t\t\t\t\t<div class=\"elementor-container elementor-column-gap-default\">\n\t\t\t\t\t\t\t<div class=\"elementor-row\">\n\t\t\t\t\t<div class=\"elementor-column elementor-col-100 elementor-top-column elementor-element elementor-element-93f4e38\" data-id=\"93f4e38\" data-element_type=\"column\">\n\t\t\t<div class=\"elementor-column-wrap elementor-element-populated\">\n\t\t\t\t\t\t\t<div class=\"elementor-widget-wrap\">\n\t\t\t\t\t\t<div class=\"elementor-element elementor-element-fe18add elementor-widget elementor-widget-text-editor\" data-id=\"fe18add\" data-element_type=\"widget\" data-widget_type=\"text-editor.default\">\n\t\t\t\t<div class=\"elementor-widget-container\">\n\t\t\t\t\t<div class=\"elementor-text-editor elementor-clearfix\"><p><strong>DESCRIPCI\u00d3N:<\/strong> <\/p><p>Parece que fue construido ayer. Se puede afirmar sin duda alguna que el antiguo templo griego de Segesta es el mejor conservado del mundo, y su anfiteatro cuenta con una posici\u00f3n insuperable en la cima de la colina en el Monte B\u00e1rbaro. El sitio arqueol\u00f3gico, a unos setenta kil\u00f3metros al suroeste de Palermo, refleja la presencia de varias civilizaciones antiguas, comenzando con los esquivos El\u00edmos. Aunque magn\u00edfico, el templo d\u00f3rico nunca se complet\u00f3, ya que el techo nunca se agreg\u00f3 y los pilares nunca se estriaron. Es impresionante pensar que lo que se puede admirar es solo el punto culminante de un gran parque arqueol\u00f3gico.<\/p><p>Gracias a su entorno rural, Segesta, en primavera, es un lugar m\u00e1gico, nada como Agrigento, que se encuentra al borde de una ciudad moderna. \u00bfY qu\u00e9 queda de la civilizaci\u00f3n el\u00edmica?<\/p><p>Desafortunadamente, poco se sabe de los Elimos. Originarios de Asia Menor (posiblemente Anatolia), llegaron a Sicilia para establecerse en algunas de las regiones occidentales de la isla alrededor del a\u00f1o 1200 a. C., durante m\u00e1s o menos el mismo per\u00edodo en que los Siculos, que emigraron de la Italia peninsular, colonizaron la parte noreste de la isla. Ambos coexistieron con los nativos Sicanios. Durante la dominaci\u00f3n griega, la mayor\u00eda de los Elimos, incluidos los de Segesta (Egesta), se asimilaron culturalmente con los griegos. Pruebas hist\u00f3ricas sugieren, sin embargo, que los Elimos de Eryx, se asimilaron m\u00e1s f\u00e1cilmente con la cultura p\u00fanica de los cartagineses.<\/p><p>Todo esto parece bastante arcano, pero en Segesta se han encontrado inscripciones en lo que se presume que es el idioma Elimico, escrito en caracteres fenicios y griegos, junto con piezas de escritura con cer\u00e1mica similares a las de una regi\u00f3n espec\u00edfica de Asia Menor. Los griegos se casaron libremente con los El\u00edmos, pero inicialmente prohibieron el matrimonio con los Sicanos, a quienes consideraban b\u00e1rbaros.<\/p><p>Segesta surgi\u00f3 como una de las ciudades m\u00e1s importantes de la antig\u00fcedad Siceliota (siciliana-griega). Los Segestanos mismos eran una fuerza formidable tanto econ\u00f3mica como militarmente. El sitio de la cima de la colina de la antigua ciudad estaba habitado en la Edad Media, y cuenta con las ruinas desmoronadas de un castillo normando, una peque\u00f1a iglesia y una mezquita, junto con un anfiteatro cl\u00e1sico.<\/p><p>Construido antes de 430 a. C., el templo d\u00f3rico es el punto focal de Segesta. El templo tiene poco m\u00e1s de sesenta metros de largo y veintis\u00e9is metros de ancho, construido sobre cuatro escalones, con un total de treinta y seis columnas d\u00f3ricas. Hay catorce columnas a cada lado del edificio y seis columnas en la parte delantera y trasera.<\/p><p>Con un di\u00e1metro de alrededor de sesenta y dos metros, el anfiteatro no es muy grande pero s\u00ed impresionante. Ofrece un alto punto de vista desde el cual ver los valles circundantes.<\/p><p>Una teor\u00eda colorida y ampliamente aceptada da una raz\u00f3n a la construcci\u00f3n del templo. En 450 a. C., la rival de Segesta, Selinunte, se ali\u00f3 con Siracusa, una de las ciudades-estado m\u00e1s poderosas de Magna Grecia. Segesta busc\u00f3 ayuda fuera de Sicilia, recurriendo a Atenas en busca de ayuda. Para los atenienses, Segesta era solo una ciudad distante de poca importancia. Antes de considerar una alianza con Segesta, enviaron una delegaci\u00f3n de enviados diplom\u00e1ticos para averiguar la riqueza de la ciudad. Para enga\u00f1ar a los atenienses haci\u00e9ndoles creer que su ciudad era m\u00e1s pr\u00f3spera de lo que realmente era, los Segestanos construyeron el templo para impresionar a sus visitantes. Una vez que los enviados partieron, convencidos de la riqueza de Segesta, cesaron los trabajos en el Templo. Sin embargo, su car\u00e1cter incompleto no puede comprometer su grandeza.<\/p><p>Aunque fundada siglos antes, la historia registrada de Segesta comienza alrededor del a\u00f1o 500 a. C. La colonia griega de Selinunte, a solo sesenta kil\u00f3metros al sur de Segesta, hab\u00eda crecido y prosperado dram\u00e1ticamente desde su fundaci\u00f3n alrededor del 650 a. C. Esto alarm\u00f3 a los Segestanos, quienes inicialmente dieron la bienvenida a los griegos, pero luego vieron el poder en r\u00e1pida expansi\u00f3n de Selinunte como una seria amenaza. Del mismo modo, los cartagineses, cuyas ciudades se extendieron desde Mozia, cerca de la actual Marsala, hasta Solunto, vieron a los griegos como una amenaza de doble filo que se les acercaba r\u00e1pidamente en dos frentes: Himera en la costa norte y Selinunte en el sur. Segesta se ali\u00f3 con Cartago. Sin embargo, con la gran victoria de los ej\u00e9rcitos griegos aliados sobre los cartagineses en Himera en 480 a. C., los Segestanos r\u00e1pidamente cambiaron de bando, convirti\u00e9ndose en aliados de Atenas, una de las ciudades griegas victoriosas. (Los griegos a menudo luchaban entre ellos; las colonias griegas en Sicilia rara vez estaban unidas y hab\u00edan sido fundadas por griegos de varias ciudades de Grecia).<\/p><p>Las cr\u00f3nicas medievales ignoran a Segesta. Sin embargo, en lugares como Segesta, ciertas cosas parecen haber cambiado poco en muchos siglos. Paestum tiene campos de hierba, Agrigento ofrece un panorama rico de almendros y Segesta sus laderas cubiertas de hierba.<\/p><p>\u00bfQu\u00e9 fue de los Segestanos? La cercana Calatafimi era esencialmente una ciudad \u00e1rabe de mezquitas y mujeres con velo. Aun as\u00ed, es probable que los Segestanos medievales abandonaron su ciudad por pueblos cercanos como Erice (Eryx). La antigua escultura de Segesta nos deja con una impresi\u00f3n idealizada de personas sanas y atractivas.<\/p><\/div>\n\t\t\t\t<\/div>\n\t\t\t\t<\/div>\n\t\t\t\t\t\t<\/div>\n\t\t\t\t\t<\/div>\n\t\t<\/div>\n\t\t\t\t\t\t\t\t<\/div>\n\t\t\t\t\t<\/div>\n\t\t<\/section>\n\t\t\t\t\t\t<\/div>\n\t\t\t\t\t\t<\/div>\n\t\t\t\t\t<\/div>\n\t\t","protected":false},"excerpt":{"rendered":"<p>DESCRIPCI\u00d3N: Parece que fue construido ayer. Se puede afirmar sin duda alguna que el antiguo templo griego de Segesta es el mejor conservado del mundo, y su anfiteatro cuenta con una posici\u00f3n insuperable en la cima de la colina en el Monte B\u00e1rbaro. El sitio arqueol\u00f3gico, a unos setenta kil\u00f3metros al suroeste de Palermo, refleja [&hellip;]<\/p>\n","protected":false},"author":2,"featured_media":0,"parent":0,"menu_order":0,"comment_status":"closed","ping_status":"closed","template":"","meta":[],"yoast_head":"<!-- This site is optimized with the Yoast SEO plugin v16.9 - https:\/\/yoast.com\/wordpress\/plugins\/seo\/ -->\n<title>Descubre el Templo Griego de Segesta - BALAGOO<\/title>\n<meta name=\"description\" content=\"En Segesta puedes admirar el templo mejor conservado del mundo y un anfiteatro en un sugestivo parque arqueol\u00f3gico. \u00danete a un tour.\" \/>\n<meta name=\"robots\" content=\"index, follow, max-snippet:-1, max-image-preview:large, max-video-preview:-1\" \/>\n<link rel=\"canonical\" href=\"https:\/\/balagoo.com\/es\/segesta\/\" \/>\n<meta property=\"og:locale\" content=\"es_ES\" \/>\n<meta property=\"og:type\" content=\"article\" \/>\n<meta property=\"og:title\" content=\"Descubre el Templo Griego de Segesta - BALAGOO\" \/>\n<meta property=\"og:description\" content=\"En Segesta puedes admirar el templo mejor conservado del mundo y un anfiteatro en un sugestivo parque arqueol\u00f3gico. \u00danete a un tour.\" \/>\n<meta property=\"og:url\" content=\"https:\/\/balagoo.com\/es\/segesta\/\" \/>\n<meta property=\"og:site_name\" content=\"BALAGOO\" \/>\n<meta property=\"article:publisher\" content=\"https:\/\/www.facebook.com\/palermodaytours\" \/>\n<meta property=\"article:modified_time\" content=\"2021-05-21T10:02:13+00:00\" \/>\n<meta property=\"og:image\" content=\"https:\/\/balagoo.com\/wp-content\/uploads\/2021\/04\/Palermo-La-Cala.jpg\" \/>\n\t<meta property=\"og:image:width\" content=\"1920\" \/>\n\t<meta property=\"og:image:height\" content=\"900\" \/>\n<meta name=\"twitter:card\" content=\"summary_large_image\" \/>\n<meta name=\"twitter:label1\" content=\"Tiempo de lectura\" \/>\n\t<meta name=\"twitter:data1\" content=\"4 minutos\" \/>\n<script type=\"application\/ld+json\" class=\"yoast-schema-graph\">{\"@context\":\"https:\/\/schema.org\",\"@graph\":[{\"@type\":\"WebSite\",\"@id\":\"https:\/\/balagoo.com\/#website\",\"url\":\"https:\/\/balagoo.com\/\",\"name\":\"BALAGOO\",\"description\":\"\",\"potentialAction\":[{\"@type\":\"SearchAction\",\"target\":{\"@type\":\"EntryPoint\",\"urlTemplate\":\"https:\/\/balagoo.com\/?s={search_term_string}\"},\"query-input\":\"required name=search_term_string\"}],\"inLanguage\":\"es\"},{\"@type\":\"WebPage\",\"@id\":\"https:\/\/balagoo.com\/es\/segesta\/#webpage\",\"url\":\"https:\/\/balagoo.com\/es\/segesta\/\",\"name\":\"Descubre el Templo Griego de Segesta - BALAGOO\",\"isPartOf\":{\"@id\":\"https:\/\/balagoo.com\/#website\"},\"datePublished\":\"2021-05-10T09:56:27+00:00\",\"dateModified\":\"2021-05-21T10:02:13+00:00\",\"description\":\"En Segesta puedes admirar el templo mejor conservado del mundo y un anfiteatro en un sugestivo parque arqueol\\u00f3gico. \\u00danete a un tour.\",\"breadcrumb\":{\"@id\":\"https:\/\/balagoo.com\/es\/segesta\/#breadcrumb\"},\"inLanguage\":\"es\",\"potentialAction\":[{\"@type\":\"ReadAction\",\"target\":[\"https:\/\/balagoo.com\/es\/segesta\/\"]}]},{\"@type\":\"BreadcrumbList\",\"@id\":\"https:\/\/balagoo.com\/es\/segesta\/#breadcrumb\",\"itemListElement\":[{\"@type\":\"ListItem\",\"position\":1,\"name\":\"Home\",\"item\":\"https:\/\/balagoo.com\/es\/\"},{\"@type\":\"ListItem\",\"position\":2,\"name\":\"Segesta\"}]}]}<\/script>\n<!-- \/ Yoast SEO plugin. -->","yoast_head_json":{"title":"Descubre el Templo Griego de Segesta - BALAGOO","description":"En Segesta puedes admirar el templo mejor conservado del mundo y un anfiteatro en un sugestivo parque arqueol\u00f3gico. \u00danete a un tour.","robots":{"index":"index","follow":"follow","max-snippet":"max-snippet:-1","max-image-preview":"max-image-preview:large","max-video-preview":"max-video-preview:-1"},"canonical":"https:\/\/balagoo.com\/es\/segesta\/","og_locale":"es_ES","og_type":"article","og_title":"Descubre el Templo Griego de Segesta - BALAGOO","og_description":"En Segesta puedes admirar el templo mejor conservado del mundo y un anfiteatro en un sugestivo parque arqueol\u00f3gico. \u00danete a un tour.","og_url":"https:\/\/balagoo.com\/es\/segesta\/","og_site_name":"BALAGOO","article_publisher":"https:\/\/www.facebook.com\/palermodaytours","article_modified_time":"2021-05-21T10:02:13+00:00","og_image":[{"width":1920,"height":900,"url":"https:\/\/balagoo.com\/wp-content\/uploads\/2021\/04\/Palermo-La-Cala.jpg","path":"\/var\/www\/vhosts\/balagoo.com\/httpdocs\/wp-content\/uploads\/2021\/04\/Palermo-La-Cala.jpg","size":"full","id":2073,"alt":"","pixels":1728000,"type":"image\/jpeg"}],"twitter_card":"summary_large_image","twitter_misc":{"Tiempo de lectura":"4 minutos"},"schema":{"@context":"https:\/\/schema.org","@graph":[{"@type":"WebSite","@id":"https:\/\/balagoo.com\/#website","url":"https:\/\/balagoo.com\/","name":"BALAGOO","description":"","potentialAction":[{"@type":"SearchAction","target":{"@type":"EntryPoint","urlTemplate":"https:\/\/balagoo.com\/?s={search_term_string}"},"query-input":"required name=search_term_string"}],"inLanguage":"es"},{"@type":"WebPage","@id":"https:\/\/balagoo.com\/es\/segesta\/#webpage","url":"https:\/\/balagoo.com\/es\/segesta\/","name":"Descubre el Templo Griego de Segesta - BALAGOO","isPartOf":{"@id":"https:\/\/balagoo.com\/#website"},"datePublished":"2021-05-10T09:56:27+00:00","dateModified":"2021-05-21T10:02:13+00:00","description":"En Segesta puedes admirar el templo mejor conservado del mundo y un anfiteatro en un sugestivo parque arqueol\u00f3gico. \u00danete a un tour.","breadcrumb":{"@id":"https:\/\/balagoo.com\/es\/segesta\/#breadcrumb"},"inLanguage":"es","potentialAction":[{"@type":"ReadAction","target":["https:\/\/balagoo.com\/es\/segesta\/"]}]},{"@type":"BreadcrumbList","@id":"https:\/\/balagoo.com\/es\/segesta\/#breadcrumb","itemListElement":[{"@type":"ListItem","position":1,"name":"Home","item":"https:\/\/balagoo.com\/es\/"},{"@type":"ListItem","position":2,"name":"Segesta"}]}]}},"_links":{"self":[{"href":"https:\/\/balagoo.com\/es\/wp-json\/wp\/v2\/pages\/2435"}],"collection":[{"href":"https:\/\/balagoo.com\/es\/wp-json\/wp\/v2\/pages"}],"about":[{"href":"https:\/\/balagoo.com\/es\/wp-json\/wp\/v2\/types\/page"}],"author":[{"embeddable":true,"href":"https:\/\/balagoo.com\/es\/wp-json\/wp\/v2\/users\/2"}],"replies":[{"embeddable":true,"href":"https:\/\/balagoo.com\/es\/wp-json\/wp\/v2\/comments?post=2435"}],"version-history":[{"count":7,"href":"https:\/\/balagoo.com\/es\/wp-json\/wp\/v2\/pages\/2435\/revisions"}],"predecessor-version":[{"id":2453,"href":"https:\/\/balagoo.com\/es\/wp-json\/wp\/v2\/pages\/2435\/revisions\/2453"}],"wp:attachment":[{"href":"https:\/\/balagoo.com\/es\/wp-json\/wp\/v2\/media?parent=2435"}],"curies":[{"name":"wp","href":"https:\/\/api.w.org\/{rel}","templated":true}]}}