{"id":2416,"date":"2021-05-10T11:17:42","date_gmt":"2021-05-10T09:17:42","guid":{"rendered":"https:\/\/balagoo.com\/palermo-by-night\/"},"modified":"2021-05-21T11:51:52","modified_gmt":"2021-05-21T09:51:52","slug":"palermo-de-noche","status":"publish","type":"page","link":"https:\/\/balagoo.com\/es\/palermo-de-noche\/","title":{"rendered":"PALERMO de noche"},"content":{"rendered":"\t\t<div data-elementor-type=\"wp-page\" data-elementor-id=\"2416\" class=\"elementor elementor-2416 elementor-2224\" data-elementor-settings=\"[]\">\n\t\t\t\t\t\t<div class=\"elementor-inner\">\n\t\t\t\t\t\t\t<div class=\"elementor-section-wrap\">\n\t\t\t\t\t\t\t<section class=\"elementor-section elementor-top-section elementor-element elementor-element-92629fb elementor-section-boxed elementor-section-height-default elementor-section-height-default\" data-id=\"92629fb\" data-element_type=\"section\">\n\t\t\t\t\t\t<div class=\"elementor-container elementor-column-gap-default\">\n\t\t\t\t\t\t\t<div class=\"elementor-row\">\n\t\t\t\t\t<div class=\"elementor-column elementor-col-100 elementor-top-column elementor-element elementor-element-d5617f7\" data-id=\"d5617f7\" data-element_type=\"column\">\n\t\t\t<div class=\"elementor-column-wrap elementor-element-populated\">\n\t\t\t\t\t\t\t<div class=\"elementor-widget-wrap\">\n\t\t\t\t\t\t\t\t<\/div>\n\t\t\t\t\t<\/div>\n\t\t<\/div>\n\t\t\t\t\t\t\t\t<\/div>\n\t\t\t\t\t<\/div>\n\t\t<\/section>\n\t\t\t\t<section class=\"elementor-section elementor-top-section elementor-element elementor-element-ed25346 elementor-section-boxed elementor-section-height-default elementor-section-height-default\" data-id=\"ed25346\" data-element_type=\"section\">\n\t\t\t\t\t\t<div class=\"elementor-container elementor-column-gap-default\">\n\t\t\t\t\t\t\t<div class=\"elementor-row\">\n\t\t\t\t\t<div class=\"elementor-column elementor-col-100 elementor-top-column elementor-element elementor-element-93f4e38\" data-id=\"93f4e38\" data-element_type=\"column\">\n\t\t\t<div class=\"elementor-column-wrap elementor-element-populated\">\n\t\t\t\t\t\t\t<div class=\"elementor-widget-wrap\">\n\t\t\t\t\t\t<div class=\"elementor-element elementor-element-fe18add elementor-widget elementor-widget-text-editor\" data-id=\"fe18add\" data-element_type=\"widget\" data-widget_type=\"text-editor.default\">\n\t\t\t\t<div class=\"elementor-widget-container\">\n\t\t\t\t\t<div class=\"elementor-text-editor elementor-clearfix\"><p><strong>LO QUE ESPERAMOS VER:<\/strong> <\/p><p><strong>PORTA FELICE, las puertas hacia el mar<\/strong><\/p><p>Porta Felice fue construida en 1582, en la \u00e9poca del virrey espa\u00f1ol Marcantonio Colonna, en honor a su esposa Donna Felice Orsini. Pero las obras continuaron durante mucho tiempo y finalmente se detuvieron cuando los sucesores de Colonna decidieron no continuar con la construcci\u00f3n. Todo permaneci\u00f3 estacionario hasta 1602, cuando el virrey duque de Ferla decidi\u00f3 continuar la construcci\u00f3n de las puertas, instruyendo al arquitecto del Senado, Mariano Smiriglio. En 1636, a la muerte de Smiriglio, Pietro Novelli fue nombrado arquitecto del proyecto, y modific\u00f3 el<br \/>dise\u00f1o inicial, especialmente para lo que concierne a la parte superior de las puertas, que permanecieron abiertas. Vincenzo Tedeschi, el rival de Novelli, tambi\u00e9n se hizo cargo de la direcci\u00f3n de las obras, intentando resaltar algunos errores t\u00e9cnicos, pero en realidad casi nada cambi\u00f3. La construcci\u00f3n de Porta Felice termin\u00f3 en 1637, se hicieron otras mejoras en los a\u00f1os siguientes. Porta Felice es uno de los s\u00edmbolos de Palermo especialmente para la procesi\u00f3n en honor a Santa Rosal\u00eda, patrona de la ciudad. De hecho, desde las puertas de Porta Felice, el carro del Festino de Santa Rosal\u00eda pasa para continuar su descenso hacia el mar.<\/p><p><strong>LA KALSA<\/strong><\/p><p>El coraz\u00f3n del dominio \u00e1rabe: Kalsa, surgi\u00f3 en el siglo X bajo el dominio \u00e1rabe. El nombre deriva del t\u00e9rmino al Khalisa, que significa \u00abel puro\u00bb o \u00abel elegido\u00bb, y fue el primer vecindario construido fuera de las antiguas murallas, para crear otro polo defensivo fuera del casco antiguo. El distrito conten\u00eda la ciudadela fortificada del emir, y de hecho fue la sede de la vida administrativa durante la dominaci\u00f3n \u00e1rabe. En la \u00e9poca medieval surgieron casas y palacios en lugar de los jardines originales y esto caus\u00f3 que el \u00e1rea se expandiera ampliamente. Con la dominaci\u00f3n normanda, del siglo XI, los Kalsa sufrieron m\u00e1s mutaciones. Los viejos muros \u00e1rabes fueron derribados y el Castello a mare (Castillo en el mar) fue construido con fines defensivos. Hoy, Kalsa es un distrito popular muy pintoresco, donde a\u00fan se puede respirar la antigua cultura \u00e1rabe rodeada de fuertes aromas picantes procedentes de quioscos y restaurantes ubicados en el camino.<\/p><p><strong>CUADRADO DE MAGIONE<\/strong><\/p><p>En el borde del barrio jud\u00edo. Ubicado en el distrito de Kalsa, el nombre deriva de la cercana iglesia de Magione, con un antiguo<br \/>Convento contiguo. Alguna vez fue un hito para la comunidad jud\u00eda, que construy\u00f3 jardines en el \u00e1rea que fueron fundamentales en tiempos de hambruna. Las caracter\u00edsticas de esta parte del centro hist\u00f3rico de la ciudad fueron anuladas debido al bombardeo violento de la Segunda Guerra Mundial. Hoy es posible observar los restos de los cimientos restaurados de los edificios preexistentes. Este lugar es importante para el<br \/>Palermitas, no solo porque hoy es un lugar de encuentro para los j\u00f3venes, sino tambi\u00e9n porque fue all\u00ed donde los h\u00e9roes antimafia Giovanni Falcone y Paolo Borsellino se conocieron cuando eran ni\u00f1os, jugando al f\u00fatbol por los callejones de Kalsa.<\/p><p><strong>CUADRADO DE REVOLUCION<\/strong><\/p><p>De Garibaldi a la unificaci\u00f3n italiana. Esta plaza es el coraz\u00f3n del Risorgimento Palermitano y el s\u00edmbolo de la lucha contra los Borbones.<br \/>regla. Los primeros disturbios, que allanaron el camino para la unificaci\u00f3n de Italia, tuvieron lugar aqu\u00ed en 1820, y luego nuevamente el 12 de enero de 1848. El 27 de mayo de 1860, Garibaldi, que ingresaba desde la cercana Puerta de Termini, se aloj\u00f3 en un palacio noble al lado a la plaza y fue en esta ocasi\u00f3n que la plaza tom\u00f3 el nombre de Plaza de la Revoluci\u00f3n (Piazza Rivoluzione). Hoy podemos ver varias losas conmemorativas que recuerdan los acontecimientos hist\u00f3ricos que tuvieron lugar aqu\u00ed. En el centro de la plaza se encuentra una de las representaciones m\u00e1s famosas del Genio de Palermo, el protector secular de la ciudad que data de 1687. Esto generalmente se representa como un anciano coronado con una serpiente que se alimenta de su pecho.<\/p><p><strong>BAS\u00cdLICA DE ST. FRANCISCO DE ASIS<\/strong><\/p><p>Una joya rara llena de obras de arte. Su construcci\u00f3n data de 1254, sobre los restos de una iglesia anterior destruida en 1240 por el emperador.<br \/>Federico II, y termin\u00f3 alrededor de 1277. La parte mejor conservada de la iglesia es sin duda su magn\u00edfica fachada de estilo g\u00f3tico tard\u00edo. Podemos admirar el hermoso y majestuoso portal del siglo XIII donde podemos encontrar las insignias de la poderosa familia de Chiaramonte, quienes fueron los comisionados, y los motivos en zigzag, t\u00edpicos del arte isl\u00e1mico. En el interior hay obras de artistas muy importantes para el renacimiento italiano y siciliano, como Domenico Gagini. Entre los siglos XVII y XVIII se enriqueci\u00f3 con estucos de Giacomo Serpotta, frescos y<br \/>especialmente con la capilla de la Inmaculada, una de las obras m\u00e1s representativas del barroco palermitano, con su lujosa decoraci\u00f3n y m\u00e1rmoles policromados de exquisito dise\u00f1o. La bas\u00edlica del siglo XIV fue sacudida por un terremoto en 1823 y fue restaurada en un estilo m\u00e1s neocl\u00e1sico. En la segunda mitad del mismo siglo, sin embargo, una vez m\u00e1s fue destrozado por el bombardeo de la Segunda Guerra Mundial. Gracias a la dedicaci\u00f3n de los padres franciscanos, la bas\u00edlica fue nuevamente reconstruida con un estilo desnudo m\u00e1s simple, pero rica en obras de arte de valor incalculable acumuladas a lo largo de los siglos.<\/p><\/div>\n\t\t\t\t<\/div>\n\t\t\t\t<\/div>\n\t\t\t\t\t\t<\/div>\n\t\t\t\t\t<\/div>\n\t\t<\/div>\n\t\t\t\t\t\t\t\t<\/div>\n\t\t\t\t\t<\/div>\n\t\t<\/section>\n\t\t\t\t\t\t<\/div>\n\t\t\t\t\t\t<\/div>\n\t\t\t\t\t<\/div>\n\t\t","protected":false},"excerpt":{"rendered":"<p>LO QUE ESPERAMOS VER: PORTA FELICE, las puertas hacia el mar Porta Felice fue construida en 1582, en la \u00e9poca del virrey espa\u00f1ol Marcantonio Colonna, en honor a su esposa Donna Felice Orsini. Pero las obras continuaron durante mucho tiempo y finalmente se detuvieron cuando los sucesores de Colonna decidieron no continuar con la construcci\u00f3n. [&hellip;]<\/p>\n","protected":false},"author":2,"featured_media":0,"parent":0,"menu_order":0,"comment_status":"closed","ping_status":"closed","template":"","meta":[],"yoast_head":"<!-- This site is optimized with the Yoast SEO plugin v16.9 - https:\/\/yoast.com\/wordpress\/plugins\/seo\/ -->\n<title>Disfruta los Mejores Lugares Nocturnos de Palermo - BALAGOO<\/title>\n<meta name=\"description\" content=\"\u00danete a las noches en Palermo con un tour nocturno. Descubre los lugares m\u00e1s divertidos, t\u00f3mate una copa, disfruta un aperitivo y el arte.\" \/>\n<meta name=\"robots\" content=\"index, follow, max-snippet:-1, max-image-preview:large, max-video-preview:-1\" \/>\n<link rel=\"canonical\" href=\"https:\/\/balagoo.com\/es\/palermo-de-noche\/\" \/>\n<meta property=\"og:locale\" content=\"es_ES\" \/>\n<meta property=\"og:type\" content=\"article\" \/>\n<meta property=\"og:title\" content=\"Disfruta los Mejores Lugares Nocturnos de Palermo - BALAGOO\" \/>\n<meta property=\"og:description\" content=\"\u00danete a las noches en Palermo con un tour nocturno. Descubre los lugares m\u00e1s divertidos, t\u00f3mate una copa, disfruta un aperitivo y el arte.\" \/>\n<meta property=\"og:url\" content=\"https:\/\/balagoo.com\/es\/palermo-de-noche\/\" \/>\n<meta property=\"og:site_name\" content=\"BALAGOO\" \/>\n<meta property=\"article:publisher\" content=\"https:\/\/www.facebook.com\/palermodaytours\" \/>\n<meta property=\"article:modified_time\" content=\"2021-05-21T09:51:52+00:00\" \/>\n<meta property=\"og:image\" content=\"https:\/\/balagoo.com\/wp-content\/uploads\/2021\/04\/Palermo-La-Cala.jpg\" \/>\n\t<meta property=\"og:image:width\" content=\"1920\" \/>\n\t<meta property=\"og:image:height\" content=\"900\" \/>\n<meta name=\"twitter:card\" content=\"summary_large_image\" \/>\n<meta name=\"twitter:label1\" content=\"Tiempo de lectura\" \/>\n\t<meta name=\"twitter:data1\" content=\"4 minutos\" \/>\n<script type=\"application\/ld+json\" class=\"yoast-schema-graph\">{\"@context\":\"https:\/\/schema.org\",\"@graph\":[{\"@type\":\"WebSite\",\"@id\":\"https:\/\/balagoo.com\/#website\",\"url\":\"https:\/\/balagoo.com\/\",\"name\":\"BALAGOO\",\"description\":\"\",\"potentialAction\":[{\"@type\":\"SearchAction\",\"target\":{\"@type\":\"EntryPoint\",\"urlTemplate\":\"https:\/\/balagoo.com\/?s={search_term_string}\"},\"query-input\":\"required name=search_term_string\"}],\"inLanguage\":\"es\"},{\"@type\":\"WebPage\",\"@id\":\"https:\/\/balagoo.com\/es\/palermo-de-noche\/#webpage\",\"url\":\"https:\/\/balagoo.com\/es\/palermo-de-noche\/\",\"name\":\"Disfruta los Mejores Lugares Nocturnos de Palermo - BALAGOO\",\"isPartOf\":{\"@id\":\"https:\/\/balagoo.com\/#website\"},\"datePublished\":\"2021-05-10T09:17:42+00:00\",\"dateModified\":\"2021-05-21T09:51:52+00:00\",\"description\":\"\\u00danete a las noches en Palermo con un tour nocturno. Descubre los lugares m\\u00e1s divertidos, t\\u00f3mate una copa, disfruta un aperitivo y el arte.\",\"breadcrumb\":{\"@id\":\"https:\/\/balagoo.com\/es\/palermo-de-noche\/#breadcrumb\"},\"inLanguage\":\"es\",\"potentialAction\":[{\"@type\":\"ReadAction\",\"target\":[\"https:\/\/balagoo.com\/es\/palermo-de-noche\/\"]}]},{\"@type\":\"BreadcrumbList\",\"@id\":\"https:\/\/balagoo.com\/es\/palermo-de-noche\/#breadcrumb\",\"itemListElement\":[{\"@type\":\"ListItem\",\"position\":1,\"name\":\"Home\",\"item\":\"https:\/\/balagoo.com\/es\/\"},{\"@type\":\"ListItem\",\"position\":2,\"name\":\"PALERMO de noche\"}]}]}<\/script>\n<!-- \/ Yoast SEO plugin. -->","yoast_head_json":{"title":"Disfruta los Mejores Lugares Nocturnos de Palermo - BALAGOO","description":"\u00danete a las noches en Palermo con un tour nocturno. Descubre los lugares m\u00e1s divertidos, t\u00f3mate una copa, disfruta un aperitivo y el arte.","robots":{"index":"index","follow":"follow","max-snippet":"max-snippet:-1","max-image-preview":"max-image-preview:large","max-video-preview":"max-video-preview:-1"},"canonical":"https:\/\/balagoo.com\/es\/palermo-de-noche\/","og_locale":"es_ES","og_type":"article","og_title":"Disfruta los Mejores Lugares Nocturnos de Palermo - BALAGOO","og_description":"\u00danete a las noches en Palermo con un tour nocturno. Descubre los lugares m\u00e1s divertidos, t\u00f3mate una copa, disfruta un aperitivo y el arte.","og_url":"https:\/\/balagoo.com\/es\/palermo-de-noche\/","og_site_name":"BALAGOO","article_publisher":"https:\/\/www.facebook.com\/palermodaytours","article_modified_time":"2021-05-21T09:51:52+00:00","og_image":[{"width":1920,"height":900,"url":"https:\/\/balagoo.com\/wp-content\/uploads\/2021\/04\/Palermo-La-Cala.jpg","path":"\/var\/www\/vhosts\/balagoo.com\/httpdocs\/wp-content\/uploads\/2021\/04\/Palermo-La-Cala.jpg","size":"full","id":2073,"alt":"","pixels":1728000,"type":"image\/jpeg"}],"twitter_card":"summary_large_image","twitter_misc":{"Tiempo de lectura":"4 minutos"},"schema":{"@context":"https:\/\/schema.org","@graph":[{"@type":"WebSite","@id":"https:\/\/balagoo.com\/#website","url":"https:\/\/balagoo.com\/","name":"BALAGOO","description":"","potentialAction":[{"@type":"SearchAction","target":{"@type":"EntryPoint","urlTemplate":"https:\/\/balagoo.com\/?s={search_term_string}"},"query-input":"required name=search_term_string"}],"inLanguage":"es"},{"@type":"WebPage","@id":"https:\/\/balagoo.com\/es\/palermo-de-noche\/#webpage","url":"https:\/\/balagoo.com\/es\/palermo-de-noche\/","name":"Disfruta los Mejores Lugares Nocturnos de Palermo - BALAGOO","isPartOf":{"@id":"https:\/\/balagoo.com\/#website"},"datePublished":"2021-05-10T09:17:42+00:00","dateModified":"2021-05-21T09:51:52+00:00","description":"\u00danete a las noches en Palermo con un tour nocturno. Descubre los lugares m\u00e1s divertidos, t\u00f3mate una copa, disfruta un aperitivo y el arte.","breadcrumb":{"@id":"https:\/\/balagoo.com\/es\/palermo-de-noche\/#breadcrumb"},"inLanguage":"es","potentialAction":[{"@type":"ReadAction","target":["https:\/\/balagoo.com\/es\/palermo-de-noche\/"]}]},{"@type":"BreadcrumbList","@id":"https:\/\/balagoo.com\/es\/palermo-de-noche\/#breadcrumb","itemListElement":[{"@type":"ListItem","position":1,"name":"Home","item":"https:\/\/balagoo.com\/es\/"},{"@type":"ListItem","position":2,"name":"PALERMO de noche"}]}]}},"_links":{"self":[{"href":"https:\/\/balagoo.com\/es\/wp-json\/wp\/v2\/pages\/2416"}],"collection":[{"href":"https:\/\/balagoo.com\/es\/wp-json\/wp\/v2\/pages"}],"about":[{"href":"https:\/\/balagoo.com\/es\/wp-json\/wp\/v2\/types\/page"}],"author":[{"embeddable":true,"href":"https:\/\/balagoo.com\/es\/wp-json\/wp\/v2\/users\/2"}],"replies":[{"embeddable":true,"href":"https:\/\/balagoo.com\/es\/wp-json\/wp\/v2\/comments?post=2416"}],"version-history":[{"count":8,"href":"https:\/\/balagoo.com\/es\/wp-json\/wp\/v2\/pages\/2416\/revisions"}],"predecessor-version":[{"id":2451,"href":"https:\/\/balagoo.com\/es\/wp-json\/wp\/v2\/pages\/2416\/revisions\/2451"}],"wp:attachment":[{"href":"https:\/\/balagoo.com\/es\/wp-json\/wp\/v2\/media?parent=2416"}],"curies":[{"name":"wp","href":"https:\/\/api.w.org\/{rel}","templated":true}]}}