{"id":2396,"date":"2021-05-10T10:53:46","date_gmt":"2021-05-10T08:53:46","guid":{"rendered":"https:\/\/balagoo.com\/erice\/"},"modified":"2021-05-10T12:04:00","modified_gmt":"2021-05-10T10:04:00","slug":"erice","status":"publish","type":"page","link":"https:\/\/balagoo.com\/es\/erice\/","title":{"rendered":"Erice"},"content":{"rendered":"\t\t<div data-elementor-type=\"wp-page\" data-elementor-id=\"2396\" class=\"elementor elementor-2396 elementor-2293\" data-elementor-settings=\"[]\">\n\t\t\t\t\t\t<div class=\"elementor-inner\">\n\t\t\t\t\t\t\t<div class=\"elementor-section-wrap\">\n\t\t\t\t\t\t\t<section class=\"elementor-section elementor-top-section elementor-element elementor-element-92629fb elementor-section-boxed elementor-section-height-default elementor-section-height-default\" data-id=\"92629fb\" data-element_type=\"section\">\n\t\t\t\t\t\t<div class=\"elementor-container elementor-column-gap-default\">\n\t\t\t\t\t\t\t<div class=\"elementor-row\">\n\t\t\t\t\t<div class=\"elementor-column elementor-col-100 elementor-top-column elementor-element elementor-element-d5617f7\" data-id=\"d5617f7\" data-element_type=\"column\">\n\t\t\t<div class=\"elementor-column-wrap elementor-element-populated\">\n\t\t\t\t\t\t\t<div class=\"elementor-widget-wrap\">\n\t\t\t\t\t\t\t\t<\/div>\n\t\t\t\t\t<\/div>\n\t\t<\/div>\n\t\t\t\t\t\t\t\t<\/div>\n\t\t\t\t\t<\/div>\n\t\t<\/section>\n\t\t\t\t<section class=\"elementor-section elementor-top-section elementor-element elementor-element-ed25346 elementor-section-boxed elementor-section-height-default elementor-section-height-default\" data-id=\"ed25346\" data-element_type=\"section\">\n\t\t\t\t\t\t<div class=\"elementor-container elementor-column-gap-default\">\n\t\t\t\t\t\t\t<div class=\"elementor-row\">\n\t\t\t\t\t<div class=\"elementor-column elementor-col-100 elementor-top-column elementor-element elementor-element-93f4e38\" data-id=\"93f4e38\" data-element_type=\"column\">\n\t\t\t<div class=\"elementor-column-wrap elementor-element-populated\">\n\t\t\t\t\t\t\t<div class=\"elementor-widget-wrap\">\n\t\t\t\t\t\t<div class=\"elementor-element elementor-element-fe18add elementor-widget elementor-widget-text-editor\" data-id=\"fe18add\" data-element_type=\"widget\" data-widget_type=\"text-editor.default\">\n\t\t\t\t<div class=\"elementor-widget-container\">\n\t\t\t\t\t<div class=\"elementor-text-editor elementor-clearfix\"><p><strong>DESCRIPCI\u00d3N:<\/strong><\/p><p>Superficialmente, Erice representa el ep\u00edtome de la Edad Media, a trav\u00e9s de sus los castillos, sus murallas y sus calles de piedra. En realidad, su origen es mucho m\u00e1s antigua. Esta singular ciudad, ubicada en una colina que domina la costa del Tirreno en el oeste de Sicilia, era la antigua Eryx, una pr\u00f3spera ciudad el\u00edmica y cartaginesa, con un templo muy conocido dedicado a la diosa fenicia de la fertilidad, Astarte (luego identificada con Venus y adorada por los romanos) y su propio h\u00e9roe hom\u00f3nimo, si bien m\u00edtico, el gobernante Eryx. Tanto H\u00e9rcules como Eneas est\u00e1n asociados con la antigua Erice. Seg\u00fan Diodorus Siculus, Eryx combati\u00f3 a Heracles (H\u00e9rcules) durante la visita de este \u00faltimo a esta parte de Sicilia, y lo afronto en una pelea de lucha libre. Seg\u00fan la leyenda, Eryx habr\u00eda sido el hijo de Afrodita y del Rey. Por tal motivo, Virgilio lo identifica como un hermano de Eneas.<\/p><p>Desafortunadamente, poco se sabe de los Elimos. Originarios de Asia Menor (posiblemente Anatolia), llegaron a Sicilia para establecerse en algunas de las regiones occidentales de la isla alrededor del a\u00f1o 1200 a. C., durante m\u00e1s o menos el mismo per\u00edodo en que los Siculos, que emigraron de la Italia peninsular, colonizaron la parte noreste de la isla. Ambos coexistieron con los nativos Sicanios. Durante la dominaci\u00f3n griega, la mayor\u00eda de los Elimos, incluidos los de Segesta (Egesta), se asimilaron culturalmente con los griegos. Pruebas hist\u00f3ricas sugieren, sin embargo, que los Elimos de Eryx, se asimilaron m\u00e1s f\u00e1cilmente con la cultura p\u00fanica de los cartagineses.<\/p><p>Los fenicios, cartagineses y romanos, a su vez, conquistaron la ciudad, que nunca desarroll\u00f3 una cultura griega particularmente fuerte, excepto la de los bizantinos medievales del Imperio Romano de Oriente. Para los \u00e1rabes, Erice era un punto de apoyo importante conocido como Gebel Hamed, que los normandos bautizaron Monte San Giuliano, un nombre con el que fue conocido hasta 1934, cuando se le dio su nombre latino original.<\/p><p>Situada en la cima de una colina (a unos 750 metros sobre el nivel del mar) con vistas a Trapani y las playas de San Vito Lo Capo, Erice es casi una especie de Taormina siciliana occidental. Hay algunas antiguas murallas el\u00edmicas y fenicias que rodean el lado noreste de la ciudad, y dos castillos, el Castillo de Pepoli, con cimientos que datan de la \u00e9poca \u00e1rabe, y el cercano Castillo de Venus, que data del per\u00edodo normando pero construido sobre las ruinas del antiguo Templo de Venus (o Astarte) donde se cree que se practicaba la prostituci\u00f3n ritual. Rodeados por un exuberante parque, solo los castillos de la colina merecen una parada en Erice, que ofrece encantadoras calles antiguas de piedra y varias iglesias medievales. Al principio, el castillo de Pepoli era una fortaleza feudal, aunque Erice finalmente fue cedida a la Corona como una ciudad desmesada. La vista desde las torres del castillo es estupenda. Aunque ambos castillos se han modificado un poco a lo largo de los siglos, todav\u00eda tienen ese car\u00e1cter distintivo medieval que uno se espera de tales fortalezas.<\/p><p>En 406 a. C., tuvo lugar una importante batalla naval en las aguas cercanas, entre las flotas de Cartago y Siracusa, con la victoria de este \u00faltimo. M\u00e1s tarde, en la Primera Guerra P\u00fanica, Eryx cay\u00f3 ante los cartagineses, y en 260 a. C. Am\u00edlcar la destruy\u00f3. Fue muy disputada por griegos, cartagineses y romanos, luego fue conquistada por los \u00e1rabes en los a\u00f1os ca\u00f3ticos que siguieron al 827. Escribiendo en el siglo XII, el ge\u00f3grafo \u00e1rabe Idrisi observ\u00f3 que las mujeres de esta ciudad eran entre las m\u00e1s bellas de Sicilia. M\u00e1s tarde, Ibn Jubayr tambi\u00e9n escribi\u00f3 sobre eso.<\/p><p>La arquitectura eclesi\u00e1stica no est\u00e1 ausente de Erice. La Iglesia Madre, en Via Carvini, es esencialmente una estructura proto g\u00f3tica del siglo XIV cuyo estilo refleja ciertas influencias rom\u00e1nicas. Una torre m\u00e1s antigua se encuentra en la entrada, y la iglesia misma se construy\u00f3 sobre una estructura mucho m\u00e1s antigua. La Iglesia medieval de San Juan Bautista fue modificada en los \u00faltimos siglos, pero a\u00fan conserva algo de su estilo original, especialmente su exterior. Fue construida como una capilla ortodoxa. La iglesia de Santa \u00darsula, del siglo XV, que tambi\u00e9n conserva algunos elementos g\u00f3ticos medievales, merece una visita.<\/p><\/div>\n\t\t\t\t<\/div>\n\t\t\t\t<\/div>\n\t\t\t\t\t\t<\/div>\n\t\t\t\t\t<\/div>\n\t\t<\/div>\n\t\t\t\t\t\t\t\t<\/div>\n\t\t\t\t\t<\/div>\n\t\t<\/section>\n\t\t\t\t\t\t<\/div>\n\t\t\t\t\t\t<\/div>\n\t\t\t\t\t<\/div>\n\t\t","protected":false},"excerpt":{"rendered":"<p>DESCRIPCI\u00d3N: Superficialmente, Erice representa el ep\u00edtome de la Edad Media, a trav\u00e9s de sus los castillos, sus murallas y sus calles de piedra. En realidad, su origen es mucho m\u00e1s antigua. Esta singular ciudad, ubicada en una colina que domina la costa del Tirreno en el oeste de Sicilia, era la antigua Eryx, una pr\u00f3spera [&hellip;]<\/p>\n","protected":false},"author":2,"featured_media":0,"parent":0,"menu_order":0,"comment_status":"closed","ping_status":"closed","template":"","meta":[],"yoast_head":"<!-- This site is optimized with the Yoast SEO plugin v16.9 - https:\/\/yoast.com\/wordpress\/plugins\/seo\/ -->\n<title>Erice - BALAGOO<\/title>\n<meta name=\"robots\" content=\"index, follow, max-snippet:-1, max-image-preview:large, max-video-preview:-1\" \/>\n<link rel=\"canonical\" href=\"https:\/\/balagoo.com\/es\/erice\/\" \/>\n<meta property=\"og:locale\" content=\"es_ES\" \/>\n<meta property=\"og:type\" content=\"article\" \/>\n<meta property=\"og:title\" content=\"Erice - BALAGOO\" \/>\n<meta property=\"og:description\" content=\"DESCRIPCI\u00d3N: Superficialmente, Erice representa el ep\u00edtome de la Edad Media, a trav\u00e9s de sus los castillos, sus murallas y sus calles de piedra. En realidad, su origen es mucho m\u00e1s antigua. Esta singular ciudad, ubicada en una colina que domina la costa del Tirreno en el oeste de Sicilia, era la antigua Eryx, una pr\u00f3spera [&hellip;]\" \/>\n<meta property=\"og:url\" content=\"https:\/\/balagoo.com\/es\/erice\/\" \/>\n<meta property=\"og:site_name\" content=\"BALAGOO\" \/>\n<meta property=\"article:publisher\" content=\"https:\/\/www.facebook.com\/palermodaytours\" \/>\n<meta property=\"article:modified_time\" content=\"2021-05-10T10:04:00+00:00\" \/>\n<meta property=\"og:image\" content=\"https:\/\/balagoo.com\/wp-content\/uploads\/2021\/04\/Palermo-La-Cala.jpg\" \/>\n\t<meta property=\"og:image:width\" content=\"1920\" \/>\n\t<meta property=\"og:image:height\" content=\"900\" \/>\n<meta name=\"twitter:card\" content=\"summary_large_image\" \/>\n<meta name=\"twitter:label1\" content=\"Tiempo de lectura\" \/>\n\t<meta name=\"twitter:data1\" content=\"4 minutos\" \/>\n<script type=\"application\/ld+json\" class=\"yoast-schema-graph\">{\"@context\":\"https:\/\/schema.org\",\"@graph\":[{\"@type\":\"WebSite\",\"@id\":\"https:\/\/balagoo.com\/#website\",\"url\":\"https:\/\/balagoo.com\/\",\"name\":\"BALAGOO\",\"description\":\"\",\"potentialAction\":[{\"@type\":\"SearchAction\",\"target\":{\"@type\":\"EntryPoint\",\"urlTemplate\":\"https:\/\/balagoo.com\/?s={search_term_string}\"},\"query-input\":\"required name=search_term_string\"}],\"inLanguage\":\"es\"},{\"@type\":\"WebPage\",\"@id\":\"https:\/\/balagoo.com\/es\/erice\/#webpage\",\"url\":\"https:\/\/balagoo.com\/es\/erice\/\",\"name\":\"Erice - BALAGOO\",\"isPartOf\":{\"@id\":\"https:\/\/balagoo.com\/#website\"},\"datePublished\":\"2021-05-10T08:53:46+00:00\",\"dateModified\":\"2021-05-10T10:04:00+00:00\",\"breadcrumb\":{\"@id\":\"https:\/\/balagoo.com\/es\/erice\/#breadcrumb\"},\"inLanguage\":\"es\",\"potentialAction\":[{\"@type\":\"ReadAction\",\"target\":[\"https:\/\/balagoo.com\/es\/erice\/\"]}]},{\"@type\":\"BreadcrumbList\",\"@id\":\"https:\/\/balagoo.com\/es\/erice\/#breadcrumb\",\"itemListElement\":[{\"@type\":\"ListItem\",\"position\":1,\"name\":\"Home\",\"item\":\"https:\/\/balagoo.com\/es\/\"},{\"@type\":\"ListItem\",\"position\":2,\"name\":\"Erice\"}]}]}<\/script>\n<!-- \/ Yoast SEO plugin. -->","yoast_head_json":{"title":"Erice - BALAGOO","robots":{"index":"index","follow":"follow","max-snippet":"max-snippet:-1","max-image-preview":"max-image-preview:large","max-video-preview":"max-video-preview:-1"},"canonical":"https:\/\/balagoo.com\/es\/erice\/","og_locale":"es_ES","og_type":"article","og_title":"Erice - BALAGOO","og_description":"DESCRIPCI\u00d3N: Superficialmente, Erice representa el ep\u00edtome de la Edad Media, a trav\u00e9s de sus los castillos, sus murallas y sus calles de piedra. En realidad, su origen es mucho m\u00e1s antigua. Esta singular ciudad, ubicada en una colina que domina la costa del Tirreno en el oeste de Sicilia, era la antigua Eryx, una pr\u00f3spera [&hellip;]","og_url":"https:\/\/balagoo.com\/es\/erice\/","og_site_name":"BALAGOO","article_publisher":"https:\/\/www.facebook.com\/palermodaytours","article_modified_time":"2021-05-10T10:04:00+00:00","og_image":[{"width":1920,"height":900,"url":"https:\/\/balagoo.com\/wp-content\/uploads\/2021\/04\/Palermo-La-Cala.jpg","path":"\/var\/www\/vhosts\/balagoo.com\/httpdocs\/wp-content\/uploads\/2021\/04\/Palermo-La-Cala.jpg","size":"full","id":2073,"alt":"","pixels":1728000,"type":"image\/jpeg"}],"twitter_card":"summary_large_image","twitter_misc":{"Tiempo de lectura":"4 minutos"},"schema":{"@context":"https:\/\/schema.org","@graph":[{"@type":"WebSite","@id":"https:\/\/balagoo.com\/#website","url":"https:\/\/balagoo.com\/","name":"BALAGOO","description":"","potentialAction":[{"@type":"SearchAction","target":{"@type":"EntryPoint","urlTemplate":"https:\/\/balagoo.com\/?s={search_term_string}"},"query-input":"required name=search_term_string"}],"inLanguage":"es"},{"@type":"WebPage","@id":"https:\/\/balagoo.com\/es\/erice\/#webpage","url":"https:\/\/balagoo.com\/es\/erice\/","name":"Erice - BALAGOO","isPartOf":{"@id":"https:\/\/balagoo.com\/#website"},"datePublished":"2021-05-10T08:53:46+00:00","dateModified":"2021-05-10T10:04:00+00:00","breadcrumb":{"@id":"https:\/\/balagoo.com\/es\/erice\/#breadcrumb"},"inLanguage":"es","potentialAction":[{"@type":"ReadAction","target":["https:\/\/balagoo.com\/es\/erice\/"]}]},{"@type":"BreadcrumbList","@id":"https:\/\/balagoo.com\/es\/erice\/#breadcrumb","itemListElement":[{"@type":"ListItem","position":1,"name":"Home","item":"https:\/\/balagoo.com\/es\/"},{"@type":"ListItem","position":2,"name":"Erice"}]}]}},"_links":{"self":[{"href":"https:\/\/balagoo.com\/es\/wp-json\/wp\/v2\/pages\/2396"}],"collection":[{"href":"https:\/\/balagoo.com\/es\/wp-json\/wp\/v2\/pages"}],"about":[{"href":"https:\/\/balagoo.com\/es\/wp-json\/wp\/v2\/types\/page"}],"author":[{"embeddable":true,"href":"https:\/\/balagoo.com\/es\/wp-json\/wp\/v2\/users\/2"}],"replies":[{"embeddable":true,"href":"https:\/\/balagoo.com\/es\/wp-json\/wp\/v2\/comments?post=2396"}],"version-history":[{"count":10,"href":"https:\/\/balagoo.com\/es\/wp-json\/wp\/v2\/pages\/2396\/revisions"}],"predecessor-version":[{"id":2452,"href":"https:\/\/balagoo.com\/es\/wp-json\/wp\/v2\/pages\/2396\/revisions\/2452"}],"wp:attachment":[{"href":"https:\/\/balagoo.com\/es\/wp-json\/wp\/v2\/media?parent=2396"}],"curies":[{"name":"wp","href":"https:\/\/api.w.org\/{rel}","templated":true}]}}