{"id":2208,"date":"2021-05-06T17:17:10","date_gmt":"2021-05-06T15:17:10","guid":{"rendered":"https:\/\/balagoo.com\/privacy-policy\/"},"modified":"2021-05-21T11:57:58","modified_gmt":"2021-05-21T09:57:58","slug":"politica-de-privacidad","status":"publish","type":"page","link":"https:\/\/balagoo.com\/es\/politica-de-privacidad\/","title":{"rendered":"Pol\u00edtica de privacidad"},"content":{"rendered":"\t\t<div data-elementor-type=\"wp-page\" data-elementor-id=\"2208\" class=\"elementor elementor-2208 elementor-3\" data-elementor-settings=\"[]\">\n\t\t\t\t\t\t<div class=\"elementor-inner\">\n\t\t\t\t\t\t\t<div class=\"elementor-section-wrap\">\n\t\t\t\t\t\t\t<section class=\"elementor-section elementor-top-section elementor-element elementor-element-336f1af2 elementor-section-boxed elementor-section-height-default elementor-section-height-default\" data-id=\"336f1af2\" data-element_type=\"section\">\n\t\t\t\t\t\t<div class=\"elementor-container elementor-column-gap-default\">\n\t\t\t\t\t\t\t<div class=\"elementor-row\">\n\t\t\t\t\t<div class=\"elementor-column elementor-col-100 elementor-top-column elementor-element elementor-element-77cbef8a\" data-id=\"77cbef8a\" data-element_type=\"column\">\n\t\t\t<div class=\"elementor-column-wrap elementor-element-populated\">\n\t\t\t\t\t\t\t<div class=\"elementor-widget-wrap\">\n\t\t\t\t\t\t<div class=\"elementor-element elementor-element-4e8f75e9 elementor-widget elementor-widget-text-editor\" data-id=\"4e8f75e9\" data-element_type=\"widget\" data-widget_type=\"text-editor.default\">\n\t\t\t\t<div class=\"elementor-widget-container\">\n\t\t\t\t\t<div class=\"elementor-text-editor elementor-clearfix\"><p>Esta informaci\u00f3n se proporciona, de conformidad con el art. 13 y 14 del Reglamento de la UE 2016\/679 sobre la protecci\u00f3n de datos personales, para aquellos que interact\u00faan con los servicios web del sitio web www.balagoo.com\/ que es objeto de un acuerdo de asociaci\u00f3n entre 4 empresas que tienen licencia de operador tur\u00edstico cuyo l\u00edder ha sido identificado en Ulisse Viaggi e Turismo SRL que, por simplificaci\u00f3n, aparecer\u00e1 en esta Pol\u00edtica con el nombre \u00abBalagoo.com\u00bb correspondiente al sitio web.<\/p><p><strong>El controlador de datos<\/strong><\/p><p>El propietario de su tratamiento de datos personales es ULISSE VIAGGI E TURISMO SRL &#8211; IVA 05771700829 &#8211; Via Giovanni Bonanno, 100 &#8211; 90143 Palermo (PA) &#8211; Tel. 091 517880 &#8211; correo electr\u00f3nico: privacy@balagoo.com.<\/p><p><strong>Finalidad del tratamiento<\/strong><\/p><p>Los datos personales recopilados a trav\u00e9s del sitio ser\u00e1n procesados \u200b\u200bpor los controladores de datos para:<\/p><p>a) fines estrictamente instrumentales y relacionados con el servicio ofrecido;<\/p><p>b) responder a las solicitudes de informaci\u00f3n recibidas.<\/p><p><strong>M\u00e9todos de procesamiento<\/strong><\/p><p>Los datos se recopilan, de acuerdo con las indicaciones de la legislaci\u00f3n de referencia, con especial atenci\u00f3n a las medidas de seguridad previstas por el GDPR (art.32), se procesan utilizando herramientas inform\u00e1ticas, manuales y automatizadas y con una l\u00f3gica estrictamente relacionada con los fines indicados y, en cualquier caso, para Garantizar la seguridad y confidencialidad de los datos.<\/p><p><strong>Datos de navegaci\u00f3n<\/strong><\/p><p>Durante su funcionamiento normal, los sistemas inform\u00e1ticos y los procedimientos de software utilizados para operar este sitio web adquieren algunos datos personales cuya transmisi\u00f3n est\u00e1 impl\u00edcita en el uso de protocolos de comunicaci\u00f3n de Internet.<\/p><p>Esta es informaci\u00f3n que no se recopila para asociarse con partes interesadas identificadas, pero que por su propia naturaleza podr\u00eda, a trav\u00e9s del procesamiento y la asociaci\u00f3n con los datos en poder de terceros, permitir la identificaci\u00f3n de los usuarios.<\/p><p>Esta categor\u00eda de datos incluye direcciones IP o nombres de dominio de las computadoras utilizadas por los usuarios que se conectan al sitio, direcciones en notaci\u00f3n URI (Identificador Uniforme de Recursos) de los recursos solicitados, cookies y otros par\u00e1metros relacionados con el sistema operativo y el entorno del ordenador del usuario.<\/p><p>Estos datos se pueden usar con el \u00fanico prop\u00f3sito de obtener informaci\u00f3n estad\u00edstica an\u00f3nima sobre el uso del sitio y para verificar su correcto funcionamiento y se eliminan inmediatamente despu\u00e9s del procesamiento. Los datos podr\u00edan utilizarse para determinar la responsabilidad en caso de delitos inform\u00e1ticos hipot\u00e9ticos contra el sitio.<\/p><p><strong>Datos proporcionados voluntariamente por el usuario<\/strong><\/p><p>El env\u00edo opcional, expl\u00edcito y voluntario de correos electr\u00f3nicos a la direcci\u00f3n indicada en este sitio implica la adquisici\u00f3n posterior de la direcci\u00f3n del remitente, necesaria para responder a las solicitudes, as\u00ed como cualquier otro dato personal incluido en el mensaje.<\/p><p><strong>Transferencia de datos<\/strong><\/p><p>La gesti\u00f3n y el almacenamiento de datos personales se llevar\u00e1n a cabo en servidores ubicados dentro de la Uni\u00f3n Europea del Controlador de Datos y \/ o compa\u00f1\u00edas externas a cargo. Los datos no se transferir\u00e1n fuera de la Uni\u00f3n Europea.<\/p><p><strong>Retenci\u00f3n de datos<\/strong><\/p><p>El almacenamiento de datos personales se realizar\u00e1 en papel y \/ o en formato electr\u00f3nico \/ inform\u00e1tico y durante el tiempo requerido por los fines para los que fueron recopilados.<\/p><p>Por lo tanto:<\/p><p>los datos personales recopilados para fines relacionados con la ejecuci\u00f3n de un contrato entre el Propietario y el Usuario se conservar\u00e1n hasta que se complete la ejecuci\u00f3n;<\/p><p>los datos personales recopilados para fines relacionados con el inter\u00e9s leg\u00edtimo del controlador de datos se conservar\u00e1n hasta la satisfacci\u00f3n de este inter\u00e9s. El Usuario puede obtener m\u00e1s informaci\u00f3n sobre el inter\u00e9s leg\u00edtimo perseguido por el Propietario en las secciones relevantes de este documento o contactando al Propietario;<\/p><p>cuando el tratamiento se basa en el consentimiento del Usuario, el Controlador de datos puede conservar los Datos personales durante m\u00e1s tiempo hasta que se revoque dicho consentimiento.<\/p><p>el Controlador de datos puede estar obligado a guardar datos personales durante un per\u00edodo m\u00e1s prolongado en cumplimiento de una obligaci\u00f3n legal o por orden de una autoridad.<\/p><p>\u200b<\/p><p><strong>Comunicaci\u00f3n y difusi\u00f3n.<\/strong><\/p><p>Los datos que recopilamos no son \u00abdifundidos\u00bb por nosotros. Con este t\u00e9rmino se pretende dar conocimiento a los sujetos indeterminados de cualquier manera, incluso poni\u00e9ndolos a disposici\u00f3n o mediante consultas.<\/p><p>Al contrario, los datos personales de la parte interesada pueden ser \u00abcomunicados\u00bb por nosotros, con el prop\u00f3sito de que este t\u00e9rmino d\u00e9 conocimiento de uno o m\u00e1s temas espec\u00edficos, en los siguientes casos:<\/p><p>a sujetos designados dentro de nuestra estructura para procesar datos;<\/p><p>a sujetos que pueden acceder a los datos en virtud de una disposici\u00f3n de la ley, o de la legislaci\u00f3n comunitaria, dentro de los l\u00edmites establecidos por la ley;<\/p><p>a nuestros consultores, dentro de los l\u00edmites necesarios para llevar a cabo su tarea con nosotros, designados procesadores de datos por el propietario. La lista actualizada de gerentes siempre se puede solicitar al controlador de datos.<\/p><p><strong>Derechos de las partes interesadas<\/strong><\/p><p>Los sujetos a los que se refieren los datos personales tienen derecho en cualquier momento a obtener la confirmaci\u00f3n de la existencia o no de los mismos datos y a conocer su contenido y origen, verificar su exactitud o solicitar su integraci\u00f3n o actualizaci\u00f3n, o rectificaci\u00f3n (art\u00edculos del 15 al 22 Reglamento de la UE 2016\/679).<\/p><p>De conformidad con la misma legislaci\u00f3n, tiene el derecho en cualquier momento de presentar una queja \/ apelaci\u00f3n formal al Garante para la protecci\u00f3n de datos personales &#8211; Piazza Venezia, 11 &#8211; Roma.<\/p><p>\u200b<\/p><p><strong>INFORMACI\u00d3N SOBRE EL TRATAMIENTO DE DATOS PERSONALES<\/strong><\/p><p>Le informamos, de conformidad con el art. 13 a 14 del Reglamento de la UE 2016\/679 que los datos personales que nos proporciona tambi\u00e9n verbalmente, o adquiridos de otro modo en el contexto de nuestro negocio, pueden ser procesados, de conformidad con la legislaci\u00f3n y las obligaciones de confidencialidad antes mencionadas.<\/p><p>Por procesamiento de datos personales se entiende, de conformidad con el art. 4, punto 2 del RGPD, \u00abcualquier operaci\u00f3n o conjunto de operaciones, realizadas con o sin la ayuda de procesos automatizados y aplicadas a datos personales o conjuntos de datos personales, como la recopilaci\u00f3n, registro, organizaci\u00f3n, estructuraci\u00f3n, almacenamiento, adaptaci\u00f3n o modificaci\u00f3n, extracci\u00f3n, consulta, uso, comunicaci\u00f3n por transmisi\u00f3n, difusi\u00f3n o cualquier otra forma de puesta a disposici\u00f3n, comparaci\u00f3n o interconexi\u00f3n, limitaci\u00f3n, cancelaci\u00f3n o destrucci\u00f3n\u00bb.<\/p><p>\u200b<\/p><p><strong>EL CONTROLADOR DE DATOS<\/strong><\/p><p>El propietario de su tratamiento de datos personales es ULISSE VIAGGI E TURISMO SRL &#8211; IVA 05771700829 &#8211; Via Giovanni Bonanno, 100 &#8211; 90143 Palermo (PA) &#8211; Tel. 091 517880 &#8211; correo electr\u00f3nico privacy@balagoo.com.<\/p><p><strong>OBJETIVO DEL TRATAMIENTO<\/strong><\/p><p>Los datos personales pueden procesarse para:<\/p><p>a) fines de marketing directo del controlador de datos para poder enviar promociones comerciales;<\/p><p>b) Enviar comunicaciones peri\u00f3dicas (bolet\u00edn informativo) sobre los productos y \/ o servicios del propietario por medios automatizados.<\/p><p>El procesamiento para los fines mencionados en las cartas requiere el consentimiento expl\u00edcito de la parte interesada.<\/p><p><strong>COMUNICACI\u00d3N Y DIVULGACI\u00d3N DE DATOS PERSONALES<\/strong><\/p><p>Sujetos y categor\u00edas de sujetos a los que se pueden comunicar los datos personales:<\/p><p>a) Entidades u oficinas p\u00fablicas de acuerdo con las obligaciones legales;<\/p><p>b) sujetos que prestar\u00e1n servicios de consultor\u00eda estrictamente conectados e instrumentales a las actividades realizadas, as\u00ed como empleados y colaboradores del propietario;<\/p><p>c) empresas especializadas en servicios relacionados con la actividad realizada con el nombramiento de procesadores de datos externos (de conformidad con el art\u00edculo 28 del RGPD).<\/p><p>Especificamos que estos temas se llevar\u00e1n a cabo de forma independiente, como procesadores de datos de conformidad con el art. 28 del RGPD el procesamiento de datos.<\/p><p>La lista completa de procesadores de datos externos se puede obtener enviando un correo electr\u00f3nico al controlador de datos.<\/p><p><strong>M\u00c9TODO DE TRATAMIENTO<\/strong><\/p><p>En relaci\u00f3n con los fines antes mencionados, el procesamiento de datos personales se lleva a cabo utilizando herramientas manuales, inform\u00e1ticas y telem\u00e1ticas que tambi\u00e9n utilizan plataformas virtuales (en la nube), con una l\u00f3gica estrictamente relacionada con los fines mismos y, en cualquier caso, para garantizar la seguridad y confidencialidad de los datos s\u00ed mismos.<\/p><p><strong>TRANSFERENCIA DE DATOS A PA\u00cdSES FUERA DE LA UE<\/strong><\/p><p>Los datos se procesan exclusivamente en el territorio de la UE y est\u00e1n sujeto a previa comunicaci\u00f3n en caso de transferencia de los mismos a pa\u00edses no pertenecientes a la UE.<\/p><p><strong>PER\u00cdODO DE RETENCI\u00d3N DE DATOS<\/strong><\/p><p>En virtud de lo dispuesto en el art. 13, p\u00e1rrafo 2, lett. a) del Reglamento, a continuaci\u00f3n se proporcionan indicaciones sobre los tiempos de retenci\u00f3n, los datos se procesar\u00e1n hasta que se revoque el consentimiento del interesado.<\/p><p>\u200b<\/p><p><strong>DERECHOS DE LA PARTE INTERESADA<\/strong><\/p><p>Los sujetos a los que se refieren los datos personales tienen el derecho en cualquier momento de obtener confirmaci\u00f3n de la existencia o no de los mismos datos y de conocer su contenido y origen, verificar su exactitud o solicitar su integraci\u00f3n o actualizaci\u00f3n, o la correcci\u00f3n (art\u00edculos 15 a 22 del Reglamento de la UE 2016\/679).<\/p><p>De conformidad con la misma legislaci\u00f3n, tiene derecho a solicitar la revocaci\u00f3n del consentimiento otorgado, incluso de datos particulares, en cualquier momento y a la presentaci\u00f3n de una queja formal al Garante para la protecci\u00f3n de datos personales &#8211; Piazza Venezia, 11, Roma.<\/p><p>El interesado tiene derecho a oponerse en cualquier momento al procesamiento de los datos personales que le conciernen. El propietario se abstendr\u00e1 de seguir procesando datos personales a menos que demuestre la existencia de razones leg\u00edtimas vinculantes que prevalecen sobre los intereses y derechos de la parte interesada.<\/p><p>Si los datos se procesan con fines de marketing directo y la parte interesada se opone a este tratamiento, los datos personales ya no se procesar\u00e1n para estos fines.<\/p><p>Todos los derechos mencionados hasta ahora se ejercen con una solicitud por escrito dirigida alternativamente a uno de los propietarios. La solicitud puede enviarse por cualquier medio (carta certificada, correo electr\u00f3nico) a los datos de contacto de uno de los Controladores de datos.<\/p><\/div>\n\t\t\t\t<\/div>\n\t\t\t\t<\/div>\n\t\t\t\t\t\t<\/div>\n\t\t\t\t\t<\/div>\n\t\t<\/div>\n\t\t\t\t\t\t\t\t<\/div>\n\t\t\t\t\t<\/div>\n\t\t<\/section>\n\t\t\t\t\t\t<\/div>\n\t\t\t\t\t\t<\/div>\n\t\t\t\t\t<\/div>\n\t\t","protected":false},"excerpt":{"rendered":"<p>Esta informaci\u00f3n se proporciona, de conformidad con el art. 13 y 14 del Reglamento de la UE 2016\/679 sobre la protecci\u00f3n de datos personales, para aquellos que interact\u00faan con los servicios web del sitio web www.balagoo.com\/ que es objeto de un acuerdo de asociaci\u00f3n entre 4 empresas que tienen licencia de operador tur\u00edstico cuyo l\u00edder [&hellip;]<\/p>\n","protected":false},"author":1,"featured_media":0,"parent":0,"menu_order":0,"comment_status":"closed","ping_status":"open","template":"","meta":[],"yoast_head":"<!-- This site is optimized with the Yoast SEO plugin v16.9 - https:\/\/yoast.com\/wordpress\/plugins\/seo\/ -->\n<title>Pol\u00edtica de privacidad - BALAGOO<\/title>\n<meta name=\"description\" content=\"Balagoo.com nace de un acuerdo de asociaci\u00f3n entre 4 operadores tur\u00edsticos con licencia. La pol\u00edtica de privacidad explica c\u00f3mo se emplean los datos.\" \/>\n<meta name=\"robots\" content=\"index, follow, max-snippet:-1, max-image-preview:large, max-video-preview:-1\" \/>\n<link rel=\"canonical\" href=\"https:\/\/balagoo.com\/es\/politica-de-privacidad\/\" \/>\n<meta property=\"og:locale\" content=\"es_ES\" \/>\n<meta property=\"og:type\" content=\"article\" \/>\n<meta property=\"og:title\" content=\"Pol\u00edtica de privacidad - BALAGOO\" \/>\n<meta property=\"og:description\" content=\"Balagoo.com nace de un acuerdo de asociaci\u00f3n entre 4 operadores tur\u00edsticos con licencia. La pol\u00edtica de privacidad explica c\u00f3mo se emplean los datos.\" \/>\n<meta property=\"og:url\" content=\"https:\/\/balagoo.com\/es\/politica-de-privacidad\/\" \/>\n<meta property=\"og:site_name\" content=\"BALAGOO\" \/>\n<meta property=\"article:publisher\" content=\"https:\/\/www.facebook.com\/palermodaytours\" \/>\n<meta property=\"article:modified_time\" content=\"2021-05-21T09:57:58+00:00\" \/>\n<meta property=\"og:image\" content=\"https:\/\/balagoo.com\/wp-content\/uploads\/2021\/04\/Palermo-La-Cala.jpg\" \/>\n\t<meta property=\"og:image:width\" content=\"1920\" \/>\n\t<meta property=\"og:image:height\" content=\"900\" \/>\n<meta name=\"twitter:card\" content=\"summary_large_image\" \/>\n<meta name=\"twitter:label1\" content=\"Tiempo de lectura\" \/>\n\t<meta name=\"twitter:data1\" content=\"7 minutos\" \/>\n<script type=\"application\/ld+json\" class=\"yoast-schema-graph\">{\"@context\":\"https:\/\/schema.org\",\"@graph\":[{\"@type\":\"WebSite\",\"@id\":\"https:\/\/balagoo.com\/#website\",\"url\":\"https:\/\/balagoo.com\/\",\"name\":\"BALAGOO\",\"description\":\"\",\"potentialAction\":[{\"@type\":\"SearchAction\",\"target\":{\"@type\":\"EntryPoint\",\"urlTemplate\":\"https:\/\/balagoo.com\/?s={search_term_string}\"},\"query-input\":\"required name=search_term_string\"}],\"inLanguage\":\"es\"},{\"@type\":\"WebPage\",\"@id\":\"https:\/\/balagoo.com\/es\/politica-de-privacidad\/#webpage\",\"url\":\"https:\/\/balagoo.com\/es\/politica-de-privacidad\/\",\"name\":\"Pol\\u00edtica de privacidad - BALAGOO\",\"isPartOf\":{\"@id\":\"https:\/\/balagoo.com\/#website\"},\"datePublished\":\"2021-05-06T15:17:10+00:00\",\"dateModified\":\"2021-05-21T09:57:58+00:00\",\"description\":\"Balagoo.com nace de un acuerdo de asociaci\\u00f3n entre 4 operadores tur\\u00edsticos con licencia. La pol\\u00edtica de privacidad explica c\\u00f3mo se emplean los datos.\",\"breadcrumb\":{\"@id\":\"https:\/\/balagoo.com\/es\/politica-de-privacidad\/#breadcrumb\"},\"inLanguage\":\"es\",\"potentialAction\":[{\"@type\":\"ReadAction\",\"target\":[\"https:\/\/balagoo.com\/es\/politica-de-privacidad\/\"]}]},{\"@type\":\"BreadcrumbList\",\"@id\":\"https:\/\/balagoo.com\/es\/politica-de-privacidad\/#breadcrumb\",\"itemListElement\":[{\"@type\":\"ListItem\",\"position\":1,\"name\":\"Home\",\"item\":\"https:\/\/balagoo.com\/es\/\"},{\"@type\":\"ListItem\",\"position\":2,\"name\":\"Pol\\u00edtica de privacidad\"}]}]}<\/script>\n<!-- \/ Yoast SEO plugin. -->","yoast_head_json":{"title":"Pol\u00edtica de privacidad - BALAGOO","description":"Balagoo.com nace de un acuerdo de asociaci\u00f3n entre 4 operadores tur\u00edsticos con licencia. La pol\u00edtica de privacidad explica c\u00f3mo se emplean los datos.","robots":{"index":"index","follow":"follow","max-snippet":"max-snippet:-1","max-image-preview":"max-image-preview:large","max-video-preview":"max-video-preview:-1"},"canonical":"https:\/\/balagoo.com\/es\/politica-de-privacidad\/","og_locale":"es_ES","og_type":"article","og_title":"Pol\u00edtica de privacidad - BALAGOO","og_description":"Balagoo.com nace de un acuerdo de asociaci\u00f3n entre 4 operadores tur\u00edsticos con licencia. La pol\u00edtica de privacidad explica c\u00f3mo se emplean los datos.","og_url":"https:\/\/balagoo.com\/es\/politica-de-privacidad\/","og_site_name":"BALAGOO","article_publisher":"https:\/\/www.facebook.com\/palermodaytours","article_modified_time":"2021-05-21T09:57:58+00:00","og_image":[{"width":1920,"height":900,"url":"https:\/\/balagoo.com\/wp-content\/uploads\/2021\/04\/Palermo-La-Cala.jpg","path":"\/var\/www\/vhosts\/balagoo.com\/httpdocs\/wp-content\/uploads\/2021\/04\/Palermo-La-Cala.jpg","size":"full","id":2073,"alt":"","pixels":1728000,"type":"image\/jpeg"}],"twitter_card":"summary_large_image","twitter_misc":{"Tiempo de lectura":"7 minutos"},"schema":{"@context":"https:\/\/schema.org","@graph":[{"@type":"WebSite","@id":"https:\/\/balagoo.com\/#website","url":"https:\/\/balagoo.com\/","name":"BALAGOO","description":"","potentialAction":[{"@type":"SearchAction","target":{"@type":"EntryPoint","urlTemplate":"https:\/\/balagoo.com\/?s={search_term_string}"},"query-input":"required name=search_term_string"}],"inLanguage":"es"},{"@type":"WebPage","@id":"https:\/\/balagoo.com\/es\/politica-de-privacidad\/#webpage","url":"https:\/\/balagoo.com\/es\/politica-de-privacidad\/","name":"Pol\u00edtica de privacidad - BALAGOO","isPartOf":{"@id":"https:\/\/balagoo.com\/#website"},"datePublished":"2021-05-06T15:17:10+00:00","dateModified":"2021-05-21T09:57:58+00:00","description":"Balagoo.com nace de un acuerdo de asociaci\u00f3n entre 4 operadores tur\u00edsticos con licencia. La pol\u00edtica de privacidad explica c\u00f3mo se emplean los datos.","breadcrumb":{"@id":"https:\/\/balagoo.com\/es\/politica-de-privacidad\/#breadcrumb"},"inLanguage":"es","potentialAction":[{"@type":"ReadAction","target":["https:\/\/balagoo.com\/es\/politica-de-privacidad\/"]}]},{"@type":"BreadcrumbList","@id":"https:\/\/balagoo.com\/es\/politica-de-privacidad\/#breadcrumb","itemListElement":[{"@type":"ListItem","position":1,"name":"Home","item":"https:\/\/balagoo.com\/es\/"},{"@type":"ListItem","position":2,"name":"Pol\u00edtica de privacidad"}]}]}},"_links":{"self":[{"href":"https:\/\/balagoo.com\/es\/wp-json\/wp\/v2\/pages\/2208"}],"collection":[{"href":"https:\/\/balagoo.com\/es\/wp-json\/wp\/v2\/pages"}],"about":[{"href":"https:\/\/balagoo.com\/es\/wp-json\/wp\/v2\/types\/page"}],"author":[{"embeddable":true,"href":"https:\/\/balagoo.com\/es\/wp-json\/wp\/v2\/users\/1"}],"replies":[{"embeddable":true,"href":"https:\/\/balagoo.com\/es\/wp-json\/wp\/v2\/comments?post=2208"}],"version-history":[{"count":12,"href":"https:\/\/balagoo.com\/es\/wp-json\/wp\/v2\/pages\/2208\/revisions"}],"predecessor-version":[{"id":2770,"href":"https:\/\/balagoo.com\/es\/wp-json\/wp\/v2\/pages\/2208\/revisions\/2770"}],"wp:attachment":[{"href":"https:\/\/balagoo.com\/es\/wp-json\/wp\/v2\/media?parent=2208"}],"curies":[{"name":"wp","href":"https:\/\/api.w.org\/{rel}","templated":true}]}}