{"id":2196,"date":"2021-05-06T16:40:01","date_gmt":"2021-05-06T14:40:01","guid":{"rendered":"https:\/\/balagoo.com\/terminos-y-condiciones\/"},"modified":"2021-05-21T12:10:22","modified_gmt":"2021-05-21T10:10:22","slug":"terminos-y-condiciones","status":"publish","type":"page","link":"https:\/\/balagoo.com\/es\/terminos-y-condiciones\/","title":{"rendered":"T\u00e9rminos y Condiciones"},"content":{"rendered":"\t\t<div data-elementor-type=\"wp-page\" data-elementor-id=\"2196\" class=\"elementor elementor-2196 elementor-1378\" data-elementor-settings=\"[]\">\n\t\t\t\t\t\t<div class=\"elementor-inner\">\n\t\t\t\t\t\t\t<div class=\"elementor-section-wrap\">\n\t\t\t\t\t\t\t<section class=\"elementor-section elementor-top-section elementor-element elementor-element-4c14e03e elementor-section-boxed elementor-section-height-default elementor-section-height-default\" data-id=\"4c14e03e\" data-element_type=\"section\">\n\t\t\t\t\t\t<div class=\"elementor-container elementor-column-gap-default\">\n\t\t\t\t\t\t\t<div class=\"elementor-row\">\n\t\t\t\t\t<div class=\"elementor-column elementor-col-100 elementor-top-column elementor-element elementor-element-5809e9c3\" data-id=\"5809e9c3\" data-element_type=\"column\">\n\t\t\t<div class=\"elementor-column-wrap elementor-element-populated\">\n\t\t\t\t\t\t\t<div class=\"elementor-widget-wrap\">\n\t\t\t\t\t\t<div class=\"elementor-element elementor-element-7009e637 elementor-widget elementor-widget-text-editor\" data-id=\"7009e637\" data-element_type=\"widget\" data-widget_type=\"text-editor.default\">\n\t\t\t\t<div class=\"elementor-widget-container\">\n\t\t\t\t\t<div class=\"elementor-text-editor elementor-clearfix\"><p><strong><span class=\"has-inline-color has-black-color\">Tarifas<\/span><\/strong><\/p>\n<p><span class=\"has-inline-color has-black-color\">Todas las tarifas son netas y est\u00e1n expresadas en moneda local (Euro). <br \/><\/span><\/p>\n<p><strong><span class=\"has-inline-color has-black-color\">Validez<\/span><\/strong><\/p>\n<p><span class=\"has-inline-color has-black-color\">Tarifas v\u00e1lidas son aquellas publicadas en la web de www.balagoo.com. <object width=\"300\" height=\"0\"><p><strong><span class=\"has-inline-color has-black-color\">Formas de Pago<\/span><\/strong><\/p>\n<p><span class=\"has-inline-color has-black-color\">Todas las reservas tienen que ser efectuadas y pagadas a trav\u00e9s la p\u00e1gina web <a rel=\"noreferrer noopener\" href=\"http:\/\/www.balagoo.com\/\" target=\"_blank\">www.balagoo.com<\/a> con tarjeta de cr\u00e9dito. Para personalizaciones ser\u00e1n evaluadas por nuestras oficinas comerciales.<\/span><\/p>\n<p><strong>Cancelaciones y Reembolsos<\/strong><\/p>\n<p><span class=\"has-inline-color has-black-color\">Todas las reservas realizadas y pagadas a trav\u00e9s de la p\u00e1gina www. balagoo.com asi como otros canales a ella ligados est\u00e1n sujetas a las siguientes pol\u00edticas de cancelaci\u00f3n:<\/span><\/p>\n<p><span class=\"has-inline-color has-black-color\">&#8211; 5% de gastos desde el momento de la reserva hasta 24 horas antes de la salida.<\/span><\/p>\n<p><span class=\"has-inline-color has-black-color\">&#8211; 100% de gastos para las cancelaciones inferiores a las 24 horas antes de la salida.<\/span><\/p>\n<p><span class=\"has-inline-color has-black-color\">Ning\u00fan rembolso en caso de \u201cno show\u201d o interrupci\u00f3n del viaje .<\/span><\/p>\n<p><strong><span class=\"has-inline-color has-black-color\">Responsabilidades<\/span><\/strong><\/p>\n<p><span class=\"has-inline-color has-black-color\">Balagoo.com es una p\u00e1gina web que nace de la colaboraci\u00f3n de 4 Tour Operator che dan mandato para la parte organizativa y operativa a Ulisse Viaggi e Turismo S.R.L. , localizada en Palermo en Via Giovanni Bonanno 100. Ulisse Viaggi e Turismo srl tiene licencia emitida por la Regi\u00f3n Siciliana n\u00famero D.d.S. 1053\/S7 y relativo seguro de responsabilidad civil, disponible bajo petici\u00f3n.<\/span><\/p>\n<p><span class=\"has-inline-color has-black-color\">Para el conocimiento de todas las reclamaciones que puedan formularse por cualquier causa, tanto el viajero como el organizador se someten expresamente a la jurisdicci\u00f3n de los tribunales de la ciudad de Palermo, con renuncia a cualquier otro fuero. El hecho de la inscripci\u00f3n para tomar parte de cualquiera de los viajes o servicios contenidos en este folleto, implica la total conformidad.<\/span><\/p><\/object><\/span><\/p>\n<\/div>\n\t\t\t\t<\/div>\n\t\t\t\t<\/div>\n\t\t\t\t\t\t<\/div>\n\t\t\t\t\t<\/div>\n\t\t<\/div>\n\t\t\t\t\t\t\t\t<\/div>\n\t\t\t\t\t<\/div>\n\t\t<\/section>\n\t\t\t\t\t\t<\/div>\n\t\t\t\t\t\t<\/div>\n\t\t\t\t\t<\/div>\n\t\t","protected":false},"excerpt":{"rendered":"<p>Tarifas Todas las tarifas son netas y est\u00e1n expresadas en moneda local (Euro). Validez Tarifas v\u00e1lidas son aquellas publicadas en la web de www.balagoo.com. Formas de PagoTodas las reservas tienen que ser efectuadas y pagadas a trav\u00e9s la p\u00e1gina web www.balagoo.com con tarjeta de cr\u00e9dito. Para personalizaciones ser\u00e1n evaluadas por nuestras oficinas comerciales.Cancelaciones y ReembolsosTodas [&hellip;]<\/p>\n","protected":false},"author":2,"featured_media":0,"parent":0,"menu_order":0,"comment_status":"closed","ping_status":"closed","template":"","meta":[],"yoast_head":"<!-- This site is optimized with the Yoast SEO plugin v16.9 - https:\/\/yoast.com\/wordpress\/plugins\/seo\/ -->\n<title>T\u00e9rminos y Condiciones - BALAGOO<\/title>\n<meta name=\"description\" content=\"Balagoo.com es una p\u00e1gina web que nace de la colaboraci\u00f3n de 4 operadores tur\u00edsticos.\" \/>\n<meta name=\"robots\" content=\"index, follow, max-snippet:-1, max-image-preview:large, max-video-preview:-1\" \/>\n<link rel=\"canonical\" href=\"https:\/\/balagoo.com\/es\/terminos-y-condiciones\/\" \/>\n<meta property=\"og:locale\" content=\"es_ES\" \/>\n<meta property=\"og:type\" content=\"article\" \/>\n<meta property=\"og:title\" content=\"T\u00e9rminos y Condiciones - BALAGOO\" \/>\n<meta property=\"og:description\" content=\"Balagoo.com es una p\u00e1gina web que nace de la colaboraci\u00f3n de 4 operadores tur\u00edsticos.\" \/>\n<meta property=\"og:url\" content=\"https:\/\/balagoo.com\/es\/terminos-y-condiciones\/\" \/>\n<meta property=\"og:site_name\" content=\"BALAGOO\" \/>\n<meta property=\"article:publisher\" content=\"https:\/\/www.facebook.com\/palermodaytours\" \/>\n<meta property=\"article:modified_time\" content=\"2021-05-21T10:10:22+00:00\" \/>\n<meta property=\"og:image\" content=\"https:\/\/balagoo.com\/wp-content\/uploads\/2021\/04\/Palermo-La-Cala.jpg\" \/>\n\t<meta property=\"og:image:width\" content=\"1920\" \/>\n\t<meta property=\"og:image:height\" content=\"900\" \/>\n<meta name=\"twitter:card\" content=\"summary_large_image\" \/>\n<meta name=\"twitter:label1\" content=\"Tiempo de lectura\" \/>\n\t<meta name=\"twitter:data1\" content=\"2 minutos\" \/>\n<script type=\"application\/ld+json\" class=\"yoast-schema-graph\">{\"@context\":\"https:\/\/schema.org\",\"@graph\":[{\"@type\":\"WebSite\",\"@id\":\"https:\/\/balagoo.com\/#website\",\"url\":\"https:\/\/balagoo.com\/\",\"name\":\"BALAGOO\",\"description\":\"\",\"potentialAction\":[{\"@type\":\"SearchAction\",\"target\":{\"@type\":\"EntryPoint\",\"urlTemplate\":\"https:\/\/balagoo.com\/?s={search_term_string}\"},\"query-input\":\"required name=search_term_string\"}],\"inLanguage\":\"es\"},{\"@type\":\"WebPage\",\"@id\":\"https:\/\/balagoo.com\/es\/terminos-y-condiciones\/#webpage\",\"url\":\"https:\/\/balagoo.com\/es\/terminos-y-condiciones\/\",\"name\":\"T\\u00e9rminos y Condiciones - BALAGOO\",\"isPartOf\":{\"@id\":\"https:\/\/balagoo.com\/#website\"},\"datePublished\":\"2021-05-06T14:40:01+00:00\",\"dateModified\":\"2021-05-21T10:10:22+00:00\",\"description\":\"Balagoo.com es una p\\u00e1gina web que nace de la colaboraci\\u00f3n de 4 operadores tur\\u00edsticos.\",\"breadcrumb\":{\"@id\":\"https:\/\/balagoo.com\/es\/terminos-y-condiciones\/#breadcrumb\"},\"inLanguage\":\"es\",\"potentialAction\":[{\"@type\":\"ReadAction\",\"target\":[\"https:\/\/balagoo.com\/es\/terminos-y-condiciones\/\"]}]},{\"@type\":\"BreadcrumbList\",\"@id\":\"https:\/\/balagoo.com\/es\/terminos-y-condiciones\/#breadcrumb\",\"itemListElement\":[{\"@type\":\"ListItem\",\"position\":1,\"name\":\"Home\",\"item\":\"https:\/\/balagoo.com\/es\/\"},{\"@type\":\"ListItem\",\"position\":2,\"name\":\"T\\u00e9rminos y Condiciones\"}]}]}<\/script>\n<!-- \/ Yoast SEO plugin. -->","yoast_head_json":{"title":"T\u00e9rminos y Condiciones - BALAGOO","description":"Balagoo.com es una p\u00e1gina web que nace de la colaboraci\u00f3n de 4 operadores tur\u00edsticos.","robots":{"index":"index","follow":"follow","max-snippet":"max-snippet:-1","max-image-preview":"max-image-preview:large","max-video-preview":"max-video-preview:-1"},"canonical":"https:\/\/balagoo.com\/es\/terminos-y-condiciones\/","og_locale":"es_ES","og_type":"article","og_title":"T\u00e9rminos y Condiciones - BALAGOO","og_description":"Balagoo.com es una p\u00e1gina web que nace de la colaboraci\u00f3n de 4 operadores tur\u00edsticos.","og_url":"https:\/\/balagoo.com\/es\/terminos-y-condiciones\/","og_site_name":"BALAGOO","article_publisher":"https:\/\/www.facebook.com\/palermodaytours","article_modified_time":"2021-05-21T10:10:22+00:00","og_image":[{"width":1920,"height":900,"url":"https:\/\/balagoo.com\/wp-content\/uploads\/2021\/04\/Palermo-La-Cala.jpg","path":"\/var\/www\/vhosts\/balagoo.com\/httpdocs\/wp-content\/uploads\/2021\/04\/Palermo-La-Cala.jpg","size":"full","id":2073,"alt":"","pixels":1728000,"type":"image\/jpeg"}],"twitter_card":"summary_large_image","twitter_misc":{"Tiempo de lectura":"2 minutos"},"schema":{"@context":"https:\/\/schema.org","@graph":[{"@type":"WebSite","@id":"https:\/\/balagoo.com\/#website","url":"https:\/\/balagoo.com\/","name":"BALAGOO","description":"","potentialAction":[{"@type":"SearchAction","target":{"@type":"EntryPoint","urlTemplate":"https:\/\/balagoo.com\/?s={search_term_string}"},"query-input":"required name=search_term_string"}],"inLanguage":"es"},{"@type":"WebPage","@id":"https:\/\/balagoo.com\/es\/terminos-y-condiciones\/#webpage","url":"https:\/\/balagoo.com\/es\/terminos-y-condiciones\/","name":"T\u00e9rminos y Condiciones - BALAGOO","isPartOf":{"@id":"https:\/\/balagoo.com\/#website"},"datePublished":"2021-05-06T14:40:01+00:00","dateModified":"2021-05-21T10:10:22+00:00","description":"Balagoo.com es una p\u00e1gina web que nace de la colaboraci\u00f3n de 4 operadores tur\u00edsticos.","breadcrumb":{"@id":"https:\/\/balagoo.com\/es\/terminos-y-condiciones\/#breadcrumb"},"inLanguage":"es","potentialAction":[{"@type":"ReadAction","target":["https:\/\/balagoo.com\/es\/terminos-y-condiciones\/"]}]},{"@type":"BreadcrumbList","@id":"https:\/\/balagoo.com\/es\/terminos-y-condiciones\/#breadcrumb","itemListElement":[{"@type":"ListItem","position":1,"name":"Home","item":"https:\/\/balagoo.com\/es\/"},{"@type":"ListItem","position":2,"name":"T\u00e9rminos y Condiciones"}]}]}},"_links":{"self":[{"href":"https:\/\/balagoo.com\/es\/wp-json\/wp\/v2\/pages\/2196"}],"collection":[{"href":"https:\/\/balagoo.com\/es\/wp-json\/wp\/v2\/pages"}],"about":[{"href":"https:\/\/balagoo.com\/es\/wp-json\/wp\/v2\/types\/page"}],"author":[{"embeddable":true,"href":"https:\/\/balagoo.com\/es\/wp-json\/wp\/v2\/users\/2"}],"replies":[{"embeddable":true,"href":"https:\/\/balagoo.com\/es\/wp-json\/wp\/v2\/comments?post=2196"}],"version-history":[{"count":6,"href":"https:\/\/balagoo.com\/es\/wp-json\/wp\/v2\/pages\/2196\/revisions"}],"predecessor-version":[{"id":2771,"href":"https:\/\/balagoo.com\/es\/wp-json\/wp\/v2\/pages\/2196\/revisions\/2771"}],"wp:attachment":[{"href":"https:\/\/balagoo.com\/es\/wp-json\/wp\/v2\/media?parent=2196"}],"curies":[{"name":"wp","href":"https:\/\/api.w.org\/{rel}","templated":true}]}}