{"id":1739,"date":"2021-03-05T11:08:52","date_gmt":"2021-03-05T10:08:52","guid":{"rendered":"https:\/\/balagoo.com\/excursiones\/"},"modified":"2021-05-21T11:56:33","modified_gmt":"2021-05-21T09:56:33","slug":"excursiones","status":"publish","type":"page","link":"https:\/\/balagoo.com\/es\/excursiones\/","title":{"rendered":"Excursiones"},"content":{"rendered":"\t\t<div data-elementor-type=\"wp-page\" data-elementor-id=\"1739\" class=\"elementor elementor-1739 elementor-1402\" data-elementor-settings=\"[]\">\n\t\t\t\t\t\t<div class=\"elementor-inner\">\n\t\t\t\t\t\t\t<div class=\"elementor-section-wrap\">\n\t\t\t\t\t\t\t<section class=\"elementor-section elementor-top-section elementor-element elementor-element-2f101b79 elementor-section-boxed elementor-section-height-default elementor-section-height-default\" data-id=\"2f101b79\" data-element_type=\"section\">\n\t\t\t\t\t\t<div class=\"elementor-container elementor-column-gap-default\">\n\t\t\t\t\t\t\t<div class=\"elementor-row\">\n\t\t\t\t\t<div class=\"elementor-column elementor-col-100 elementor-top-column elementor-element elementor-element-63af05e6\" data-id=\"63af05e6\" data-element_type=\"column\">\n\t\t\t<div class=\"elementor-column-wrap elementor-element-populated\">\n\t\t\t\t\t\t\t<div class=\"elementor-widget-wrap\">\n\t\t\t\t\t\t<div class=\"elementor-element elementor-element-12510246 elementor-widget elementor-widget-shortcode\" data-id=\"12510246\" data-element_type=\"widget\" data-widget_type=\"shortcode.default\">\n\t\t\t\t<div class=\"elementor-widget-container\">\n\t\t\t\t\t<div class=\"elementor-shortcode\"><div class=\"job_listings\" data-location=\"\" data-keywords=\"\" data-show_filters=\"true\" data-show_pagination=\"false\" data-per_page=\"9\" data-orderby=\"featured\" data-order=\"DESC\" data-categories=\"\" data-disable-form-state-storage=\"\" data-post_id=\"1739\" >\t<div class=\"container text-center m-up-down-35 desktop\">\n\t\t<div class=\"row\">\n\t\t\t<h3>Buscar por ciudad<\/h3>\n\t\t\t<div class=\"elementor-image\">\n\t\t\t\t<img src=\"https:\/\/balagoo.com\/wp-content\/uploads\/2020\/07\/line.jpg\" class=\"attachment-full size-full line\" alt=\"\" loading=\"lazy\" width=\"100\" height=\"2\">\n\t\t\t<\/div>\n\t\t\t<div class=\"cities\">\n\t\t\t\t\t\t\t<h5 class=\"cities-title\" style=\"align-self: center;\" id=\"138\">\n\t\t\t\t\t<a href=\"https:\/\/balagoo.com\/es\/tour-saliendo-de\/catania-es\/\">\n\t\t\t\t\t\t<img class=\"b-icon\" src=\"https:\/\/balagoo.com\/wp-content\/uploads\/2021\/02\/balagoo-icon.png\">\n\t\t\t\t\t\tDesde Catania<\/a>\n\t\t\t\t<\/h5>\n\t\t\t\t\t\t\t\t<h5 class=\"cities-title\" style=\"align-self: center;\" id=\"268\">\n\t\t\t\t\t<a href=\"https:\/\/balagoo.com\/es\/tour-saliendo-de\/palermo-es\/\">\n\t\t\t\t\t\t<img class=\"b-icon\" src=\"https:\/\/balagoo.com\/wp-content\/uploads\/2021\/02\/balagoo-icon.png\">\n\t\t\t\t\t\tDesde Palermo<\/a>\n\t\t\t\t<\/h5>\n\t\t\t\t\t\t\t<\/div>\n\t\t<\/div>\n\t<\/div>\n\t<div class=\"container text-center m-up-down-35 mobile\">\n\t\t<h3>Buscar por ciudad<\/h3>\n\t\t<div class=\"elementor-image\">\n\t\t\t<img src=\"https:\/\/balagoo.com\/wp-content\/uploads\/2020\/07\/line.jpg\" class=\"attachment-full size-full line\" alt=\"\" loading=\"lazy\" width=\"100\" height=\"2\">\n\t\t<\/div>\n\t\t<div class=\"row\">\n\t\t\t\t<div class=\"col-12 cities\">\n\t\t\t\t\t<div class=\"container\">\n\t\t\t\t\t\t<div class=\"row\">\n\t\t\t\t\t\t\t\t\t\t\t\t\t\t\t\t\t\t\t\t\t<div class=\"col-6 cities-title\" style=\"align-self: center;\" id=\"138\">\n\t\t\t\t\t\t\t\t<a href=\"https:\/\/balagoo.com\/es\/tour-saliendo-de\/catania-es\/\">\n\t\t\t\t\t\t\t\t\t<img class=\"b-icon\" src=\"https:\/\/balagoo.com\/wp-content\/uploads\/2021\/02\/balagoo-icon.png\">\n\t\t\t\t\t\t\t\t\tDesde Catania<\/a>\n\t\t\t\t\t\t\t<\/div>\n\t\t\t\t\t\t\t\t\t\t\t\t\t\t\t\t\t\t\t\t\t\t<div class=\"col-6 cities-title\" style=\"align-self: center;\" id=\"268\">\n\t\t\t\t\t\t\t\t<a href=\"https:\/\/balagoo.com\/es\/tour-saliendo-de\/palermo-es\/\">\n\t\t\t\t\t\t\t\t\t<img class=\"b-icon\" src=\"https:\/\/balagoo.com\/wp-content\/uploads\/2021\/02\/balagoo-icon.png\">\n\t\t\t\t\t\t\t\t\tDesde Palermo<\/a>\n\t\t\t\t\t\t\t<\/div>\n\t\t\t\t\t\t\t<\/div><div class=\"row\">\t\t\t\t\t<\/div>\n\t\t\t\t<\/div>\n\t\t\t<\/div>\n\t\t<\/div>\n\t<\/div>\n\t<div class=\"container text-center m-up-down-35 desktop\">\n\t\t<div class=\"row\">\n\t\t\t<h3>Buscar por tipo<\/h3>\n\t\t\t<div class=\"elementor-image\">\n\t\t\t\t<img src=\"https:\/\/balagoo.com\/wp-content\/uploads\/2020\/07\/line.jpg\" class=\"attachment-full size-full line\" alt=\"\" loading=\"lazy\" width=\"100\" height=\"2\">\n\t\t\t<\/div>\n\t\t\t<div class=\"categories\">\n\t\t\t\t\t\t\t<h5 class=\"categories-title\" style=\"align-self: center;\" id=\"132\">\n\t\t\t\t\t<a href=\"https:\/\/balagoo.com\/es\/excursi\u00f3n\/recorridos-diarios\/\">\n\t\t\t\t\t\t<img class=\"b-icon\" src=\"https:\/\/balagoo.com\/wp-content\/uploads\/2021\/02\/balagoo-icon.png\">\n\t\t\t\t\t\tRecorridos Diarios<\/a>\n\t\t\t\t<\/h5>\n\t\t\t\t\t\t\t\t<h5 class=\"categories-title\" style=\"align-self: center;\" id=\"134\">\n\t\t\t\t\t<a href=\"https:\/\/balagoo.com\/es\/excursi\u00f3n\/multiple-dias\/\">\n\t\t\t\t\t\t<img class=\"b-icon\" src=\"https:\/\/balagoo.com\/wp-content\/uploads\/2021\/02\/balagoo-icon.png\">\n\t\t\t\t\t\tMultiple dias<\/a>\n\t\t\t\t<\/h5>\n\t\t\t\t\t\t\t\t<h5 class=\"categories-title\" style=\"align-self: center;\" id=\"136\">\n\t\t\t\t\t<a href=\"https:\/\/balagoo.com\/es\/excursi\u00f3n\/a-pie\/\">\n\t\t\t\t\t\t<img class=\"b-icon\" src=\"https:\/\/balagoo.com\/wp-content\/uploads\/2021\/02\/balagoo-icon.png\">\n\t\t\t\t\t\tA pie<\/a>\n\t\t\t\t<\/h5>\n\t\t\t\t\t\t\t\t<h5 class=\"categories-title\" style=\"align-self: center;\" id=\"367\">\n\t\t\t\t\t<a href=\"https:\/\/balagoo.com\/es\/excursi\u00f3n\/traslado-excursion\/\">\n\t\t\t\t\t\t<img class=\"b-icon\" src=\"https:\/\/balagoo.com\/wp-content\/uploads\/2021\/02\/balagoo-icon.png\">\n\t\t\t\t\t\tTraslado-excursi\u00f3n<\/a>\n\t\t\t\t<\/h5>\n\t\t\t\t\t\t\t<\/div>\n\t\t<\/div>\n\t<\/div>\n\t<div class=\"container text-center m-up-down-35 mobile\">\n\t\t<h3>Buscar por tipo<\/h3>\n\t\t<div class=\"elementor-image\">\n\t\t\t<img src=\"https:\/\/balagoo.com\/wp-content\/uploads\/2020\/07\/line.jpg\" class=\"attachment-full size-full line\" alt=\"\" loading=\"lazy\" width=\"100\" height=\"2\">\n\t\t<\/div>\n\t\t<div class=\"row\">\n\t\t\t\t<div class=\"col-12 cities\">\n\t\t\t\t\t<div class=\"container\">\n\t\t\t\t\t\t<div class=\"row\">\n\t\t\t\t\t\t\t\t\t\t\t\t\t\t\t\t\t\t\t\t\t<div class=\"col-6 categories-title\" style=\"align-self: center;\" id=\"132\">\n\t\t\t\t\t\t\t\t<a href=\"https:\/\/balagoo.com\/es\/excursi\u00f3n\/recorridos-diarios\/\">\n\t\t\t\t\t\t\t\t\t<img class=\"b-icon\" src=\"https:\/\/balagoo.com\/wp-content\/uploads\/2021\/02\/balagoo-icon.png\">\n\t\t\t\t\t\t\t\t\tDesde Recorridos Diarios<\/a>\n\t\t\t\t\t\t\t<\/div>\n\t\t\t\t\t\t\t\t\t\t\t\t\t\t\t\t\t\t\t\t\t\t<div class=\"col-6 categories-title\" style=\"align-self: center;\" id=\"134\">\n\t\t\t\t\t\t\t\t<a href=\"https:\/\/balagoo.com\/es\/excursi\u00f3n\/multiple-dias\/\">\n\t\t\t\t\t\t\t\t\t<img class=\"b-icon\" src=\"https:\/\/balagoo.com\/wp-content\/uploads\/2021\/02\/balagoo-icon.png\">\n\t\t\t\t\t\t\t\t\tDesde Multiple dias<\/a>\n\t\t\t\t\t\t\t<\/div>\n\t\t\t\t\t\t\t<\/div><div class=\"row\">\t\t\t\t\t\t\t\t\t\t\t\t\t\t\t<div class=\"col-6 categories-title\" style=\"align-self: center;\" id=\"136\">\n\t\t\t\t\t\t\t\t<a href=\"https:\/\/balagoo.com\/es\/excursi\u00f3n\/a-pie\/\">\n\t\t\t\t\t\t\t\t\t<img class=\"b-icon\" src=\"https:\/\/balagoo.com\/wp-content\/uploads\/2021\/02\/balagoo-icon.png\">\n\t\t\t\t\t\t\t\t\tDesde A pie<\/a>\n\t\t\t\t\t\t\t<\/div>\n\t\t\t\t\t\t\t\t\t\t\t\t\t\t\t\t\t\t\t\t\t\t<div class=\"col-6 categories-title\" style=\"align-self: center;\" id=\"367\">\n\t\t\t\t\t\t\t\t<a href=\"https:\/\/balagoo.com\/es\/excursi\u00f3n\/traslado-excursion\/\">\n\t\t\t\t\t\t\t\t\t<img class=\"b-icon\" src=\"https:\/\/balagoo.com\/wp-content\/uploads\/2021\/02\/balagoo-icon.png\">\n\t\t\t\t\t\t\t\t\tDesde Traslado-excursi\u00f3n<\/a>\n\t\t\t\t\t\t\t<\/div>\n\t\t\t\t\t\t\t<\/div><div class=\"row\">\t\t\t\t\t<\/div>\n\t\t\t\t<\/div>\n\t\t\t<\/div>\n\t\t<\/div>\n\t<\/div>\n\t<div class=\"apus-grid-layout style-grid container apus-listing-warpper has-sidebar\">\n\t<div class=\"row\">\n\t\t<div class=\"col-md-4 col-xs-12 pull-left sidebar-left\">\n\t\t<div class=\"wrapper-filters1 filter-v1 clearfix\">\n\t\t\t\t\t<span class=\"show-filter show-filter1 hidden-lg btn btn-xs btn-theme\">\n\t\t\t<i class=\"fas fa-sliders-h\"><\/i>\n\t\t<\/span>\n\t\t<form class=\"job_filters job_filters-location\">\n\t\t\t\t\t\t<input type=\"hidden\" name=\"filter_display_mode\" value=\"grid\">\n\t\t\t<input type=\"hidden\" name=\"filter_listing_columns\" value=\"2\">\n\t\t\t<input id=\"input_filter_order\" type=\"hidden\" name=\"filter_order\" value=\"default\">\n\t\t\t<div class=\"filter-inner search_jobs\">\n\t\t\t\t\t\t\t\t<div class=\"fields-filter list-inner-full\">\n\t\t\t\t\t\t\t\t\t\t<div class=\"wrapper-top-filter clearfix\">\n\t\t\t\t\t\t<div class=\"select-categories \">\n\n\t\t<select name='search_categories[]' id='search_categories' class='job-manager-category-dropdown '  data-placeholder='Filtrar por tipo de tour' data-no_results_text='No se han encontrado resultados' data-multiple_text='Elige alguna opci\u00f3n'>\n<option value=\"\">Filtrar por tipo de tour<\/option>\t<option class=\"level-0\" value=\"136\">A pie<\/option>\n\t<option class=\"level-0\" value=\"134\">Multiple dias<\/option>\n\t<option class=\"level-0\" value=\"132\">Recorridos Diarios<\/option>\n\t<option class=\"level-0\" value=\"367\">Traslado-excursi\u00f3n<\/option>\n<\/select>\n\n<\/div>\n\n\t\t\t\t    <div class=\"field-region field-region1\">\n\t\t\t    <select class=\"select-field-region select-field-region1\" data-next=\"2\" autocomplete=\"off\" name=\"job_region_select[]\" data-placeholder=\"Filtrar por ciudad de partida\">\n\t\t\t    \t<option value=\"\">Filtrar por ciudad de partida<\/option>\n\t\t\t\t    \t\t\t\t\t      \t<option value=\"catania-es\" >Catania<\/option>\n\t\t\t\t\t      \t\t\t\t\t\t      \t<option value=\"palermo-es\" >Palermo<\/option>\n\t\t\t\t\t      \t\t\t\t    <\/select>\n\t\t    <\/div>\n\t\t\t\t\t\t\t\t\n\n\t\t\t\t    <div class=\"field-ts field-tour-stop\">\n\t\t\t    <select class=\"select-tour-stop select-tour-stop1\" data-next=\"2\" autocomplete=\"off\" name=\"tour_stop[]\" data-placeholder=\"Filtrar por parada del tour\">\n\t\t\t    \t<option value=\"\">Filtrar por parada del tour<\/option>\n\t\t\t\t    \t\t\t\t\t      \t<option value=\"castelbuono-es\" >Castelbuono<\/option>\n\t\t\t\t\t      \t\t\t\t\t\t      \t<option value=\"cefalu-es\" >Cefal\u00f9<\/option>\n\t\t\t\t\t      \t\t\t\t\t\t      \t<option value=\"erice\" >Erice<\/option>\n\t\t\t\t\t      \t\t\t\t\t\t      \t<option value=\"favignana-es\" >Favignana<\/option>\n\t\t\t\t\t      \t\t\t\t\t\t      \t<option value=\"marsala\" >Marsala<\/option>\n\t\t\t\t\t      \t\t\t\t\t\t      \t<option value=\"marsala-es\" >Marsala<\/option>\n\t\t\t\t\t      \t\t\t\t\t\t      \t<option value=\"monreale-es\" >Monreale<\/option>\n\t\t\t\t\t      \t\t\t\t\t\t      \t<option value=\"mothia-es\" >Mothia<\/option>\n\t\t\t\t\t      \t\t\t\t\t\t      \t<option value=\"mothia-island\" >Mothia Island<\/option>\n\t\t\t\t\t      \t\t\t\t\t\t      \t<option value=\"segesta\" >Segesta<\/option>\n\t\t\t\t\t      \t\t\t\t\t\t      \t<option value=\"taormina-es\" >Taormina<\/option>\n\t\t\t\t\t      \t\t\t\t\t\t      \t<option value=\"ustica-2\" >Ustica<\/option>\n\t\t\t\t\t      \t\t\t\t\t\t      \t<option value=\"valle-de-los-templos\" >Valle de los Templos<\/option>\n\t\t\t\t\t      \t\t\t\t\t\t      \t<option value=\"villa-romana-del-casale-es\" >Villa Romana del Casale<\/option>\n\t\t\t\t\t      \t\t\t\t\t\t      \t<option value=\"volcan-etna\" >Volc\u00e1n Etna<\/option>\n\t\t\t\t\t      \t\t\t\t    <\/select>\n\t\t    <\/div>\n\t\t<div class=\"select-types\">\n\n\t\n\t<select name='tour_languages[]' id='tour_languages' class='job-manager-category-dropdown '  data-placeholder='Filtrar por lengua del tour' data-no_results_text='No se han encontrado resultados' data-multiple_text='Elige alguna opci\u00f3n'>\n<option value=\"\">Filtrar por lengua del tour<\/option>\t<option class=\"level-0\" value=\"271\">Espa\u00f1ol<\/option>\n\t<option class=\"level-0\" value=\"269\">Ingl\u00e9s<\/option>\n\t<option class=\"level-0\" value=\"270\">Italiano<\/option>\n<\/select>\n\n<\/div>\n\n\t\t\t\t    <div class=\"field-ts field-tour-stop\">\n\t\t\t    <select class=\"select-tour-schedule select-tour-schedule1\" data-next=\"2\" autocomplete=\"off\" name=\"schedule_day[]\" data-placeholder=\"Filtrar por d\u00eda del tour\">\n\t\t\t    \t<option value=\"\">Filtrar por d\u00eda del tour<\/option>\n\t\t\t\t    \t\t\t\t\t      \t<option value=\"domingo\" >Domingo<\/option>\n\t\t\t\t\t      \t\t\t\t\t\t      \t<option value=\"jueves\" >Jueves<\/option>\n\t\t\t\t\t      \t\t\t\t\t\t      \t<option value=\"lunes\" >Lunes<\/option>\n\t\t\t\t\t      \t\t\t\t\t\t      \t<option value=\"martes\" >Martes<\/option>\n\t\t\t\t\t      \t\t\t\t\t\t      \t<option value=\"miercoles\" >Mi\u00e9rcoles<\/option>\n\t\t\t\t\t      \t\t\t\t\t\t      \t<option value=\"sabado\" >S\u00e1bado<\/option>\n\t\t\t\t\t      \t\t\t\t\t\t      \t<option value=\"viernes\" >Viernes<\/option>\n\t\t\t\t\t      \t\t\t\t    <\/select>\n\t\t    <\/div>\n\t\t\t\t\t\t\t<\/div>\n\t\t\t\t\t\n\t\t\t\t\t<div class=\"submit-filter\">\n\t\t\t\t\t\t<button class=\"btn btn-filter\" type=\"button\">Buscar<i class=\"flaticon-magnifying-glass\"><\/i><\/button>\n\t\t\t\t\t<\/div>\n\n\t\t\t\t\t<div class=\"listing-search-result-filter\"><\/div>\n\n\t\t\t\t\t\t\t\t\t<\/div>\n\n\t\t\t\t<div class=\"showing_jobs\"><\/div>\n\t\t\t\t\t\t\t<\/div>\n\t\t<\/form>\n\t<\/div>\n\t\n\t\t\t   \t\n\t<\/div>\n\t<div class=\"col-md-8 col-xs-12 main-results\">\n\t<div class=\"main-content-listings\">\n\t\t\n\t\t<div class=\"listing-action clearfix\">\n\t\t\t<div class=\"row flex-middle-sm\">\n\t\t\t\t<div class=\"col-xs-6\">\n\t\t\t\t\t<div class=\"listing-search-result\"><div class=\"results\">0 Results Found<\/div><\/div>\n\t\t\t\t<\/div>\n\t\t\t\t<div class=\"col-xs-6 text-right\">\n\t\t\t\t\t<div class=\"flex-middle justify-content-end\">\n\t\t\t\t\t\t\t\t\t\t\t\t\t\t\t\t\t\t<div class=\"listing-orderby\">\n\t\t\t\t\t\t\t<select name=\"filter_order\" autocomplete=\"off\" placeholder=\"Sort By\">\n\t\t\t\t\t\t\t\t\t\t\t\t\t\t\t\t\t<option value=\"default\" selected=\"selected\">Predeterminado<\/option>\n\t\t\t\t\t\t\t\t\t\t\t\t\t\t\t\t\t<option value=\"date-desc\" >M\u00e1s recientes<\/option>\n\t\t\t\t\t\t\t\t\t\t\t\t\t\t\t\t\t<option value=\"date-asc\" >Menos recientes<\/option>\n\t\t\t\t\t\t\t\t\t\t\t\t\t\t\t\t\t<option value=\"rating-desc\" >Mejor calificados<\/option>\n\t\t\t\t\t\t\t\t\t\t\t\t\t\t\t\t\t<option value=\"rating-asc\" >Peor calificados<\/option>\n\t\t\t\t\t\t\t\t\t\t\t\t\t\t\t\t\t<option value=\"random\" >Aleatorio<\/option>\n\t\t\t\t\t\t\t\t\t\t\t\t\t\t\t<\/select>\n\t\t\t\t\t\t<\/div>\n\t\t\t\t\t<\/div>\n\t\t\t\t<\/div>\n\t\t\t<\/div>\n\t\t<\/div>\n\t\t<div class=\"job_listings job_listings_cards clearfix row loading\">\n\t\t\n\t\t<\/div>\n\t\t\t<\/div>\n<\/div><a class=\"load_more_jobs btn btn-theme btn-inverse\" href=\"#\" style=\"display:none;\"><strong>Mostra m\u00e1s<\/strong><\/a>\t<\/div>\n<\/div>\n<\/div><\/div>\n\t\t\t\t<\/div>\n\t\t\t\t<\/div>\n\t\t\t\t\t\t<\/div>\n\t\t\t\t\t<\/div>\n\t\t<\/div>\n\t\t\t\t\t\t\t\t<\/div>\n\t\t\t\t\t<\/div>\n\t\t<\/section>\n\t\t\t\t\t\t<\/div>\n\t\t\t\t\t\t<\/div>\n\t\t\t\t\t<\/div>\n\t\t","protected":false},"excerpt":{"rendered":"","protected":false},"author":1,"featured_media":0,"parent":0,"menu_order":0,"comment_status":"closed","ping_status":"closed","template":"","meta":[],"yoast_head":"<!-- This site is optimized with the Yoast SEO plugin v16.9 - https:\/\/yoast.com\/wordpress\/plugins\/seo\/ -->\n<title>Descubre las Mejores Destinaciones en Sicilia - BALAGOO<\/title>\n<meta name=\"description\" content=\"\u00danete a la excursi\u00f3n perfecta por ti y empieza a descubrir las mejores destinaciones de Sicilia. Excursiones de uno o m\u00e1s d\u00edas.\" \/>\n<meta name=\"robots\" content=\"index, follow, max-snippet:-1, max-image-preview:large, max-video-preview:-1\" \/>\n<link rel=\"canonical\" href=\"https:\/\/balagoo.com\/es\/excursiones\/\" \/>\n<meta property=\"og:locale\" content=\"es_ES\" \/>\n<meta property=\"og:type\" content=\"article\" \/>\n<meta property=\"og:title\" content=\"Descubre las Mejores Destinaciones en Sicilia - BALAGOO\" \/>\n<meta property=\"og:description\" content=\"\u00danete a la excursi\u00f3n perfecta por ti y empieza a descubrir las mejores destinaciones de Sicilia. Excursiones de uno o m\u00e1s d\u00edas.\" \/>\n<meta property=\"og:url\" content=\"https:\/\/balagoo.com\/es\/excursiones\/\" \/>\n<meta property=\"og:site_name\" content=\"BALAGOO\" \/>\n<meta property=\"article:publisher\" content=\"https:\/\/www.facebook.com\/palermodaytours\" \/>\n<meta property=\"article:modified_time\" content=\"2021-05-21T09:56:33+00:00\" \/>\n<meta property=\"og:image\" content=\"https:\/\/balagoo.com\/wp-content\/uploads\/2021\/04\/Palermo-La-Cala.jpg\" \/>\n\t<meta property=\"og:image:width\" content=\"1920\" \/>\n\t<meta property=\"og:image:height\" content=\"900\" \/>\n<meta name=\"twitter:card\" content=\"summary_large_image\" \/>\n<meta name=\"twitter:label1\" content=\"Tiempo de lectura\" \/>\n\t<meta name=\"twitter:data1\" content=\"1 minuto\" \/>\n<script type=\"application\/ld+json\" class=\"yoast-schema-graph\">{\"@context\":\"https:\/\/schema.org\",\"@graph\":[{\"@type\":\"WebSite\",\"@id\":\"https:\/\/balagoo.com\/#website\",\"url\":\"https:\/\/balagoo.com\/\",\"name\":\"BALAGOO\",\"description\":\"\",\"potentialAction\":[{\"@type\":\"SearchAction\",\"target\":{\"@type\":\"EntryPoint\",\"urlTemplate\":\"https:\/\/balagoo.com\/?s={search_term_string}\"},\"query-input\":\"required name=search_term_string\"}],\"inLanguage\":\"es\"},{\"@type\":\"WebPage\",\"@id\":\"https:\/\/balagoo.com\/es\/excursiones\/#webpage\",\"url\":\"https:\/\/balagoo.com\/es\/excursiones\/\",\"name\":\"Descubre las Mejores Destinaciones en Sicilia - BALAGOO\",\"isPartOf\":{\"@id\":\"https:\/\/balagoo.com\/#website\"},\"datePublished\":\"2021-03-05T10:08:52+00:00\",\"dateModified\":\"2021-05-21T09:56:33+00:00\",\"description\":\"\\u00danete a la excursi\\u00f3n perfecta por ti y empieza a descubrir las mejores destinaciones de Sicilia. Excursiones de uno o m\\u00e1s d\\u00edas.\",\"breadcrumb\":{\"@id\":\"https:\/\/balagoo.com\/es\/excursiones\/#breadcrumb\"},\"inLanguage\":\"es\",\"potentialAction\":[{\"@type\":\"ReadAction\",\"target\":[\"https:\/\/balagoo.com\/es\/excursiones\/\"]}]},{\"@type\":\"BreadcrumbList\",\"@id\":\"https:\/\/balagoo.com\/es\/excursiones\/#breadcrumb\",\"itemListElement\":[{\"@type\":\"ListItem\",\"position\":1,\"name\":\"Home\",\"item\":\"https:\/\/balagoo.com\/es\/\"},{\"@type\":\"ListItem\",\"position\":2,\"name\":\"Excursiones\"}]}]}<\/script>\n<!-- \/ Yoast SEO plugin. -->","yoast_head_json":{"title":"Descubre las Mejores Destinaciones en Sicilia - BALAGOO","description":"\u00danete a la excursi\u00f3n perfecta por ti y empieza a descubrir las mejores destinaciones de Sicilia. Excursiones de uno o m\u00e1s d\u00edas.","robots":{"index":"index","follow":"follow","max-snippet":"max-snippet:-1","max-image-preview":"max-image-preview:large","max-video-preview":"max-video-preview:-1"},"canonical":"https:\/\/balagoo.com\/es\/excursiones\/","og_locale":"es_ES","og_type":"article","og_title":"Descubre las Mejores Destinaciones en Sicilia - BALAGOO","og_description":"\u00danete a la excursi\u00f3n perfecta por ti y empieza a descubrir las mejores destinaciones de Sicilia. Excursiones de uno o m\u00e1s d\u00edas.","og_url":"https:\/\/balagoo.com\/es\/excursiones\/","og_site_name":"BALAGOO","article_publisher":"https:\/\/www.facebook.com\/palermodaytours","article_modified_time":"2021-05-21T09:56:33+00:00","og_image":[{"width":1920,"height":900,"url":"https:\/\/balagoo.com\/wp-content\/uploads\/2021\/04\/Palermo-La-Cala.jpg","path":"\/var\/www\/vhosts\/balagoo.com\/httpdocs\/wp-content\/uploads\/2021\/04\/Palermo-La-Cala.jpg","size":"full","id":2073,"alt":"","pixels":1728000,"type":"image\/jpeg"}],"twitter_card":"summary_large_image","twitter_misc":{"Tiempo de lectura":"1 minuto"},"schema":{"@context":"https:\/\/schema.org","@graph":[{"@type":"WebSite","@id":"https:\/\/balagoo.com\/#website","url":"https:\/\/balagoo.com\/","name":"BALAGOO","description":"","potentialAction":[{"@type":"SearchAction","target":{"@type":"EntryPoint","urlTemplate":"https:\/\/balagoo.com\/?s={search_term_string}"},"query-input":"required name=search_term_string"}],"inLanguage":"es"},{"@type":"WebPage","@id":"https:\/\/balagoo.com\/es\/excursiones\/#webpage","url":"https:\/\/balagoo.com\/es\/excursiones\/","name":"Descubre las Mejores Destinaciones en Sicilia - BALAGOO","isPartOf":{"@id":"https:\/\/balagoo.com\/#website"},"datePublished":"2021-03-05T10:08:52+00:00","dateModified":"2021-05-21T09:56:33+00:00","description":"\u00danete a la excursi\u00f3n perfecta por ti y empieza a descubrir las mejores destinaciones de Sicilia. Excursiones de uno o m\u00e1s d\u00edas.","breadcrumb":{"@id":"https:\/\/balagoo.com\/es\/excursiones\/#breadcrumb"},"inLanguage":"es","potentialAction":[{"@type":"ReadAction","target":["https:\/\/balagoo.com\/es\/excursiones\/"]}]},{"@type":"BreadcrumbList","@id":"https:\/\/balagoo.com\/es\/excursiones\/#breadcrumb","itemListElement":[{"@type":"ListItem","position":1,"name":"Home","item":"https:\/\/balagoo.com\/es\/"},{"@type":"ListItem","position":2,"name":"Excursiones"}]}]}},"_links":{"self":[{"href":"https:\/\/balagoo.com\/es\/wp-json\/wp\/v2\/pages\/1739"}],"collection":[{"href":"https:\/\/balagoo.com\/es\/wp-json\/wp\/v2\/pages"}],"about":[{"href":"https:\/\/balagoo.com\/es\/wp-json\/wp\/v2\/types\/page"}],"author":[{"embeddable":true,"href":"https:\/\/balagoo.com\/es\/wp-json\/wp\/v2\/users\/1"}],"replies":[{"embeddable":true,"href":"https:\/\/balagoo.com\/es\/wp-json\/wp\/v2\/comments?post=1739"}],"version-history":[{"count":1,"href":"https:\/\/balagoo.com\/es\/wp-json\/wp\/v2\/pages\/1739\/revisions"}],"predecessor-version":[{"id":1763,"href":"https:\/\/balagoo.com\/es\/wp-json\/wp\/v2\/pages\/1739\/revisions\/1763"}],"wp:attachment":[{"href":"https:\/\/balagoo.com\/es\/wp-json\/wp\/v2\/media?parent=1739"}],"curies":[{"name":"wp","href":"https:\/\/api.w.org\/{rel}","templated":true}]}}