{"id":1737,"date":"2021-03-05T11:07:57","date_gmt":"2021-03-05T10:07:57","guid":{"rendered":"https:\/\/balagoo.com\/ninos\/"},"modified":"2021-05-21T12:17:26","modified_gmt":"2021-05-21T10:17:26","slug":"ninos","status":"publish","type":"page","link":"https:\/\/balagoo.com\/es\/ninos\/","title":{"rendered":"Ni\u00f1os"},"content":{"rendered":"<p><\/p>\n<p>-0-1 a\u00f1os: gratis (sin asiento)<br>-2-11 a\u00f1os: 30% de descuento<\/p>\n<p><\/p>","protected":false},"excerpt":{"rendered":"<p>-0-1 a\u00f1os: gratis (sin asiento)-2-11 a\u00f1os: 30% de descuento<\/p>\n","protected":false},"author":2,"featured_media":0,"parent":0,"menu_order":0,"comment_status":"closed","ping_status":"closed","template":"","meta":[],"yoast_head":"<!-- This site is optimized with the Yoast SEO plugin v16.9 - https:\/\/yoast.com\/wordpress\/plugins\/seo\/ -->\n<title>Ni\u00f1os - BALAGOO<\/title>\n<meta name=\"robots\" content=\"index, follow, max-snippet:-1, max-image-preview:large, max-video-preview:-1\" \/>\n<link rel=\"canonical\" href=\"https:\/\/balagoo.com\/es\/ninos\/\" \/>\n<meta property=\"og:locale\" content=\"es_ES\" \/>\n<meta property=\"og:type\" content=\"article\" \/>\n<meta property=\"og:title\" content=\"Ni\u00f1os - BALAGOO\" \/>\n<meta property=\"og:description\" content=\"-0-1 a\u00f1os: gratis (sin asiento)-2-11 a\u00f1os: 30% de descuento\" \/>\n<meta property=\"og:url\" content=\"https:\/\/balagoo.com\/es\/ninos\/\" \/>\n<meta property=\"og:site_name\" content=\"BALAGOO\" \/>\n<meta property=\"article:publisher\" content=\"https:\/\/www.facebook.com\/palermodaytours\" \/>\n<meta property=\"article:modified_time\" content=\"2021-05-21T10:17:26+00:00\" \/>\n<meta property=\"og:image\" content=\"https:\/\/balagoo.com\/wp-content\/uploads\/2021\/04\/Palermo-La-Cala.jpg\" \/>\n\t<meta property=\"og:image:width\" content=\"1920\" \/>\n\t<meta property=\"og:image:height\" content=\"900\" \/>\n<meta name=\"twitter:card\" content=\"summary_large_image\" \/>\n<meta name=\"twitter:label1\" content=\"Tiempo de lectura\" \/>\n\t<meta name=\"twitter:data1\" content=\"1 minuto\" \/>\n<script type=\"application\/ld+json\" class=\"yoast-schema-graph\">{\"@context\":\"https:\/\/schema.org\",\"@graph\":[{\"@type\":\"WebSite\",\"@id\":\"https:\/\/balagoo.com\/#website\",\"url\":\"https:\/\/balagoo.com\/\",\"name\":\"BALAGOO\",\"description\":\"\",\"potentialAction\":[{\"@type\":\"SearchAction\",\"target\":{\"@type\":\"EntryPoint\",\"urlTemplate\":\"https:\/\/balagoo.com\/?s={search_term_string}\"},\"query-input\":\"required name=search_term_string\"}],\"inLanguage\":\"es\"},{\"@type\":\"WebPage\",\"@id\":\"https:\/\/balagoo.com\/es\/ninos\/#webpage\",\"url\":\"https:\/\/balagoo.com\/es\/ninos\/\",\"name\":\"Ni\\u00f1os - BALAGOO\",\"isPartOf\":{\"@id\":\"https:\/\/balagoo.com\/#website\"},\"datePublished\":\"2021-03-05T10:07:57+00:00\",\"dateModified\":\"2021-05-21T10:17:26+00:00\",\"breadcrumb\":{\"@id\":\"https:\/\/balagoo.com\/es\/ninos\/#breadcrumb\"},\"inLanguage\":\"es\",\"potentialAction\":[{\"@type\":\"ReadAction\",\"target\":[\"https:\/\/balagoo.com\/es\/ninos\/\"]}]},{\"@type\":\"BreadcrumbList\",\"@id\":\"https:\/\/balagoo.com\/es\/ninos\/#breadcrumb\",\"itemListElement\":[{\"@type\":\"ListItem\",\"position\":1,\"name\":\"Home\",\"item\":\"https:\/\/balagoo.com\/es\/\"},{\"@type\":\"ListItem\",\"position\":2,\"name\":\"Ni\\u00f1os\"}]}]}<\/script>\n<!-- \/ Yoast SEO plugin. -->","yoast_head_json":{"title":"Ni\u00f1os - BALAGOO","robots":{"index":"index","follow":"follow","max-snippet":"max-snippet:-1","max-image-preview":"max-image-preview:large","max-video-preview":"max-video-preview:-1"},"canonical":"https:\/\/balagoo.com\/es\/ninos\/","og_locale":"es_ES","og_type":"article","og_title":"Ni\u00f1os - BALAGOO","og_description":"-0-1 a\u00f1os: gratis (sin asiento)-2-11 a\u00f1os: 30% de descuento","og_url":"https:\/\/balagoo.com\/es\/ninos\/","og_site_name":"BALAGOO","article_publisher":"https:\/\/www.facebook.com\/palermodaytours","article_modified_time":"2021-05-21T10:17:26+00:00","og_image":[{"width":1920,"height":900,"url":"https:\/\/balagoo.com\/wp-content\/uploads\/2021\/04\/Palermo-La-Cala.jpg","path":"\/var\/www\/vhosts\/balagoo.com\/httpdocs\/wp-content\/uploads\/2021\/04\/Palermo-La-Cala.jpg","size":"full","id":2073,"alt":"","pixels":1728000,"type":"image\/jpeg"}],"twitter_card":"summary_large_image","twitter_misc":{"Tiempo de lectura":"1 minuto"},"schema":{"@context":"https:\/\/schema.org","@graph":[{"@type":"WebSite","@id":"https:\/\/balagoo.com\/#website","url":"https:\/\/balagoo.com\/","name":"BALAGOO","description":"","potentialAction":[{"@type":"SearchAction","target":{"@type":"EntryPoint","urlTemplate":"https:\/\/balagoo.com\/?s={search_term_string}"},"query-input":"required name=search_term_string"}],"inLanguage":"es"},{"@type":"WebPage","@id":"https:\/\/balagoo.com\/es\/ninos\/#webpage","url":"https:\/\/balagoo.com\/es\/ninos\/","name":"Ni\u00f1os - BALAGOO","isPartOf":{"@id":"https:\/\/balagoo.com\/#website"},"datePublished":"2021-03-05T10:07:57+00:00","dateModified":"2021-05-21T10:17:26+00:00","breadcrumb":{"@id":"https:\/\/balagoo.com\/es\/ninos\/#breadcrumb"},"inLanguage":"es","potentialAction":[{"@type":"ReadAction","target":["https:\/\/balagoo.com\/es\/ninos\/"]}]},{"@type":"BreadcrumbList","@id":"https:\/\/balagoo.com\/es\/ninos\/#breadcrumb","itemListElement":[{"@type":"ListItem","position":1,"name":"Home","item":"https:\/\/balagoo.com\/es\/"},{"@type":"ListItem","position":2,"name":"Ni\u00f1os"}]}]}},"_links":{"self":[{"href":"https:\/\/balagoo.com\/es\/wp-json\/wp\/v2\/pages\/1737"}],"collection":[{"href":"https:\/\/balagoo.com\/es\/wp-json\/wp\/v2\/pages"}],"about":[{"href":"https:\/\/balagoo.com\/es\/wp-json\/wp\/v2\/types\/page"}],"author":[{"embeddable":true,"href":"https:\/\/balagoo.com\/es\/wp-json\/wp\/v2\/users\/2"}],"replies":[{"embeddable":true,"href":"https:\/\/balagoo.com\/es\/wp-json\/wp\/v2\/comments?post=1737"}],"version-history":[{"count":5,"href":"https:\/\/balagoo.com\/es\/wp-json\/wp\/v2\/pages\/1737\/revisions"}],"predecessor-version":[{"id":2782,"href":"https:\/\/balagoo.com\/es\/wp-json\/wp\/v2\/pages\/1737\/revisions\/2782"}],"wp:attachment":[{"href":"https:\/\/balagoo.com\/es\/wp-json\/wp\/v2\/media?parent=1737"}],"curies":[{"name":"wp","href":"https:\/\/api.w.org\/{rel}","templated":true}]}}