{"id":1735,"date":"2021-03-05T11:07:40","date_gmt":"2021-03-05T10:07:40","guid":{"rendered":"https:\/\/balagoo.com\/algo-sobre-nosotros\/"},"modified":"2021-05-21T10:35:00","modified_gmt":"2021-05-21T08:35:00","slug":"algo-sobre-nosotros","status":"publish","type":"page","link":"https:\/\/balagoo.com\/es\/algo-sobre-nosotros\/","title":{"rendered":"Algo sobre nosotros"},"content":{"rendered":"\t\t<div data-elementor-type=\"wp-page\" data-elementor-id=\"1735\" class=\"elementor elementor-1735 elementor-1343\" data-elementor-settings=\"[]\">\n\t\t\t\t\t\t<div class=\"elementor-inner\">\n\t\t\t\t\t\t\t<div class=\"elementor-section-wrap\">\n\t\t\t\t\t\t\t<section class=\"elementor-section elementor-top-section elementor-element elementor-element-4f67643 elementor-section-boxed elementor-section-height-default elementor-section-height-default\" data-id=\"4f67643\" data-element_type=\"section\" data-settings=\"{&quot;background_background&quot;:&quot;classic&quot;}\">\n\t\t\t\t\t\t<div class=\"elementor-container elementor-column-gap-default\">\n\t\t\t\t\t\t\t<div class=\"elementor-row\">\n\t\t\t\t\t<div class=\"elementor-column elementor-col-100 elementor-top-column elementor-element elementor-element-3e90c6d\" data-id=\"3e90c6d\" data-element_type=\"column\" data-settings=\"{&quot;background_background&quot;:&quot;classic&quot;}\">\n\t\t\t<div class=\"elementor-column-wrap elementor-element-populated\">\n\t\t\t\t\t\t\t<div class=\"elementor-widget-wrap\">\n\t\t\t\t\t\t<div class=\"elementor-element elementor-element-e3c4322 elementor-widget elementor-widget-image\" data-id=\"e3c4322\" data-element_type=\"widget\" data-widget_type=\"image.default\">\n\t\t\t\t<div class=\"elementor-widget-container\">\n\t\t\t\t\t<div class=\"elementor-image\">\n\t\t\t\t\t\t\t\t\t\t<img width=\"222\" height=\"50\" src=\"https:\/\/balagoo.com\/wp-content\/uploads\/2020\/07\/balagoo_rendered.png\" class=\"attachment-large size-large\" alt=\"\" loading=\"lazy\" \/>\t\t\t\t\t\t\t\t\t\t\t<\/div>\n\t\t\t\t<\/div>\n\t\t\t\t<\/div>\n\t\t\t\t\t\t<\/div>\n\t\t\t\t\t<\/div>\n\t\t<\/div>\n\t\t\t\t\t\t\t\t<\/div>\n\t\t\t\t\t<\/div>\n\t\t<\/section>\n\t\t\t\t<section class=\"elementor-section elementor-top-section elementor-element elementor-element-51d28ee8 elementor-section-boxed elementor-section-height-default elementor-section-height-default\" data-id=\"51d28ee8\" data-element_type=\"section\">\n\t\t\t\t\t\t<div class=\"elementor-container elementor-column-gap-default\">\n\t\t\t\t\t\t\t<div class=\"elementor-row\">\n\t\t\t\t\t<div class=\"elementor-column elementor-col-100 elementor-top-column elementor-element elementor-element-11ebf06c\" data-id=\"11ebf06c\" data-element_type=\"column\">\n\t\t\t<div class=\"elementor-column-wrap elementor-element-populated\">\n\t\t\t\t\t\t\t<div class=\"elementor-widget-wrap\">\n\t\t\t\t\t\t<div class=\"elementor-element elementor-element-2d28d554 elementor-widget elementor-widget-text-editor\" data-id=\"2d28d554\" data-element_type=\"widget\" data-widget_type=\"text-editor.default\">\n\t\t\t\t<div class=\"elementor-widget-container\">\n\t\t\t\t\t<div class=\"elementor-text-editor elementor-clearfix\"><p id=\"tw-target-text\">Balagoo.com es una asociaci\u00f3n de marca compartida administrada por cuatro operadores tur\u00edsticos receptivos sicilianos diferentes que han estado operando en la industria de viajes durante mucho tiempo. <\/p>\n<p id=\"tw-target-text\">Cuando cuatro empresas trabajan juntas, como nosotros, su asociaci\u00f3n atraer\u00e1 una reputaci\u00f3n entre los clientes y otras partes interesadas. <\/p>\n<p id=\"tw-target-text\">Al prestar la debida atenci\u00f3n, los l\u00edderes pueden mejorar la forma en que los dem\u00e1s perciben las asociaciones, aumentando su \u00e9xito. En el mundo actual de las redes, las asociaciones entre empresas de empresa a empresa (B2B) son cada vez m\u00e1s comunes. <\/p>\n<p id=\"tw-target-text\">Al mismo tiempo, la reputaci\u00f3n corporativa se ha identificado claramente como un factor clave para el \u00e9xito empresarial. Pero la reputaci\u00f3n se ha visto principalmente desde la perspectiva de una sola organizaci\u00f3n y c\u00f3mo la perciben sus partes interesadas. <\/p>\n<p id=\"tw-target-text\">Esto es sorprendente dado que las asociaciones se encuentran en muchas \u00e1reas de la vida, incluidos los negocios, los deportes, el arte y los medios de comunicaci\u00f3n. <\/p>\n<p id=\"tw-target-text\">\u00bfPor qu\u00e9 no gestionar una asociaci\u00f3n de servicios tur\u00edsticos? Entonces, en esta etapa encontramos una serie B2C de empresa a consumidor de a\u00f1os de amistad y negocios entre 4 empresas B2B diferentes. <\/p>\n<p id=\"tw-target-text\">\u00bfNUESTRO OBJETIVO? <\/p>\n<p id=\"tw-target-text\">Todos con el mismo objetivo: \u00a1la satisfacci\u00f3n del cliente! La clave para el \u00e9xito.<\/p><\/p>\n<\/div>\n\t\t\t\t<\/div>\n\t\t\t\t<\/div>\n\t\t\t\t\t\t<\/div>\n\t\t\t\t\t<\/div>\n\t\t<\/div>\n\t\t\t\t\t\t\t\t<\/div>\n\t\t\t\t\t<\/div>\n\t\t<\/section>\n\t\t\t\t\t\t<\/div>\n\t\t\t\t\t\t<\/div>\n\t\t\t\t\t<\/div>\n\t\t","protected":false},"excerpt":{"rendered":"<p>Balagoo.com es una asociaci\u00f3n de marca compartida administrada por cuatro operadores tur\u00edsticos receptivos sicilianos diferentes que han estado operando en la industria de viajes durante mucho tiempo. Cuando cuatro empresas trabajan juntas, como nosotros, su asociaci\u00f3n atraer\u00e1 una reputaci\u00f3n entre los clientes y otras partes interesadas. Al prestar la debida atenci\u00f3n, los l\u00edderes pueden mejorar [&hellip;]<\/p>\n","protected":false},"author":2,"featured_media":0,"parent":0,"menu_order":0,"comment_status":"closed","ping_status":"closed","template":"","meta":[],"yoast_head":"<!-- This site is optimized with the Yoast SEO plugin v16.9 - https:\/\/yoast.com\/wordpress\/plugins\/seo\/ -->\n<title>Qui\u00e9nes somos - BALAGOO<\/title>\n<meta name=\"description\" content=\"Balagoo.com es una asociaci\u00f3n de marca compartida administrada por cuatro operadores tur\u00edsticos sicilianos afirmados en el sector.\" \/>\n<meta name=\"robots\" content=\"index, follow, max-snippet:-1, max-image-preview:large, max-video-preview:-1\" \/>\n<link rel=\"canonical\" href=\"https:\/\/balagoo.com\/es\/algo-sobre-nosotros\/\" \/>\n<meta property=\"og:locale\" content=\"es_ES\" \/>\n<meta property=\"og:type\" content=\"article\" \/>\n<meta property=\"og:title\" content=\"Qui\u00e9nes somos - BALAGOO\" \/>\n<meta property=\"og:description\" content=\"Balagoo.com es una asociaci\u00f3n de marca compartida administrada por cuatro operadores tur\u00edsticos sicilianos afirmados en el sector.\" \/>\n<meta property=\"og:url\" content=\"https:\/\/balagoo.com\/es\/algo-sobre-nosotros\/\" \/>\n<meta property=\"og:site_name\" content=\"BALAGOO\" \/>\n<meta property=\"article:publisher\" content=\"https:\/\/www.facebook.com\/palermodaytours\" \/>\n<meta property=\"article:modified_time\" content=\"2021-05-21T08:35:00+00:00\" \/>\n<meta property=\"og:image\" content=\"https:\/\/balagoo.com\/wp-content\/uploads\/2020\/07\/balagoo_rendered.png\" \/>\n<meta name=\"twitter:card\" content=\"summary_large_image\" \/>\n<meta name=\"twitter:label1\" content=\"Tiempo de lectura\" \/>\n\t<meta name=\"twitter:data1\" content=\"2 minutos\" \/>\n<script type=\"application\/ld+json\" class=\"yoast-schema-graph\">{\"@context\":\"https:\/\/schema.org\",\"@graph\":[{\"@type\":\"WebSite\",\"@id\":\"https:\/\/balagoo.com\/#website\",\"url\":\"https:\/\/balagoo.com\/\",\"name\":\"BALAGOO\",\"description\":\"\",\"potentialAction\":[{\"@type\":\"SearchAction\",\"target\":{\"@type\":\"EntryPoint\",\"urlTemplate\":\"https:\/\/balagoo.com\/?s={search_term_string}\"},\"query-input\":\"required name=search_term_string\"}],\"inLanguage\":\"es\"},{\"@type\":\"ImageObject\",\"@id\":\"https:\/\/balagoo.com\/es\/algo-sobre-nosotros\/#primaryimage\",\"inLanguage\":\"es\",\"url\":\"https:\/\/balagoo.com\/wp-content\/uploads\/2020\/07\/balagoo_rendered.png\",\"contentUrl\":\"https:\/\/balagoo.com\/wp-content\/uploads\/2020\/07\/balagoo_rendered.png\",\"width\":222,\"height\":50},{\"@type\":\"WebPage\",\"@id\":\"https:\/\/balagoo.com\/es\/algo-sobre-nosotros\/#webpage\",\"url\":\"https:\/\/balagoo.com\/es\/algo-sobre-nosotros\/\",\"name\":\"Qui\\u00e9nes somos - BALAGOO\",\"isPartOf\":{\"@id\":\"https:\/\/balagoo.com\/#website\"},\"primaryImageOfPage\":{\"@id\":\"https:\/\/balagoo.com\/es\/algo-sobre-nosotros\/#primaryimage\"},\"datePublished\":\"2021-03-05T10:07:40+00:00\",\"dateModified\":\"2021-05-21T08:35:00+00:00\",\"description\":\"Balagoo.com es una asociaci\\u00f3n de marca compartida administrada por cuatro operadores tur\\u00edsticos sicilianos afirmados en el sector.\",\"breadcrumb\":{\"@id\":\"https:\/\/balagoo.com\/es\/algo-sobre-nosotros\/#breadcrumb\"},\"inLanguage\":\"es\",\"potentialAction\":[{\"@type\":\"ReadAction\",\"target\":[\"https:\/\/balagoo.com\/es\/algo-sobre-nosotros\/\"]}]},{\"@type\":\"BreadcrumbList\",\"@id\":\"https:\/\/balagoo.com\/es\/algo-sobre-nosotros\/#breadcrumb\",\"itemListElement\":[{\"@type\":\"ListItem\",\"position\":1,\"name\":\"Home\",\"item\":\"https:\/\/balagoo.com\/es\/\"},{\"@type\":\"ListItem\",\"position\":2,\"name\":\"Algo sobre nosotros\"}]}]}<\/script>\n<!-- \/ Yoast SEO plugin. -->","yoast_head_json":{"title":"Qui\u00e9nes somos - BALAGOO","description":"Balagoo.com es una asociaci\u00f3n de marca compartida administrada por cuatro operadores tur\u00edsticos sicilianos afirmados en el sector.","robots":{"index":"index","follow":"follow","max-snippet":"max-snippet:-1","max-image-preview":"max-image-preview:large","max-video-preview":"max-video-preview:-1"},"canonical":"https:\/\/balagoo.com\/es\/algo-sobre-nosotros\/","og_locale":"es_ES","og_type":"article","og_title":"Qui\u00e9nes somos - BALAGOO","og_description":"Balagoo.com es una asociaci\u00f3n de marca compartida administrada por cuatro operadores tur\u00edsticos sicilianos afirmados en el sector.","og_url":"https:\/\/balagoo.com\/es\/algo-sobre-nosotros\/","og_site_name":"BALAGOO","article_publisher":"https:\/\/www.facebook.com\/palermodaytours","article_modified_time":"2021-05-21T08:35:00+00:00","og_image":[{"url":"https:\/\/balagoo.com\/wp-content\/uploads\/2020\/07\/balagoo_rendered.png"}],"twitter_card":"summary_large_image","twitter_misc":{"Tiempo de lectura":"2 minutos"},"schema":{"@context":"https:\/\/schema.org","@graph":[{"@type":"WebSite","@id":"https:\/\/balagoo.com\/#website","url":"https:\/\/balagoo.com\/","name":"BALAGOO","description":"","potentialAction":[{"@type":"SearchAction","target":{"@type":"EntryPoint","urlTemplate":"https:\/\/balagoo.com\/?s={search_term_string}"},"query-input":"required name=search_term_string"}],"inLanguage":"es"},{"@type":"ImageObject","@id":"https:\/\/balagoo.com\/es\/algo-sobre-nosotros\/#primaryimage","inLanguage":"es","url":"https:\/\/balagoo.com\/wp-content\/uploads\/2020\/07\/balagoo_rendered.png","contentUrl":"https:\/\/balagoo.com\/wp-content\/uploads\/2020\/07\/balagoo_rendered.png","width":222,"height":50},{"@type":"WebPage","@id":"https:\/\/balagoo.com\/es\/algo-sobre-nosotros\/#webpage","url":"https:\/\/balagoo.com\/es\/algo-sobre-nosotros\/","name":"Qui\u00e9nes somos - BALAGOO","isPartOf":{"@id":"https:\/\/balagoo.com\/#website"},"primaryImageOfPage":{"@id":"https:\/\/balagoo.com\/es\/algo-sobre-nosotros\/#primaryimage"},"datePublished":"2021-03-05T10:07:40+00:00","dateModified":"2021-05-21T08:35:00+00:00","description":"Balagoo.com es una asociaci\u00f3n de marca compartida administrada por cuatro operadores tur\u00edsticos sicilianos afirmados en el sector.","breadcrumb":{"@id":"https:\/\/balagoo.com\/es\/algo-sobre-nosotros\/#breadcrumb"},"inLanguage":"es","potentialAction":[{"@type":"ReadAction","target":["https:\/\/balagoo.com\/es\/algo-sobre-nosotros\/"]}]},{"@type":"BreadcrumbList","@id":"https:\/\/balagoo.com\/es\/algo-sobre-nosotros\/#breadcrumb","itemListElement":[{"@type":"ListItem","position":1,"name":"Home","item":"https:\/\/balagoo.com\/es\/"},{"@type":"ListItem","position":2,"name":"Algo sobre nosotros"}]}]}},"_links":{"self":[{"href":"https:\/\/balagoo.com\/es\/wp-json\/wp\/v2\/pages\/1735"}],"collection":[{"href":"https:\/\/balagoo.com\/es\/wp-json\/wp\/v2\/pages"}],"about":[{"href":"https:\/\/balagoo.com\/es\/wp-json\/wp\/v2\/types\/page"}],"author":[{"embeddable":true,"href":"https:\/\/balagoo.com\/es\/wp-json\/wp\/v2\/users\/2"}],"replies":[{"embeddable":true,"href":"https:\/\/balagoo.com\/es\/wp-json\/wp\/v2\/comments?post=1735"}],"version-history":[{"count":4,"href":"https:\/\/balagoo.com\/es\/wp-json\/wp\/v2\/pages\/1735\/revisions"}],"predecessor-version":[{"id":2763,"href":"https:\/\/balagoo.com\/es\/wp-json\/wp\/v2\/pages\/1735\/revisions\/2763"}],"wp:attachment":[{"href":"https:\/\/balagoo.com\/es\/wp-json\/wp\/v2\/media?parent=1735"}],"curies":[{"name":"wp","href":"https:\/\/api.w.org\/{rel}","templated":true}]}}